{"id":7448,"date":"2026-03-23T16:29:03","date_gmt":"2026-03-23T15:29:03","guid":{"rendered":"https:\/\/interdiamant.com\/product\/interdiamant-id-vac-typ-h-bo\/"},"modified":"2026-03-23T16:29:03","modified_gmt":"2026-03-23T15:29:03","slug":"interdiamant-id-vac-typ-h-bo","status":"publish","type":"product","link":"https:\/\/interdiamant.com\/sv\/product\/interdiamant-id-vac-typ-h-bo\/","title":{"rendered":"INTERDIAMANT ID VAC Typ H BO"},"content":{"rendered":"<h2 data-path-to-node=\"0\">InterDiamant ID VAC Typ H BO: Batteridriven s\u00e4kerhetsstandard<\/h2>\n<p id=\"p-rc_1d38bd4ee44b22ca-66\" data-path-to-node=\"1\">Ta din arbetsplatss\u00e4kerhet till n\u00e4sta niv\u00e5 med <b data-path-to-node=\"1\" data-index-in-node=\"53\">InterDiamant ID VAC Type H BO<\/b> . <span class=\"citation-128\">Denna industridammsugare \u00e4r speciellt konstruerad f\u00f6r yrkesverksamma inom ytbehandling och byggbranschen och \u00e4r tredjepartscertifierad f\u00f6r<\/span> <b data-path-to-node=\"1\" data-index-in-node=\"209\"><span class=\"citation-128\">dammutsugning av klass H<\/span><\/b> <span class=\"citation-128 citation-end-128\">(IEC 60335-2-69:2021).<\/span><\/p>\n<p data-path-to-node=\"2\"><b data-path-to-node=\"1\" data-index-in-node=\"53\">ID VAC Type H BO,<\/b> som nu \u00e4r utrustad med avancerad <b data-path-to-node=\"2\" data-index-in-node=\"23\">batteridriven teknik<\/b> , ger maximal sugkraft utan begr\u00e4nsningar av str\u00f6mkablar, vilket g\u00f6r den till det perfekta valet f\u00f6r storskaliga renoveringar, avlaminering och sanering av farligt damm d\u00e4r mobilitet \u00e4r av st\u00f6rsta vikt.<\/p>\n<h3 data-path-to-node=\"3\">Prestanda- och s\u00e4kerhetsfunktioner<\/h3>\n<ul data-path-to-node=\"4\">\n<li>\n<p id=\"p-rc_1d38bd4ee44b22ca-67\" data-path-to-node=\"4,0,0\"><b data-path-to-node=\"4,0,0\" data-index-in-node=\"0\"><span class=\"citation-127\">Tv\u00e5stegsfiltrering<\/span><\/b> : Kombinerar ett <b data-path-to-node=\"4,0,0\" data-index-in-node=\"47\"><span class=\"citation-127\">stj\u00e4rnfilter av polyester av klass M<\/span><\/b> <span class=\"citation-127\">med h\u00f6g yta<\/span> <span class=\"citation-127\">(24 000 cm\u00b2) med ett<\/span> <b data-path-to-node=\"4,0,0\" data-index-in-node=\"98\"><span class=\"citation-127\">Absolute H14 HEPA-sekund\u00e4rfilter<\/span><\/b> <span class=\"citation-127 citation-end-127\">f\u00f6r att f\u00e5nga upp 99,995 % av fina och giftiga partiklar.<\/span><\/p>\n<\/li>\n<li>\n<p id=\"p-rc_1d38bd4ee44b22ca-67\" data-path-to-node=\"4,0,0\"><b data-path-to-node=\"4,1,0\" data-index-in-node=\"0\"><span class=\"citation-126\">Cyklonisk effektivitet<\/span><\/b> <span class=\"citation-126 citation-end-126\">: Ett tangentiellt inlopp skapar en cyklonisk effekt som skyddar prim\u00e4rfiltret fr\u00e5n f\u00f6r tidig igens\u00e4ttning och bibeh\u00e5ller maximalt luftfl\u00f6de.<\/span><\/p>\n<\/li>\n<li>\n<p id=\"p-rc_1d38bd4ee44b22ca-68\" data-path-to-node=\"4,1,0\"><b data-path-to-node=\"4,2,0\" data-index-in-node=\"0\"><span class=\"citation-125\">\u00c4ndl\u00f6st p\u00e5ssystem<\/span><\/b> <span class=\"citation-125\">:<\/span> <b data-path-to-node=\"4,2,0\" data-index-in-node=\"24\"><span class=\"citation-125\">Uppsamlingssystemet<\/span><\/b> <span class=\"citation-125 citation-end-125\">m\u00f6jligg\u00f6r 100 % dammfri avfallshantering.<\/span> <span class=\"citation-124 citation-end-124\">F\u00f6rslut och avl\u00e4gsna avfall utan att n\u00e5gonsin komma i kontakt med farliga material.<\/span><\/p>\n<\/li>\n<li>\n<p data-path-to-node=\"4,3,0\"><b data-path-to-node=\"4,3,0\" data-index-in-node=\"0\">Robust mobilitet<\/b> : Byggd med ett pulverlackerat st\u00e5lchassi i den karakt\u00e4ristiska <b data-path-to-node=\"4,3,0\" data-index-in-node=\"71\">RAL 2004 Orange<\/b> , med kraftiga hjul och ett ergonomiskt handtag f\u00f6r enkel transport i oj\u00e4mn terr\u00e4ng.<\/p>\n<\/li>\n<li>\n<p id=\"p-rc_1d38bd4ee44b22ca-70\" data-path-to-node=\"4,4,0\"><b data-path-to-node=\"4,4,0\" data-index-in-node=\"0\"><span class=\"citation-123\">Manuell filterskakare<\/span><\/b> <span class=\"citation-123 citation-end-123\">: Ett integrerat reng\u00f6ringssystem g\u00f6r att du kan bibeh\u00e5lla filtereffektiviteten p\u00e5 n\u00e5gra sekunder utan att \u00f6ppna enheten.<\/span><\/p>\n<p>&nbsp;<\/li>\n<\/ul>\n<h3 data-path-to-node=\"5\">Tekniska specifikationer<\/h3>\n<ul data-path-to-node=\"6\">\n<li>\n<p data-path-to-node=\"6,0,0\"><b data-path-to-node=\"6,0,0\" data-index-in-node=\"0\">Str\u00f6mk\u00e4lla<\/b> : Batterisystem med h\u00f6g kapacitet (sladdl\u00f6s)<\/p>\n<\/li>\n<li>\n<p id=\"p-rc_1d38bd4ee44b22ca-71\" data-path-to-node=\"6,1,0\"><b data-path-to-node=\"6,1,0\" data-index-in-node=\"0\"><span class=\"citation-122\">Vakuumniv\u00e5<\/span><\/b> <span class=\"citation-122 citation-end-122\">: 250 mBar<\/span><\/p>\n<\/li>\n<li>\n<p id=\"p-rc_1d38bd4ee44b22ca-72\" data-path-to-node=\"6,2,0\"><b data-path-to-node=\"6,2,0\" data-index-in-node=\"0\"><span class=\"citation-121\">Max luftfl\u00f6de<\/span><\/b> <span class=\"citation-121 citation-end-121\">: 570 m\u00b3\/h<\/span><\/p>\n<\/li>\n<li>\n<p id=\"p-rc_1d38bd4ee44b22ca-73\" data-path-to-node=\"6,3,0\"><b data-path-to-node=\"6,3,0\" data-index-in-node=\"0\"><span class=\"citation-120\">Ljudniv\u00e5<\/span><\/b> <span class=\"citation-120 citation-end-120\">: 72 dB(A)<\/span><\/p>\n<\/li>\n<li>\n<p id=\"p-rc_1d38bd4ee44b22ca-74\" data-path-to-node=\"6,4,0\"><b data-path-to-node=\"6,4,0\" data-index-in-node=\"0\"><span class=\"citation-119\">Filtreringsklass<\/span><\/b> <span class=\"citation-119 citation-end-119\">: H (HEPA H14 ing\u00e5r)<\/span><\/p>\n<p>&nbsp;<\/li>\n<\/ul>\n<hr data-path-to-node=\"7\">\n<h3 data-path-to-node=\"8\">Komplettera din professionella fordonsflotta: M\u00f6jligheter till korsf\u00f6rs\u00e4ljning<\/h3>\n<p data-path-to-node=\"9\"><b data-path-to-node=\"1\" data-index-in-node=\"53\">ID VAC Type H BO<\/b> \u00e4r en h\u00f6rnsten i InterDiamants ekosystem. F\u00f6r att uppn\u00e5 b\u00e4sta resultat och bibeh\u00e5lla en ren arbetsyta rekommenderar vi att para ihop den h\u00e4r enheten med: <\/p>\n<p data-path-to-node=\"10\"><b data-path-to-node=\"10\" data-index-in-node=\"0\">1. InterDiamant ID 701 DRY batteridriven bordss\u00e5g<\/b><\/p>\n<p data-path-to-node=\"10\">Den perfekta partnern f\u00f6r precisionssk\u00e4rning. Anv\u00e4nd <b data-path-to-node=\"1\" data-index-in-node=\"53\">ID VAC Type H BO<\/b> <strong>:s<\/strong> h\u00f6gfl\u00f6dessug f\u00f6r att suga ut kiseldioxiddamm direkt fr\u00e5n ID 701:s dammport. Tillsammans skapar de en helt mobil, batteridriven station som g\u00f6r att du kan arbeta var som helst p\u00e5 plats samtidigt som du f\u00f6ljer h\u00e4lso- och s\u00e4kerhetsf\u00f6reskrifterna.  <\/p>\n<p id=\"p-rc_1d38bd4ee44b22ca-75\" data-path-to-node=\"11\"><b data-path-to-node=\"11\" data-index-in-node=\"0\">2. Verktyg f\u00f6r ytbehandling<\/b><\/p>\n<p id=\"p-rc_1d38bd4ee44b22ca-75\" data-path-to-node=\"11\"><span class=\"citation-118 citation-end-118\">Oavsett om du anv\u00e4nder handh\u00e5llna slipmaskiner eller golvpolermaskiner \u00e4r <b data-path-to-node=\"1\" data-index-in-node=\"53\">ID VAC Type H BO<\/b> konstruerad f\u00f6r att hantera den stora m\u00e4ngden fint damm som genereras vid ytbehandling.<\/span> <span class=\"citation-117 citation-end-117\">Dess teleskopiska chassi g\u00f6r den enkel att transportera tillsammans med dina tunga maskiner.<\/span><\/p>\n<p data-path-to-node=\"12\"><b data-path-to-node=\"12\" data-index-in-node=\"0\">3. Startpaket \u00d8 50 mm<\/b><\/p>\n<p data-path-to-node=\"12\">Maximera m\u00e5ngsidigheten hos din dammsugare med v\u00e5rt professionella tillbeh\u00f6rskit, inklusive antistatiska slangar och specialmunstycken f\u00f6r golv, skr\u00e4ddarsydda f\u00f6r byggmilj\u00f6n.<\/p>\n<p data-path-to-node=\"13\"><b data-path-to-node=\"13\" data-index-in-node=\"0\">Investera i hela InterDiamant-serien f\u00f6r ett sammanh\u00e4ngande, professionellt utseende och o\u00f6vertr\u00e4ffad prestanda p\u00e5 arbetsplatsen.<\/b><\/p>\n","protected":false},"excerpt":{"rendered":"<p>InterDiamant ID VAC Typ H BO: Batteridriven s\u00e4kerhetsstandard Ta din arbetsplatss\u00e4kerhet till n\u00e4sta niv\u00e5 med InterDiamant ID VAC Type H BO . Denna industridammsugare \u00e4r speciellt konstruerad f\u00f6r yrkesverksamma inom ytbehandling och byggbranschen och \u00e4r tredjepartscertifierad f\u00f6r dammutsugning av klass H (IEC 60335-2-69:2021). ID VAC Type H BO, som nu \u00e4r utrustad med avancerad batteridriven [&hellip;]<\/p>\n","protected":false},"featured_media":7058,"template":"","meta":{"_et_pb_use_builder":"","_et_pb_old_content":"","_et_gb_content_width":""},"product_brand":[],"product_cat":[1059],"product_tag":[],"class_list":{"0":"post-7448","1":"product","2":"type-product","3":"status-publish","4":"has-post-thumbnail","6":"product_cat-maskiner","8":"first","9":"instock","10":"taxable","11":"shipping-taxable","12":"product-type-simple"},"bundled_by":[],"bundle_stock_status":"instock","bundle_stock_quantity":null,"bundle_virtual":false,"bundle_layout":"","bundle_add_to_cart_form_location":"","bundle_editable_in_cart":false,"bundle_sold_individually_context":"","bundle_item_grouping":"","bundle_min_size":"","bundle_max_size":"","bundle_price":[],"bundled_items":[],"bundle_sell_ids":[],"yoast_head":"<!-- This site is optimized with the Yoast SEO plugin v27.4 - https:\/\/yoast.com\/product\/yoast-seo-wordpress\/ -->\n<title>INTERDIAMANT ID VAC Typ H BO | Interdiamant<\/title>\n<meta name=\"robots\" content=\"index, follow, max-snippet:-1, max-image-preview:large, max-video-preview:-1\" \/>\n<link rel=\"canonical\" href=\"https:\/\/interdiamant.com\/sv\/product\/interdiamant-id-vac-typ-h-bo\/\" \/>\n<meta property=\"og:locale\" content=\"sv_SE\" \/>\n<meta property=\"og:type\" content=\"article\" \/>\n<meta property=\"og:title\" content=\"INTERDIAMANT ID VAC Typ H BO | Interdiamant\" \/>\n<meta property=\"og:description\" content=\"InterDiamant ID VAC Typ H BO: Batteridriven s\u00e4kerhetsstandard Ta din arbetsplatss\u00e4kerhet till n\u00e4sta niv\u00e5 med InterDiamant ID VAC Type H BO . Denna industridammsugare \u00e4r speciellt konstruerad f\u00f6r yrkesverksamma inom ytbehandling och byggbranschen och \u00e4r tredjepartscertifierad f\u00f6r dammutsugning av klass H (IEC 60335-2-69:2021). ID VAC Type H BO, som nu \u00e4r utrustad med avancerad batteridriven [&hellip;]\" \/>\n<meta property=\"og:url\" content=\"https:\/\/interdiamant.com\/sv\/product\/interdiamant-id-vac-typ-h-bo\/\" \/>\n<meta property=\"og:site_name\" content=\"Interdiamant\" \/>\n<meta property=\"og:image\" content=\"https:\/\/interdiamant.com\/wp-content\/uploads\/2026\/03\/Gemini_Generated_Image_dhlbpedhlbpedhlb-1.png\" \/>\n\t<meta property=\"og:image:width\" content=\"1024\" \/>\n\t<meta property=\"og:image:height\" content=\"1024\" \/>\n\t<meta property=\"og:image:type\" content=\"image\/png\" \/>\n<meta name=\"twitter:card\" content=\"summary_large_image\" \/>\n<meta name=\"twitter:label1\" content=\"Ber\u00e4knad l\u00e4stid\" \/>\n\t<meta name=\"twitter:data1\" content=\"2 minut\" \/>\n<script type=\"application\/ld+json\" class=\"yoast-schema-graph\">{\"@context\":\"https:\\\/\\\/schema.org\",\"@graph\":[{\"@type\":\"WebPage\",\"@id\":\"https:\\\/\\\/interdiamant.com\\\/sv\\\/product\\\/interdiamant-id-vac-typ-h-bo\\\/\",\"url\":\"https:\\\/\\\/interdiamant.com\\\/sv\\\/product\\\/interdiamant-id-vac-typ-h-bo\\\/\",\"name\":\"INTERDIAMANT ID VAC Typ H BO | Interdiamant\",\"isPartOf\":{\"@id\":\"https:\\\/\\\/interdiamant.com\\\/sv\\\/#website\"},\"primaryImageOfPage\":{\"@id\":\"https:\\\/\\\/interdiamant.com\\\/sv\\\/product\\\/interdiamant-id-vac-typ-h-bo\\\/#primaryimage\"},\"image\":{\"@id\":\"https:\\\/\\\/interdiamant.com\\\/sv\\\/product\\\/interdiamant-id-vac-typ-h-bo\\\/#primaryimage\"},\"thumbnailUrl\":\"https:\\\/\\\/interdiamant.com\\\/wp-content\\\/uploads\\\/2026\\\/03\\\/Gemini_Generated_Image_dhlbpedhlbpedhlb-1.png\",\"datePublished\":\"2026-03-23T15:29:03+00:00\",\"breadcrumb\":{\"@id\":\"https:\\\/\\\/interdiamant.com\\\/sv\\\/product\\\/interdiamant-id-vac-typ-h-bo\\\/#breadcrumb\"},\"inLanguage\":\"sv-SE\",\"potentialAction\":[{\"@type\":\"ReadAction\",\"target\":[\"https:\\\/\\\/interdiamant.com\\\/sv\\\/product\\\/interdiamant-id-vac-typ-h-bo\\\/\"]}]},{\"@type\":\"ImageObject\",\"inLanguage\":\"sv-SE\",\"@id\":\"https:\\\/\\\/interdiamant.com\\\/sv\\\/product\\\/interdiamant-id-vac-typ-h-bo\\\/#primaryimage\",\"url\":\"https:\\\/\\\/interdiamant.com\\\/wp-content\\\/uploads\\\/2026\\\/03\\\/Gemini_Generated_Image_dhlbpedhlbpedhlb-1.png\",\"contentUrl\":\"https:\\\/\\\/interdiamant.com\\\/wp-content\\\/uploads\\\/2026\\\/03\\\/Gemini_Generated_Image_dhlbpedhlbpedhlb-1.png\",\"width\":1024,\"height\":1024},{\"@type\":\"BreadcrumbList\",\"@id\":\"https:\\\/\\\/interdiamant.com\\\/sv\\\/product\\\/interdiamant-id-vac-typ-h-bo\\\/#breadcrumb\",\"itemListElement\":[{\"@type\":\"ListItem\",\"position\":1,\"name\":\"Hem\",\"item\":\"https:\\\/\\\/interdiamant.com\\\/sv\\\/\"},{\"@type\":\"ListItem\",\"position\":2,\"name\":\"Butik\",\"item\":\"https:\\\/\\\/interdiamant.com\\\/shop\\\/\"},{\"@type\":\"ListItem\",\"position\":3,\"name\":\"INTERDIAMANT ID VAC Typ H BO\"}]},{\"@type\":\"WebSite\",\"@id\":\"https:\\\/\\\/interdiamant.com\\\/sv\\\/#website\",\"url\":\"https:\\\/\\\/interdiamant.com\\\/sv\\\/\",\"name\":\"Interdiamant\",\"description\":\"\",\"publisher\":{\"@id\":\"https:\\\/\\\/interdiamant.com\\\/sv\\\/#organization\"},\"potentialAction\":[{\"@type\":\"SearchAction\",\"target\":{\"@type\":\"EntryPoint\",\"urlTemplate\":\"https:\\\/\\\/interdiamant.com\\\/sv\\\/?s={search_term_string}\"},\"query-input\":{\"@type\":\"PropertyValueSpecification\",\"valueRequired\":true,\"valueName\":\"search_term_string\"}}],\"inLanguage\":\"sv-SE\"},{\"@type\":\"Organization\",\"@id\":\"https:\\\/\\\/interdiamant.com\\\/sv\\\/#organization\",\"name\":\"Interdiamant\",\"url\":\"https:\\\/\\\/interdiamant.com\\\/sv\\\/\",\"logo\":{\"@type\":\"ImageObject\",\"inLanguage\":\"sv-SE\",\"@id\":\"https:\\\/\\\/interdiamant.com\\\/sv\\\/#\\\/schema\\\/logo\\\/image\\\/\",\"url\":\"https:\\\/\\\/interdiamant.com\\\/wp-content\\\/uploads\\\/2026\\\/01\\\/Logo-Interdiamant.svg\",\"contentUrl\":\"https:\\\/\\\/interdiamant.com\\\/wp-content\\\/uploads\\\/2026\\\/01\\\/Logo-Interdiamant.svg\",\"width\":1,\"height\":1,\"caption\":\"Interdiamant\"},\"image\":{\"@id\":\"https:\\\/\\\/interdiamant.com\\\/sv\\\/#\\\/schema\\\/logo\\\/image\\\/\"}}]}<\/script>\n<!-- \/ Yoast SEO plugin. -->","yoast_head_json":{"title":"INTERDIAMANT ID VAC Typ H BO | Interdiamant","robots":{"index":"index","follow":"follow","max-snippet":"max-snippet:-1","max-image-preview":"max-image-preview:large","max-video-preview":"max-video-preview:-1"},"canonical":"https:\/\/interdiamant.com\/sv\/product\/interdiamant-id-vac-typ-h-bo\/","og_locale":"sv_SE","og_type":"article","og_title":"INTERDIAMANT ID VAC Typ H BO | Interdiamant","og_description":"InterDiamant ID VAC Typ H BO: Batteridriven s\u00e4kerhetsstandard Ta din arbetsplatss\u00e4kerhet till n\u00e4sta niv\u00e5 med InterDiamant ID VAC Type H BO . Denna industridammsugare \u00e4r speciellt konstruerad f\u00f6r yrkesverksamma inom ytbehandling och byggbranschen och \u00e4r tredjepartscertifierad f\u00f6r dammutsugning av klass H (IEC 60335-2-69:2021). ID VAC Type H BO, som nu \u00e4r utrustad med avancerad batteridriven [&hellip;]","og_url":"https:\/\/interdiamant.com\/sv\/product\/interdiamant-id-vac-typ-h-bo\/","og_site_name":"Interdiamant","og_image":[{"width":1024,"height":1024,"url":"https:\/\/interdiamant.com\/wp-content\/uploads\/2026\/03\/Gemini_Generated_Image_dhlbpedhlbpedhlb-1.png","type":"image\/png"}],"twitter_card":"summary_large_image","twitter_misc":{"Ber\u00e4knad l\u00e4stid":"2 minut"},"schema":{"@context":"https:\/\/schema.org","@graph":[{"@type":"WebPage","@id":"https:\/\/interdiamant.com\/sv\/product\/interdiamant-id-vac-typ-h-bo\/","url":"https:\/\/interdiamant.com\/sv\/product\/interdiamant-id-vac-typ-h-bo\/","name":"INTERDIAMANT ID VAC Typ H BO | Interdiamant","isPartOf":{"@id":"https:\/\/interdiamant.com\/sv\/#website"},"primaryImageOfPage":{"@id":"https:\/\/interdiamant.com\/sv\/product\/interdiamant-id-vac-typ-h-bo\/#primaryimage"},"image":{"@id":"https:\/\/interdiamant.com\/sv\/product\/interdiamant-id-vac-typ-h-bo\/#primaryimage"},"thumbnailUrl":"https:\/\/interdiamant.com\/wp-content\/uploads\/2026\/03\/Gemini_Generated_Image_dhlbpedhlbpedhlb-1.png","datePublished":"2026-03-23T15:29:03+00:00","breadcrumb":{"@id":"https:\/\/interdiamant.com\/sv\/product\/interdiamant-id-vac-typ-h-bo\/#breadcrumb"},"inLanguage":"sv-SE","potentialAction":[{"@type":"ReadAction","target":["https:\/\/interdiamant.com\/sv\/product\/interdiamant-id-vac-typ-h-bo\/"]}]},{"@type":"ImageObject","inLanguage":"sv-SE","@id":"https:\/\/interdiamant.com\/sv\/product\/interdiamant-id-vac-typ-h-bo\/#primaryimage","url":"https:\/\/interdiamant.com\/wp-content\/uploads\/2026\/03\/Gemini_Generated_Image_dhlbpedhlbpedhlb-1.png","contentUrl":"https:\/\/interdiamant.com\/wp-content\/uploads\/2026\/03\/Gemini_Generated_Image_dhlbpedhlbpedhlb-1.png","width":1024,"height":1024},{"@type":"BreadcrumbList","@id":"https:\/\/interdiamant.com\/sv\/product\/interdiamant-id-vac-typ-h-bo\/#breadcrumb","itemListElement":[{"@type":"ListItem","position":1,"name":"Hem","item":"https:\/\/interdiamant.com\/sv\/"},{"@type":"ListItem","position":2,"name":"Butik","item":"https:\/\/interdiamant.com\/shop\/"},{"@type":"ListItem","position":3,"name":"INTERDIAMANT ID VAC Typ H BO"}]},{"@type":"WebSite","@id":"https:\/\/interdiamant.com\/sv\/#website","url":"https:\/\/interdiamant.com\/sv\/","name":"Interdiamant","description":"","publisher":{"@id":"https:\/\/interdiamant.com\/sv\/#organization"},"potentialAction":[{"@type":"SearchAction","target":{"@type":"EntryPoint","urlTemplate":"https:\/\/interdiamant.com\/sv\/?s={search_term_string}"},"query-input":{"@type":"PropertyValueSpecification","valueRequired":true,"valueName":"search_term_string"}}],"inLanguage":"sv-SE"},{"@type":"Organization","@id":"https:\/\/interdiamant.com\/sv\/#organization","name":"Interdiamant","url":"https:\/\/interdiamant.com\/sv\/","logo":{"@type":"ImageObject","inLanguage":"sv-SE","@id":"https:\/\/interdiamant.com\/sv\/#\/schema\/logo\/image\/","url":"https:\/\/interdiamant.com\/wp-content\/uploads\/2026\/01\/Logo-Interdiamant.svg","contentUrl":"https:\/\/interdiamant.com\/wp-content\/uploads\/2026\/01\/Logo-Interdiamant.svg","width":1,"height":1,"caption":"Interdiamant"},"image":{"@id":"https:\/\/interdiamant.com\/sv\/#\/schema\/logo\/image\/"}}]}},"_links":{"self":[{"href":"https:\/\/interdiamant.com\/sv\/wp-json\/wp\/v2\/product\/7448","targetHints":{"allow":["GET"]}}],"collection":[{"href":"https:\/\/interdiamant.com\/sv\/wp-json\/wp\/v2\/product"}],"about":[{"href":"https:\/\/interdiamant.com\/sv\/wp-json\/wp\/v2\/types\/product"}],"wp:featuredmedia":[{"embeddable":true,"href":"https:\/\/interdiamant.com\/sv\/wp-json\/wp\/v2\/media\/7058"}],"wp:attachment":[{"href":"https:\/\/interdiamant.com\/sv\/wp-json\/wp\/v2\/media?parent=7448"}],"wp:term":[{"taxonomy":"product_brand","embeddable":true,"href":"https:\/\/interdiamant.com\/sv\/wp-json\/wp\/v2\/product_brand?post=7448"},{"taxonomy":"product_cat","embeddable":true,"href":"https:\/\/interdiamant.com\/sv\/wp-json\/wp\/v2\/product_cat?post=7448"},{"taxonomy":"product_tag","embeddable":true,"href":"https:\/\/interdiamant.com\/sv\/wp-json\/wp\/v2\/product_tag?post=7448"}],"curies":[{"name":"wp","href":"https:\/\/api.w.org\/{rel}","templated":true}]}}