{"id":7360,"date":"2026-02-02T17:04:44","date_gmt":"2026-02-02T16:04:44","guid":{"rendered":"https:\/\/interdiamant.com\/product\/interdiamant-3dp-xpa-blad-abrasive\/"},"modified":"2026-04-13T12:09:29","modified_gmt":"2026-04-13T10:09:29","slug":"interdiamant-3dp-xpa-blad-abrasive","status":"publish","type":"product","link":"https:\/\/interdiamant.com\/sv\/product\/interdiamant-3dp-xpa-blad-abrasive\/","title":{"rendered":"InterDiamant 3DP-XPA-blad Abrasive"},"content":{"rendered":"<p>ABRASIVE \u2013 F\u00f6r betong med h\u00f6gt slitage orsakat av ballast<\/p>\n<p>Denna s\u00e5g f\u00f6r slipande betong med SLIPANDE klassificering \u00e4r speciellt utvecklad f\u00f6r betong d\u00e4r ballast som granit, kvarts eller basalt frig\u00f6rs under sk\u00e4rning.<\/p>\n<p>Dessa h\u00e5rda mineraler har h\u00f6g Mohs-h\u00e5rdhet och orsakar extremt slitage. Den anpassade bindningen i denna ABRASIVE-variant \u00e4r utformad f\u00f6r att klara dessa f\u00f6rh\u00e5llanden och f\u00f6rhindrar f\u00f6rtida diamantf\u00f6rlust. <\/p>\n<p>L\u00e4mplig f\u00f6r v\u00e4gbyggnation, infrastrukturprojekt, h\u00e5ld\u00e4cksplattor, f\u00f6rsp\u00e4nd betong, industrigolv och tungt belastade betongkonstruktioner. S\u00e4kerst\u00e4ller f\u00f6rb\u00e4ttrad livsl\u00e4ngd och kontrollerat slitage, \u00e4ven under sv\u00e5ra f\u00f6rh\u00e5llanden. <\/p>\n<p>R\u00e5d:<br \/>\nN\u00f6dv\u00e4ndig n\u00e4r betongen \u00e4r synligt abrasiv eller n\u00e4r standardverktyg slits ut snabbt.<\/p>\n<p>V\u00e5ra prefabricerade\/f\u00f6rsp\u00e4nda blad passar till maskiner fr\u00e5n f\u00f6ljande m\u00e4rken:<br \/>\n \u2013 ECHO Prefabricerad Konstruktion<br \/>\n \u2013 Weiler \/ Max Truder<br \/>\n \u2013 Elematisk<br \/>\n \u2013 Spiroll<br \/>\n \u2013 Excodo<br \/>\n \u2013 NordImpianti<br \/>\n \u2013 TDM-extruder<br \/>\n \u2013 Concore<\/p>\n<p>Finns inte ditt varum\u00e4rke med i listan? Kontakta oss.   <\/p>\n","protected":false},"excerpt":{"rendered":"<p>ABRASIVE \u2013 F\u00f6r betong med h\u00f6gt slitage orsakat av ballast Denna s\u00e5g f\u00f6r slipande betong med SLIPANDE klassificering \u00e4r speciellt utvecklad f\u00f6r betong d\u00e4r ballast som granit, kvarts eller basalt frig\u00f6rs under sk\u00e4rning. Dessa h\u00e5rda mineraler har h\u00f6g Mohs-h\u00e5rdhet och orsakar extremt slitage. Den anpassade bindningen i denna ABRASIVE-variant \u00e4r utformad f\u00f6r att klara dessa [&hellip;]<\/p>\n","protected":false},"featured_media":819,"template":"","meta":{"_et_pb_use_builder":"","_et_pb_old_content":"","_et_gb_content_width":""},"product_brand":[],"product_cat":[1045,316],"product_tag":[],"class_list":{"0":"post-7360","1":"product","2":"type-product","3":"status-publish","4":"has-post-thumbnail","6":"product_cat-blad-abrasive","7":"product_cat-klinga","9":"first","10":"instock","11":"taxable","12":"shipping-taxable","13":"purchasable","14":"product-type-variable"},"bundled_by":[],"bundle_stock_status":"instock","bundle_stock_quantity":null,"bundle_virtual":false,"bundle_layout":"","bundle_add_to_cart_form_location":"","bundle_editable_in_cart":false,"bundle_sold_individually_context":"","bundle_item_grouping":"","bundle_min_size":"","bundle_max_size":"","bundle_price":[],"bundled_items":[],"bundle_sell_ids":[],"yoast_head":"<!-- This site is optimized with the Yoast SEO plugin v27.4 - https:\/\/yoast.com\/product\/yoast-seo-wordpress\/ -->\n<title>InterDiamant 3DP-XPA-blad Abrasive | Interdiamant<\/title>\n<meta name=\"robots\" content=\"index, follow, max-snippet:-1, max-image-preview:large, max-video-preview:-1\" \/>\n<link rel=\"canonical\" href=\"https:\/\/interdiamant.com\/sv\/product\/interdiamant-3dp-xpa-blad-abrasive\/\" \/>\n<meta property=\"og:locale\" content=\"sv_SE\" \/>\n<meta property=\"og:type\" content=\"article\" \/>\n<meta property=\"og:title\" content=\"InterDiamant 3DP-XPA-blad Abrasive | Interdiamant\" \/>\n<meta property=\"og:description\" content=\"ABRASIVE \u2013 F\u00f6r betong med h\u00f6gt slitage orsakat av ballast Denna s\u00e5g f\u00f6r slipande betong med SLIPANDE klassificering \u00e4r speciellt utvecklad f\u00f6r betong d\u00e4r ballast som granit, kvarts eller basalt frig\u00f6rs under sk\u00e4rning. Dessa h\u00e5rda mineraler har h\u00f6g Mohs-h\u00e5rdhet och orsakar extremt slitage. Den anpassade bindningen i denna ABRASIVE-variant \u00e4r utformad f\u00f6r att klara dessa [&hellip;]\" \/>\n<meta property=\"og:url\" content=\"https:\/\/interdiamant.com\/sv\/product\/interdiamant-3dp-xpa-blad-abrasive\/\" \/>\n<meta property=\"og:site_name\" content=\"Interdiamant\" \/>\n<meta property=\"article:modified_time\" content=\"2026-04-13T10:09:29+00:00\" \/>\n<meta property=\"og:image\" content=\"https:\/\/interdiamant.com\/wp-content\/uploads\/2026\/01\/23PFAX.jpg\" \/>\n\t<meta property=\"og:image:width\" content=\"2362\" \/>\n\t<meta property=\"og:image:height\" content=\"2362\" \/>\n\t<meta property=\"og:image:type\" content=\"image\/jpeg\" \/>\n<meta name=\"twitter:card\" content=\"summary_large_image\" \/>\n<meta name=\"twitter:label1\" content=\"Ber\u00e4knad l\u00e4stid\" \/>\n\t<meta name=\"twitter:data1\" content=\"1 minut\" \/>\n<script type=\"application\/ld+json\" class=\"yoast-schema-graph\">{\"@context\":\"https:\\\/\\\/schema.org\",\"@graph\":[{\"@type\":\"WebPage\",\"@id\":\"https:\\\/\\\/interdiamant.com\\\/sv\\\/product\\\/interdiamant-3dp-xpa-blad-abrasive\\\/\",\"url\":\"https:\\\/\\\/interdiamant.com\\\/sv\\\/product\\\/interdiamant-3dp-xpa-blad-abrasive\\\/\",\"name\":\"InterDiamant 3DP-XPA-blad Abrasive | Interdiamant\",\"isPartOf\":{\"@id\":\"https:\\\/\\\/interdiamant.com\\\/sv\\\/#website\"},\"primaryImageOfPage\":{\"@id\":\"https:\\\/\\\/interdiamant.com\\\/sv\\\/product\\\/interdiamant-3dp-xpa-blad-abrasive\\\/#primaryimage\"},\"image\":{\"@id\":\"https:\\\/\\\/interdiamant.com\\\/sv\\\/product\\\/interdiamant-3dp-xpa-blad-abrasive\\\/#primaryimage\"},\"thumbnailUrl\":\"https:\\\/\\\/interdiamant.com\\\/wp-content\\\/uploads\\\/2026\\\/01\\\/23PFAX.jpg\",\"datePublished\":\"2026-02-02T16:04:44+00:00\",\"dateModified\":\"2026-04-13T10:09:29+00:00\",\"breadcrumb\":{\"@id\":\"https:\\\/\\\/interdiamant.com\\\/sv\\\/product\\\/interdiamant-3dp-xpa-blad-abrasive\\\/#breadcrumb\"},\"inLanguage\":\"sv-SE\",\"potentialAction\":[{\"@type\":\"ReadAction\",\"target\":[\"https:\\\/\\\/interdiamant.com\\\/sv\\\/product\\\/interdiamant-3dp-xpa-blad-abrasive\\\/\"]}]},{\"@type\":\"ImageObject\",\"inLanguage\":\"sv-SE\",\"@id\":\"https:\\\/\\\/interdiamant.com\\\/sv\\\/product\\\/interdiamant-3dp-xpa-blad-abrasive\\\/#primaryimage\",\"url\":\"https:\\\/\\\/interdiamant.com\\\/wp-content\\\/uploads\\\/2026\\\/01\\\/23PFAX.jpg\",\"contentUrl\":\"https:\\\/\\\/interdiamant.com\\\/wp-content\\\/uploads\\\/2026\\\/01\\\/23PFAX.jpg\",\"width\":2362,\"height\":2362},{\"@type\":\"BreadcrumbList\",\"@id\":\"https:\\\/\\\/interdiamant.com\\\/sv\\\/product\\\/interdiamant-3dp-xpa-blad-abrasive\\\/#breadcrumb\",\"itemListElement\":[{\"@type\":\"ListItem\",\"position\":1,\"name\":\"Hem\",\"item\":\"https:\\\/\\\/interdiamant.com\\\/sv\\\/\"},{\"@type\":\"ListItem\",\"position\":2,\"name\":\"Butik\",\"item\":\"https:\\\/\\\/interdiamant.com\\\/shop\\\/\"},{\"@type\":\"ListItem\",\"position\":3,\"name\":\"InterDiamant 3DP-XPA-blad Abrasive\"}]},{\"@type\":\"WebSite\",\"@id\":\"https:\\\/\\\/interdiamant.com\\\/sv\\\/#website\",\"url\":\"https:\\\/\\\/interdiamant.com\\\/sv\\\/\",\"name\":\"Interdiamant\",\"description\":\"\",\"publisher\":{\"@id\":\"https:\\\/\\\/interdiamant.com\\\/sv\\\/#organization\"},\"potentialAction\":[{\"@type\":\"SearchAction\",\"target\":{\"@type\":\"EntryPoint\",\"urlTemplate\":\"https:\\\/\\\/interdiamant.com\\\/sv\\\/?s={search_term_string}\"},\"query-input\":{\"@type\":\"PropertyValueSpecification\",\"valueRequired\":true,\"valueName\":\"search_term_string\"}}],\"inLanguage\":\"sv-SE\"},{\"@type\":\"Organization\",\"@id\":\"https:\\\/\\\/interdiamant.com\\\/sv\\\/#organization\",\"name\":\"Interdiamant\",\"url\":\"https:\\\/\\\/interdiamant.com\\\/sv\\\/\",\"logo\":{\"@type\":\"ImageObject\",\"inLanguage\":\"sv-SE\",\"@id\":\"https:\\\/\\\/interdiamant.com\\\/sv\\\/#\\\/schema\\\/logo\\\/image\\\/\",\"url\":\"https:\\\/\\\/interdiamant.com\\\/wp-content\\\/uploads\\\/2026\\\/01\\\/Logo-Interdiamant.svg\",\"contentUrl\":\"https:\\\/\\\/interdiamant.com\\\/wp-content\\\/uploads\\\/2026\\\/01\\\/Logo-Interdiamant.svg\",\"width\":1,\"height\":1,\"caption\":\"Interdiamant\"},\"image\":{\"@id\":\"https:\\\/\\\/interdiamant.com\\\/sv\\\/#\\\/schema\\\/logo\\\/image\\\/\"}}]}<\/script>\n<!-- \/ Yoast SEO plugin. -->","yoast_head_json":{"title":"InterDiamant 3DP-XPA-blad Abrasive | Interdiamant","robots":{"index":"index","follow":"follow","max-snippet":"max-snippet:-1","max-image-preview":"max-image-preview:large","max-video-preview":"max-video-preview:-1"},"canonical":"https:\/\/interdiamant.com\/sv\/product\/interdiamant-3dp-xpa-blad-abrasive\/","og_locale":"sv_SE","og_type":"article","og_title":"InterDiamant 3DP-XPA-blad Abrasive | Interdiamant","og_description":"ABRASIVE \u2013 F\u00f6r betong med h\u00f6gt slitage orsakat av ballast Denna s\u00e5g f\u00f6r slipande betong med SLIPANDE klassificering \u00e4r speciellt utvecklad f\u00f6r betong d\u00e4r ballast som granit, kvarts eller basalt frig\u00f6rs under sk\u00e4rning. Dessa h\u00e5rda mineraler har h\u00f6g Mohs-h\u00e5rdhet och orsakar extremt slitage. Den anpassade bindningen i denna ABRASIVE-variant \u00e4r utformad f\u00f6r att klara dessa [&hellip;]","og_url":"https:\/\/interdiamant.com\/sv\/product\/interdiamant-3dp-xpa-blad-abrasive\/","og_site_name":"Interdiamant","article_modified_time":"2026-04-13T10:09:29+00:00","og_image":[{"width":2362,"height":2362,"url":"https:\/\/interdiamant.com\/wp-content\/uploads\/2026\/01\/23PFAX.jpg","type":"image\/jpeg"}],"twitter_card":"summary_large_image","twitter_misc":{"Ber\u00e4knad l\u00e4stid":"1 minut"},"schema":{"@context":"https:\/\/schema.org","@graph":[{"@type":"WebPage","@id":"https:\/\/interdiamant.com\/sv\/product\/interdiamant-3dp-xpa-blad-abrasive\/","url":"https:\/\/interdiamant.com\/sv\/product\/interdiamant-3dp-xpa-blad-abrasive\/","name":"InterDiamant 3DP-XPA-blad Abrasive | Interdiamant","isPartOf":{"@id":"https:\/\/interdiamant.com\/sv\/#website"},"primaryImageOfPage":{"@id":"https:\/\/interdiamant.com\/sv\/product\/interdiamant-3dp-xpa-blad-abrasive\/#primaryimage"},"image":{"@id":"https:\/\/interdiamant.com\/sv\/product\/interdiamant-3dp-xpa-blad-abrasive\/#primaryimage"},"thumbnailUrl":"https:\/\/interdiamant.com\/wp-content\/uploads\/2026\/01\/23PFAX.jpg","datePublished":"2026-02-02T16:04:44+00:00","dateModified":"2026-04-13T10:09:29+00:00","breadcrumb":{"@id":"https:\/\/interdiamant.com\/sv\/product\/interdiamant-3dp-xpa-blad-abrasive\/#breadcrumb"},"inLanguage":"sv-SE","potentialAction":[{"@type":"ReadAction","target":["https:\/\/interdiamant.com\/sv\/product\/interdiamant-3dp-xpa-blad-abrasive\/"]}]},{"@type":"ImageObject","inLanguage":"sv-SE","@id":"https:\/\/interdiamant.com\/sv\/product\/interdiamant-3dp-xpa-blad-abrasive\/#primaryimage","url":"https:\/\/interdiamant.com\/wp-content\/uploads\/2026\/01\/23PFAX.jpg","contentUrl":"https:\/\/interdiamant.com\/wp-content\/uploads\/2026\/01\/23PFAX.jpg","width":2362,"height":2362},{"@type":"BreadcrumbList","@id":"https:\/\/interdiamant.com\/sv\/product\/interdiamant-3dp-xpa-blad-abrasive\/#breadcrumb","itemListElement":[{"@type":"ListItem","position":1,"name":"Hem","item":"https:\/\/interdiamant.com\/sv\/"},{"@type":"ListItem","position":2,"name":"Butik","item":"https:\/\/interdiamant.com\/shop\/"},{"@type":"ListItem","position":3,"name":"InterDiamant 3DP-XPA-blad Abrasive"}]},{"@type":"WebSite","@id":"https:\/\/interdiamant.com\/sv\/#website","url":"https:\/\/interdiamant.com\/sv\/","name":"Interdiamant","description":"","publisher":{"@id":"https:\/\/interdiamant.com\/sv\/#organization"},"potentialAction":[{"@type":"SearchAction","target":{"@type":"EntryPoint","urlTemplate":"https:\/\/interdiamant.com\/sv\/?s={search_term_string}"},"query-input":{"@type":"PropertyValueSpecification","valueRequired":true,"valueName":"search_term_string"}}],"inLanguage":"sv-SE"},{"@type":"Organization","@id":"https:\/\/interdiamant.com\/sv\/#organization","name":"Interdiamant","url":"https:\/\/interdiamant.com\/sv\/","logo":{"@type":"ImageObject","inLanguage":"sv-SE","@id":"https:\/\/interdiamant.com\/sv\/#\/schema\/logo\/image\/","url":"https:\/\/interdiamant.com\/wp-content\/uploads\/2026\/01\/Logo-Interdiamant.svg","contentUrl":"https:\/\/interdiamant.com\/wp-content\/uploads\/2026\/01\/Logo-Interdiamant.svg","width":1,"height":1,"caption":"Interdiamant"},"image":{"@id":"https:\/\/interdiamant.com\/sv\/#\/schema\/logo\/image\/"}}]}},"_links":{"self":[{"href":"https:\/\/interdiamant.com\/sv\/wp-json\/wp\/v2\/product\/7360","targetHints":{"allow":["GET"]}}],"collection":[{"href":"https:\/\/interdiamant.com\/sv\/wp-json\/wp\/v2\/product"}],"about":[{"href":"https:\/\/interdiamant.com\/sv\/wp-json\/wp\/v2\/types\/product"}],"wp:featuredmedia":[{"embeddable":true,"href":"https:\/\/interdiamant.com\/sv\/wp-json\/wp\/v2\/media\/819"}],"wp:attachment":[{"href":"https:\/\/interdiamant.com\/sv\/wp-json\/wp\/v2\/media?parent=7360"}],"wp:term":[{"taxonomy":"product_brand","embeddable":true,"href":"https:\/\/interdiamant.com\/sv\/wp-json\/wp\/v2\/product_brand?post=7360"},{"taxonomy":"product_cat","embeddable":true,"href":"https:\/\/interdiamant.com\/sv\/wp-json\/wp\/v2\/product_cat?post=7360"},{"taxonomy":"product_tag","embeddable":true,"href":"https:\/\/interdiamant.com\/sv\/wp-json\/wp\/v2\/product_tag?post=7360"}],"curies":[{"name":"wp","href":"https:\/\/api.w.org\/{rel}","templated":true}]}}