{"id":7335,"date":"2026-04-08T12:03:35","date_gmt":"2026-04-08T10:03:35","guid":{"rendered":"https:\/\/interdiamant.com\/product\/interdiamant-3dp-xpa-slipblad-45-graders-fasning-v-skarning\/"},"modified":"2026-04-08T12:03:35","modified_gmt":"2026-04-08T10:03:35","slug":"interdiamant-3dp-xpa-slipblad-45-graders-fasning-v-skarning","status":"publish","type":"product","link":"https:\/\/interdiamant.com\/sv\/product\/interdiamant-3dp-xpa-slipblad-45-graders-fasning-v-skarning\/","title":{"rendered":"InterDiamant 3DP-XPA slipblad | 45 graders fasning | V-sk\u00e4rning"},"content":{"rendered":"<p>SLIPMEDEL \u2013 Special<br \/>\n Avancerat diamantblad f\u00f6r golvs\u00e5gar, speciellt utvecklat f\u00f6r kapning och fasning av betong eller asfalt. Detta specialverktyg kombinerar h\u00f6ghastighetss\u00e5gning med en avfasad segmentgeometri f\u00f6r att skapa en professionell 45\u00b0 fogfinish i ett enda arbetssteg. <\/p>\n<p>Detta \u00e4r en upps\u00e4ttning med 2x 45-graders fasningsklingor (tv\u00e5delade) med 280 mm diameter. Normalt kombineras detta med ett \u00f6gleklinga med antingen 300 mm eller 350 mm diameter. Finns \u00e4ven som 1-delat fasningsklinga med 280 mm diameter.  <\/p>\n<p>3D-diamantpositionering (3DP)<br \/>\n Detta verktyg anv\u00e4nder n\u00e4sta generations 3DP-teknik. Till skillnad fr\u00e5n konventionell slumpm\u00e4ssig distribution positioneras diamanter med h\u00f6g precision i hela segmentet, vilket resulterar i: <\/p>\n<p>Upp till 92 % mer aktiva sk\u00e4reggar.<\/p>\n<p>Upp till 87 % h\u00f6gre sk\u00e4rhastighet.<\/p>\n<p>Konsekvent slitage och prestanda under hela livsl\u00e4ngden.<\/p>\n<p>Minskad vibration och v\u00e4rmeutveckling.<\/p>\n<p>Bearbetning<br \/>\n V\u00e5t \u2013 Optimerad f\u00f6r golvs\u00e5gar<\/p>\n<p>oSa-certifierade produktionsstandarder.<\/p>\n<p>Koboltfria segment f\u00f6r milj\u00f6s\u00e4kerhet.<\/p>\n<p>Lasersvetsad f\u00f6r maximal h\u00e5llbarhet och operat\u00f6rsskydd.<\/p>\n","protected":false},"excerpt":{"rendered":"<p>SLIPMEDEL \u2013 Special Avancerat diamantblad f\u00f6r golvs\u00e5gar, speciellt utvecklat f\u00f6r kapning och fasning av betong eller asfalt. Detta specialverktyg kombinerar h\u00f6ghastighetss\u00e5gning med en avfasad segmentgeometri f\u00f6r att skapa en professionell 45\u00b0 fogfinish i ett enda arbetssteg. Detta \u00e4r en upps\u00e4ttning med 2x 45-graders fasningsklingor (tv\u00e5delade) med 280 mm diameter. Normalt kombineras detta med ett \u00f6gleklinga [&hellip;]<\/p>\n","protected":false},"featured_media":7443,"template":"","meta":{"_et_pb_use_builder":"","_et_pb_old_content":"","_et_gb_content_width":""},"product_brand":[],"product_cat":[1035],"product_tag":[],"class_list":{"0":"post-7335","1":"product","2":"type-product","3":"status-publish","4":"has-post-thumbnail","6":"product_cat-special","8":"first","9":"instock","10":"taxable","11":"shipping-taxable","12":"purchasable","13":"product-type-variable"},"bundled_by":[],"bundle_stock_status":"instock","bundle_stock_quantity":null,"bundle_virtual":false,"bundle_layout":"","bundle_add_to_cart_form_location":"","bundle_editable_in_cart":false,"bundle_sold_individually_context":"","bundle_item_grouping":"","bundle_min_size":"","bundle_max_size":"","bundle_price":[],"bundled_items":[],"bundle_sell_ids":[],"yoast_head":"<!-- This site is optimized with the Yoast SEO plugin v27.4 - https:\/\/yoast.com\/product\/yoast-seo-wordpress\/ -->\n<title>InterDiamant 3DP-XPA slipblad | 45 graders fasning | V-sk\u00e4rning | Interdiamant<\/title>\n<meta name=\"robots\" content=\"index, follow, max-snippet:-1, max-image-preview:large, max-video-preview:-1\" \/>\n<link rel=\"canonical\" href=\"https:\/\/interdiamant.com\/sv\/product\/interdiamant-3dp-xpa-slipblad-45-graders-fasning-v-skarning\/\" \/>\n<meta property=\"og:locale\" content=\"sv_SE\" \/>\n<meta property=\"og:type\" content=\"article\" \/>\n<meta property=\"og:title\" content=\"InterDiamant 3DP-XPA slipblad | 45 graders fasning | V-sk\u00e4rning | Interdiamant\" \/>\n<meta property=\"og:description\" content=\"SLIPMEDEL \u2013 Special Avancerat diamantblad f\u00f6r golvs\u00e5gar, speciellt utvecklat f\u00f6r kapning och fasning av betong eller asfalt. Detta specialverktyg kombinerar h\u00f6ghastighetss\u00e5gning med en avfasad segmentgeometri f\u00f6r att skapa en professionell 45\u00b0 fogfinish i ett enda arbetssteg. Detta \u00e4r en upps\u00e4ttning med 2x 45-graders fasningsklingor (tv\u00e5delade) med 280 mm diameter. Normalt kombineras detta med ett \u00f6gleklinga [&hellip;]\" \/>\n<meta property=\"og:url\" content=\"https:\/\/interdiamant.com\/sv\/product\/interdiamant-3dp-xpa-slipblad-45-graders-fasning-v-skarning\/\" \/>\n<meta property=\"og:site_name\" content=\"Interdiamant\" \/>\n<meta property=\"og:image\" content=\"https:\/\/interdiamant.com\/wp-content\/uploads\/2026\/04\/Chamfering-Blade-with-Looping-Blade-3DP-e1775642572414.png\" \/>\n\t<meta property=\"og:image:width\" content=\"267\" \/>\n\t<meta property=\"og:image:height\" content=\"598\" \/>\n\t<meta property=\"og:image:type\" content=\"image\/png\" \/>\n<meta name=\"twitter:card\" content=\"summary_large_image\" \/>\n<meta name=\"twitter:label1\" content=\"Ber\u00e4knad l\u00e4stid\" \/>\n\t<meta name=\"twitter:data1\" content=\"1 minut\" \/>\n<script type=\"application\/ld+json\" class=\"yoast-schema-graph\">{\"@context\":\"https:\\\/\\\/schema.org\",\"@graph\":[{\"@type\":\"WebPage\",\"@id\":\"https:\\\/\\\/interdiamant.com\\\/sv\\\/product\\\/interdiamant-3dp-xpa-slipblad-45-graders-fasning-v-skarning\\\/\",\"url\":\"https:\\\/\\\/interdiamant.com\\\/sv\\\/product\\\/interdiamant-3dp-xpa-slipblad-45-graders-fasning-v-skarning\\\/\",\"name\":\"InterDiamant 3DP-XPA slipblad | 45 graders fasning | V-sk\u00e4rning | Interdiamant\",\"isPartOf\":{\"@id\":\"https:\\\/\\\/interdiamant.com\\\/sv\\\/#website\"},\"primaryImageOfPage\":{\"@id\":\"https:\\\/\\\/interdiamant.com\\\/sv\\\/product\\\/interdiamant-3dp-xpa-slipblad-45-graders-fasning-v-skarning\\\/#primaryimage\"},\"image\":{\"@id\":\"https:\\\/\\\/interdiamant.com\\\/sv\\\/product\\\/interdiamant-3dp-xpa-slipblad-45-graders-fasning-v-skarning\\\/#primaryimage\"},\"thumbnailUrl\":\"https:\\\/\\\/interdiamant.com\\\/wp-content\\\/uploads\\\/2026\\\/04\\\/Untitled-16.png\",\"datePublished\":\"2026-04-08T10:03:35+00:00\",\"breadcrumb\":{\"@id\":\"https:\\\/\\\/interdiamant.com\\\/sv\\\/product\\\/interdiamant-3dp-xpa-slipblad-45-graders-fasning-v-skarning\\\/#breadcrumb\"},\"inLanguage\":\"sv-SE\",\"potentialAction\":[{\"@type\":\"ReadAction\",\"target\":[\"https:\\\/\\\/interdiamant.com\\\/sv\\\/product\\\/interdiamant-3dp-xpa-slipblad-45-graders-fasning-v-skarning\\\/\"]}]},{\"@type\":\"ImageObject\",\"inLanguage\":\"sv-SE\",\"@id\":\"https:\\\/\\\/interdiamant.com\\\/sv\\\/product\\\/interdiamant-3dp-xpa-slipblad-45-graders-fasning-v-skarning\\\/#primaryimage\",\"url\":\"https:\\\/\\\/interdiamant.com\\\/wp-content\\\/uploads\\\/2026\\\/04\\\/Untitled-16.png\",\"contentUrl\":\"https:\\\/\\\/interdiamant.com\\\/wp-content\\\/uploads\\\/2026\\\/04\\\/Untitled-16.png\",\"width\":906,\"height\":600},{\"@type\":\"BreadcrumbList\",\"@id\":\"https:\\\/\\\/interdiamant.com\\\/sv\\\/product\\\/interdiamant-3dp-xpa-slipblad-45-graders-fasning-v-skarning\\\/#breadcrumb\",\"itemListElement\":[{\"@type\":\"ListItem\",\"position\":1,\"name\":\"Hem\",\"item\":\"https:\\\/\\\/interdiamant.com\\\/sv\\\/\"},{\"@type\":\"ListItem\",\"position\":2,\"name\":\"Butik\",\"item\":\"https:\\\/\\\/interdiamant.com\\\/shop\\\/\"},{\"@type\":\"ListItem\",\"position\":3,\"name\":\"InterDiamant 3DP-XPA slipblad | 45 graders fasning | V-sk\u00e4rning\"}]},{\"@type\":\"WebSite\",\"@id\":\"https:\\\/\\\/interdiamant.com\\\/sv\\\/#website\",\"url\":\"https:\\\/\\\/interdiamant.com\\\/sv\\\/\",\"name\":\"Interdiamant\",\"description\":\"\",\"publisher\":{\"@id\":\"https:\\\/\\\/interdiamant.com\\\/sv\\\/#organization\"},\"potentialAction\":[{\"@type\":\"SearchAction\",\"target\":{\"@type\":\"EntryPoint\",\"urlTemplate\":\"https:\\\/\\\/interdiamant.com\\\/sv\\\/?s={search_term_string}\"},\"query-input\":{\"@type\":\"PropertyValueSpecification\",\"valueRequired\":true,\"valueName\":\"search_term_string\"}}],\"inLanguage\":\"sv-SE\"},{\"@type\":\"Organization\",\"@id\":\"https:\\\/\\\/interdiamant.com\\\/sv\\\/#organization\",\"name\":\"Interdiamant\",\"url\":\"https:\\\/\\\/interdiamant.com\\\/sv\\\/\",\"logo\":{\"@type\":\"ImageObject\",\"inLanguage\":\"sv-SE\",\"@id\":\"https:\\\/\\\/interdiamant.com\\\/sv\\\/#\\\/schema\\\/logo\\\/image\\\/\",\"url\":\"https:\\\/\\\/interdiamant.com\\\/wp-content\\\/uploads\\\/2026\\\/01\\\/Logo-Interdiamant.svg\",\"contentUrl\":\"https:\\\/\\\/interdiamant.com\\\/wp-content\\\/uploads\\\/2026\\\/01\\\/Logo-Interdiamant.svg\",\"width\":1,\"height\":1,\"caption\":\"Interdiamant\"},\"image\":{\"@id\":\"https:\\\/\\\/interdiamant.com\\\/sv\\\/#\\\/schema\\\/logo\\\/image\\\/\"}}]}<\/script>\n<!-- \/ Yoast SEO plugin. -->","yoast_head_json":{"title":"InterDiamant 3DP-XPA slipblad | 45 graders fasning | V-sk\u00e4rning | Interdiamant","robots":{"index":"index","follow":"follow","max-snippet":"max-snippet:-1","max-image-preview":"max-image-preview:large","max-video-preview":"max-video-preview:-1"},"canonical":"https:\/\/interdiamant.com\/sv\/product\/interdiamant-3dp-xpa-slipblad-45-graders-fasning-v-skarning\/","og_locale":"sv_SE","og_type":"article","og_title":"InterDiamant 3DP-XPA slipblad | 45 graders fasning | V-sk\u00e4rning | Interdiamant","og_description":"SLIPMEDEL \u2013 Special Avancerat diamantblad f\u00f6r golvs\u00e5gar, speciellt utvecklat f\u00f6r kapning och fasning av betong eller asfalt. Detta specialverktyg kombinerar h\u00f6ghastighetss\u00e5gning med en avfasad segmentgeometri f\u00f6r att skapa en professionell 45\u00b0 fogfinish i ett enda arbetssteg. Detta \u00e4r en upps\u00e4ttning med 2x 45-graders fasningsklingor (tv\u00e5delade) med 280 mm diameter. Normalt kombineras detta med ett \u00f6gleklinga [&hellip;]","og_url":"https:\/\/interdiamant.com\/sv\/product\/interdiamant-3dp-xpa-slipblad-45-graders-fasning-v-skarning\/","og_site_name":"Interdiamant","og_image":[{"width":267,"height":598,"url":"https:\/\/interdiamant.com\/wp-content\/uploads\/2026\/04\/Chamfering-Blade-with-Looping-Blade-3DP-e1775642572414.png","type":"image\/png"}],"twitter_card":"summary_large_image","twitter_misc":{"Ber\u00e4knad l\u00e4stid":"1 minut"},"schema":{"@context":"https:\/\/schema.org","@graph":[{"@type":"WebPage","@id":"https:\/\/interdiamant.com\/sv\/product\/interdiamant-3dp-xpa-slipblad-45-graders-fasning-v-skarning\/","url":"https:\/\/interdiamant.com\/sv\/product\/interdiamant-3dp-xpa-slipblad-45-graders-fasning-v-skarning\/","name":"InterDiamant 3DP-XPA slipblad | 45 graders fasning | V-sk\u00e4rning | Interdiamant","isPartOf":{"@id":"https:\/\/interdiamant.com\/sv\/#website"},"primaryImageOfPage":{"@id":"https:\/\/interdiamant.com\/sv\/product\/interdiamant-3dp-xpa-slipblad-45-graders-fasning-v-skarning\/#primaryimage"},"image":{"@id":"https:\/\/interdiamant.com\/sv\/product\/interdiamant-3dp-xpa-slipblad-45-graders-fasning-v-skarning\/#primaryimage"},"thumbnailUrl":"https:\/\/interdiamant.com\/wp-content\/uploads\/2026\/04\/Untitled-16.png","datePublished":"2026-04-08T10:03:35+00:00","breadcrumb":{"@id":"https:\/\/interdiamant.com\/sv\/product\/interdiamant-3dp-xpa-slipblad-45-graders-fasning-v-skarning\/#breadcrumb"},"inLanguage":"sv-SE","potentialAction":[{"@type":"ReadAction","target":["https:\/\/interdiamant.com\/sv\/product\/interdiamant-3dp-xpa-slipblad-45-graders-fasning-v-skarning\/"]}]},{"@type":"ImageObject","inLanguage":"sv-SE","@id":"https:\/\/interdiamant.com\/sv\/product\/interdiamant-3dp-xpa-slipblad-45-graders-fasning-v-skarning\/#primaryimage","url":"https:\/\/interdiamant.com\/wp-content\/uploads\/2026\/04\/Untitled-16.png","contentUrl":"https:\/\/interdiamant.com\/wp-content\/uploads\/2026\/04\/Untitled-16.png","width":906,"height":600},{"@type":"BreadcrumbList","@id":"https:\/\/interdiamant.com\/sv\/product\/interdiamant-3dp-xpa-slipblad-45-graders-fasning-v-skarning\/#breadcrumb","itemListElement":[{"@type":"ListItem","position":1,"name":"Hem","item":"https:\/\/interdiamant.com\/sv\/"},{"@type":"ListItem","position":2,"name":"Butik","item":"https:\/\/interdiamant.com\/shop\/"},{"@type":"ListItem","position":3,"name":"InterDiamant 3DP-XPA slipblad | 45 graders fasning | V-sk\u00e4rning"}]},{"@type":"WebSite","@id":"https:\/\/interdiamant.com\/sv\/#website","url":"https:\/\/interdiamant.com\/sv\/","name":"Interdiamant","description":"","publisher":{"@id":"https:\/\/interdiamant.com\/sv\/#organization"},"potentialAction":[{"@type":"SearchAction","target":{"@type":"EntryPoint","urlTemplate":"https:\/\/interdiamant.com\/sv\/?s={search_term_string}"},"query-input":{"@type":"PropertyValueSpecification","valueRequired":true,"valueName":"search_term_string"}}],"inLanguage":"sv-SE"},{"@type":"Organization","@id":"https:\/\/interdiamant.com\/sv\/#organization","name":"Interdiamant","url":"https:\/\/interdiamant.com\/sv\/","logo":{"@type":"ImageObject","inLanguage":"sv-SE","@id":"https:\/\/interdiamant.com\/sv\/#\/schema\/logo\/image\/","url":"https:\/\/interdiamant.com\/wp-content\/uploads\/2026\/01\/Logo-Interdiamant.svg","contentUrl":"https:\/\/interdiamant.com\/wp-content\/uploads\/2026\/01\/Logo-Interdiamant.svg","width":1,"height":1,"caption":"Interdiamant"},"image":{"@id":"https:\/\/interdiamant.com\/sv\/#\/schema\/logo\/image\/"}}]}},"_links":{"self":[{"href":"https:\/\/interdiamant.com\/sv\/wp-json\/wp\/v2\/product\/7335","targetHints":{"allow":["GET"]}}],"collection":[{"href":"https:\/\/interdiamant.com\/sv\/wp-json\/wp\/v2\/product"}],"about":[{"href":"https:\/\/interdiamant.com\/sv\/wp-json\/wp\/v2\/types\/product"}],"wp:featuredmedia":[{"embeddable":true,"href":"https:\/\/interdiamant.com\/sv\/wp-json\/wp\/v2\/media\/7443"}],"wp:attachment":[{"href":"https:\/\/interdiamant.com\/sv\/wp-json\/wp\/v2\/media?parent=7335"}],"wp:term":[{"taxonomy":"product_brand","embeddable":true,"href":"https:\/\/interdiamant.com\/sv\/wp-json\/wp\/v2\/product_brand?post=7335"},{"taxonomy":"product_cat","embeddable":true,"href":"https:\/\/interdiamant.com\/sv\/wp-json\/wp\/v2\/product_cat?post=7335"},{"taxonomy":"product_tag","embeddable":true,"href":"https:\/\/interdiamant.com\/sv\/wp-json\/wp\/v2\/product_tag?post=7335"}],"curies":[{"name":"wp","href":"https:\/\/api.w.org\/{rel}","templated":true}]}}