{"id":3322,"date":"2026-02-02T17:01:57","date_gmt":"2026-02-02T16:01:57","guid":{"rendered":"https:\/\/interdiamant.com\/product\/interdiamant-3dp-xpr-ringsag\/"},"modified":"2026-02-02T17:01:57","modified_gmt":"2026-02-02T16:01:57","slug":"interdiamant-3dp-xpr-ringsag","status":"publish","type":"product","link":"https:\/\/interdiamant.com\/sv\/product\/interdiamant-3dp-xpr-ringsag\/","title":{"rendered":"InterDiamant 3DP-XPR Rings\u00e5g"},"content":{"rendered":"<p>ULTRA HARD \u2013 F\u00f6r mycket h\u00e5rd och kraftigt armerad betong<\/p>\n<p>Denna rings\u00e5g f\u00f6r mycket h\u00e5rd betong med ULTRA HARD-klassificering \u00e4r utformad f\u00f6r extrema f\u00f6rh\u00e5llanden. L\u00e4mplig f\u00f6r h\u00f6ga betongstyrkor (C35\/45 till C60\/65) och kraftigt armerade konstruktioner. <\/p>\n<p>Typiska anv\u00e4ndningsomr\u00e5den inkluderar industrigolv, parkeringshus, broar, viadukter, h\u00f6ghus och kommersiell byggnation. Det mjukare bindemedlet kompenserar f\u00f6r betongens h\u00e5rdhet och s\u00e4kerst\u00e4ller kontrollerad diamantfris\u00e4ttning. <\/p>\n<p>Detta h\u00e5ller verktyget vasst, \u00e4ven vid l\u00e5ngvarig anv\u00e4ndning i h\u00e5rda och t\u00e4ta betongkonstruktioner. Idealisk f\u00f6r intensiv, professionell betongkapning d\u00e4r tillf\u00f6rlitlighet \u00e4r avg\u00f6rande. <\/p>\n<p>R\u00e5d:<br \/>\nAnv\u00e4nd ULTRA HARD f\u00f6r h\u00f6ga h\u00e5llfasthetsklasser eller kraftig armering f\u00f6r att f\u00f6rhindra prestandaf\u00f6rlust.<\/p>\n","protected":false},"excerpt":{"rendered":"<p>ULTRA HARD \u2013 F\u00f6r mycket h\u00e5rd och kraftigt armerad betong Denna rings\u00e5g f\u00f6r mycket h\u00e5rd betong med ULTRA HARD-klassificering \u00e4r utformad f\u00f6r extrema f\u00f6rh\u00e5llanden. L\u00e4mplig f\u00f6r h\u00f6ga betongstyrkor (C35\/45 till C60\/65) och kraftigt armerade konstruktioner. Typiska anv\u00e4ndningsomr\u00e5den inkluderar industrigolv, parkeringshus, broar, viadukter, h\u00f6ghus och kommersiell byggnation. Det mjukare bindemedlet kompenserar f\u00f6r betongens h\u00e5rdhet och s\u00e4kerst\u00e4ller [&hellip;]<\/p>\n","protected":false},"featured_media":818,"template":"","meta":{"_et_pb_use_builder":"","_et_pb_old_content":"","_et_gb_content_width":""},"product_brand":[],"product_cat":[316,317],"product_tag":[],"class_list":{"0":"post-3322","1":"product","2":"type-product","3":"status-publish","4":"has-post-thumbnail","6":"product_cat-klinga","7":"product_cat-klinga-handhallen","9":"first","10":"instock","11":"taxable","12":"shipping-taxable","13":"purchasable","14":"product-type-variable"},"bundled_by":[],"bundle_stock_status":"instock","bundle_stock_quantity":null,"bundle_virtual":false,"bundle_layout":"","bundle_add_to_cart_form_location":"","bundle_editable_in_cart":false,"bundle_sold_individually_context":"","bundle_item_grouping":"","bundle_min_size":"","bundle_max_size":"","bundle_price":[],"bundled_items":[],"bundle_sell_ids":[],"yoast_head":"<!-- This site is optimized with the Yoast SEO plugin v27.4 - https:\/\/yoast.com\/product\/yoast-seo-wordpress\/ -->\n<title>InterDiamant 3DP-XPR Rings\u00e5g | Interdiamant<\/title>\n<meta name=\"robots\" content=\"index, follow, max-snippet:-1, max-image-preview:large, max-video-preview:-1\" \/>\n<link rel=\"canonical\" href=\"https:\/\/interdiamant.com\/sv\/product\/interdiamant-3dp-xpr-ringsag\/\" \/>\n<meta property=\"og:locale\" content=\"sv_SE\" \/>\n<meta property=\"og:type\" content=\"article\" \/>\n<meta property=\"og:title\" content=\"InterDiamant 3DP-XPR Rings\u00e5g | Interdiamant\" \/>\n<meta property=\"og:description\" content=\"ULTRA HARD \u2013 F\u00f6r mycket h\u00e5rd och kraftigt armerad betong Denna rings\u00e5g f\u00f6r mycket h\u00e5rd betong med ULTRA HARD-klassificering \u00e4r utformad f\u00f6r extrema f\u00f6rh\u00e5llanden. L\u00e4mplig f\u00f6r h\u00f6ga betongstyrkor (C35\/45 till C60\/65) och kraftigt armerade konstruktioner. Typiska anv\u00e4ndningsomr\u00e5den inkluderar industrigolv, parkeringshus, broar, viadukter, h\u00f6ghus och kommersiell byggnation. Det mjukare bindemedlet kompenserar f\u00f6r betongens h\u00e5rdhet och s\u00e4kerst\u00e4ller [&hellip;]\" \/>\n<meta property=\"og:url\" content=\"https:\/\/interdiamant.com\/sv\/product\/interdiamant-3dp-xpr-ringsag\/\" \/>\n<meta property=\"og:site_name\" content=\"Interdiamant\" \/>\n<meta property=\"og:image\" content=\"https:\/\/interdiamant.com\/wp-content\/uploads\/2026\/01\/21PR2X.jpg\" \/>\n\t<meta property=\"og:image:width\" content=\"2362\" \/>\n\t<meta property=\"og:image:height\" content=\"2362\" \/>\n\t<meta property=\"og:image:type\" content=\"image\/jpeg\" \/>\n<meta name=\"twitter:card\" content=\"summary_large_image\" \/>\n<meta name=\"twitter:label1\" content=\"Ber\u00e4knad l\u00e4stid\" \/>\n\t<meta name=\"twitter:data1\" content=\"1 minut\" \/>\n<script type=\"application\/ld+json\" class=\"yoast-schema-graph\">{\"@context\":\"https:\\\/\\\/schema.org\",\"@graph\":[{\"@type\":\"WebPage\",\"@id\":\"https:\\\/\\\/interdiamant.com\\\/sv\\\/product\\\/interdiamant-3dp-xpr-ringsag\\\/\",\"url\":\"https:\\\/\\\/interdiamant.com\\\/sv\\\/product\\\/interdiamant-3dp-xpr-ringsag\\\/\",\"name\":\"InterDiamant 3DP-XPR Rings\u00e5g | Interdiamant\",\"isPartOf\":{\"@id\":\"https:\\\/\\\/interdiamant.com\\\/sv\\\/#website\"},\"primaryImageOfPage\":{\"@id\":\"https:\\\/\\\/interdiamant.com\\\/sv\\\/product\\\/interdiamant-3dp-xpr-ringsag\\\/#primaryimage\"},\"image\":{\"@id\":\"https:\\\/\\\/interdiamant.com\\\/sv\\\/product\\\/interdiamant-3dp-xpr-ringsag\\\/#primaryimage\"},\"thumbnailUrl\":\"https:\\\/\\\/interdiamant.com\\\/wp-content\\\/uploads\\\/2026\\\/01\\\/21PR2X.jpg\",\"datePublished\":\"2026-02-02T16:01:57+00:00\",\"breadcrumb\":{\"@id\":\"https:\\\/\\\/interdiamant.com\\\/sv\\\/product\\\/interdiamant-3dp-xpr-ringsag\\\/#breadcrumb\"},\"inLanguage\":\"sv-SE\",\"potentialAction\":[{\"@type\":\"ReadAction\",\"target\":[\"https:\\\/\\\/interdiamant.com\\\/sv\\\/product\\\/interdiamant-3dp-xpr-ringsag\\\/\"]}]},{\"@type\":\"ImageObject\",\"inLanguage\":\"sv-SE\",\"@id\":\"https:\\\/\\\/interdiamant.com\\\/sv\\\/product\\\/interdiamant-3dp-xpr-ringsag\\\/#primaryimage\",\"url\":\"https:\\\/\\\/interdiamant.com\\\/wp-content\\\/uploads\\\/2026\\\/01\\\/21PR2X.jpg\",\"contentUrl\":\"https:\\\/\\\/interdiamant.com\\\/wp-content\\\/uploads\\\/2026\\\/01\\\/21PR2X.jpg\",\"width\":2362,\"height\":2362},{\"@type\":\"BreadcrumbList\",\"@id\":\"https:\\\/\\\/interdiamant.com\\\/sv\\\/product\\\/interdiamant-3dp-xpr-ringsag\\\/#breadcrumb\",\"itemListElement\":[{\"@type\":\"ListItem\",\"position\":1,\"name\":\"Hem\",\"item\":\"https:\\\/\\\/interdiamant.com\\\/sv\\\/\"},{\"@type\":\"ListItem\",\"position\":2,\"name\":\"Butik\",\"item\":\"https:\\\/\\\/interdiamant.com\\\/shop\\\/\"},{\"@type\":\"ListItem\",\"position\":3,\"name\":\"InterDiamant 3DP-XPR Rings\u00e5g\"}]},{\"@type\":\"WebSite\",\"@id\":\"https:\\\/\\\/interdiamant.com\\\/sv\\\/#website\",\"url\":\"https:\\\/\\\/interdiamant.com\\\/sv\\\/\",\"name\":\"Interdiamant\",\"description\":\"\",\"publisher\":{\"@id\":\"https:\\\/\\\/interdiamant.com\\\/sv\\\/#organization\"},\"potentialAction\":[{\"@type\":\"SearchAction\",\"target\":{\"@type\":\"EntryPoint\",\"urlTemplate\":\"https:\\\/\\\/interdiamant.com\\\/sv\\\/?s={search_term_string}\"},\"query-input\":{\"@type\":\"PropertyValueSpecification\",\"valueRequired\":true,\"valueName\":\"search_term_string\"}}],\"inLanguage\":\"sv-SE\"},{\"@type\":\"Organization\",\"@id\":\"https:\\\/\\\/interdiamant.com\\\/sv\\\/#organization\",\"name\":\"Interdiamant\",\"url\":\"https:\\\/\\\/interdiamant.com\\\/sv\\\/\",\"logo\":{\"@type\":\"ImageObject\",\"inLanguage\":\"sv-SE\",\"@id\":\"https:\\\/\\\/interdiamant.com\\\/sv\\\/#\\\/schema\\\/logo\\\/image\\\/\",\"url\":\"https:\\\/\\\/interdiamant.com\\\/wp-content\\\/uploads\\\/2026\\\/01\\\/Logo-Interdiamant.svg\",\"contentUrl\":\"https:\\\/\\\/interdiamant.com\\\/wp-content\\\/uploads\\\/2026\\\/01\\\/Logo-Interdiamant.svg\",\"width\":1,\"height\":1,\"caption\":\"Interdiamant\"},\"image\":{\"@id\":\"https:\\\/\\\/interdiamant.com\\\/sv\\\/#\\\/schema\\\/logo\\\/image\\\/\"}}]}<\/script>\n<!-- \/ Yoast SEO plugin. -->","yoast_head_json":{"title":"InterDiamant 3DP-XPR Rings\u00e5g | Interdiamant","robots":{"index":"index","follow":"follow","max-snippet":"max-snippet:-1","max-image-preview":"max-image-preview:large","max-video-preview":"max-video-preview:-1"},"canonical":"https:\/\/interdiamant.com\/sv\/product\/interdiamant-3dp-xpr-ringsag\/","og_locale":"sv_SE","og_type":"article","og_title":"InterDiamant 3DP-XPR Rings\u00e5g | Interdiamant","og_description":"ULTRA HARD \u2013 F\u00f6r mycket h\u00e5rd och kraftigt armerad betong Denna rings\u00e5g f\u00f6r mycket h\u00e5rd betong med ULTRA HARD-klassificering \u00e4r utformad f\u00f6r extrema f\u00f6rh\u00e5llanden. L\u00e4mplig f\u00f6r h\u00f6ga betongstyrkor (C35\/45 till C60\/65) och kraftigt armerade konstruktioner. Typiska anv\u00e4ndningsomr\u00e5den inkluderar industrigolv, parkeringshus, broar, viadukter, h\u00f6ghus och kommersiell byggnation. Det mjukare bindemedlet kompenserar f\u00f6r betongens h\u00e5rdhet och s\u00e4kerst\u00e4ller [&hellip;]","og_url":"https:\/\/interdiamant.com\/sv\/product\/interdiamant-3dp-xpr-ringsag\/","og_site_name":"Interdiamant","og_image":[{"width":2362,"height":2362,"url":"https:\/\/interdiamant.com\/wp-content\/uploads\/2026\/01\/21PR2X.jpg","type":"image\/jpeg"}],"twitter_card":"summary_large_image","twitter_misc":{"Ber\u00e4knad l\u00e4stid":"1 minut"},"schema":{"@context":"https:\/\/schema.org","@graph":[{"@type":"WebPage","@id":"https:\/\/interdiamant.com\/sv\/product\/interdiamant-3dp-xpr-ringsag\/","url":"https:\/\/interdiamant.com\/sv\/product\/interdiamant-3dp-xpr-ringsag\/","name":"InterDiamant 3DP-XPR Rings\u00e5g | Interdiamant","isPartOf":{"@id":"https:\/\/interdiamant.com\/sv\/#website"},"primaryImageOfPage":{"@id":"https:\/\/interdiamant.com\/sv\/product\/interdiamant-3dp-xpr-ringsag\/#primaryimage"},"image":{"@id":"https:\/\/interdiamant.com\/sv\/product\/interdiamant-3dp-xpr-ringsag\/#primaryimage"},"thumbnailUrl":"https:\/\/interdiamant.com\/wp-content\/uploads\/2026\/01\/21PR2X.jpg","datePublished":"2026-02-02T16:01:57+00:00","breadcrumb":{"@id":"https:\/\/interdiamant.com\/sv\/product\/interdiamant-3dp-xpr-ringsag\/#breadcrumb"},"inLanguage":"sv-SE","potentialAction":[{"@type":"ReadAction","target":["https:\/\/interdiamant.com\/sv\/product\/interdiamant-3dp-xpr-ringsag\/"]}]},{"@type":"ImageObject","inLanguage":"sv-SE","@id":"https:\/\/interdiamant.com\/sv\/product\/interdiamant-3dp-xpr-ringsag\/#primaryimage","url":"https:\/\/interdiamant.com\/wp-content\/uploads\/2026\/01\/21PR2X.jpg","contentUrl":"https:\/\/interdiamant.com\/wp-content\/uploads\/2026\/01\/21PR2X.jpg","width":2362,"height":2362},{"@type":"BreadcrumbList","@id":"https:\/\/interdiamant.com\/sv\/product\/interdiamant-3dp-xpr-ringsag\/#breadcrumb","itemListElement":[{"@type":"ListItem","position":1,"name":"Hem","item":"https:\/\/interdiamant.com\/sv\/"},{"@type":"ListItem","position":2,"name":"Butik","item":"https:\/\/interdiamant.com\/shop\/"},{"@type":"ListItem","position":3,"name":"InterDiamant 3DP-XPR Rings\u00e5g"}]},{"@type":"WebSite","@id":"https:\/\/interdiamant.com\/sv\/#website","url":"https:\/\/interdiamant.com\/sv\/","name":"Interdiamant","description":"","publisher":{"@id":"https:\/\/interdiamant.com\/sv\/#organization"},"potentialAction":[{"@type":"SearchAction","target":{"@type":"EntryPoint","urlTemplate":"https:\/\/interdiamant.com\/sv\/?s={search_term_string}"},"query-input":{"@type":"PropertyValueSpecification","valueRequired":true,"valueName":"search_term_string"}}],"inLanguage":"sv-SE"},{"@type":"Organization","@id":"https:\/\/interdiamant.com\/sv\/#organization","name":"Interdiamant","url":"https:\/\/interdiamant.com\/sv\/","logo":{"@type":"ImageObject","inLanguage":"sv-SE","@id":"https:\/\/interdiamant.com\/sv\/#\/schema\/logo\/image\/","url":"https:\/\/interdiamant.com\/wp-content\/uploads\/2026\/01\/Logo-Interdiamant.svg","contentUrl":"https:\/\/interdiamant.com\/wp-content\/uploads\/2026\/01\/Logo-Interdiamant.svg","width":1,"height":1,"caption":"Interdiamant"},"image":{"@id":"https:\/\/interdiamant.com\/sv\/#\/schema\/logo\/image\/"}}]}},"_links":{"self":[{"href":"https:\/\/interdiamant.com\/sv\/wp-json\/wp\/v2\/product\/3322","targetHints":{"allow":["GET"]}}],"collection":[{"href":"https:\/\/interdiamant.com\/sv\/wp-json\/wp\/v2\/product"}],"about":[{"href":"https:\/\/interdiamant.com\/sv\/wp-json\/wp\/v2\/types\/product"}],"wp:featuredmedia":[{"embeddable":true,"href":"https:\/\/interdiamant.com\/sv\/wp-json\/wp\/v2\/media\/818"}],"wp:attachment":[{"href":"https:\/\/interdiamant.com\/sv\/wp-json\/wp\/v2\/media?parent=3322"}],"wp:term":[{"taxonomy":"product_brand","embeddable":true,"href":"https:\/\/interdiamant.com\/sv\/wp-json\/wp\/v2\/product_brand?post=3322"},{"taxonomy":"product_cat","embeddable":true,"href":"https:\/\/interdiamant.com\/sv\/wp-json\/wp\/v2\/product_cat?post=3322"},{"taxonomy":"product_tag","embeddable":true,"href":"https:\/\/interdiamant.com\/sv\/wp-json\/wp\/v2\/product_tag?post=3322"}],"curies":[{"name":"wp","href":"https:\/\/api.w.org\/{rel}","templated":true}]}}