{"id":2762,"date":"2026-02-02T17:01:57","date_gmt":"2026-02-02T16:01:57","guid":{"rendered":"https:\/\/interdiamant.com\/product\/interdiamant-brazed-tb-kakelklinga\/"},"modified":"2026-02-02T17:01:57","modified_gmt":"2026-02-02T16:01:57","slug":"interdiamant-brazed-tb-kakelklinga","status":"publish","type":"product","link":"https:\/\/interdiamant.com\/sv\/product\/interdiamant-brazed-tb-kakelklinga\/","title":{"rendered":"InterDiamant Brazed-TB Kakelklinga"},"content":{"rendered":"<p>SOFT \u2013 F\u00f6r mjuk betong och murverk<\/p>\n<p>Denna kakelklinga f\u00f6r mjuk betong med SOFT-klassificering \u00e4r speciellt utvecklad f\u00f6r material med l\u00e5g h\u00e5rdhet och begr\u00e4nsad slitstyrka. Tack vare den h\u00e5rdare bindningen fril\u00e4ggs diamanten snabbt, vilket resulterar i h\u00f6g kap- och borrhastighet samt omedelbar prestanda. <\/p>\n<p>L\u00e4mplig f\u00f6r applikationer som kalksandsten, l\u00e4ttbetongblock, cellbetong och l\u00e4ttbetong (C20\/25). Idealisk f\u00f6r icke-b\u00e4rande v\u00e4ggar, kantstenar, staket och l\u00e4tta fundament. <\/p>\n<p>Den optimala balansen mellan bindning och diamant f\u00f6rhindrar igens\u00e4ttning och on\u00f6dig v\u00e4rmeutveckling. Detta s\u00e4kerst\u00e4ller effektiv drift och konsekvent materialavverkning. <\/p>\n<p>R\u00e5d: anv\u00e4nd denna klassificering uteslutande p\u00e5 mjuka material. I h\u00e5rdare betong kommer slitaget att \u00f6ka f\u00f6r snabbt. <\/p>\n","protected":false},"excerpt":{"rendered":"<p>SOFT \u2013 F\u00f6r mjuk betong och murverk Denna kakelklinga f\u00f6r mjuk betong med SOFT-klassificering \u00e4r speciellt utvecklad f\u00f6r material med l\u00e5g h\u00e5rdhet och begr\u00e4nsad slitstyrka. Tack vare den h\u00e5rdare bindningen fril\u00e4ggs diamanten snabbt, vilket resulterar i h\u00f6g kap- och borrhastighet samt omedelbar prestanda. L\u00e4mplig f\u00f6r applikationer som kalksandsten, l\u00e4ttbetongblock, cellbetong och l\u00e4ttbetong (C20\/25). Idealisk f\u00f6r [&hellip;]<\/p>\n","protected":false},"featured_media":2460,"template":"","meta":{"_et_pb_use_builder":"","_et_pb_old_content":"","_et_gb_content_width":""},"product_brand":[],"product_cat":[316,317],"product_tag":[],"class_list":{"0":"post-2762","1":"product","2":"type-product","3":"status-publish","4":"has-post-thumbnail","6":"product_cat-klinga","7":"product_cat-klinga-handhallen","9":"first","10":"instock","11":"taxable","12":"shipping-taxable","13":"purchasable","14":"product-type-variable"},"bundled_by":[],"bundle_stock_status":"instock","bundle_stock_quantity":null,"bundle_virtual":false,"bundle_layout":"","bundle_add_to_cart_form_location":"","bundle_editable_in_cart":false,"bundle_sold_individually_context":"","bundle_item_grouping":"","bundle_min_size":"","bundle_max_size":"","bundle_price":[],"bundled_items":[],"bundle_sell_ids":[],"yoast_head":"<!-- This site is optimized with the Yoast SEO plugin v27.4 - https:\/\/yoast.com\/product\/yoast-seo-wordpress\/ -->\n<title>InterDiamant Brazed-TB Kakelklinga | Interdiamant<\/title>\n<meta name=\"robots\" content=\"index, follow, max-snippet:-1, max-image-preview:large, max-video-preview:-1\" \/>\n<link rel=\"canonical\" href=\"https:\/\/interdiamant.com\/sv\/product\/interdiamant-brazed-tb-kakelklinga\/\" \/>\n<meta property=\"og:locale\" content=\"sv_SE\" \/>\n<meta property=\"og:type\" content=\"article\" \/>\n<meta property=\"og:title\" content=\"InterDiamant Brazed-TB Kakelklinga | Interdiamant\" \/>\n<meta property=\"og:description\" content=\"SOFT \u2013 F\u00f6r mjuk betong och murverk Denna kakelklinga f\u00f6r mjuk betong med SOFT-klassificering \u00e4r speciellt utvecklad f\u00f6r material med l\u00e5g h\u00e5rdhet och begr\u00e4nsad slitstyrka. Tack vare den h\u00e5rdare bindningen fril\u00e4ggs diamanten snabbt, vilket resulterar i h\u00f6g kap- och borrhastighet samt omedelbar prestanda. L\u00e4mplig f\u00f6r applikationer som kalksandsten, l\u00e4ttbetongblock, cellbetong och l\u00e4ttbetong (C20\/25). Idealisk f\u00f6r [&hellip;]\" \/>\n<meta property=\"og:url\" content=\"https:\/\/interdiamant.com\/sv\/product\/interdiamant-brazed-tb-kakelklinga\/\" \/>\n<meta property=\"og:site_name\" content=\"Interdiamant\" \/>\n<meta property=\"og:image\" content=\"https:\/\/interdiamant.com\/wp-content\/uploads\/2026\/02\/TileCutter.png\" \/>\n\t<meta property=\"og:image:width\" content=\"509\" \/>\n\t<meta property=\"og:image:height\" content=\"476\" \/>\n\t<meta property=\"og:image:type\" content=\"image\/png\" \/>\n<meta name=\"twitter:card\" content=\"summary_large_image\" \/>\n<meta name=\"twitter:label1\" content=\"Ber\u00e4knad l\u00e4stid\" \/>\n\t<meta name=\"twitter:data1\" content=\"1 minut\" \/>\n<script type=\"application\/ld+json\" class=\"yoast-schema-graph\">{\"@context\":\"https:\\\/\\\/schema.org\",\"@graph\":[{\"@type\":\"WebPage\",\"@id\":\"https:\\\/\\\/interdiamant.com\\\/sv\\\/product\\\/interdiamant-brazed-tb-kakelklinga\\\/\",\"url\":\"https:\\\/\\\/interdiamant.com\\\/sv\\\/product\\\/interdiamant-brazed-tb-kakelklinga\\\/\",\"name\":\"InterDiamant Brazed-TB Kakelklinga | Interdiamant\",\"isPartOf\":{\"@id\":\"https:\\\/\\\/interdiamant.com\\\/sv\\\/#website\"},\"primaryImageOfPage\":{\"@id\":\"https:\\\/\\\/interdiamant.com\\\/sv\\\/product\\\/interdiamant-brazed-tb-kakelklinga\\\/#primaryimage\"},\"image\":{\"@id\":\"https:\\\/\\\/interdiamant.com\\\/sv\\\/product\\\/interdiamant-brazed-tb-kakelklinga\\\/#primaryimage\"},\"thumbnailUrl\":\"https:\\\/\\\/interdiamant.com\\\/wp-content\\\/uploads\\\/2026\\\/02\\\/TileCutter.png\",\"datePublished\":\"2026-02-02T16:01:57+00:00\",\"breadcrumb\":{\"@id\":\"https:\\\/\\\/interdiamant.com\\\/sv\\\/product\\\/interdiamant-brazed-tb-kakelklinga\\\/#breadcrumb\"},\"inLanguage\":\"sv-SE\",\"potentialAction\":[{\"@type\":\"ReadAction\",\"target\":[\"https:\\\/\\\/interdiamant.com\\\/sv\\\/product\\\/interdiamant-brazed-tb-kakelklinga\\\/\"]}]},{\"@type\":\"ImageObject\",\"inLanguage\":\"sv-SE\",\"@id\":\"https:\\\/\\\/interdiamant.com\\\/sv\\\/product\\\/interdiamant-brazed-tb-kakelklinga\\\/#primaryimage\",\"url\":\"https:\\\/\\\/interdiamant.com\\\/wp-content\\\/uploads\\\/2026\\\/02\\\/TileCutter.png\",\"contentUrl\":\"https:\\\/\\\/interdiamant.com\\\/wp-content\\\/uploads\\\/2026\\\/02\\\/TileCutter.png\",\"width\":509,\"height\":476},{\"@type\":\"BreadcrumbList\",\"@id\":\"https:\\\/\\\/interdiamant.com\\\/sv\\\/product\\\/interdiamant-brazed-tb-kakelklinga\\\/#breadcrumb\",\"itemListElement\":[{\"@type\":\"ListItem\",\"position\":1,\"name\":\"Hem\",\"item\":\"https:\\\/\\\/interdiamant.com\\\/sv\\\/\"},{\"@type\":\"ListItem\",\"position\":2,\"name\":\"Butik\",\"item\":\"https:\\\/\\\/interdiamant.com\\\/shop\\\/\"},{\"@type\":\"ListItem\",\"position\":3,\"name\":\"InterDiamant Brazed-TB Kakelklinga\"}]},{\"@type\":\"WebSite\",\"@id\":\"https:\\\/\\\/interdiamant.com\\\/sv\\\/#website\",\"url\":\"https:\\\/\\\/interdiamant.com\\\/sv\\\/\",\"name\":\"Interdiamant\",\"description\":\"\",\"publisher\":{\"@id\":\"https:\\\/\\\/interdiamant.com\\\/sv\\\/#organization\"},\"potentialAction\":[{\"@type\":\"SearchAction\",\"target\":{\"@type\":\"EntryPoint\",\"urlTemplate\":\"https:\\\/\\\/interdiamant.com\\\/sv\\\/?s={search_term_string}\"},\"query-input\":{\"@type\":\"PropertyValueSpecification\",\"valueRequired\":true,\"valueName\":\"search_term_string\"}}],\"inLanguage\":\"sv-SE\"},{\"@type\":\"Organization\",\"@id\":\"https:\\\/\\\/interdiamant.com\\\/sv\\\/#organization\",\"name\":\"Interdiamant\",\"url\":\"https:\\\/\\\/interdiamant.com\\\/sv\\\/\",\"logo\":{\"@type\":\"ImageObject\",\"inLanguage\":\"sv-SE\",\"@id\":\"https:\\\/\\\/interdiamant.com\\\/sv\\\/#\\\/schema\\\/logo\\\/image\\\/\",\"url\":\"https:\\\/\\\/interdiamant.com\\\/wp-content\\\/uploads\\\/2026\\\/01\\\/Logo-Interdiamant.svg\",\"contentUrl\":\"https:\\\/\\\/interdiamant.com\\\/wp-content\\\/uploads\\\/2026\\\/01\\\/Logo-Interdiamant.svg\",\"width\":1,\"height\":1,\"caption\":\"Interdiamant\"},\"image\":{\"@id\":\"https:\\\/\\\/interdiamant.com\\\/sv\\\/#\\\/schema\\\/logo\\\/image\\\/\"}}]}<\/script>\n<!-- \/ Yoast SEO plugin. -->","yoast_head_json":{"title":"InterDiamant Brazed-TB Kakelklinga | Interdiamant","robots":{"index":"index","follow":"follow","max-snippet":"max-snippet:-1","max-image-preview":"max-image-preview:large","max-video-preview":"max-video-preview:-1"},"canonical":"https:\/\/interdiamant.com\/sv\/product\/interdiamant-brazed-tb-kakelklinga\/","og_locale":"sv_SE","og_type":"article","og_title":"InterDiamant Brazed-TB Kakelklinga | Interdiamant","og_description":"SOFT \u2013 F\u00f6r mjuk betong och murverk Denna kakelklinga f\u00f6r mjuk betong med SOFT-klassificering \u00e4r speciellt utvecklad f\u00f6r material med l\u00e5g h\u00e5rdhet och begr\u00e4nsad slitstyrka. Tack vare den h\u00e5rdare bindningen fril\u00e4ggs diamanten snabbt, vilket resulterar i h\u00f6g kap- och borrhastighet samt omedelbar prestanda. L\u00e4mplig f\u00f6r applikationer som kalksandsten, l\u00e4ttbetongblock, cellbetong och l\u00e4ttbetong (C20\/25). Idealisk f\u00f6r [&hellip;]","og_url":"https:\/\/interdiamant.com\/sv\/product\/interdiamant-brazed-tb-kakelklinga\/","og_site_name":"Interdiamant","og_image":[{"width":509,"height":476,"url":"https:\/\/interdiamant.com\/wp-content\/uploads\/2026\/02\/TileCutter.png","type":"image\/png"}],"twitter_card":"summary_large_image","twitter_misc":{"Ber\u00e4knad l\u00e4stid":"1 minut"},"schema":{"@context":"https:\/\/schema.org","@graph":[{"@type":"WebPage","@id":"https:\/\/interdiamant.com\/sv\/product\/interdiamant-brazed-tb-kakelklinga\/","url":"https:\/\/interdiamant.com\/sv\/product\/interdiamant-brazed-tb-kakelklinga\/","name":"InterDiamant Brazed-TB Kakelklinga | Interdiamant","isPartOf":{"@id":"https:\/\/interdiamant.com\/sv\/#website"},"primaryImageOfPage":{"@id":"https:\/\/interdiamant.com\/sv\/product\/interdiamant-brazed-tb-kakelklinga\/#primaryimage"},"image":{"@id":"https:\/\/interdiamant.com\/sv\/product\/interdiamant-brazed-tb-kakelklinga\/#primaryimage"},"thumbnailUrl":"https:\/\/interdiamant.com\/wp-content\/uploads\/2026\/02\/TileCutter.png","datePublished":"2026-02-02T16:01:57+00:00","breadcrumb":{"@id":"https:\/\/interdiamant.com\/sv\/product\/interdiamant-brazed-tb-kakelklinga\/#breadcrumb"},"inLanguage":"sv-SE","potentialAction":[{"@type":"ReadAction","target":["https:\/\/interdiamant.com\/sv\/product\/interdiamant-brazed-tb-kakelklinga\/"]}]},{"@type":"ImageObject","inLanguage":"sv-SE","@id":"https:\/\/interdiamant.com\/sv\/product\/interdiamant-brazed-tb-kakelklinga\/#primaryimage","url":"https:\/\/interdiamant.com\/wp-content\/uploads\/2026\/02\/TileCutter.png","contentUrl":"https:\/\/interdiamant.com\/wp-content\/uploads\/2026\/02\/TileCutter.png","width":509,"height":476},{"@type":"BreadcrumbList","@id":"https:\/\/interdiamant.com\/sv\/product\/interdiamant-brazed-tb-kakelklinga\/#breadcrumb","itemListElement":[{"@type":"ListItem","position":1,"name":"Hem","item":"https:\/\/interdiamant.com\/sv\/"},{"@type":"ListItem","position":2,"name":"Butik","item":"https:\/\/interdiamant.com\/shop\/"},{"@type":"ListItem","position":3,"name":"InterDiamant Brazed-TB Kakelklinga"}]},{"@type":"WebSite","@id":"https:\/\/interdiamant.com\/sv\/#website","url":"https:\/\/interdiamant.com\/sv\/","name":"Interdiamant","description":"","publisher":{"@id":"https:\/\/interdiamant.com\/sv\/#organization"},"potentialAction":[{"@type":"SearchAction","target":{"@type":"EntryPoint","urlTemplate":"https:\/\/interdiamant.com\/sv\/?s={search_term_string}"},"query-input":{"@type":"PropertyValueSpecification","valueRequired":true,"valueName":"search_term_string"}}],"inLanguage":"sv-SE"},{"@type":"Organization","@id":"https:\/\/interdiamant.com\/sv\/#organization","name":"Interdiamant","url":"https:\/\/interdiamant.com\/sv\/","logo":{"@type":"ImageObject","inLanguage":"sv-SE","@id":"https:\/\/interdiamant.com\/sv\/#\/schema\/logo\/image\/","url":"https:\/\/interdiamant.com\/wp-content\/uploads\/2026\/01\/Logo-Interdiamant.svg","contentUrl":"https:\/\/interdiamant.com\/wp-content\/uploads\/2026\/01\/Logo-Interdiamant.svg","width":1,"height":1,"caption":"Interdiamant"},"image":{"@id":"https:\/\/interdiamant.com\/sv\/#\/schema\/logo\/image\/"}}]}},"_links":{"self":[{"href":"https:\/\/interdiamant.com\/sv\/wp-json\/wp\/v2\/product\/2762","targetHints":{"allow":["GET"]}}],"collection":[{"href":"https:\/\/interdiamant.com\/sv\/wp-json\/wp\/v2\/product"}],"about":[{"href":"https:\/\/interdiamant.com\/sv\/wp-json\/wp\/v2\/types\/product"}],"wp:featuredmedia":[{"embeddable":true,"href":"https:\/\/interdiamant.com\/sv\/wp-json\/wp\/v2\/media\/2460"}],"wp:attachment":[{"href":"https:\/\/interdiamant.com\/sv\/wp-json\/wp\/v2\/media?parent=2762"}],"wp:term":[{"taxonomy":"product_brand","embeddable":true,"href":"https:\/\/interdiamant.com\/sv\/wp-json\/wp\/v2\/product_brand?post=2762"},{"taxonomy":"product_cat","embeddable":true,"href":"https:\/\/interdiamant.com\/sv\/wp-json\/wp\/v2\/product_cat?post=2762"},{"taxonomy":"product_tag","embeddable":true,"href":"https:\/\/interdiamant.com\/sv\/wp-json\/wp\/v2\/product_tag?post=2762"}],"curies":[{"name":"wp","href":"https:\/\/api.w.org\/{rel}","templated":true}]}}