{"id":7468,"date":"2026-04-08T14:11:43","date_gmt":"2026-04-08T12:11:43","guid":{"rendered":"https:\/\/interdiamant.com\/product\/mlyn-do-ogrzewania-podlogowego-interdiamant-blade\/"},"modified":"2026-04-08T14:11:43","modified_gmt":"2026-04-08T12:11:43","slug":"mlyn-do-ogrzewania-podlogowego-interdiamant-blade","status":"publish","type":"product","link":"https:\/\/interdiamant.com\/pl\/produkt\/mlyn-do-ogrzewania-podlogowego-interdiamant-blade\/","title":{"rendered":"M\u0142yn do ogrzewania pod\u0142ogowego InterDiamant Blade"},"content":{"rendered":"<p>Profesjonalne diamentowe tarcze frezarskie opracowane specjalnie do szybkiego monta\u017cu system\u00f3w ogrzewania pod\u0142ogowego. Narz\u0119dzia te zosta\u0142y zaprojektowane do frezowania precyzyjnych, r\u00f3wnych rowk\u00f3w pod rury grzewcze w r\u00f3\u017cnych rodzajach jastrych\u00f3w, zapewniaj\u0105c solidne i niezawodne rozwi\u0105zanie dla profesjonalist\u00f3w zajmuj\u0105cych si\u0119 uk\u0142adaniem pod\u0142\u00f3g. <\/p>\n<p>Aplikacja<br \/>\n Zaprojektowane do wydajnego frezowania kana\u0142\u00f3w w jastrychach i posadzkach cementowo-piaskowych. Aby zapewni\u0107 najwy\u017csz\u0105 wydajno\u015b\u0107 i trwa\u0142o\u015b\u0107 narz\u0119dzia, nasz asortyment podzielony jest na trzy specjalistyczne warianty, dostosowane do konkretnej twardo\u015bci i \u015bcieralno\u015bci powierzchni: <\/p>\n<p>\u015acierny: Zoptymalizowany do \u201emi\u0119kkich\u201d lub wysoce \u015bciernych jastrych\u00f3w cementowo-piaskowych i \u201ezielonych\u201d. To wi\u0105zanie zosta\u0142o zaprojektowane tak, aby wytrzymywa\u0107 du\u017ce tarcie i zapobiega\u0107 przedwczesnemu zu\u017cyciu. <\/p>\n<p>\u015aredni (Wszechstronny): Wszechstronny \u201erozwi\u0105zywacz problem\u00f3w\u201d dla standardowych jastrych\u00f3w cementowo-piaskowych. Idealny do projekt\u00f3w, w kt\u00f3rych dok\u0142adna twardo\u015b\u0107 pod\u0142o\u017ca jest zr\u00f3\u017cnicowana. <\/p>\n<p>Twardy: Zaprojektowany ze specjalnym spoiwem, aby zachowa\u0107 ostro\u015b\u0107 i skuteczno\u015b\u0107 w przypadku wyj\u0105tkowo twardych, zag\u0119szczonych lub zacieranych mechanicznie wylewek.<\/p>\n<p>Wydajno\u015b\u0107 i efektywno\u015b\u0107<br \/>\n Te narz\u0119dzia frezarskie zosta\u0142y zaprojektowane z my\u015bl\u0105 o trwa\u0142o\u015bci i wysokiej wydajno\u015bci w terenie. Dzi\u0119ki zastosowaniu wi\u0105zania diamentowego o wysokiej koncentracji, ostrza zapewniaj\u0105: <\/p>\n<p>Komfort frezowania: Zr\u00f3wnowa\u017cone rozmieszczenie segment\u00f3w zapewniaj\u0105ce mniejsze drgania i p\u0142ynniejsze prowadzenie po pod\u0142o\u017cu.<\/p>\n<p>Precyzyjne rowkowanie: Zaprojektowane tak, aby zachowa\u0107 szeroko\u015b\u0107 segmentu przez ca\u0142y okres jego eksploatacji, co gwarantuje idealne dopasowanie rur grzewczych do frezowanych kana\u0142\u00f3w.<\/p>\n<p>Stabilna \u017cywotno\u015b\u0107: profesjonalnej jako\u015bci spoiwa gwarantuj\u0105, \u017ce segmenty pozostan\u0105 ostre i skuteczne a\u017c do ko\u0144ca \u017cywotno\u015bci narz\u0119dzia.<\/p>\n<p>Przetwarzanie<br \/>\n Zastosowanie na sucho \u2013 zoptymalizowane pod k\u0105tem frezowania na sucho w istniej\u0105cych pod\u0142ogach, szczeg\u00f3lnie w po\u0142\u0105czeniu z profesjonalnymi systemami odpylania, aby zapewni\u0107 czyste i bezpieczne \u015brodowisko pracy.<\/p>\n<p>Bezpiecze\u0144stwo i jako\u015b\u0107<\/p>\n<p>Certyfikowane przez oSa standardy produkcji zapewniaj\u0105ce maksymalne bezpiecze\u0144stwo operatora.<\/p>\n<p>Wzmocniony rdze\u0144 stalowy wytrzymuje wysoki moment obrotowy i si\u0142y boczne typowe dla specjalistycznych frezarek do ogrzewania pod\u0142ogowego.<\/p>\n<p>Segmenty spawane laserowo zapewniaj\u0105 po\u0142\u0105czenie o wysokiej wytrzyma\u0142o\u015bci, gwarantuj\u0105c trwa\u0142o\u015b\u0107 nawet przy du\u017cych obci\u0105\u017ceniach termicznych.<\/p>\n","protected":false},"excerpt":{"rendered":"<p>Profesjonalne diamentowe tarcze frezarskie opracowane specjalnie do szybkiego monta\u017cu system\u00f3w ogrzewania pod\u0142ogowego. Narz\u0119dzia te zosta\u0142y zaprojektowane do frezowania precyzyjnych, r\u00f3wnych rowk\u00f3w pod rury grzewcze w r\u00f3\u017cnych rodzajach jastrych\u00f3w, zapewniaj\u0105c solidne i niezawodne rozwi\u0105zanie dla profesjonalist\u00f3w zajmuj\u0105cych si\u0119 uk\u0142adaniem pod\u0142\u00f3g. Aplikacja Zaprojektowane do wydajnego frezowania kana\u0142\u00f3w w jastrychach i posadzkach cementowo-piaskowych. Aby zapewni\u0107 najwy\u017csz\u0105 wydajno\u015b\u0107 i [&hellip;]<\/p>\n","protected":false},"featured_media":7471,"template":"","meta":{"_et_pb_use_builder":"","_et_pb_old_content":"","_et_gb_content_width":""},"product_brand":[],"product_cat":[21],"product_tag":[],"class_list":{"0":"post-7468","1":"product","2":"type-product","3":"status-publish","4":"has-post-thumbnail","6":"product_cat-uncategorized","8":"first","9":"instock","10":"taxable","11":"shipping-taxable","12":"product-type-variable"},"bundled_by":[],"bundle_stock_status":"instock","bundle_stock_quantity":null,"bundle_virtual":false,"bundle_layout":"","bundle_add_to_cart_form_location":"","bundle_editable_in_cart":false,"bundle_sold_individually_context":"","bundle_item_grouping":"","bundle_min_size":"","bundle_max_size":"","bundle_price":[],"bundled_items":[],"bundle_sell_ids":[],"yoast_head":"<!-- This site is optimized with the Yoast SEO plugin v27.4 - https:\/\/yoast.com\/product\/yoast-seo-wordpress\/ -->\n<title>M\u0142yn do ogrzewania pod\u0142ogowego InterDiamant Blade | Interdiamant<\/title>\n<meta name=\"robots\" content=\"index, follow, max-snippet:-1, max-image-preview:large, max-video-preview:-1\" \/>\n<link rel=\"canonical\" href=\"https:\/\/interdiamant.com\/pl\/produkt\/mlyn-do-ogrzewania-podlogowego-interdiamant-blade\/\" \/>\n<meta property=\"og:locale\" content=\"pl_PL\" \/>\n<meta property=\"og:type\" content=\"article\" \/>\n<meta property=\"og:title\" content=\"M\u0142yn do ogrzewania pod\u0142ogowego InterDiamant Blade | Interdiamant\" \/>\n<meta property=\"og:description\" content=\"Profesjonalne diamentowe tarcze frezarskie opracowane specjalnie do szybkiego monta\u017cu system\u00f3w ogrzewania pod\u0142ogowego. Narz\u0119dzia te zosta\u0142y zaprojektowane do frezowania precyzyjnych, r\u00f3wnych rowk\u00f3w pod rury grzewcze w r\u00f3\u017cnych rodzajach jastrych\u00f3w, zapewniaj\u0105c solidne i niezawodne rozwi\u0105zanie dla profesjonalist\u00f3w zajmuj\u0105cych si\u0119 uk\u0142adaniem pod\u0142\u00f3g. Aplikacja Zaprojektowane do wydajnego frezowania kana\u0142\u00f3w w jastrychach i posadzkach cementowo-piaskowych. Aby zapewni\u0107 najwy\u017csz\u0105 wydajno\u015b\u0107 i [&hellip;]\" \/>\n<meta property=\"og:url\" content=\"https:\/\/interdiamant.com\/pl\/produkt\/mlyn-do-ogrzewania-podlogowego-interdiamant-blade\/\" \/>\n<meta property=\"og:site_name\" content=\"Interdiamant\" \/>\n<meta property=\"og:image\" content=\"https:\/\/interdiamant.com\/wp-content\/uploads\/2026\/04\/Freesschijf-Ultra-Hard.png\" \/>\n\t<meta property=\"og:image:width\" content=\"1080\" \/>\n\t<meta property=\"og:image:height\" content=\"1080\" \/>\n\t<meta property=\"og:image:type\" content=\"image\/png\" \/>\n<meta name=\"twitter:card\" content=\"summary_large_image\" \/>\n<meta name=\"twitter:label1\" content=\"Szacowany czas czytania\" \/>\n\t<meta name=\"twitter:data1\" content=\"2 minuta\" \/>\n<script type=\"application\/ld+json\" class=\"yoast-schema-graph\">{\"@context\":\"https:\\\/\\\/schema.org\",\"@graph\":[{\"@type\":\"WebPage\",\"@id\":\"https:\\\/\\\/interdiamant.com\\\/pl\\\/produkt\\\/mlyn-do-ogrzewania-podlogowego-interdiamant-blade\\\/\",\"url\":\"https:\\\/\\\/interdiamant.com\\\/pl\\\/produkt\\\/mlyn-do-ogrzewania-podlogowego-interdiamant-blade\\\/\",\"name\":\"M\u0142yn do ogrzewania pod\u0142ogowego InterDiamant Blade | Interdiamant\",\"isPartOf\":{\"@id\":\"https:\\\/\\\/interdiamant.com\\\/pl\\\/#website\"},\"primaryImageOfPage\":{\"@id\":\"https:\\\/\\\/interdiamant.com\\\/pl\\\/produkt\\\/mlyn-do-ogrzewania-podlogowego-interdiamant-blade\\\/#primaryimage\"},\"image\":{\"@id\":\"https:\\\/\\\/interdiamant.com\\\/pl\\\/produkt\\\/mlyn-do-ogrzewania-podlogowego-interdiamant-blade\\\/#primaryimage\"},\"thumbnailUrl\":\"https:\\\/\\\/interdiamant.com\\\/wp-content\\\/uploads\\\/2026\\\/04\\\/Freesschijf-Ultra-Hard.png\",\"datePublished\":\"2026-04-08T12:11:43+00:00\",\"breadcrumb\":{\"@id\":\"https:\\\/\\\/interdiamant.com\\\/pl\\\/produkt\\\/mlyn-do-ogrzewania-podlogowego-interdiamant-blade\\\/#breadcrumb\"},\"inLanguage\":\"pl-PL\",\"potentialAction\":[{\"@type\":\"ReadAction\",\"target\":[\"https:\\\/\\\/interdiamant.com\\\/pl\\\/produkt\\\/mlyn-do-ogrzewania-podlogowego-interdiamant-blade\\\/\"]}]},{\"@type\":\"ImageObject\",\"inLanguage\":\"pl-PL\",\"@id\":\"https:\\\/\\\/interdiamant.com\\\/pl\\\/produkt\\\/mlyn-do-ogrzewania-podlogowego-interdiamant-blade\\\/#primaryimage\",\"url\":\"https:\\\/\\\/interdiamant.com\\\/wp-content\\\/uploads\\\/2026\\\/04\\\/Freesschijf-Ultra-Hard.png\",\"contentUrl\":\"https:\\\/\\\/interdiamant.com\\\/wp-content\\\/uploads\\\/2026\\\/04\\\/Freesschijf-Ultra-Hard.png\",\"width\":1080,\"height\":1080},{\"@type\":\"BreadcrumbList\",\"@id\":\"https:\\\/\\\/interdiamant.com\\\/pl\\\/produkt\\\/mlyn-do-ogrzewania-podlogowego-interdiamant-blade\\\/#breadcrumb\",\"itemListElement\":[{\"@type\":\"ListItem\",\"position\":1,\"name\":\"Dom\",\"item\":\"https:\\\/\\\/interdiamant.com\\\/pl\\\/\"},{\"@type\":\"ListItem\",\"position\":2,\"name\":\"Sklep\",\"item\":\"https:\\\/\\\/interdiamant.com\\\/shop\\\/\"},{\"@type\":\"ListItem\",\"position\":3,\"name\":\"M\u0142yn do ogrzewania pod\u0142ogowego InterDiamant Blade\"}]},{\"@type\":\"WebSite\",\"@id\":\"https:\\\/\\\/interdiamant.com\\\/pl\\\/#website\",\"url\":\"https:\\\/\\\/interdiamant.com\\\/pl\\\/\",\"name\":\"Interdiamant\",\"description\":\"\",\"publisher\":{\"@id\":\"https:\\\/\\\/interdiamant.com\\\/pl\\\/#organization\"},\"potentialAction\":[{\"@type\":\"SearchAction\",\"target\":{\"@type\":\"EntryPoint\",\"urlTemplate\":\"https:\\\/\\\/interdiamant.com\\\/pl\\\/?s={search_term_string}\"},\"query-input\":{\"@type\":\"PropertyValueSpecification\",\"valueRequired\":true,\"valueName\":\"search_term_string\"}}],\"inLanguage\":\"pl-PL\"},{\"@type\":\"Organization\",\"@id\":\"https:\\\/\\\/interdiamant.com\\\/pl\\\/#organization\",\"name\":\"Interdiamant\",\"url\":\"https:\\\/\\\/interdiamant.com\\\/pl\\\/\",\"logo\":{\"@type\":\"ImageObject\",\"inLanguage\":\"pl-PL\",\"@id\":\"https:\\\/\\\/interdiamant.com\\\/pl\\\/#\\\/schema\\\/logo\\\/image\\\/\",\"url\":\"https:\\\/\\\/interdiamant.com\\\/wp-content\\\/uploads\\\/2026\\\/01\\\/Logo-Interdiamant.svg\",\"contentUrl\":\"https:\\\/\\\/interdiamant.com\\\/wp-content\\\/uploads\\\/2026\\\/01\\\/Logo-Interdiamant.svg\",\"width\":1,\"height\":1,\"caption\":\"Interdiamant\"},\"image\":{\"@id\":\"https:\\\/\\\/interdiamant.com\\\/pl\\\/#\\\/schema\\\/logo\\\/image\\\/\"}}]}<\/script>\n<!-- \/ Yoast SEO plugin. -->","yoast_head_json":{"title":"M\u0142yn do ogrzewania pod\u0142ogowego InterDiamant Blade | Interdiamant","robots":{"index":"index","follow":"follow","max-snippet":"max-snippet:-1","max-image-preview":"max-image-preview:large","max-video-preview":"max-video-preview:-1"},"canonical":"https:\/\/interdiamant.com\/pl\/produkt\/mlyn-do-ogrzewania-podlogowego-interdiamant-blade\/","og_locale":"pl_PL","og_type":"article","og_title":"M\u0142yn do ogrzewania pod\u0142ogowego InterDiamant Blade | Interdiamant","og_description":"Profesjonalne diamentowe tarcze frezarskie opracowane specjalnie do szybkiego monta\u017cu system\u00f3w ogrzewania pod\u0142ogowego. Narz\u0119dzia te zosta\u0142y zaprojektowane do frezowania precyzyjnych, r\u00f3wnych rowk\u00f3w pod rury grzewcze w r\u00f3\u017cnych rodzajach jastrych\u00f3w, zapewniaj\u0105c solidne i niezawodne rozwi\u0105zanie dla profesjonalist\u00f3w zajmuj\u0105cych si\u0119 uk\u0142adaniem pod\u0142\u00f3g. Aplikacja Zaprojektowane do wydajnego frezowania kana\u0142\u00f3w w jastrychach i posadzkach cementowo-piaskowych. Aby zapewni\u0107 najwy\u017csz\u0105 wydajno\u015b\u0107 i [&hellip;]","og_url":"https:\/\/interdiamant.com\/pl\/produkt\/mlyn-do-ogrzewania-podlogowego-interdiamant-blade\/","og_site_name":"Interdiamant","og_image":[{"width":1080,"height":1080,"url":"https:\/\/interdiamant.com\/wp-content\/uploads\/2026\/04\/Freesschijf-Ultra-Hard.png","type":"image\/png"}],"twitter_card":"summary_large_image","twitter_misc":{"Szacowany czas czytania":"2 minuta"},"schema":{"@context":"https:\/\/schema.org","@graph":[{"@type":"WebPage","@id":"https:\/\/interdiamant.com\/pl\/produkt\/mlyn-do-ogrzewania-podlogowego-interdiamant-blade\/","url":"https:\/\/interdiamant.com\/pl\/produkt\/mlyn-do-ogrzewania-podlogowego-interdiamant-blade\/","name":"M\u0142yn do ogrzewania pod\u0142ogowego InterDiamant Blade | Interdiamant","isPartOf":{"@id":"https:\/\/interdiamant.com\/pl\/#website"},"primaryImageOfPage":{"@id":"https:\/\/interdiamant.com\/pl\/produkt\/mlyn-do-ogrzewania-podlogowego-interdiamant-blade\/#primaryimage"},"image":{"@id":"https:\/\/interdiamant.com\/pl\/produkt\/mlyn-do-ogrzewania-podlogowego-interdiamant-blade\/#primaryimage"},"thumbnailUrl":"https:\/\/interdiamant.com\/wp-content\/uploads\/2026\/04\/Freesschijf-Ultra-Hard.png","datePublished":"2026-04-08T12:11:43+00:00","breadcrumb":{"@id":"https:\/\/interdiamant.com\/pl\/produkt\/mlyn-do-ogrzewania-podlogowego-interdiamant-blade\/#breadcrumb"},"inLanguage":"pl-PL","potentialAction":[{"@type":"ReadAction","target":["https:\/\/interdiamant.com\/pl\/produkt\/mlyn-do-ogrzewania-podlogowego-interdiamant-blade\/"]}]},{"@type":"ImageObject","inLanguage":"pl-PL","@id":"https:\/\/interdiamant.com\/pl\/produkt\/mlyn-do-ogrzewania-podlogowego-interdiamant-blade\/#primaryimage","url":"https:\/\/interdiamant.com\/wp-content\/uploads\/2026\/04\/Freesschijf-Ultra-Hard.png","contentUrl":"https:\/\/interdiamant.com\/wp-content\/uploads\/2026\/04\/Freesschijf-Ultra-Hard.png","width":1080,"height":1080},{"@type":"BreadcrumbList","@id":"https:\/\/interdiamant.com\/pl\/produkt\/mlyn-do-ogrzewania-podlogowego-interdiamant-blade\/#breadcrumb","itemListElement":[{"@type":"ListItem","position":1,"name":"Dom","item":"https:\/\/interdiamant.com\/pl\/"},{"@type":"ListItem","position":2,"name":"Sklep","item":"https:\/\/interdiamant.com\/shop\/"},{"@type":"ListItem","position":3,"name":"M\u0142yn do ogrzewania pod\u0142ogowego InterDiamant Blade"}]},{"@type":"WebSite","@id":"https:\/\/interdiamant.com\/pl\/#website","url":"https:\/\/interdiamant.com\/pl\/","name":"Interdiamant","description":"","publisher":{"@id":"https:\/\/interdiamant.com\/pl\/#organization"},"potentialAction":[{"@type":"SearchAction","target":{"@type":"EntryPoint","urlTemplate":"https:\/\/interdiamant.com\/pl\/?s={search_term_string}"},"query-input":{"@type":"PropertyValueSpecification","valueRequired":true,"valueName":"search_term_string"}}],"inLanguage":"pl-PL"},{"@type":"Organization","@id":"https:\/\/interdiamant.com\/pl\/#organization","name":"Interdiamant","url":"https:\/\/interdiamant.com\/pl\/","logo":{"@type":"ImageObject","inLanguage":"pl-PL","@id":"https:\/\/interdiamant.com\/pl\/#\/schema\/logo\/image\/","url":"https:\/\/interdiamant.com\/wp-content\/uploads\/2026\/01\/Logo-Interdiamant.svg","contentUrl":"https:\/\/interdiamant.com\/wp-content\/uploads\/2026\/01\/Logo-Interdiamant.svg","width":1,"height":1,"caption":"Interdiamant"},"image":{"@id":"https:\/\/interdiamant.com\/pl\/#\/schema\/logo\/image\/"}}]}},"_links":{"self":[{"href":"https:\/\/interdiamant.com\/pl\/wp-json\/wp\/v2\/product\/7468","targetHints":{"allow":["GET"]}}],"collection":[{"href":"https:\/\/interdiamant.com\/pl\/wp-json\/wp\/v2\/product"}],"about":[{"href":"https:\/\/interdiamant.com\/pl\/wp-json\/wp\/v2\/types\/product"}],"wp:featuredmedia":[{"embeddable":true,"href":"https:\/\/interdiamant.com\/pl\/wp-json\/wp\/v2\/media\/7471"}],"wp:attachment":[{"href":"https:\/\/interdiamant.com\/pl\/wp-json\/wp\/v2\/media?parent=7468"}],"wp:term":[{"taxonomy":"product_brand","embeddable":true,"href":"https:\/\/interdiamant.com\/pl\/wp-json\/wp\/v2\/product_brand?post=7468"},{"taxonomy":"product_cat","embeddable":true,"href":"https:\/\/interdiamant.com\/pl\/wp-json\/wp\/v2\/product_cat?post=7468"},{"taxonomy":"product_tag","embeddable":true,"href":"https:\/\/interdiamant.com\/pl\/wp-json\/wp\/v2\/product_tag?post=7468"}],"curies":[{"name":"wp","href":"https:\/\/api.w.org\/{rel}","templated":true}]}}