{"id":7450,"date":"2026-03-23T16:29:03","date_gmt":"2026-03-23T15:29:03","guid":{"rendered":"https:\/\/interdiamant.com\/product\/interdiamant-id-vac-typ-h-bo\/"},"modified":"2026-03-23T16:29:03","modified_gmt":"2026-03-23T15:29:03","slug":"interdiamant-id-vac-typ-h-bo","status":"publish","type":"product","link":"https:\/\/interdiamant.com\/pl\/produkt\/interdiamant-id-vac-typ-h-bo\/","title":{"rendered":"INTERDIAMANT ID VAC Typ H BO"},"content":{"rendered":"<h2 data-path-to-node=\"0\">InterDiamant ID VAC Typ H BO: Standard bezpiecze\u0144stwa zasilany bateryjnie<\/h2>\n<p id=\"p-rc_1d38bd4ee44b22ca-66\" data-path-to-node=\"1\">Przenie\u015b bezpiecze\u0144stwo w miejscu pracy na wy\u017cszy poziom dzi\u0119ki odkurzaczowi <b data-path-to-node=\"1\" data-index-in-node=\"53\">InterDiamant ID VAC Type H BO<\/b> . <span class=\"citation-128\">Zaprojektowany specjalnie dla profesjonalist\u00f3w zajmuj\u0105cych si\u0119 obr\u00f3bk\u0105 powierzchni i budownictwem, ten przemys\u0142owy odkurzacz posiada niezale\u017cny certyfikat potwierdzaj\u0105cy zgodno\u015b\u0107 z<\/span> <b data-path-to-node=\"1\" data-index-in-node=\"209\"><span class=\"citation-128\">klas\u0105 H w zakresie odpylania<\/span><\/b> <span class=\"citation-128 citation-end-128\">(IEC 60335-2-69:2021).<\/span><\/p>\n<p data-path-to-node=\"2\">Wyposa\u017cony w zaawansowan\u0105 <b data-path-to-node=\"2\" data-index-in-node=\"23\">technologi\u0119 zasilania bateryjnego<\/b> , model <b data-path-to-node=\"1\" data-index-in-node=\"53\">ID VAC Type H BO<\/b> zapewnia maksymaln\u0105 moc ssania bez ogranicze\u0144 zwi\u0105zanych z kablami zasilaj\u0105cymi, co czyni go idealnym wyborem w przypadku remont\u00f3w na du\u017c\u0105 skal\u0119, usuwania warstw laminatu i usuwania niebezpiecznego py\u0142u, gdzie mobilno\u015b\u0107 ma kluczowe znaczenie.<\/p>\n<h3 data-path-to-node=\"3\">Funkcje wydajno\u015bci i bezpiecze\u0144stwa<\/h3>\n<ul data-path-to-node=\"4\">\n<li>\n<p id=\"p-rc_1d38bd4ee44b22ca-67\" data-path-to-node=\"4,0,0\"><b data-path-to-node=\"4,0,0\" data-index-in-node=\"0\"><span class=\"citation-127\">Filtracja dwuetapowa<\/span><\/b> <span class=\"citation-127\">: \u0142\u0105czy w sobie wysokopowierzchniowy<\/span> <b data-path-to-node=\"4,0,0\" data-index-in-node=\"47\"><span class=\"citation-127\">filtr poliestrowy klasy M<\/span><\/b> <span class=\"citation-127\">(24 000 cm\u00b2) z<\/span> <b data-path-to-node=\"4,0,0\" data-index-in-node=\"98\"><span class=\"citation-127\">dodatkowym filtrem HEPA Absolute H14,<\/span><\/b> <span class=\"citation-127 citation-end-127\">co pozwala na wy\u0142apywanie 99,995% drobnych i toksycznych cz\u0105stek.<\/span><\/p>\n<\/li>\n<li>\n<p id=\"p-rc_1d38bd4ee44b22ca-67\" data-path-to-node=\"4,0,0\"><b data-path-to-node=\"4,1,0\" data-index-in-node=\"0\"><span class=\"citation-126\">Wydajno\u015b\u0107 cykloniczna<\/span><\/b> <span class=\"citation-126 citation-end-126\">: wlot styczny tworzy efekt cykloniczny, kt\u00f3ry chroni g\u0142\u00f3wny filtr przed przedwczesnym zatkaniem, utrzymuj\u0105c szczytowy przep\u0142yw powietrza.<\/span><\/p>\n<\/li>\n<li>\n<p id=\"p-rc_1d38bd4ee44b22ca-68\" data-path-to-node=\"4,1,0\"><b data-path-to-node=\"4,2,0\" data-index-in-node=\"0\"><span class=\"citation-125\">System work\u00f3w bezko\u0144cowych<\/span><\/b> <span class=\"citation-125\">:<\/span> <b data-path-to-node=\"4,2,0\" data-index-in-node=\"24\"><span class=\"citation-125\">System zbi\u00f3rki<\/span><\/b> <span class=\"citation-125 citation-end-125\">pozwala na 100% bezpy\u0142ow\u0105 utylizacj\u0119.<\/span> <span class=\"citation-124 citation-end-124\">Zamykaj i usuwaj odpady bez kontaktu z materia\u0142ami niebezpiecznymi.<\/span><\/p>\n<\/li>\n<li>\n<p data-path-to-node=\"4,3,0\"><b data-path-to-node=\"4,3,0\" data-index-in-node=\"0\">Solidna mobilno\u015b\u0107<\/b> : Zbudowany na podwoziu ze stali malowanej proszkowo w charakterystycznym <b data-path-to-node=\"4,3,0\" data-index-in-node=\"71\">kolorze pomara\u0144czowym RAL 2004<\/b> , wyposa\u017cony w wytrzyma\u0142e k\u00f3\u0142ka i ergonomiczny uchwyt u\u0142atwiaj\u0105cy transport po nier\u00f3wnym terenie.<\/p>\n<\/li>\n<li>\n<p id=\"p-rc_1d38bd4ee44b22ca-70\" data-path-to-node=\"4,4,0\"><b data-path-to-node=\"4,4,0\" data-index-in-node=\"0\"><span class=\"citation-123\">R\u0119czny wstrz\u0105sacz filtra<\/span><\/b> <span class=\"citation-123 citation-end-123\">: Zintegrowany system czyszcz\u0105cy pozwala zachowa\u0107 wydajno\u015b\u0107 filtra w ci\u0105gu kilku sekund, bez konieczno\u015bci otwierania urz\u0105dzenia.<\/span><\/p>\n<p>&nbsp;<\/li>\n<\/ul>\n<h3 data-path-to-node=\"5\">Dane techniczne<\/h3>\n<ul data-path-to-node=\"6\">\n<li>\n<p data-path-to-node=\"6,0,0\"><b data-path-to-node=\"6,0,0\" data-index-in-node=\"0\">\u0179r\u00f3d\u0142o zasilania<\/b> : System akumulator\u00f3w o du\u017cej pojemno\u015bci (bezprzewodowy)<\/p>\n<\/li>\n<li>\n<p id=\"p-rc_1d38bd4ee44b22ca-71\" data-path-to-node=\"6,1,0\"><b data-path-to-node=\"6,1,0\" data-index-in-node=\"0\"><span class=\"citation-122\">Poziom podci\u015bnienia<\/span><\/b> <span class=\"citation-122 citation-end-122\">: 250 mBar<\/span><\/p>\n<\/li>\n<li>\n<p id=\"p-rc_1d38bd4ee44b22ca-72\" data-path-to-node=\"6,2,0\"><b data-path-to-node=\"6,2,0\" data-index-in-node=\"0\"><span class=\"citation-121\">Maksymalny przep\u0142yw powietrza<\/span><\/b> <span class=\"citation-121 citation-end-121\">: 570 m\u00b3\/h<\/span><\/p>\n<\/li>\n<li>\n<p id=\"p-rc_1d38bd4ee44b22ca-73\" data-path-to-node=\"6,3,0\"><b data-path-to-node=\"6,3,0\" data-index-in-node=\"0\"><span class=\"citation-120\">Poziom ha\u0142asu<\/span><\/b> <span class=\"citation-120 citation-end-120\">: 72 dB(A)<\/span><\/p>\n<\/li>\n<li>\n<p id=\"p-rc_1d38bd4ee44b22ca-74\" data-path-to-node=\"6,4,0\"><b data-path-to-node=\"6,4,0\" data-index-in-node=\"0\"><span class=\"citation-119\">Klasa filtracji<\/span><\/b> <span class=\"citation-119 citation-end-119\">: H (w tym HEPA H14)<\/span><\/p>\n<p>&nbsp;<\/li>\n<\/ul>\n<hr data-path-to-node=\"7\">\n<h3 data-path-to-node=\"8\">Uzupe\u0142nij swoj\u0105 flot\u0119 profesjonaln\u0105: mo\u017cliwo\u015bci cross-sellingu<\/h3>\n<p data-path-to-node=\"9\"><b data-path-to-node=\"1\" data-index-in-node=\"53\">ID VAC Type H BO<\/b> to fundament ekosystemu InterDiamant. Aby osi\u0105gn\u0105\u0107 najlepsze rezultaty i utrzyma\u0107 czyste miejsce pracy, zalecamy sparowanie tego urz\u0105dzenia z: <\/p>\n<p data-path-to-node=\"10\"><b data-path-to-node=\"10\" data-index-in-node=\"0\">1. InterDiamant ID 701 DRY Pi\u0142a sto\u0142owa zasilana akumulatorem<\/b><\/p>\n<p data-path-to-node=\"10\">Idealny partner do precyzyjnego ci\u0119cia. Wykorzystaj wysokoprzep\u0142ywowy system ss\u0105cy <b data-path-to-node=\"1\" data-index-in-node=\"53\">ID VAC Type H BO<\/b> <strong>do<\/strong> odsysania py\u0142u krzemionkowego bezpo\u015brednio z portu odpylaj\u0105cego ID 701. Razem tworz\u0105 w pe\u0142ni mobiln\u0105, zasilan\u0105 bateryjnie stacj\u0119, kt\u00f3ra pozwala pracowa\u0107 w dowolnym miejscu na miejscu, zachowuj\u0105c jednocze\u015bnie zgodno\u015b\u0107 z przepisami BHP.  <\/p>\n<p id=\"p-rc_1d38bd4ee44b22ca-75\" data-path-to-node=\"11\"><b data-path-to-node=\"11\" data-index-in-node=\"0\">2. Narz\u0119dzia do przygotowania powierzchni<\/b><\/p>\n<p id=\"p-rc_1d38bd4ee44b22ca-75\" data-path-to-node=\"11\"><span class=\"citation-118 citation-end-118\">Niezale\u017cnie od tego, czy u\u017cywasz szlifierek r\u0119cznych, czy polerek do pod\u0142\u00f3g, <b data-path-to-node=\"1\" data-index-in-node=\"53\">ID VAC Type H BO<\/b> zosta\u0142 zaprojektowany do usuwania du\u017cej ilo\u015bci drobnego py\u0142u powstaj\u0105cego podczas obr\u00f3bki powierzchni.<\/span> <span class=\"citation-117 citation-end-117\">Teleskopowe podwozie u\u0142atwia transport wraz z ci\u0119\u017ckim sprz\u0119tem.<\/span><\/p>\n<p data-path-to-node=\"12\"><b data-path-to-node=\"12\" data-index-in-node=\"0\">3. Zestaw startowy \u00d8 50 mm<\/b><\/p>\n<p data-path-to-node=\"12\">Zmaksymalizuj wszechstronno\u015b\u0107 swojego odkurzacza dzi\u0119ki naszemu zestawowi profesjonalnych akcesori\u00f3w, obejmuj\u0105cemu w\u0119\u017ce antystatyczne i specjalistyczne dysze pod\u0142ogowe przeznaczone do stosowania w warunkach budowlanych.<\/p>\n<p data-path-to-node=\"13\"><b data-path-to-node=\"13\" data-index-in-node=\"0\">Zainwestuj w pe\u0142n\u0105 gam\u0119 produkt\u00f3w InterDiamant, aby uzyska\u0107 sp\u00f3jny, profesjonalny wygl\u0105d i niezr\u00f3wnan\u0105 wydajno\u015b\u0107 na miejscu pracy.<\/b><\/p>\n","protected":false},"excerpt":{"rendered":"<p>InterDiamant ID VAC Typ H BO: Standard bezpiecze\u0144stwa zasilany bateryjnie Przenie\u015b bezpiecze\u0144stwo w miejscu pracy na wy\u017cszy poziom dzi\u0119ki odkurzaczowi InterDiamant ID VAC Type H BO . Zaprojektowany specjalnie dla profesjonalist\u00f3w zajmuj\u0105cych si\u0119 obr\u00f3bk\u0105 powierzchni i budownictwem, ten przemys\u0142owy odkurzacz posiada niezale\u017cny certyfikat potwierdzaj\u0105cy zgodno\u015b\u0107 z klas\u0105 H w zakresie odpylania (IEC 60335-2-69:2021). Wyposa\u017cony w [&hellip;]<\/p>\n","protected":false},"featured_media":7058,"template":"","meta":{"_et_pb_use_builder":"","_et_pb_old_content":"","_et_gb_content_width":""},"product_brand":[],"product_cat":[940],"product_tag":[],"class_list":{"0":"post-7450","1":"product","2":"type-product","3":"status-publish","4":"has-post-thumbnail","6":"product_cat-pily-stolowe","8":"first","9":"instock","10":"taxable","11":"shipping-taxable","12":"product-type-simple"},"bundled_by":[],"bundle_stock_status":"instock","bundle_stock_quantity":null,"bundle_virtual":false,"bundle_layout":"","bundle_add_to_cart_form_location":"","bundle_editable_in_cart":false,"bundle_sold_individually_context":"","bundle_item_grouping":"","bundle_min_size":"","bundle_max_size":"","bundle_price":[],"bundled_items":[],"bundle_sell_ids":[],"yoast_head":"<!-- This site is optimized with the Yoast SEO plugin v27.4 - https:\/\/yoast.com\/product\/yoast-seo-wordpress\/ -->\n<title>INTERDIAMANT ID VAC Typ H BO | Interdiamant<\/title>\n<meta name=\"robots\" content=\"index, follow, max-snippet:-1, max-image-preview:large, max-video-preview:-1\" \/>\n<link rel=\"canonical\" href=\"https:\/\/interdiamant.com\/pl\/produkt\/interdiamant-id-vac-typ-h-bo\/\" \/>\n<meta property=\"og:locale\" content=\"pl_PL\" \/>\n<meta property=\"og:type\" content=\"article\" \/>\n<meta property=\"og:title\" content=\"INTERDIAMANT ID VAC Typ H BO | Interdiamant\" \/>\n<meta property=\"og:description\" content=\"InterDiamant ID VAC Typ H BO: Standard bezpiecze\u0144stwa zasilany bateryjnie Przenie\u015b bezpiecze\u0144stwo w miejscu pracy na wy\u017cszy poziom dzi\u0119ki odkurzaczowi InterDiamant ID VAC Type H BO . Zaprojektowany specjalnie dla profesjonalist\u00f3w zajmuj\u0105cych si\u0119 obr\u00f3bk\u0105 powierzchni i budownictwem, ten przemys\u0142owy odkurzacz posiada niezale\u017cny certyfikat potwierdzaj\u0105cy zgodno\u015b\u0107 z klas\u0105 H w zakresie odpylania (IEC 60335-2-69:2021). Wyposa\u017cony w [&hellip;]\" \/>\n<meta property=\"og:url\" content=\"https:\/\/interdiamant.com\/pl\/produkt\/interdiamant-id-vac-typ-h-bo\/\" \/>\n<meta property=\"og:site_name\" content=\"Interdiamant\" \/>\n<meta property=\"og:image\" content=\"https:\/\/interdiamant.com\/wp-content\/uploads\/2026\/03\/Gemini_Generated_Image_dhlbpedhlbpedhlb-1.png\" \/>\n\t<meta property=\"og:image:width\" content=\"1024\" \/>\n\t<meta property=\"og:image:height\" content=\"1024\" \/>\n\t<meta property=\"og:image:type\" content=\"image\/png\" \/>\n<meta name=\"twitter:card\" content=\"summary_large_image\" \/>\n<meta name=\"twitter:label1\" content=\"Szacowany czas czytania\" \/>\n\t<meta name=\"twitter:data1\" content=\"2 minuta\" \/>\n<script type=\"application\/ld+json\" class=\"yoast-schema-graph\">{\"@context\":\"https:\\\/\\\/schema.org\",\"@graph\":[{\"@type\":\"WebPage\",\"@id\":\"https:\\\/\\\/interdiamant.com\\\/pl\\\/produkt\\\/interdiamant-id-vac-typ-h-bo\\\/\",\"url\":\"https:\\\/\\\/interdiamant.com\\\/pl\\\/produkt\\\/interdiamant-id-vac-typ-h-bo\\\/\",\"name\":\"INTERDIAMANT ID VAC Typ H BO | Interdiamant\",\"isPartOf\":{\"@id\":\"https:\\\/\\\/interdiamant.com\\\/pl\\\/#website\"},\"primaryImageOfPage\":{\"@id\":\"https:\\\/\\\/interdiamant.com\\\/pl\\\/produkt\\\/interdiamant-id-vac-typ-h-bo\\\/#primaryimage\"},\"image\":{\"@id\":\"https:\\\/\\\/interdiamant.com\\\/pl\\\/produkt\\\/interdiamant-id-vac-typ-h-bo\\\/#primaryimage\"},\"thumbnailUrl\":\"https:\\\/\\\/interdiamant.com\\\/wp-content\\\/uploads\\\/2026\\\/03\\\/Gemini_Generated_Image_dhlbpedhlbpedhlb-1.png\",\"datePublished\":\"2026-03-23T15:29:03+00:00\",\"breadcrumb\":{\"@id\":\"https:\\\/\\\/interdiamant.com\\\/pl\\\/produkt\\\/interdiamant-id-vac-typ-h-bo\\\/#breadcrumb\"},\"inLanguage\":\"pl-PL\",\"potentialAction\":[{\"@type\":\"ReadAction\",\"target\":[\"https:\\\/\\\/interdiamant.com\\\/pl\\\/produkt\\\/interdiamant-id-vac-typ-h-bo\\\/\"]}]},{\"@type\":\"ImageObject\",\"inLanguage\":\"pl-PL\",\"@id\":\"https:\\\/\\\/interdiamant.com\\\/pl\\\/produkt\\\/interdiamant-id-vac-typ-h-bo\\\/#primaryimage\",\"url\":\"https:\\\/\\\/interdiamant.com\\\/wp-content\\\/uploads\\\/2026\\\/03\\\/Gemini_Generated_Image_dhlbpedhlbpedhlb-1.png\",\"contentUrl\":\"https:\\\/\\\/interdiamant.com\\\/wp-content\\\/uploads\\\/2026\\\/03\\\/Gemini_Generated_Image_dhlbpedhlbpedhlb-1.png\",\"width\":1024,\"height\":1024},{\"@type\":\"BreadcrumbList\",\"@id\":\"https:\\\/\\\/interdiamant.com\\\/pl\\\/produkt\\\/interdiamant-id-vac-typ-h-bo\\\/#breadcrumb\",\"itemListElement\":[{\"@type\":\"ListItem\",\"position\":1,\"name\":\"Dom\",\"item\":\"https:\\\/\\\/interdiamant.com\\\/pl\\\/\"},{\"@type\":\"ListItem\",\"position\":2,\"name\":\"Sklep\",\"item\":\"https:\\\/\\\/interdiamant.com\\\/shop\\\/\"},{\"@type\":\"ListItem\",\"position\":3,\"name\":\"INTERDIAMANT ID VAC Typ H BO\"}]},{\"@type\":\"WebSite\",\"@id\":\"https:\\\/\\\/interdiamant.com\\\/pl\\\/#website\",\"url\":\"https:\\\/\\\/interdiamant.com\\\/pl\\\/\",\"name\":\"Interdiamant\",\"description\":\"\",\"publisher\":{\"@id\":\"https:\\\/\\\/interdiamant.com\\\/pl\\\/#organization\"},\"potentialAction\":[{\"@type\":\"SearchAction\",\"target\":{\"@type\":\"EntryPoint\",\"urlTemplate\":\"https:\\\/\\\/interdiamant.com\\\/pl\\\/?s={search_term_string}\"},\"query-input\":{\"@type\":\"PropertyValueSpecification\",\"valueRequired\":true,\"valueName\":\"search_term_string\"}}],\"inLanguage\":\"pl-PL\"},{\"@type\":\"Organization\",\"@id\":\"https:\\\/\\\/interdiamant.com\\\/pl\\\/#organization\",\"name\":\"Interdiamant\",\"url\":\"https:\\\/\\\/interdiamant.com\\\/pl\\\/\",\"logo\":{\"@type\":\"ImageObject\",\"inLanguage\":\"pl-PL\",\"@id\":\"https:\\\/\\\/interdiamant.com\\\/pl\\\/#\\\/schema\\\/logo\\\/image\\\/\",\"url\":\"https:\\\/\\\/interdiamant.com\\\/wp-content\\\/uploads\\\/2026\\\/01\\\/Logo-Interdiamant.svg\",\"contentUrl\":\"https:\\\/\\\/interdiamant.com\\\/wp-content\\\/uploads\\\/2026\\\/01\\\/Logo-Interdiamant.svg\",\"width\":1,\"height\":1,\"caption\":\"Interdiamant\"},\"image\":{\"@id\":\"https:\\\/\\\/interdiamant.com\\\/pl\\\/#\\\/schema\\\/logo\\\/image\\\/\"}}]}<\/script>\n<!-- \/ Yoast SEO plugin. -->","yoast_head_json":{"title":"INTERDIAMANT ID VAC Typ H BO | Interdiamant","robots":{"index":"index","follow":"follow","max-snippet":"max-snippet:-1","max-image-preview":"max-image-preview:large","max-video-preview":"max-video-preview:-1"},"canonical":"https:\/\/interdiamant.com\/pl\/produkt\/interdiamant-id-vac-typ-h-bo\/","og_locale":"pl_PL","og_type":"article","og_title":"INTERDIAMANT ID VAC Typ H BO | Interdiamant","og_description":"InterDiamant ID VAC Typ H BO: Standard bezpiecze\u0144stwa zasilany bateryjnie Przenie\u015b bezpiecze\u0144stwo w miejscu pracy na wy\u017cszy poziom dzi\u0119ki odkurzaczowi InterDiamant ID VAC Type H BO . Zaprojektowany specjalnie dla profesjonalist\u00f3w zajmuj\u0105cych si\u0119 obr\u00f3bk\u0105 powierzchni i budownictwem, ten przemys\u0142owy odkurzacz posiada niezale\u017cny certyfikat potwierdzaj\u0105cy zgodno\u015b\u0107 z klas\u0105 H w zakresie odpylania (IEC 60335-2-69:2021). Wyposa\u017cony w [&hellip;]","og_url":"https:\/\/interdiamant.com\/pl\/produkt\/interdiamant-id-vac-typ-h-bo\/","og_site_name":"Interdiamant","og_image":[{"width":1024,"height":1024,"url":"https:\/\/interdiamant.com\/wp-content\/uploads\/2026\/03\/Gemini_Generated_Image_dhlbpedhlbpedhlb-1.png","type":"image\/png"}],"twitter_card":"summary_large_image","twitter_misc":{"Szacowany czas czytania":"2 minuta"},"schema":{"@context":"https:\/\/schema.org","@graph":[{"@type":"WebPage","@id":"https:\/\/interdiamant.com\/pl\/produkt\/interdiamant-id-vac-typ-h-bo\/","url":"https:\/\/interdiamant.com\/pl\/produkt\/interdiamant-id-vac-typ-h-bo\/","name":"INTERDIAMANT ID VAC Typ H BO | Interdiamant","isPartOf":{"@id":"https:\/\/interdiamant.com\/pl\/#website"},"primaryImageOfPage":{"@id":"https:\/\/interdiamant.com\/pl\/produkt\/interdiamant-id-vac-typ-h-bo\/#primaryimage"},"image":{"@id":"https:\/\/interdiamant.com\/pl\/produkt\/interdiamant-id-vac-typ-h-bo\/#primaryimage"},"thumbnailUrl":"https:\/\/interdiamant.com\/wp-content\/uploads\/2026\/03\/Gemini_Generated_Image_dhlbpedhlbpedhlb-1.png","datePublished":"2026-03-23T15:29:03+00:00","breadcrumb":{"@id":"https:\/\/interdiamant.com\/pl\/produkt\/interdiamant-id-vac-typ-h-bo\/#breadcrumb"},"inLanguage":"pl-PL","potentialAction":[{"@type":"ReadAction","target":["https:\/\/interdiamant.com\/pl\/produkt\/interdiamant-id-vac-typ-h-bo\/"]}]},{"@type":"ImageObject","inLanguage":"pl-PL","@id":"https:\/\/interdiamant.com\/pl\/produkt\/interdiamant-id-vac-typ-h-bo\/#primaryimage","url":"https:\/\/interdiamant.com\/wp-content\/uploads\/2026\/03\/Gemini_Generated_Image_dhlbpedhlbpedhlb-1.png","contentUrl":"https:\/\/interdiamant.com\/wp-content\/uploads\/2026\/03\/Gemini_Generated_Image_dhlbpedhlbpedhlb-1.png","width":1024,"height":1024},{"@type":"BreadcrumbList","@id":"https:\/\/interdiamant.com\/pl\/produkt\/interdiamant-id-vac-typ-h-bo\/#breadcrumb","itemListElement":[{"@type":"ListItem","position":1,"name":"Dom","item":"https:\/\/interdiamant.com\/pl\/"},{"@type":"ListItem","position":2,"name":"Sklep","item":"https:\/\/interdiamant.com\/shop\/"},{"@type":"ListItem","position":3,"name":"INTERDIAMANT ID VAC Typ H BO"}]},{"@type":"WebSite","@id":"https:\/\/interdiamant.com\/pl\/#website","url":"https:\/\/interdiamant.com\/pl\/","name":"Interdiamant","description":"","publisher":{"@id":"https:\/\/interdiamant.com\/pl\/#organization"},"potentialAction":[{"@type":"SearchAction","target":{"@type":"EntryPoint","urlTemplate":"https:\/\/interdiamant.com\/pl\/?s={search_term_string}"},"query-input":{"@type":"PropertyValueSpecification","valueRequired":true,"valueName":"search_term_string"}}],"inLanguage":"pl-PL"},{"@type":"Organization","@id":"https:\/\/interdiamant.com\/pl\/#organization","name":"Interdiamant","url":"https:\/\/interdiamant.com\/pl\/","logo":{"@type":"ImageObject","inLanguage":"pl-PL","@id":"https:\/\/interdiamant.com\/pl\/#\/schema\/logo\/image\/","url":"https:\/\/interdiamant.com\/wp-content\/uploads\/2026\/01\/Logo-Interdiamant.svg","contentUrl":"https:\/\/interdiamant.com\/wp-content\/uploads\/2026\/01\/Logo-Interdiamant.svg","width":1,"height":1,"caption":"Interdiamant"},"image":{"@id":"https:\/\/interdiamant.com\/pl\/#\/schema\/logo\/image\/"}}]}},"_links":{"self":[{"href":"https:\/\/interdiamant.com\/pl\/wp-json\/wp\/v2\/product\/7450","targetHints":{"allow":["GET"]}}],"collection":[{"href":"https:\/\/interdiamant.com\/pl\/wp-json\/wp\/v2\/product"}],"about":[{"href":"https:\/\/interdiamant.com\/pl\/wp-json\/wp\/v2\/types\/product"}],"wp:featuredmedia":[{"embeddable":true,"href":"https:\/\/interdiamant.com\/pl\/wp-json\/wp\/v2\/media\/7058"}],"wp:attachment":[{"href":"https:\/\/interdiamant.com\/pl\/wp-json\/wp\/v2\/media?parent=7450"}],"wp:term":[{"taxonomy":"product_brand","embeddable":true,"href":"https:\/\/interdiamant.com\/pl\/wp-json\/wp\/v2\/product_brand?post=7450"},{"taxonomy":"product_cat","embeddable":true,"href":"https:\/\/interdiamant.com\/pl\/wp-json\/wp\/v2\/product_cat?post=7450"},{"taxonomy":"product_tag","embeddable":true,"href":"https:\/\/interdiamant.com\/pl\/wp-json\/wp\/v2\/product_tag?post=7450"}],"curies":[{"name":"wp","href":"https:\/\/api.w.org\/{rel}","templated":true}]}}