{"id":7359,"date":"2026-04-08T12:03:35","date_gmt":"2026-04-08T10:03:35","guid":{"rendered":"https:\/\/interdiamant.com\/product\/tarcza-scierna-interdiamant-3dp-xpa-tarcza-fazujaca-45-stopni-v-cut\/"},"modified":"2026-04-08T12:03:35","modified_gmt":"2026-04-08T10:03:35","slug":"tarcza-scierna-interdiamant-3dp-xpa-tarcza-fazujaca-45-stopni-v-cut","status":"publish","type":"product","link":"https:\/\/interdiamant.com\/pl\/produkt\/tarcza-scierna-interdiamant-3dp-xpa-tarcza-fazujaca-45-stopni-v-cut\/","title":{"rendered":"Tarcza \u015bcierna InterDiamant 3DP-XPA | Tarcza fazuj\u0105ca 45 stopni | V-Cut"},"content":{"rendered":"<p>\u015aCIERNE \u2013 Specjalne<br \/>\n Wysokiej klasy tarcza diamentowa do przecinarek jezdnych, opracowana specjalnie do ci\u0119cia i fazowania betonu lub asfaltu. To specjalistyczne narz\u0119dzie \u0142\u0105czy w sobie wysok\u0105 pr\u0119dko\u015b\u0107 ci\u0119cia ze \u015bci\u0119t\u0105 geometri\u0105 segmentu, aby uzyska\u0107 profesjonalne wyko\u0144czenie spoiny pod k\u0105tem 45\u00b0 w jednym etapie roboczym. <\/p>\n<p>Zestaw dw\u00f3ch ostrzy fazuj\u0105cych pod k\u0105tem 45 stopni (dwucz\u0119\u015bciowych) o \u015brednicy 280 mm. Zazwyczaj jest on po\u0142\u0105czony z ostrzem oczkowym o \u015brednicy 300 mm lub 350 mm. Dost\u0119pne r\u00f3wnie\u017c jako jednocz\u0119\u015bciowe ostrze fazuj\u0105ce o \u015brednicy 280 mm.  <\/p>\n<p>Pozycjonowanie diament\u00f3w 3D (3DP)<br \/>\n To narz\u0119dzie wykorzystuje technologi\u0119 3DP nowej generacji. W przeciwie\u0144stwie do konwencjonalnego rozk\u0142adu losowego, diamenty s\u0105 rozmieszczane z wysok\u0105 precyzj\u0105 w ca\u0142ym segmencie, co skutkuje: <\/p>\n<p>Do 92% wi\u0119cej aktywnych kraw\u0119dzi tn\u0105cych.<\/p>\n<p>Do 87% wy\u017csza pr\u0119dko\u015b\u0107 ci\u0119cia.<\/p>\n<p>Sta\u0142e zu\u017cycie i wydajno\u015b\u0107 przez ca\u0142y okres eksploatacji.<\/p>\n<p>Zmniejszone wibracje i gromadzenie si\u0119 ciep\u0142a.<\/p>\n<p>Przetwarzanie<br \/>\n Mokro \u2013 zoptymalizowane pod k\u0105tem pi\u0142 jezdnych<\/p>\n<p>Certyfikowane standardy produkcji oSa.<\/p>\n<p>Segmenty bez kobaltu zapewniaj\u0105 bezpiecze\u0144stwo dla \u015brodowiska.<\/p>\n<p>Spawane laserowo w celu zapewnienia maksymalnej trwa\u0142o\u015bci i ochrony operatora.<\/p>\n","protected":false},"excerpt":{"rendered":"<p>\u015aCIERNE \u2013 Specjalne Wysokiej klasy tarcza diamentowa do przecinarek jezdnych, opracowana specjalnie do ci\u0119cia i fazowania betonu lub asfaltu. To specjalistyczne narz\u0119dzie \u0142\u0105czy w sobie wysok\u0105 pr\u0119dko\u015b\u0107 ci\u0119cia ze \u015bci\u0119t\u0105 geometri\u0105 segmentu, aby uzyska\u0107 profesjonalne wyko\u0144czenie spoiny pod k\u0105tem 45\u00b0 w jednym etapie roboczym. Zestaw dw\u00f3ch ostrzy fazuj\u0105cych pod k\u0105tem 45 stopni (dwucz\u0119\u015bciowych) o \u015brednicy [&hellip;]<\/p>\n","protected":false},"featured_media":7442,"template":"","meta":{"_et_pb_use_builder":"","_et_pb_old_content":"","_et_gb_content_width":""},"product_brand":[],"product_cat":[91],"product_tag":[],"class_list":{"0":"post-7359","1":"product","2":"type-product","3":"status-publish","4":"has-post-thumbnail","6":"product_cat-specials","8":"first","9":"instock","10":"taxable","11":"shipping-taxable","12":"purchasable","13":"product-type-variable"},"bundled_by":[],"bundle_stock_status":"instock","bundle_stock_quantity":null,"bundle_virtual":false,"bundle_layout":"","bundle_add_to_cart_form_location":"","bundle_editable_in_cart":false,"bundle_sold_individually_context":"","bundle_item_grouping":"","bundle_min_size":"","bundle_max_size":"","bundle_price":[],"bundled_items":[],"bundle_sell_ids":[],"yoast_head":"<!-- This site is optimized with the Yoast SEO plugin v27.4 - https:\/\/yoast.com\/product\/yoast-seo-wordpress\/ -->\n<title>Tarcza \u015bcierna InterDiamant 3DP-XPA | Tarcza fazuj\u0105ca 45 stopni | V-Cut | Interdiamant<\/title>\n<meta name=\"robots\" content=\"index, follow, max-snippet:-1, max-image-preview:large, max-video-preview:-1\" \/>\n<link rel=\"canonical\" href=\"https:\/\/interdiamant.com\/pl\/produkt\/tarcza-scierna-interdiamant-3dp-xpa-tarcza-fazujaca-45-stopni-v-cut\/\" \/>\n<meta property=\"og:locale\" content=\"pl_PL\" \/>\n<meta property=\"og:type\" content=\"article\" \/>\n<meta property=\"og:title\" content=\"Tarcza \u015bcierna InterDiamant 3DP-XPA | Tarcza fazuj\u0105ca 45 stopni | V-Cut | Interdiamant\" \/>\n<meta property=\"og:description\" content=\"\u015aCIERNE \u2013 Specjalne Wysokiej klasy tarcza diamentowa do przecinarek jezdnych, opracowana specjalnie do ci\u0119cia i fazowania betonu lub asfaltu. To specjalistyczne narz\u0119dzie \u0142\u0105czy w sobie wysok\u0105 pr\u0119dko\u015b\u0107 ci\u0119cia ze \u015bci\u0119t\u0105 geometri\u0105 segmentu, aby uzyska\u0107 profesjonalne wyko\u0144czenie spoiny pod k\u0105tem 45\u00b0 w jednym etapie roboczym. Zestaw dw\u00f3ch ostrzy fazuj\u0105cych pod k\u0105tem 45 stopni (dwucz\u0119\u015bciowych) o \u015brednicy [&hellip;]\" \/>\n<meta property=\"og:url\" content=\"https:\/\/interdiamant.com\/pl\/produkt\/tarcza-scierna-interdiamant-3dp-xpa-tarcza-fazujaca-45-stopni-v-cut\/\" \/>\n<meta property=\"og:site_name\" content=\"Interdiamant\" \/>\n<meta property=\"og:image\" content=\"https:\/\/interdiamant.com\/wp-content\/uploads\/2026\/04\/Chamfering-Blade-with-Looping-Blade-3DP-e1775642572414.png\" \/>\n\t<meta property=\"og:image:width\" content=\"267\" \/>\n\t<meta property=\"og:image:height\" content=\"598\" \/>\n\t<meta property=\"og:image:type\" content=\"image\/png\" \/>\n<meta name=\"twitter:card\" content=\"summary_large_image\" \/>\n<meta name=\"twitter:label1\" content=\"Szacowany czas czytania\" \/>\n\t<meta name=\"twitter:data1\" content=\"1 minuta\" \/>\n<script type=\"application\/ld+json\" class=\"yoast-schema-graph\">{\"@context\":\"https:\\\/\\\/schema.org\",\"@graph\":[{\"@type\":\"WebPage\",\"@id\":\"https:\\\/\\\/interdiamant.com\\\/pl\\\/produkt\\\/tarcza-scierna-interdiamant-3dp-xpa-tarcza-fazujaca-45-stopni-v-cut\\\/\",\"url\":\"https:\\\/\\\/interdiamant.com\\\/pl\\\/produkt\\\/tarcza-scierna-interdiamant-3dp-xpa-tarcza-fazujaca-45-stopni-v-cut\\\/\",\"name\":\"Tarcza \u015bcierna InterDiamant 3DP-XPA | Tarcza fazuj\u0105ca 45 stopni | V-Cut | Interdiamant\",\"isPartOf\":{\"@id\":\"https:\\\/\\\/interdiamant.com\\\/pl\\\/#website\"},\"primaryImageOfPage\":{\"@id\":\"https:\\\/\\\/interdiamant.com\\\/pl\\\/produkt\\\/tarcza-scierna-interdiamant-3dp-xpa-tarcza-fazujaca-45-stopni-v-cut\\\/#primaryimage\"},\"image\":{\"@id\":\"https:\\\/\\\/interdiamant.com\\\/pl\\\/produkt\\\/tarcza-scierna-interdiamant-3dp-xpa-tarcza-fazujaca-45-stopni-v-cut\\\/#primaryimage\"},\"thumbnailUrl\":\"https:\\\/\\\/interdiamant.com\\\/wp-content\\\/uploads\\\/2026\\\/04\\\/Untitled-16.png\",\"datePublished\":\"2026-04-08T10:03:35+00:00\",\"breadcrumb\":{\"@id\":\"https:\\\/\\\/interdiamant.com\\\/pl\\\/produkt\\\/tarcza-scierna-interdiamant-3dp-xpa-tarcza-fazujaca-45-stopni-v-cut\\\/#breadcrumb\"},\"inLanguage\":\"pl-PL\",\"potentialAction\":[{\"@type\":\"ReadAction\",\"target\":[\"https:\\\/\\\/interdiamant.com\\\/pl\\\/produkt\\\/tarcza-scierna-interdiamant-3dp-xpa-tarcza-fazujaca-45-stopni-v-cut\\\/\"]}]},{\"@type\":\"ImageObject\",\"inLanguage\":\"pl-PL\",\"@id\":\"https:\\\/\\\/interdiamant.com\\\/pl\\\/produkt\\\/tarcza-scierna-interdiamant-3dp-xpa-tarcza-fazujaca-45-stopni-v-cut\\\/#primaryimage\",\"url\":\"https:\\\/\\\/interdiamant.com\\\/wp-content\\\/uploads\\\/2026\\\/04\\\/Untitled-16.png\",\"contentUrl\":\"https:\\\/\\\/interdiamant.com\\\/wp-content\\\/uploads\\\/2026\\\/04\\\/Untitled-16.png\",\"width\":906,\"height\":600},{\"@type\":\"BreadcrumbList\",\"@id\":\"https:\\\/\\\/interdiamant.com\\\/pl\\\/produkt\\\/tarcza-scierna-interdiamant-3dp-xpa-tarcza-fazujaca-45-stopni-v-cut\\\/#breadcrumb\",\"itemListElement\":[{\"@type\":\"ListItem\",\"position\":1,\"name\":\"Dom\",\"item\":\"https:\\\/\\\/interdiamant.com\\\/pl\\\/\"},{\"@type\":\"ListItem\",\"position\":2,\"name\":\"Sklep\",\"item\":\"https:\\\/\\\/interdiamant.com\\\/shop\\\/\"},{\"@type\":\"ListItem\",\"position\":3,\"name\":\"Tarcza \u015bcierna InterDiamant 3DP-XPA | Tarcza fazuj\u0105ca 45 stopni | V-Cut\"}]},{\"@type\":\"WebSite\",\"@id\":\"https:\\\/\\\/interdiamant.com\\\/pl\\\/#website\",\"url\":\"https:\\\/\\\/interdiamant.com\\\/pl\\\/\",\"name\":\"Interdiamant\",\"description\":\"\",\"publisher\":{\"@id\":\"https:\\\/\\\/interdiamant.com\\\/pl\\\/#organization\"},\"potentialAction\":[{\"@type\":\"SearchAction\",\"target\":{\"@type\":\"EntryPoint\",\"urlTemplate\":\"https:\\\/\\\/interdiamant.com\\\/pl\\\/?s={search_term_string}\"},\"query-input\":{\"@type\":\"PropertyValueSpecification\",\"valueRequired\":true,\"valueName\":\"search_term_string\"}}],\"inLanguage\":\"pl-PL\"},{\"@type\":\"Organization\",\"@id\":\"https:\\\/\\\/interdiamant.com\\\/pl\\\/#organization\",\"name\":\"Interdiamant\",\"url\":\"https:\\\/\\\/interdiamant.com\\\/pl\\\/\",\"logo\":{\"@type\":\"ImageObject\",\"inLanguage\":\"pl-PL\",\"@id\":\"https:\\\/\\\/interdiamant.com\\\/pl\\\/#\\\/schema\\\/logo\\\/image\\\/\",\"url\":\"https:\\\/\\\/interdiamant.com\\\/wp-content\\\/uploads\\\/2026\\\/01\\\/Logo-Interdiamant.svg\",\"contentUrl\":\"https:\\\/\\\/interdiamant.com\\\/wp-content\\\/uploads\\\/2026\\\/01\\\/Logo-Interdiamant.svg\",\"width\":1,\"height\":1,\"caption\":\"Interdiamant\"},\"image\":{\"@id\":\"https:\\\/\\\/interdiamant.com\\\/pl\\\/#\\\/schema\\\/logo\\\/image\\\/\"}}]}<\/script>\n<!-- \/ Yoast SEO plugin. -->","yoast_head_json":{"title":"Tarcza \u015bcierna InterDiamant 3DP-XPA | Tarcza fazuj\u0105ca 45 stopni | V-Cut | Interdiamant","robots":{"index":"index","follow":"follow","max-snippet":"max-snippet:-1","max-image-preview":"max-image-preview:large","max-video-preview":"max-video-preview:-1"},"canonical":"https:\/\/interdiamant.com\/pl\/produkt\/tarcza-scierna-interdiamant-3dp-xpa-tarcza-fazujaca-45-stopni-v-cut\/","og_locale":"pl_PL","og_type":"article","og_title":"Tarcza \u015bcierna InterDiamant 3DP-XPA | Tarcza fazuj\u0105ca 45 stopni | V-Cut | Interdiamant","og_description":"\u015aCIERNE \u2013 Specjalne Wysokiej klasy tarcza diamentowa do przecinarek jezdnych, opracowana specjalnie do ci\u0119cia i fazowania betonu lub asfaltu. To specjalistyczne narz\u0119dzie \u0142\u0105czy w sobie wysok\u0105 pr\u0119dko\u015b\u0107 ci\u0119cia ze \u015bci\u0119t\u0105 geometri\u0105 segmentu, aby uzyska\u0107 profesjonalne wyko\u0144czenie spoiny pod k\u0105tem 45\u00b0 w jednym etapie roboczym. Zestaw dw\u00f3ch ostrzy fazuj\u0105cych pod k\u0105tem 45 stopni (dwucz\u0119\u015bciowych) o \u015brednicy [&hellip;]","og_url":"https:\/\/interdiamant.com\/pl\/produkt\/tarcza-scierna-interdiamant-3dp-xpa-tarcza-fazujaca-45-stopni-v-cut\/","og_site_name":"Interdiamant","og_image":[{"width":267,"height":598,"url":"https:\/\/interdiamant.com\/wp-content\/uploads\/2026\/04\/Chamfering-Blade-with-Looping-Blade-3DP-e1775642572414.png","type":"image\/png"}],"twitter_card":"summary_large_image","twitter_misc":{"Szacowany czas czytania":"1 minuta"},"schema":{"@context":"https:\/\/schema.org","@graph":[{"@type":"WebPage","@id":"https:\/\/interdiamant.com\/pl\/produkt\/tarcza-scierna-interdiamant-3dp-xpa-tarcza-fazujaca-45-stopni-v-cut\/","url":"https:\/\/interdiamant.com\/pl\/produkt\/tarcza-scierna-interdiamant-3dp-xpa-tarcza-fazujaca-45-stopni-v-cut\/","name":"Tarcza \u015bcierna InterDiamant 3DP-XPA | Tarcza fazuj\u0105ca 45 stopni | V-Cut | Interdiamant","isPartOf":{"@id":"https:\/\/interdiamant.com\/pl\/#website"},"primaryImageOfPage":{"@id":"https:\/\/interdiamant.com\/pl\/produkt\/tarcza-scierna-interdiamant-3dp-xpa-tarcza-fazujaca-45-stopni-v-cut\/#primaryimage"},"image":{"@id":"https:\/\/interdiamant.com\/pl\/produkt\/tarcza-scierna-interdiamant-3dp-xpa-tarcza-fazujaca-45-stopni-v-cut\/#primaryimage"},"thumbnailUrl":"https:\/\/interdiamant.com\/wp-content\/uploads\/2026\/04\/Untitled-16.png","datePublished":"2026-04-08T10:03:35+00:00","breadcrumb":{"@id":"https:\/\/interdiamant.com\/pl\/produkt\/tarcza-scierna-interdiamant-3dp-xpa-tarcza-fazujaca-45-stopni-v-cut\/#breadcrumb"},"inLanguage":"pl-PL","potentialAction":[{"@type":"ReadAction","target":["https:\/\/interdiamant.com\/pl\/produkt\/tarcza-scierna-interdiamant-3dp-xpa-tarcza-fazujaca-45-stopni-v-cut\/"]}]},{"@type":"ImageObject","inLanguage":"pl-PL","@id":"https:\/\/interdiamant.com\/pl\/produkt\/tarcza-scierna-interdiamant-3dp-xpa-tarcza-fazujaca-45-stopni-v-cut\/#primaryimage","url":"https:\/\/interdiamant.com\/wp-content\/uploads\/2026\/04\/Untitled-16.png","contentUrl":"https:\/\/interdiamant.com\/wp-content\/uploads\/2026\/04\/Untitled-16.png","width":906,"height":600},{"@type":"BreadcrumbList","@id":"https:\/\/interdiamant.com\/pl\/produkt\/tarcza-scierna-interdiamant-3dp-xpa-tarcza-fazujaca-45-stopni-v-cut\/#breadcrumb","itemListElement":[{"@type":"ListItem","position":1,"name":"Dom","item":"https:\/\/interdiamant.com\/pl\/"},{"@type":"ListItem","position":2,"name":"Sklep","item":"https:\/\/interdiamant.com\/shop\/"},{"@type":"ListItem","position":3,"name":"Tarcza \u015bcierna InterDiamant 3DP-XPA | Tarcza fazuj\u0105ca 45 stopni | V-Cut"}]},{"@type":"WebSite","@id":"https:\/\/interdiamant.com\/pl\/#website","url":"https:\/\/interdiamant.com\/pl\/","name":"Interdiamant","description":"","publisher":{"@id":"https:\/\/interdiamant.com\/pl\/#organization"},"potentialAction":[{"@type":"SearchAction","target":{"@type":"EntryPoint","urlTemplate":"https:\/\/interdiamant.com\/pl\/?s={search_term_string}"},"query-input":{"@type":"PropertyValueSpecification","valueRequired":true,"valueName":"search_term_string"}}],"inLanguage":"pl-PL"},{"@type":"Organization","@id":"https:\/\/interdiamant.com\/pl\/#organization","name":"Interdiamant","url":"https:\/\/interdiamant.com\/pl\/","logo":{"@type":"ImageObject","inLanguage":"pl-PL","@id":"https:\/\/interdiamant.com\/pl\/#\/schema\/logo\/image\/","url":"https:\/\/interdiamant.com\/wp-content\/uploads\/2026\/01\/Logo-Interdiamant.svg","contentUrl":"https:\/\/interdiamant.com\/wp-content\/uploads\/2026\/01\/Logo-Interdiamant.svg","width":1,"height":1,"caption":"Interdiamant"},"image":{"@id":"https:\/\/interdiamant.com\/pl\/#\/schema\/logo\/image\/"}}]}},"_links":{"self":[{"href":"https:\/\/interdiamant.com\/pl\/wp-json\/wp\/v2\/product\/7359","targetHints":{"allow":["GET"]}}],"collection":[{"href":"https:\/\/interdiamant.com\/pl\/wp-json\/wp\/v2\/product"}],"about":[{"href":"https:\/\/interdiamant.com\/pl\/wp-json\/wp\/v2\/types\/product"}],"wp:featuredmedia":[{"embeddable":true,"href":"https:\/\/interdiamant.com\/pl\/wp-json\/wp\/v2\/media\/7442"}],"wp:attachment":[{"href":"https:\/\/interdiamant.com\/pl\/wp-json\/wp\/v2\/media?parent=7359"}],"wp:term":[{"taxonomy":"product_brand","embeddable":true,"href":"https:\/\/interdiamant.com\/pl\/wp-json\/wp\/v2\/product_brand?post=7359"},{"taxonomy":"product_cat","embeddable":true,"href":"https:\/\/interdiamant.com\/pl\/wp-json\/wp\/v2\/product_cat?post=7359"},{"taxonomy":"product_tag","embeddable":true,"href":"https:\/\/interdiamant.com\/pl\/wp-json\/wp\/v2\/product_tag?post=7359"}],"curies":[{"name":"wp","href":"https:\/\/api.w.org\/{rel}","templated":true}]}}