{"id":5695,"date":"2026-02-02T17:01:58","date_gmt":"2026-02-02T16:01:58","guid":{"rendered":"https:\/\/interdiamant.com\/product\/reczna-pila-tarczowa-interdiamant-3dp-xp\/"},"modified":"2026-02-02T17:01:58","modified_gmt":"2026-02-02T16:01:58","slug":"reczna-pila-tarczowa-interdiamant-3dp-xp","status":"publish","type":"product","link":"https:\/\/interdiamant.com\/pl\/produkt\/reczna-pila-tarczowa-interdiamant-3dp-xp\/","title":{"rendered":"R\u0119czna pi\u0142a tarczowa InterDiamant 3DP-XP"},"content":{"rendered":"<p>ULTRA HARD \u2013 Do bardzo twardego i mocno zbrojonego betonu<\/p>\n<p>Ta pi\u0142a pier\u015bcieniowa do bardzo twardego betonu o klasyfikacji ULTRA HARD jest przeznaczona do ekstremalnych warunk\u00f3w. Nadaje si\u0119 do betonu o wysokiej wytrzyma\u0142o\u015bci (C35\/45 do C60\/65) i mocno zbrojonych konstrukcji. <\/p>\n<p>Typowe zastosowania obejmuj\u0105 posadzki przemys\u0142owe, parkingi wielopoziomowe, mosty, wiadukty, wie\u017cowce oraz budownictwo komercyjne. Mi\u0119ksze spoiwo kompensuje twardo\u015b\u0107 betonu i zapewnia kontrolowane uwalnianie diament\u00f3w. <\/p>\n<p>Dzi\u0119ki temu narz\u0119dzie pozostaje ostre, nawet podczas d\u0142ugotrwa\u0142ego u\u017cytkowania w twardych i g\u0119stych konstrukcjach betonowych. Idealne do intensywnego, profesjonalnego ci\u0119cia betonu, gdzie niezawodno\u015b\u0107 jest kluczowa. <\/p>\n<p>Porada:<br \/>\nU\u017cywaj ULTRA HARD do klas o wysokiej wytrzyma\u0142o\u015bci lub mocnego zbrojenia, aby zapobiec utracie wydajno\u015bci.<\/p>\n","protected":false},"excerpt":{"rendered":"<p>ULTRA HARD \u2013 Do bardzo twardego i mocno zbrojonego betonu Ta pi\u0142a pier\u015bcieniowa do bardzo twardego betonu o klasyfikacji ULTRA HARD jest przeznaczona do ekstremalnych warunk\u00f3w. Nadaje si\u0119 do betonu o wysokiej wytrzyma\u0142o\u015bci (C35\/45 do C60\/65) i mocno zbrojonych konstrukcji. Typowe zastosowania obejmuj\u0105 posadzki przemys\u0142owe, parkingi wielopoziomowe, mosty, wiadukty, wie\u017cowce oraz budownictwo komercyjne. Mi\u0119ksze spoiwo [&hellip;]<\/p>\n","protected":false},"featured_media":823,"template":"","meta":{"_et_pb_use_builder":"","_et_pb_old_content":"","_et_gb_content_width":""},"product_brand":[],"product_cat":[82,83],"product_tag":[],"class_list":{"0":"post-5695","1":"product","2":"type-product","3":"status-publish","4":"has-post-thumbnail","6":"product_cat-blade","7":"product_cat-blade-hand","9":"first","10":"instock","11":"taxable","12":"shipping-taxable","13":"purchasable","14":"product-type-variable"},"bundled_by":[],"bundle_stock_status":"instock","bundle_stock_quantity":null,"bundle_virtual":false,"bundle_layout":"","bundle_add_to_cart_form_location":"","bundle_editable_in_cart":false,"bundle_sold_individually_context":"","bundle_item_grouping":"","bundle_min_size":"","bundle_max_size":"","bundle_price":[],"bundled_items":[],"bundle_sell_ids":[],"yoast_head":"<!-- This site is optimized with the Yoast SEO plugin v27.4 - https:\/\/yoast.com\/product\/yoast-seo-wordpress\/ -->\n<title>R\u0119czna pi\u0142a tarczowa InterDiamant 3DP-XP | Interdiamant<\/title>\n<meta name=\"robots\" content=\"index, follow, max-snippet:-1, max-image-preview:large, max-video-preview:-1\" \/>\n<link rel=\"canonical\" href=\"https:\/\/interdiamant.com\/pl\/produkt\/reczna-pila-tarczowa-interdiamant-3dp-xp\/\" \/>\n<meta property=\"og:locale\" content=\"pl_PL\" \/>\n<meta property=\"og:type\" content=\"article\" \/>\n<meta property=\"og:title\" content=\"R\u0119czna pi\u0142a tarczowa InterDiamant 3DP-XP | Interdiamant\" \/>\n<meta property=\"og:description\" content=\"ULTRA HARD \u2013 Do bardzo twardego i mocno zbrojonego betonu Ta pi\u0142a pier\u015bcieniowa do bardzo twardego betonu o klasyfikacji ULTRA HARD jest przeznaczona do ekstremalnych warunk\u00f3w. Nadaje si\u0119 do betonu o wysokiej wytrzyma\u0142o\u015bci (C35\/45 do C60\/65) i mocno zbrojonych konstrukcji. Typowe zastosowania obejmuj\u0105 posadzki przemys\u0142owe, parkingi wielopoziomowe, mosty, wiadukty, wie\u017cowce oraz budownictwo komercyjne. Mi\u0119ksze spoiwo [&hellip;]\" \/>\n<meta property=\"og:url\" content=\"https:\/\/interdiamant.com\/pl\/produkt\/reczna-pila-tarczowa-interdiamant-3dp-xp\/\" \/>\n<meta property=\"og:site_name\" content=\"Interdiamant\" \/>\n<meta property=\"og:image\" content=\"https:\/\/interdiamant.com\/wp-content\/uploads\/2026\/01\/Untitled-13.png\" \/>\n\t<meta property=\"og:image:width\" content=\"1080\" \/>\n\t<meta property=\"og:image:height\" content=\"1080\" \/>\n\t<meta property=\"og:image:type\" content=\"image\/png\" \/>\n<meta name=\"twitter:card\" content=\"summary_large_image\" \/>\n<meta name=\"twitter:label1\" content=\"Szacowany czas czytania\" \/>\n\t<meta name=\"twitter:data1\" content=\"1 minuta\" \/>\n<script type=\"application\/ld+json\" class=\"yoast-schema-graph\">{\"@context\":\"https:\\\/\\\/schema.org\",\"@graph\":[{\"@type\":\"WebPage\",\"@id\":\"https:\\\/\\\/interdiamant.com\\\/pl\\\/produkt\\\/reczna-pila-tarczowa-interdiamant-3dp-xp\\\/\",\"url\":\"https:\\\/\\\/interdiamant.com\\\/pl\\\/produkt\\\/reczna-pila-tarczowa-interdiamant-3dp-xp\\\/\",\"name\":\"R\u0119czna pi\u0142a tarczowa InterDiamant 3DP-XP | Interdiamant\",\"isPartOf\":{\"@id\":\"https:\\\/\\\/interdiamant.com\\\/pl\\\/#website\"},\"primaryImageOfPage\":{\"@id\":\"https:\\\/\\\/interdiamant.com\\\/pl\\\/produkt\\\/reczna-pila-tarczowa-interdiamant-3dp-xp\\\/#primaryimage\"},\"image\":{\"@id\":\"https:\\\/\\\/interdiamant.com\\\/pl\\\/produkt\\\/reczna-pila-tarczowa-interdiamant-3dp-xp\\\/#primaryimage\"},\"thumbnailUrl\":\"https:\\\/\\\/interdiamant.com\\\/wp-content\\\/uploads\\\/2026\\\/01\\\/Untitled-13.png\",\"datePublished\":\"2026-02-02T16:01:58+00:00\",\"breadcrumb\":{\"@id\":\"https:\\\/\\\/interdiamant.com\\\/pl\\\/produkt\\\/reczna-pila-tarczowa-interdiamant-3dp-xp\\\/#breadcrumb\"},\"inLanguage\":\"pl-PL\",\"potentialAction\":[{\"@type\":\"ReadAction\",\"target\":[\"https:\\\/\\\/interdiamant.com\\\/pl\\\/produkt\\\/reczna-pila-tarczowa-interdiamant-3dp-xp\\\/\"]}]},{\"@type\":\"ImageObject\",\"inLanguage\":\"pl-PL\",\"@id\":\"https:\\\/\\\/interdiamant.com\\\/pl\\\/produkt\\\/reczna-pila-tarczowa-interdiamant-3dp-xp\\\/#primaryimage\",\"url\":\"https:\\\/\\\/interdiamant.com\\\/wp-content\\\/uploads\\\/2026\\\/01\\\/Untitled-13.png\",\"contentUrl\":\"https:\\\/\\\/interdiamant.com\\\/wp-content\\\/uploads\\\/2026\\\/01\\\/Untitled-13.png\",\"width\":1080,\"height\":1080},{\"@type\":\"BreadcrumbList\",\"@id\":\"https:\\\/\\\/interdiamant.com\\\/pl\\\/produkt\\\/reczna-pila-tarczowa-interdiamant-3dp-xp\\\/#breadcrumb\",\"itemListElement\":[{\"@type\":\"ListItem\",\"position\":1,\"name\":\"Dom\",\"item\":\"https:\\\/\\\/interdiamant.com\\\/pl\\\/\"},{\"@type\":\"ListItem\",\"position\":2,\"name\":\"Sklep\",\"item\":\"https:\\\/\\\/interdiamant.com\\\/shop\\\/\"},{\"@type\":\"ListItem\",\"position\":3,\"name\":\"R\u0119czna pi\u0142a tarczowa InterDiamant 3DP-XP\"}]},{\"@type\":\"WebSite\",\"@id\":\"https:\\\/\\\/interdiamant.com\\\/pl\\\/#website\",\"url\":\"https:\\\/\\\/interdiamant.com\\\/pl\\\/\",\"name\":\"Interdiamant\",\"description\":\"\",\"publisher\":{\"@id\":\"https:\\\/\\\/interdiamant.com\\\/pl\\\/#organization\"},\"potentialAction\":[{\"@type\":\"SearchAction\",\"target\":{\"@type\":\"EntryPoint\",\"urlTemplate\":\"https:\\\/\\\/interdiamant.com\\\/pl\\\/?s={search_term_string}\"},\"query-input\":{\"@type\":\"PropertyValueSpecification\",\"valueRequired\":true,\"valueName\":\"search_term_string\"}}],\"inLanguage\":\"pl-PL\"},{\"@type\":\"Organization\",\"@id\":\"https:\\\/\\\/interdiamant.com\\\/pl\\\/#organization\",\"name\":\"Interdiamant\",\"url\":\"https:\\\/\\\/interdiamant.com\\\/pl\\\/\",\"logo\":{\"@type\":\"ImageObject\",\"inLanguage\":\"pl-PL\",\"@id\":\"https:\\\/\\\/interdiamant.com\\\/pl\\\/#\\\/schema\\\/logo\\\/image\\\/\",\"url\":\"https:\\\/\\\/interdiamant.com\\\/wp-content\\\/uploads\\\/2026\\\/01\\\/Logo-Interdiamant.svg\",\"contentUrl\":\"https:\\\/\\\/interdiamant.com\\\/wp-content\\\/uploads\\\/2026\\\/01\\\/Logo-Interdiamant.svg\",\"width\":1,\"height\":1,\"caption\":\"Interdiamant\"},\"image\":{\"@id\":\"https:\\\/\\\/interdiamant.com\\\/pl\\\/#\\\/schema\\\/logo\\\/image\\\/\"}}]}<\/script>\n<!-- \/ Yoast SEO plugin. -->","yoast_head_json":{"title":"R\u0119czna pi\u0142a tarczowa InterDiamant 3DP-XP | Interdiamant","robots":{"index":"index","follow":"follow","max-snippet":"max-snippet:-1","max-image-preview":"max-image-preview:large","max-video-preview":"max-video-preview:-1"},"canonical":"https:\/\/interdiamant.com\/pl\/produkt\/reczna-pila-tarczowa-interdiamant-3dp-xp\/","og_locale":"pl_PL","og_type":"article","og_title":"R\u0119czna pi\u0142a tarczowa InterDiamant 3DP-XP | Interdiamant","og_description":"ULTRA HARD \u2013 Do bardzo twardego i mocno zbrojonego betonu Ta pi\u0142a pier\u015bcieniowa do bardzo twardego betonu o klasyfikacji ULTRA HARD jest przeznaczona do ekstremalnych warunk\u00f3w. Nadaje si\u0119 do betonu o wysokiej wytrzyma\u0142o\u015bci (C35\/45 do C60\/65) i mocno zbrojonych konstrukcji. Typowe zastosowania obejmuj\u0105 posadzki przemys\u0142owe, parkingi wielopoziomowe, mosty, wiadukty, wie\u017cowce oraz budownictwo komercyjne. Mi\u0119ksze spoiwo [&hellip;]","og_url":"https:\/\/interdiamant.com\/pl\/produkt\/reczna-pila-tarczowa-interdiamant-3dp-xp\/","og_site_name":"Interdiamant","og_image":[{"width":1080,"height":1080,"url":"https:\/\/interdiamant.com\/wp-content\/uploads\/2026\/01\/Untitled-13.png","type":"image\/png"}],"twitter_card":"summary_large_image","twitter_misc":{"Szacowany czas czytania":"1 minuta"},"schema":{"@context":"https:\/\/schema.org","@graph":[{"@type":"WebPage","@id":"https:\/\/interdiamant.com\/pl\/produkt\/reczna-pila-tarczowa-interdiamant-3dp-xp\/","url":"https:\/\/interdiamant.com\/pl\/produkt\/reczna-pila-tarczowa-interdiamant-3dp-xp\/","name":"R\u0119czna pi\u0142a tarczowa InterDiamant 3DP-XP | Interdiamant","isPartOf":{"@id":"https:\/\/interdiamant.com\/pl\/#website"},"primaryImageOfPage":{"@id":"https:\/\/interdiamant.com\/pl\/produkt\/reczna-pila-tarczowa-interdiamant-3dp-xp\/#primaryimage"},"image":{"@id":"https:\/\/interdiamant.com\/pl\/produkt\/reczna-pila-tarczowa-interdiamant-3dp-xp\/#primaryimage"},"thumbnailUrl":"https:\/\/interdiamant.com\/wp-content\/uploads\/2026\/01\/Untitled-13.png","datePublished":"2026-02-02T16:01:58+00:00","breadcrumb":{"@id":"https:\/\/interdiamant.com\/pl\/produkt\/reczna-pila-tarczowa-interdiamant-3dp-xp\/#breadcrumb"},"inLanguage":"pl-PL","potentialAction":[{"@type":"ReadAction","target":["https:\/\/interdiamant.com\/pl\/produkt\/reczna-pila-tarczowa-interdiamant-3dp-xp\/"]}]},{"@type":"ImageObject","inLanguage":"pl-PL","@id":"https:\/\/interdiamant.com\/pl\/produkt\/reczna-pila-tarczowa-interdiamant-3dp-xp\/#primaryimage","url":"https:\/\/interdiamant.com\/wp-content\/uploads\/2026\/01\/Untitled-13.png","contentUrl":"https:\/\/interdiamant.com\/wp-content\/uploads\/2026\/01\/Untitled-13.png","width":1080,"height":1080},{"@type":"BreadcrumbList","@id":"https:\/\/interdiamant.com\/pl\/produkt\/reczna-pila-tarczowa-interdiamant-3dp-xp\/#breadcrumb","itemListElement":[{"@type":"ListItem","position":1,"name":"Dom","item":"https:\/\/interdiamant.com\/pl\/"},{"@type":"ListItem","position":2,"name":"Sklep","item":"https:\/\/interdiamant.com\/shop\/"},{"@type":"ListItem","position":3,"name":"R\u0119czna pi\u0142a tarczowa InterDiamant 3DP-XP"}]},{"@type":"WebSite","@id":"https:\/\/interdiamant.com\/pl\/#website","url":"https:\/\/interdiamant.com\/pl\/","name":"Interdiamant","description":"","publisher":{"@id":"https:\/\/interdiamant.com\/pl\/#organization"},"potentialAction":[{"@type":"SearchAction","target":{"@type":"EntryPoint","urlTemplate":"https:\/\/interdiamant.com\/pl\/?s={search_term_string}"},"query-input":{"@type":"PropertyValueSpecification","valueRequired":true,"valueName":"search_term_string"}}],"inLanguage":"pl-PL"},{"@type":"Organization","@id":"https:\/\/interdiamant.com\/pl\/#organization","name":"Interdiamant","url":"https:\/\/interdiamant.com\/pl\/","logo":{"@type":"ImageObject","inLanguage":"pl-PL","@id":"https:\/\/interdiamant.com\/pl\/#\/schema\/logo\/image\/","url":"https:\/\/interdiamant.com\/wp-content\/uploads\/2026\/01\/Logo-Interdiamant.svg","contentUrl":"https:\/\/interdiamant.com\/wp-content\/uploads\/2026\/01\/Logo-Interdiamant.svg","width":1,"height":1,"caption":"Interdiamant"},"image":{"@id":"https:\/\/interdiamant.com\/pl\/#\/schema\/logo\/image\/"}}]}},"_links":{"self":[{"href":"https:\/\/interdiamant.com\/pl\/wp-json\/wp\/v2\/product\/5695","targetHints":{"allow":["GET"]}}],"collection":[{"href":"https:\/\/interdiamant.com\/pl\/wp-json\/wp\/v2\/product"}],"about":[{"href":"https:\/\/interdiamant.com\/pl\/wp-json\/wp\/v2\/types\/product"}],"wp:featuredmedia":[{"embeddable":true,"href":"https:\/\/interdiamant.com\/pl\/wp-json\/wp\/v2\/media\/823"}],"wp:attachment":[{"href":"https:\/\/interdiamant.com\/pl\/wp-json\/wp\/v2\/media?parent=5695"}],"wp:term":[{"taxonomy":"product_brand","embeddable":true,"href":"https:\/\/interdiamant.com\/pl\/wp-json\/wp\/v2\/product_brand?post=5695"},{"taxonomy":"product_cat","embeddable":true,"href":"https:\/\/interdiamant.com\/pl\/wp-json\/wp\/v2\/product_cat?post=5695"},{"taxonomy":"product_tag","embeddable":true,"href":"https:\/\/interdiamant.com\/pl\/wp-json\/wp\/v2\/product_tag?post=5695"}],"curies":[{"name":"wp","href":"https:\/\/api.w.org\/{rel}","templated":true}]}}