{"id":4678,"date":"2026-02-02T17:04:49","date_gmt":"2026-02-02T16:04:49","guid":{"rendered":"https:\/\/interdiamant.com\/product\/interdiamant-3dp-xpd-otwornica-puszkowa\/"},"modified":"2026-02-02T17:04:49","modified_gmt":"2026-02-02T16:04:49","slug":"interdiamant-3dp-xpd-otwornica-puszkowa","status":"publish","type":"product","link":"https:\/\/interdiamant.com\/pl\/produkt\/interdiamant-3dp-xpd-otwornica-puszkowa\/","title":{"rendered":"InterDiamant 3DP-XPD Otwornica puszkowa"},"content":{"rendered":"<p>SOFT \u2013 Do mi\u0119kkiego betonu i materia\u0142\u00f3w murarskich<\/p>\n<p>Ta otwornica puszkowa do mi\u0119kkiego betonu o klasyfikacji SOFT zosta\u0142a specjalnie opracowana do materia\u0142\u00f3w o niskiej twardo\u015bci i ograniczonej odporno\u015bci na \u015bcieranie. Dzi\u0119ki twardszemu spoiwu diament jest szybko uwalniany, co skutkuje wysok\u0105 pr\u0119dko\u015bci\u0105 ci\u0119cia i wiercenia oraz natychmiastow\u0105 wydajno\u015bci\u0105. <\/p>\n<p>Nadaje si\u0119 do zastosowa\u0144 takich jak ceg\u0142a wapienno-piaskowa, bloczki z betonu kom\u00f3rkowego, beton kom\u00f3rkowy i lekki beton (C20\/25). Idealna do \u015bcian nieno\u015bnych, element\u00f3w obrze\u017cy, ogrodze\u0144 i lekkich fundament\u00f3w. <\/p>\n<p>Optymalna r\u00f3wnowaga mi\u0119dzy spoiwem a diamentem zapobiega zatykaniu i niepotrzebnemu nagrzewaniu. Zapewnia to wydajn\u0105 prac\u0119 i sta\u0142e usuwanie materia\u0142u. <\/p>\n<p>Porada: t\u0119 klasyfikacj\u0119 stosowa\u0107 wy\u0142\u0105cznie do mi\u0119kkich materia\u0142\u00f3w. W twardszym betonie zu\u017cycie b\u0119dzie zbyt szybko wzrasta\u0107. <\/p>\n","protected":false},"excerpt":{"rendered":"<p>SOFT \u2013 Do mi\u0119kkiego betonu i materia\u0142\u00f3w murarskich Ta otwornica puszkowa do mi\u0119kkiego betonu o klasyfikacji SOFT zosta\u0142a specjalnie opracowana do materia\u0142\u00f3w o niskiej twardo\u015bci i ograniczonej odporno\u015bci na \u015bcieranie. Dzi\u0119ki twardszemu spoiwu diament jest szybko uwalniany, co skutkuje wysok\u0105 pr\u0119dko\u015bci\u0105 ci\u0119cia i wiercenia oraz natychmiastow\u0105 wydajno\u015bci\u0105. Nadaje si\u0119 do zastosowa\u0144 takich jak ceg\u0142a wapienno-piaskowa, [&hellip;]<\/p>\n","protected":false},"featured_media":8089,"template":"","meta":{"_et_pb_use_builder":"","_et_pb_old_content":"","_et_gb_content_width":""},"product_brand":[],"product_cat":[636],"product_tag":[],"class_list":{"0":"post-4678","1":"product","2":"type-product","3":"status-publish","4":"has-post-thumbnail","6":"product_cat-specjalne","8":"first","9":"instock","10":"taxable","11":"shipping-taxable","12":"purchasable","13":"product-type-variable"},"bundled_by":[],"bundle_stock_status":"instock","bundle_stock_quantity":null,"bundle_virtual":false,"bundle_layout":"","bundle_add_to_cart_form_location":"","bundle_editable_in_cart":false,"bundle_sold_individually_context":"","bundle_item_grouping":"","bundle_min_size":"","bundle_max_size":"","bundle_price":[],"bundled_items":[],"bundle_sell_ids":[],"yoast_head":"<!-- This site is optimized with the Yoast SEO plugin v27.4 - https:\/\/yoast.com\/product\/yoast-seo-wordpress\/ -->\n<title>InterDiamant 3DP-XPD Otwornica puszkowa | Interdiamant<\/title>\n<meta name=\"robots\" content=\"index, follow, max-snippet:-1, max-image-preview:large, max-video-preview:-1\" \/>\n<link rel=\"canonical\" href=\"https:\/\/interdiamant.com\/pl\/produkt\/interdiamant-3dp-xpd-otwornica-puszkowa\/\" \/>\n<meta property=\"og:locale\" content=\"pl_PL\" \/>\n<meta property=\"og:type\" content=\"article\" \/>\n<meta property=\"og:title\" content=\"InterDiamant 3DP-XPD Otwornica puszkowa | Interdiamant\" \/>\n<meta property=\"og:description\" content=\"SOFT \u2013 Do mi\u0119kkiego betonu i materia\u0142\u00f3w murarskich Ta otwornica puszkowa do mi\u0119kkiego betonu o klasyfikacji SOFT zosta\u0142a specjalnie opracowana do materia\u0142\u00f3w o niskiej twardo\u015bci i ograniczonej odporno\u015bci na \u015bcieranie. Dzi\u0119ki twardszemu spoiwu diament jest szybko uwalniany, co skutkuje wysok\u0105 pr\u0119dko\u015bci\u0105 ci\u0119cia i wiercenia oraz natychmiastow\u0105 wydajno\u015bci\u0105. Nadaje si\u0119 do zastosowa\u0144 takich jak ceg\u0142a wapienno-piaskowa, [&hellip;]\" \/>\n<meta property=\"og:url\" content=\"https:\/\/interdiamant.com\/pl\/produkt\/interdiamant-3dp-xpd-otwornica-puszkowa\/\" \/>\n<meta property=\"og:site_name\" content=\"Interdiamant\" \/>\n<meta property=\"og:image\" content=\"https:\/\/interdiamant.com\/wp-content\/uploads\/2026\/01\/19PC2XD-scaled.jpg\" \/>\n\t<meta property=\"og:image:width\" content=\"2880\" \/>\n\t<meta property=\"og:image:height\" content=\"2157\" \/>\n\t<meta property=\"og:image:type\" content=\"image\/jpeg\" \/>\n<meta name=\"twitter:card\" content=\"summary_large_image\" \/>\n<meta name=\"twitter:label1\" content=\"Szacowany czas czytania\" \/>\n\t<meta name=\"twitter:data1\" content=\"1 minuta\" \/>\n<script type=\"application\/ld+json\" class=\"yoast-schema-graph\">{\"@context\":\"https:\\\/\\\/schema.org\",\"@graph\":[{\"@type\":\"WebPage\",\"@id\":\"https:\\\/\\\/interdiamant.com\\\/pl\\\/produkt\\\/interdiamant-3dp-xpd-otwornica-puszkowa\\\/\",\"url\":\"https:\\\/\\\/interdiamant.com\\\/pl\\\/produkt\\\/interdiamant-3dp-xpd-otwornica-puszkowa\\\/\",\"name\":\"InterDiamant 3DP-XPD Otwornica puszkowa | Interdiamant\",\"isPartOf\":{\"@id\":\"https:\\\/\\\/interdiamant.com\\\/pl\\\/#website\"},\"primaryImageOfPage\":{\"@id\":\"https:\\\/\\\/interdiamant.com\\\/pl\\\/produkt\\\/interdiamant-3dp-xpd-otwornica-puszkowa\\\/#primaryimage\"},\"image\":{\"@id\":\"https:\\\/\\\/interdiamant.com\\\/pl\\\/produkt\\\/interdiamant-3dp-xpd-otwornica-puszkowa\\\/#primaryimage\"},\"thumbnailUrl\":\"https:\\\/\\\/interdiamant.com\\\/wp-content\\\/uploads\\\/2026\\\/01\\\/19PC2XD-scaled.jpg\",\"datePublished\":\"2026-02-02T16:04:49+00:00\",\"breadcrumb\":{\"@id\":\"https:\\\/\\\/interdiamant.com\\\/pl\\\/produkt\\\/interdiamant-3dp-xpd-otwornica-puszkowa\\\/#breadcrumb\"},\"inLanguage\":\"pl-PL\",\"potentialAction\":[{\"@type\":\"ReadAction\",\"target\":[\"https:\\\/\\\/interdiamant.com\\\/pl\\\/produkt\\\/interdiamant-3dp-xpd-otwornica-puszkowa\\\/\"]}]},{\"@type\":\"ImageObject\",\"inLanguage\":\"pl-PL\",\"@id\":\"https:\\\/\\\/interdiamant.com\\\/pl\\\/produkt\\\/interdiamant-3dp-xpd-otwornica-puszkowa\\\/#primaryimage\",\"url\":\"https:\\\/\\\/interdiamant.com\\\/wp-content\\\/uploads\\\/2026\\\/01\\\/19PC2XD-scaled.jpg\",\"contentUrl\":\"https:\\\/\\\/interdiamant.com\\\/wp-content\\\/uploads\\\/2026\\\/01\\\/19PC2XD-scaled.jpg\",\"width\":2880,\"height\":2157},{\"@type\":\"BreadcrumbList\",\"@id\":\"https:\\\/\\\/interdiamant.com\\\/pl\\\/produkt\\\/interdiamant-3dp-xpd-otwornica-puszkowa\\\/#breadcrumb\",\"itemListElement\":[{\"@type\":\"ListItem\",\"position\":1,\"name\":\"Dom\",\"item\":\"https:\\\/\\\/interdiamant.com\\\/pl\\\/\"},{\"@type\":\"ListItem\",\"position\":2,\"name\":\"Sklep\",\"item\":\"https:\\\/\\\/interdiamant.com\\\/shop\\\/\"},{\"@type\":\"ListItem\",\"position\":3,\"name\":\"InterDiamant 3DP-XPD Otwornica puszkowa\"}]},{\"@type\":\"WebSite\",\"@id\":\"https:\\\/\\\/interdiamant.com\\\/pl\\\/#website\",\"url\":\"https:\\\/\\\/interdiamant.com\\\/pl\\\/\",\"name\":\"Interdiamant\",\"description\":\"\",\"publisher\":{\"@id\":\"https:\\\/\\\/interdiamant.com\\\/pl\\\/#organization\"},\"potentialAction\":[{\"@type\":\"SearchAction\",\"target\":{\"@type\":\"EntryPoint\",\"urlTemplate\":\"https:\\\/\\\/interdiamant.com\\\/pl\\\/?s={search_term_string}\"},\"query-input\":{\"@type\":\"PropertyValueSpecification\",\"valueRequired\":true,\"valueName\":\"search_term_string\"}}],\"inLanguage\":\"pl-PL\"},{\"@type\":\"Organization\",\"@id\":\"https:\\\/\\\/interdiamant.com\\\/pl\\\/#organization\",\"name\":\"Interdiamant\",\"url\":\"https:\\\/\\\/interdiamant.com\\\/pl\\\/\",\"logo\":{\"@type\":\"ImageObject\",\"inLanguage\":\"pl-PL\",\"@id\":\"https:\\\/\\\/interdiamant.com\\\/pl\\\/#\\\/schema\\\/logo\\\/image\\\/\",\"url\":\"https:\\\/\\\/interdiamant.com\\\/wp-content\\\/uploads\\\/2026\\\/01\\\/Logo-Interdiamant.svg\",\"contentUrl\":\"https:\\\/\\\/interdiamant.com\\\/wp-content\\\/uploads\\\/2026\\\/01\\\/Logo-Interdiamant.svg\",\"width\":1,\"height\":1,\"caption\":\"Interdiamant\"},\"image\":{\"@id\":\"https:\\\/\\\/interdiamant.com\\\/pl\\\/#\\\/schema\\\/logo\\\/image\\\/\"}}]}<\/script>\n<!-- \/ Yoast SEO plugin. -->","yoast_head_json":{"title":"InterDiamant 3DP-XPD Otwornica puszkowa | Interdiamant","robots":{"index":"index","follow":"follow","max-snippet":"max-snippet:-1","max-image-preview":"max-image-preview:large","max-video-preview":"max-video-preview:-1"},"canonical":"https:\/\/interdiamant.com\/pl\/produkt\/interdiamant-3dp-xpd-otwornica-puszkowa\/","og_locale":"pl_PL","og_type":"article","og_title":"InterDiamant 3DP-XPD Otwornica puszkowa | Interdiamant","og_description":"SOFT \u2013 Do mi\u0119kkiego betonu i materia\u0142\u00f3w murarskich Ta otwornica puszkowa do mi\u0119kkiego betonu o klasyfikacji SOFT zosta\u0142a specjalnie opracowana do materia\u0142\u00f3w o niskiej twardo\u015bci i ograniczonej odporno\u015bci na \u015bcieranie. Dzi\u0119ki twardszemu spoiwu diament jest szybko uwalniany, co skutkuje wysok\u0105 pr\u0119dko\u015bci\u0105 ci\u0119cia i wiercenia oraz natychmiastow\u0105 wydajno\u015bci\u0105. Nadaje si\u0119 do zastosowa\u0144 takich jak ceg\u0142a wapienno-piaskowa, [&hellip;]","og_url":"https:\/\/interdiamant.com\/pl\/produkt\/interdiamant-3dp-xpd-otwornica-puszkowa\/","og_site_name":"Interdiamant","og_image":[{"width":2880,"height":2157,"url":"https:\/\/interdiamant.com\/wp-content\/uploads\/2026\/01\/19PC2XD-scaled.jpg","type":"image\/jpeg"}],"twitter_card":"summary_large_image","twitter_misc":{"Szacowany czas czytania":"1 minuta"},"schema":{"@context":"https:\/\/schema.org","@graph":[{"@type":"WebPage","@id":"https:\/\/interdiamant.com\/pl\/produkt\/interdiamant-3dp-xpd-otwornica-puszkowa\/","url":"https:\/\/interdiamant.com\/pl\/produkt\/interdiamant-3dp-xpd-otwornica-puszkowa\/","name":"InterDiamant 3DP-XPD Otwornica puszkowa | Interdiamant","isPartOf":{"@id":"https:\/\/interdiamant.com\/pl\/#website"},"primaryImageOfPage":{"@id":"https:\/\/interdiamant.com\/pl\/produkt\/interdiamant-3dp-xpd-otwornica-puszkowa\/#primaryimage"},"image":{"@id":"https:\/\/interdiamant.com\/pl\/produkt\/interdiamant-3dp-xpd-otwornica-puszkowa\/#primaryimage"},"thumbnailUrl":"https:\/\/interdiamant.com\/wp-content\/uploads\/2026\/01\/19PC2XD-scaled.jpg","datePublished":"2026-02-02T16:04:49+00:00","breadcrumb":{"@id":"https:\/\/interdiamant.com\/pl\/produkt\/interdiamant-3dp-xpd-otwornica-puszkowa\/#breadcrumb"},"inLanguage":"pl-PL","potentialAction":[{"@type":"ReadAction","target":["https:\/\/interdiamant.com\/pl\/produkt\/interdiamant-3dp-xpd-otwornica-puszkowa\/"]}]},{"@type":"ImageObject","inLanguage":"pl-PL","@id":"https:\/\/interdiamant.com\/pl\/produkt\/interdiamant-3dp-xpd-otwornica-puszkowa\/#primaryimage","url":"https:\/\/interdiamant.com\/wp-content\/uploads\/2026\/01\/19PC2XD-scaled.jpg","contentUrl":"https:\/\/interdiamant.com\/wp-content\/uploads\/2026\/01\/19PC2XD-scaled.jpg","width":2880,"height":2157},{"@type":"BreadcrumbList","@id":"https:\/\/interdiamant.com\/pl\/produkt\/interdiamant-3dp-xpd-otwornica-puszkowa\/#breadcrumb","itemListElement":[{"@type":"ListItem","position":1,"name":"Dom","item":"https:\/\/interdiamant.com\/pl\/"},{"@type":"ListItem","position":2,"name":"Sklep","item":"https:\/\/interdiamant.com\/shop\/"},{"@type":"ListItem","position":3,"name":"InterDiamant 3DP-XPD Otwornica puszkowa"}]},{"@type":"WebSite","@id":"https:\/\/interdiamant.com\/pl\/#website","url":"https:\/\/interdiamant.com\/pl\/","name":"Interdiamant","description":"","publisher":{"@id":"https:\/\/interdiamant.com\/pl\/#organization"},"potentialAction":[{"@type":"SearchAction","target":{"@type":"EntryPoint","urlTemplate":"https:\/\/interdiamant.com\/pl\/?s={search_term_string}"},"query-input":{"@type":"PropertyValueSpecification","valueRequired":true,"valueName":"search_term_string"}}],"inLanguage":"pl-PL"},{"@type":"Organization","@id":"https:\/\/interdiamant.com\/pl\/#organization","name":"Interdiamant","url":"https:\/\/interdiamant.com\/pl\/","logo":{"@type":"ImageObject","inLanguage":"pl-PL","@id":"https:\/\/interdiamant.com\/pl\/#\/schema\/logo\/image\/","url":"https:\/\/interdiamant.com\/wp-content\/uploads\/2026\/01\/Logo-Interdiamant.svg","contentUrl":"https:\/\/interdiamant.com\/wp-content\/uploads\/2026\/01\/Logo-Interdiamant.svg","width":1,"height":1,"caption":"Interdiamant"},"image":{"@id":"https:\/\/interdiamant.com\/pl\/#\/schema\/logo\/image\/"}}]}},"_links":{"self":[{"href":"https:\/\/interdiamant.com\/pl\/wp-json\/wp\/v2\/product\/4678","targetHints":{"allow":["GET"]}}],"collection":[{"href":"https:\/\/interdiamant.com\/pl\/wp-json\/wp\/v2\/product"}],"about":[{"href":"https:\/\/interdiamant.com\/pl\/wp-json\/wp\/v2\/types\/product"}],"wp:featuredmedia":[{"embeddable":true,"href":"https:\/\/interdiamant.com\/pl\/wp-json\/wp\/v2\/media\/8089"}],"wp:attachment":[{"href":"https:\/\/interdiamant.com\/pl\/wp-json\/wp\/v2\/media?parent=4678"}],"wp:term":[{"taxonomy":"product_brand","embeddable":true,"href":"https:\/\/interdiamant.com\/pl\/wp-json\/wp\/v2\/product_brand?post=4678"},{"taxonomy":"product_cat","embeddable":true,"href":"https:\/\/interdiamant.com\/pl\/wp-json\/wp\/v2\/product_cat?post=4678"},{"taxonomy":"product_tag","embeddable":true,"href":"https:\/\/interdiamant.com\/pl\/wp-json\/wp\/v2\/product_tag?post=4678"}],"curies":[{"name":"wp","href":"https:\/\/api.w.org\/{rel}","templated":true}]}}