{"id":3853,"date":"2026-02-02T17:04:49","date_gmt":"2026-02-02T16:04:49","guid":{"rendered":"https:\/\/interdiamant.com\/product\/interdiamant-spawany-laserowo-cc-frez-do-spoin\/"},"modified":"2026-02-02T17:04:49","modified_gmt":"2026-02-02T16:04:49","slug":"interdiamant-spawany-laserowo-cc-frez-do-spoin","status":"publish","type":"product","link":"https:\/\/interdiamant.com\/pl\/produkt\/interdiamant-spawany-laserowo-cc-frez-do-spoin\/","title":{"rendered":"InterDiamant Spawany Laserowo-CC Frez do Spoin"},"content":{"rendered":"<p>HARD \u2013 Do standardowego (zbrojonego) betonu<\/p>\n<p>Ten frez do spoin do betonu zbrojonego o klasyfikacji HARD to najbardziej wszechstronny wyb\u00f3r do codziennego u\u017cytku profesjonalnego. Zaprojektowany do standardowych wytrzyma\u0142o\u015bci betonu od C20\/25 do C30\/37, z lekkim zbrojeniem lub bez.<br \/>\nNadaje si\u0119 do posadzek mieszkalnych, posadzek przemys\u0142owych, \u015bcian no\u015bnych i fundament\u00f3w. Spoiwo zapewnia optymaln\u0105 r\u00f3wnowag\u0119 mi\u0119dzy odporno\u015bci\u0105 na zu\u017cycie a uwalnianiem diament\u00f3w, gwarantuj\u0105c stabiln\u0105 \u017cywotno\u015b\u0107 narz\u0119dzia i wydajno\u015b\u0107.<br \/>\nTa klasyfikacja zapobiega nadmiernemu zu\u017cyciu w mi\u0119kkim betonie, jednocze\u015bnie utrzymuj\u0105c wystarczaj\u0105c\u0105 si\u0142\u0119 ci\u0119cia w twardszym materiale. Idealny dla wykonawc\u00f3w poszukuj\u0105cych jednego niezawodnego rozwi\u0105zania do r\u00f3\u017cnorodnych projekt\u00f3w.   <\/p>\n<p>Porada:<br \/>\nBezpieczny wyb\u00f3r w przypadku w\u0105tpliwo\u015bci co do twardo\u015bci betonu lub pracy w zmiennych warunkach.<\/p>\n","protected":false},"excerpt":{"rendered":"<p>HARD \u2013 Do standardowego (zbrojonego) betonu Ten frez do spoin do betonu zbrojonego o klasyfikacji HARD to najbardziej wszechstronny wyb\u00f3r do codziennego u\u017cytku profesjonalnego. Zaprojektowany do standardowych wytrzyma\u0142o\u015bci betonu od C20\/25 do C30\/37, z lekkim zbrojeniem lub bez. Nadaje si\u0119 do posadzek mieszkalnych, posadzek przemys\u0142owych, \u015bcian no\u015bnych i fundament\u00f3w. Spoiwo zapewnia optymaln\u0105 r\u00f3wnowag\u0119 mi\u0119dzy odporno\u015bci\u0105 [&hellip;]<\/p>\n","protected":false},"featured_media":8090,"template":"","meta":{"_et_pb_use_builder":"","_et_pb_old_content":"","_et_gb_content_width":""},"product_brand":[],"product_cat":[636],"product_tag":[],"class_list":{"0":"post-3853","1":"product","2":"type-product","3":"status-publish","4":"has-post-thumbnail","6":"product_cat-specjalne","8":"first","9":"instock","10":"taxable","11":"shipping-taxable","12":"purchasable","13":"product-type-variable"},"bundled_by":[],"bundle_stock_status":"instock","bundle_stock_quantity":null,"bundle_virtual":false,"bundle_layout":"","bundle_add_to_cart_form_location":"","bundle_editable_in_cart":false,"bundle_sold_individually_context":"","bundle_item_grouping":"","bundle_min_size":"","bundle_max_size":"","bundle_price":[],"bundled_items":[],"bundle_sell_ids":[],"yoast_head":"<!-- This site is optimized with the Yoast SEO plugin v27.4 - https:\/\/yoast.com\/product\/yoast-seo-wordpress\/ -->\n<title>InterDiamant Spawany Laserowo-CC Frez do Spoin | Interdiamant<\/title>\n<meta name=\"robots\" content=\"index, follow, max-snippet:-1, max-image-preview:large, max-video-preview:-1\" \/>\n<link rel=\"canonical\" href=\"https:\/\/interdiamant.com\/pl\/produkt\/interdiamant-spawany-laserowo-cc-frez-do-spoin\/\" \/>\n<meta property=\"og:locale\" content=\"pl_PL\" \/>\n<meta property=\"og:type\" content=\"article\" \/>\n<meta property=\"og:title\" content=\"InterDiamant Spawany Laserowo-CC Frez do Spoin | Interdiamant\" \/>\n<meta property=\"og:description\" content=\"HARD \u2013 Do standardowego (zbrojonego) betonu Ten frez do spoin do betonu zbrojonego o klasyfikacji HARD to najbardziej wszechstronny wyb\u00f3r do codziennego u\u017cytku profesjonalnego. Zaprojektowany do standardowych wytrzyma\u0142o\u015bci betonu od C20\/25 do C30\/37, z lekkim zbrojeniem lub bez. Nadaje si\u0119 do posadzek mieszkalnych, posadzek przemys\u0142owych, \u015bcian no\u015bnych i fundament\u00f3w. Spoiwo zapewnia optymaln\u0105 r\u00f3wnowag\u0119 mi\u0119dzy odporno\u015bci\u0105 [&hellip;]\" \/>\n<meta property=\"og:url\" content=\"https:\/\/interdiamant.com\/pl\/produkt\/interdiamant-spawany-laserowo-cc-frez-do-spoin\/\" \/>\n<meta property=\"og:site_name\" content=\"Interdiamant\" \/>\n<meta property=\"og:image\" content=\"https:\/\/interdiamant.com\/wp-content\/uploads\/2026\/02\/CrackChaser.png\" \/>\n\t<meta property=\"og:image:width\" content=\"2056\" \/>\n\t<meta property=\"og:image:height\" content=\"2106\" \/>\n\t<meta property=\"og:image:type\" content=\"image\/png\" \/>\n<meta name=\"twitter:card\" content=\"summary_large_image\" \/>\n<meta name=\"twitter:label1\" content=\"Szacowany czas czytania\" \/>\n\t<meta name=\"twitter:data1\" content=\"1 minuta\" \/>\n<script type=\"application\/ld+json\" class=\"yoast-schema-graph\">{\"@context\":\"https:\\\/\\\/schema.org\",\"@graph\":[{\"@type\":\"WebPage\",\"@id\":\"https:\\\/\\\/interdiamant.com\\\/pl\\\/produkt\\\/interdiamant-spawany-laserowo-cc-frez-do-spoin\\\/\",\"url\":\"https:\\\/\\\/interdiamant.com\\\/pl\\\/produkt\\\/interdiamant-spawany-laserowo-cc-frez-do-spoin\\\/\",\"name\":\"InterDiamant Spawany Laserowo-CC Frez do Spoin | Interdiamant\",\"isPartOf\":{\"@id\":\"https:\\\/\\\/interdiamant.com\\\/pl\\\/#website\"},\"primaryImageOfPage\":{\"@id\":\"https:\\\/\\\/interdiamant.com\\\/pl\\\/produkt\\\/interdiamant-spawany-laserowo-cc-frez-do-spoin\\\/#primaryimage\"},\"image\":{\"@id\":\"https:\\\/\\\/interdiamant.com\\\/pl\\\/produkt\\\/interdiamant-spawany-laserowo-cc-frez-do-spoin\\\/#primaryimage\"},\"thumbnailUrl\":\"https:\\\/\\\/interdiamant.com\\\/wp-content\\\/uploads\\\/2026\\\/02\\\/CrackChaser.png\",\"datePublished\":\"2026-02-02T16:04:49+00:00\",\"breadcrumb\":{\"@id\":\"https:\\\/\\\/interdiamant.com\\\/pl\\\/produkt\\\/interdiamant-spawany-laserowo-cc-frez-do-spoin\\\/#breadcrumb\"},\"inLanguage\":\"pl-PL\",\"potentialAction\":[{\"@type\":\"ReadAction\",\"target\":[\"https:\\\/\\\/interdiamant.com\\\/pl\\\/produkt\\\/interdiamant-spawany-laserowo-cc-frez-do-spoin\\\/\"]}]},{\"@type\":\"ImageObject\",\"inLanguage\":\"pl-PL\",\"@id\":\"https:\\\/\\\/interdiamant.com\\\/pl\\\/produkt\\\/interdiamant-spawany-laserowo-cc-frez-do-spoin\\\/#primaryimage\",\"url\":\"https:\\\/\\\/interdiamant.com\\\/wp-content\\\/uploads\\\/2026\\\/02\\\/CrackChaser.png\",\"contentUrl\":\"https:\\\/\\\/interdiamant.com\\\/wp-content\\\/uploads\\\/2026\\\/02\\\/CrackChaser.png\",\"width\":2056,\"height\":2106},{\"@type\":\"BreadcrumbList\",\"@id\":\"https:\\\/\\\/interdiamant.com\\\/pl\\\/produkt\\\/interdiamant-spawany-laserowo-cc-frez-do-spoin\\\/#breadcrumb\",\"itemListElement\":[{\"@type\":\"ListItem\",\"position\":1,\"name\":\"Dom\",\"item\":\"https:\\\/\\\/interdiamant.com\\\/pl\\\/\"},{\"@type\":\"ListItem\",\"position\":2,\"name\":\"Sklep\",\"item\":\"https:\\\/\\\/interdiamant.com\\\/shop\\\/\"},{\"@type\":\"ListItem\",\"position\":3,\"name\":\"InterDiamant Spawany Laserowo-CC Frez do Spoin\"}]},{\"@type\":\"WebSite\",\"@id\":\"https:\\\/\\\/interdiamant.com\\\/pl\\\/#website\",\"url\":\"https:\\\/\\\/interdiamant.com\\\/pl\\\/\",\"name\":\"Interdiamant\",\"description\":\"\",\"publisher\":{\"@id\":\"https:\\\/\\\/interdiamant.com\\\/pl\\\/#organization\"},\"potentialAction\":[{\"@type\":\"SearchAction\",\"target\":{\"@type\":\"EntryPoint\",\"urlTemplate\":\"https:\\\/\\\/interdiamant.com\\\/pl\\\/?s={search_term_string}\"},\"query-input\":{\"@type\":\"PropertyValueSpecification\",\"valueRequired\":true,\"valueName\":\"search_term_string\"}}],\"inLanguage\":\"pl-PL\"},{\"@type\":\"Organization\",\"@id\":\"https:\\\/\\\/interdiamant.com\\\/pl\\\/#organization\",\"name\":\"Interdiamant\",\"url\":\"https:\\\/\\\/interdiamant.com\\\/pl\\\/\",\"logo\":{\"@type\":\"ImageObject\",\"inLanguage\":\"pl-PL\",\"@id\":\"https:\\\/\\\/interdiamant.com\\\/pl\\\/#\\\/schema\\\/logo\\\/image\\\/\",\"url\":\"https:\\\/\\\/interdiamant.com\\\/wp-content\\\/uploads\\\/2026\\\/01\\\/Logo-Interdiamant.svg\",\"contentUrl\":\"https:\\\/\\\/interdiamant.com\\\/wp-content\\\/uploads\\\/2026\\\/01\\\/Logo-Interdiamant.svg\",\"width\":1,\"height\":1,\"caption\":\"Interdiamant\"},\"image\":{\"@id\":\"https:\\\/\\\/interdiamant.com\\\/pl\\\/#\\\/schema\\\/logo\\\/image\\\/\"}}]}<\/script>\n<!-- \/ Yoast SEO plugin. -->","yoast_head_json":{"title":"InterDiamant Spawany Laserowo-CC Frez do Spoin | Interdiamant","robots":{"index":"index","follow":"follow","max-snippet":"max-snippet:-1","max-image-preview":"max-image-preview:large","max-video-preview":"max-video-preview:-1"},"canonical":"https:\/\/interdiamant.com\/pl\/produkt\/interdiamant-spawany-laserowo-cc-frez-do-spoin\/","og_locale":"pl_PL","og_type":"article","og_title":"InterDiamant Spawany Laserowo-CC Frez do Spoin | Interdiamant","og_description":"HARD \u2013 Do standardowego (zbrojonego) betonu Ten frez do spoin do betonu zbrojonego o klasyfikacji HARD to najbardziej wszechstronny wyb\u00f3r do codziennego u\u017cytku profesjonalnego. Zaprojektowany do standardowych wytrzyma\u0142o\u015bci betonu od C20\/25 do C30\/37, z lekkim zbrojeniem lub bez. Nadaje si\u0119 do posadzek mieszkalnych, posadzek przemys\u0142owych, \u015bcian no\u015bnych i fundament\u00f3w. Spoiwo zapewnia optymaln\u0105 r\u00f3wnowag\u0119 mi\u0119dzy odporno\u015bci\u0105 [&hellip;]","og_url":"https:\/\/interdiamant.com\/pl\/produkt\/interdiamant-spawany-laserowo-cc-frez-do-spoin\/","og_site_name":"Interdiamant","og_image":[{"width":2056,"height":2106,"url":"https:\/\/interdiamant.com\/wp-content\/uploads\/2026\/02\/CrackChaser.png","type":"image\/png"}],"twitter_card":"summary_large_image","twitter_misc":{"Szacowany czas czytania":"1 minuta"},"schema":{"@context":"https:\/\/schema.org","@graph":[{"@type":"WebPage","@id":"https:\/\/interdiamant.com\/pl\/produkt\/interdiamant-spawany-laserowo-cc-frez-do-spoin\/","url":"https:\/\/interdiamant.com\/pl\/produkt\/interdiamant-spawany-laserowo-cc-frez-do-spoin\/","name":"InterDiamant Spawany Laserowo-CC Frez do Spoin | Interdiamant","isPartOf":{"@id":"https:\/\/interdiamant.com\/pl\/#website"},"primaryImageOfPage":{"@id":"https:\/\/interdiamant.com\/pl\/produkt\/interdiamant-spawany-laserowo-cc-frez-do-spoin\/#primaryimage"},"image":{"@id":"https:\/\/interdiamant.com\/pl\/produkt\/interdiamant-spawany-laserowo-cc-frez-do-spoin\/#primaryimage"},"thumbnailUrl":"https:\/\/interdiamant.com\/wp-content\/uploads\/2026\/02\/CrackChaser.png","datePublished":"2026-02-02T16:04:49+00:00","breadcrumb":{"@id":"https:\/\/interdiamant.com\/pl\/produkt\/interdiamant-spawany-laserowo-cc-frez-do-spoin\/#breadcrumb"},"inLanguage":"pl-PL","potentialAction":[{"@type":"ReadAction","target":["https:\/\/interdiamant.com\/pl\/produkt\/interdiamant-spawany-laserowo-cc-frez-do-spoin\/"]}]},{"@type":"ImageObject","inLanguage":"pl-PL","@id":"https:\/\/interdiamant.com\/pl\/produkt\/interdiamant-spawany-laserowo-cc-frez-do-spoin\/#primaryimage","url":"https:\/\/interdiamant.com\/wp-content\/uploads\/2026\/02\/CrackChaser.png","contentUrl":"https:\/\/interdiamant.com\/wp-content\/uploads\/2026\/02\/CrackChaser.png","width":2056,"height":2106},{"@type":"BreadcrumbList","@id":"https:\/\/interdiamant.com\/pl\/produkt\/interdiamant-spawany-laserowo-cc-frez-do-spoin\/#breadcrumb","itemListElement":[{"@type":"ListItem","position":1,"name":"Dom","item":"https:\/\/interdiamant.com\/pl\/"},{"@type":"ListItem","position":2,"name":"Sklep","item":"https:\/\/interdiamant.com\/shop\/"},{"@type":"ListItem","position":3,"name":"InterDiamant Spawany Laserowo-CC Frez do Spoin"}]},{"@type":"WebSite","@id":"https:\/\/interdiamant.com\/pl\/#website","url":"https:\/\/interdiamant.com\/pl\/","name":"Interdiamant","description":"","publisher":{"@id":"https:\/\/interdiamant.com\/pl\/#organization"},"potentialAction":[{"@type":"SearchAction","target":{"@type":"EntryPoint","urlTemplate":"https:\/\/interdiamant.com\/pl\/?s={search_term_string}"},"query-input":{"@type":"PropertyValueSpecification","valueRequired":true,"valueName":"search_term_string"}}],"inLanguage":"pl-PL"},{"@type":"Organization","@id":"https:\/\/interdiamant.com\/pl\/#organization","name":"Interdiamant","url":"https:\/\/interdiamant.com\/pl\/","logo":{"@type":"ImageObject","inLanguage":"pl-PL","@id":"https:\/\/interdiamant.com\/pl\/#\/schema\/logo\/image\/","url":"https:\/\/interdiamant.com\/wp-content\/uploads\/2026\/01\/Logo-Interdiamant.svg","contentUrl":"https:\/\/interdiamant.com\/wp-content\/uploads\/2026\/01\/Logo-Interdiamant.svg","width":1,"height":1,"caption":"Interdiamant"},"image":{"@id":"https:\/\/interdiamant.com\/pl\/#\/schema\/logo\/image\/"}}]}},"_links":{"self":[{"href":"https:\/\/interdiamant.com\/pl\/wp-json\/wp\/v2\/product\/3853","targetHints":{"allow":["GET"]}}],"collection":[{"href":"https:\/\/interdiamant.com\/pl\/wp-json\/wp\/v2\/product"}],"about":[{"href":"https:\/\/interdiamant.com\/pl\/wp-json\/wp\/v2\/types\/product"}],"wp:featuredmedia":[{"embeddable":true,"href":"https:\/\/interdiamant.com\/pl\/wp-json\/wp\/v2\/media\/8090"}],"wp:attachment":[{"href":"https:\/\/interdiamant.com\/pl\/wp-json\/wp\/v2\/media?parent=3853"}],"wp:term":[{"taxonomy":"product_brand","embeddable":true,"href":"https:\/\/interdiamant.com\/pl\/wp-json\/wp\/v2\/product_brand?post=3853"},{"taxonomy":"product_cat","embeddable":true,"href":"https:\/\/interdiamant.com\/pl\/wp-json\/wp\/v2\/product_cat?post=3853"},{"taxonomy":"product_tag","embeddable":true,"href":"https:\/\/interdiamant.com\/pl\/wp-json\/wp\/v2\/product_tag?post=3853"}],"curies":[{"name":"wp","href":"https:\/\/api.w.org\/{rel}","templated":true}]}}