{"id":3842,"date":"2026-02-02T17:04:49","date_gmt":"2026-02-02T16:04:49","guid":{"rendered":"https:\/\/interdiamant.com\/product\/interdiamant-laser-welded-gc-tarcza-garnkowa-szlifierska\/"},"modified":"2026-02-02T17:04:49","modified_gmt":"2026-02-02T16:04:49","slug":"interdiamant-laser-welded-gc-tarcza-garnkowa-szlifierska","status":"publish","type":"product","link":"https:\/\/interdiamant.com\/pl\/produkt\/interdiamant-laser-welded-gc-tarcza-garnkowa-szlifierska\/","title":{"rendered":"InterDiamant Laser Welded-GC Tarcza garnkowa szlifierska"},"content":{"rendered":"<div class=\"ewa-rteLine\">SOFT \u2013 Do mi\u0119kkiego betonu i materia\u0142\u00f3w murarskich<\/div>\n<div class=\"ewa-rteLine\"><\/div>\n<div class=\"ewa-rteLine\">Ta tarcza do ci\u0119cia p\u0142ytek do mi\u0119kkiego betonu z klasyfikacj\u0105 SOFT zosta\u0142a specjalnie opracowana dla materia\u0142\u00f3w o niskiej twardo\u015bci i ograniczonej odporno\u015bci na \u015bcieranie. Dzi\u0119ki twardszemu spoiwu diament jest szybko uwalniany, co skutkuje wysok\u0105 pr\u0119dko\u015bci\u0105 ci\u0119cia i wiercenia oraz natychmiastow\u0105 wydajno\u015bci\u0105. <\/div>\n<div class=\"ewa-rteLine\"><\/div>\n<div class=\"ewa-rteLine\">Nadaje si\u0119 do zastosowa\u0144 takich jak ceg\u0142a wapienno-piaskowa, bloczki z betonu kom\u00f3rkowego, beton kom\u00f3rkowy i lekki beton (C20\/25). Idealna do \u015bcian nieno\u015bnych, element\u00f3w obrze\u017cy, ogrodze\u0144 i lekkich fundament\u00f3w. <\/div>\n<div class=\"ewa-rteLine\"><\/div>\n<div class=\"ewa-rteLine\">Optymalna r\u00f3wnowaga mi\u0119dzy spoiwem a diamentem zapobiega zatykaniu i niepotrzebnemu nagrzewaniu. Zapewnia to efektywn\u0105 prac\u0119 i sta\u0142e usuwanie materia\u0142u. <\/div>\n<div class=\"ewa-rteLine\"><\/div>\n<div class=\"ewa-rteLine\">Rada: u\u017cywa\u0107 tej klasyfikacji wy\u0142\u0105cznie do mi\u0119kkich materia\u0142\u00f3w. W twardszym betonie zu\u017cycie b\u0119dzie zbyt szybko wzrasta\u0107. <\/div>\n","protected":false},"excerpt":{"rendered":"<p>SOFT \u2013 Do mi\u0119kkiego betonu i materia\u0142\u00f3w murarskich Ta tarcza do ci\u0119cia p\u0142ytek do mi\u0119kkiego betonu z klasyfikacj\u0105 SOFT zosta\u0142a specjalnie opracowana dla materia\u0142\u00f3w o niskiej twardo\u015bci i ograniczonej odporno\u015bci na \u015bcieranie. Dzi\u0119ki twardszemu spoiwu diament jest szybko uwalniany, co skutkuje wysok\u0105 pr\u0119dko\u015bci\u0105 ci\u0119cia i wiercenia oraz natychmiastow\u0105 wydajno\u015bci\u0105. Nadaje si\u0119 do zastosowa\u0144 takich jak [&hellip;]<\/p>\n","protected":false},"featured_media":3845,"template":"","meta":{"_et_pb_use_builder":"","_et_pb_old_content":"","_et_gb_content_width":""},"product_brand":[],"product_cat":[636],"product_tag":[],"class_list":{"0":"post-3842","1":"product","2":"type-product","3":"status-publish","4":"has-post-thumbnail","6":"product_cat-specjalne","8":"first","9":"instock","10":"taxable","11":"shipping-taxable","12":"purchasable","13":"product-type-variable"},"bundled_by":[],"bundle_stock_status":"instock","bundle_stock_quantity":null,"bundle_virtual":false,"bundle_layout":"","bundle_add_to_cart_form_location":"","bundle_editable_in_cart":false,"bundle_sold_individually_context":"","bundle_item_grouping":"","bundle_min_size":"","bundle_max_size":"","bundle_price":[],"bundled_items":[],"bundle_sell_ids":[],"yoast_head":"<!-- This site is optimized with the Yoast SEO plugin v27.4 - https:\/\/yoast.com\/product\/yoast-seo-wordpress\/ -->\n<title>InterDiamant Laser Welded-GC Tarcza garnkowa szlifierska | Interdiamant<\/title>\n<meta name=\"robots\" content=\"index, follow, max-snippet:-1, max-image-preview:large, max-video-preview:-1\" \/>\n<link rel=\"canonical\" href=\"https:\/\/interdiamant.com\/pl\/produkt\/interdiamant-laser-welded-gc-tarcza-garnkowa-szlifierska\/\" \/>\n<meta property=\"og:locale\" content=\"pl_PL\" \/>\n<meta property=\"og:type\" content=\"article\" \/>\n<meta property=\"og:title\" content=\"InterDiamant Laser Welded-GC Tarcza garnkowa szlifierska | Interdiamant\" \/>\n<meta property=\"og:description\" content=\"SOFT \u2013 Do mi\u0119kkiego betonu i materia\u0142\u00f3w murarskich Ta tarcza do ci\u0119cia p\u0142ytek do mi\u0119kkiego betonu z klasyfikacj\u0105 SOFT zosta\u0142a specjalnie opracowana dla materia\u0142\u00f3w o niskiej twardo\u015bci i ograniczonej odporno\u015bci na \u015bcieranie. Dzi\u0119ki twardszemu spoiwu diament jest szybko uwalniany, co skutkuje wysok\u0105 pr\u0119dko\u015bci\u0105 ci\u0119cia i wiercenia oraz natychmiastow\u0105 wydajno\u015bci\u0105. Nadaje si\u0119 do zastosowa\u0144 takich jak [&hellip;]\" \/>\n<meta property=\"og:url\" content=\"https:\/\/interdiamant.com\/pl\/produkt\/interdiamant-laser-welded-gc-tarcza-garnkowa-szlifierska\/\" \/>\n<meta property=\"og:site_name\" content=\"Interdiamant\" \/>\n<meta property=\"og:image\" content=\"https:\/\/interdiamant.com\/wp-content\/uploads\/2026\/02\/Grinder-1008x1024.png\" \/>\n\t<meta property=\"og:image:width\" content=\"1008\" \/>\n\t<meta property=\"og:image:height\" content=\"1024\" \/>\n\t<meta property=\"og:image:type\" content=\"image\/png\" \/>\n<meta name=\"twitter:card\" content=\"summary_large_image\" \/>\n<meta name=\"twitter:label1\" content=\"Szacowany czas czytania\" \/>\n\t<meta name=\"twitter:data1\" content=\"1 minuta\" \/>\n<script type=\"application\/ld+json\" class=\"yoast-schema-graph\">{\"@context\":\"https:\\\/\\\/schema.org\",\"@graph\":[{\"@type\":\"WebPage\",\"@id\":\"https:\\\/\\\/interdiamant.com\\\/pl\\\/produkt\\\/interdiamant-laser-welded-gc-tarcza-garnkowa-szlifierska\\\/\",\"url\":\"https:\\\/\\\/interdiamant.com\\\/pl\\\/produkt\\\/interdiamant-laser-welded-gc-tarcza-garnkowa-szlifierska\\\/\",\"name\":\"InterDiamant Laser Welded-GC Tarcza garnkowa szlifierska | Interdiamant\",\"isPartOf\":{\"@id\":\"https:\\\/\\\/interdiamant.com\\\/pl\\\/#website\"},\"primaryImageOfPage\":{\"@id\":\"https:\\\/\\\/interdiamant.com\\\/pl\\\/produkt\\\/interdiamant-laser-welded-gc-tarcza-garnkowa-szlifierska\\\/#primaryimage\"},\"image\":{\"@id\":\"https:\\\/\\\/interdiamant.com\\\/pl\\\/produkt\\\/interdiamant-laser-welded-gc-tarcza-garnkowa-szlifierska\\\/#primaryimage\"},\"thumbnailUrl\":\"https:\\\/\\\/interdiamant.com\\\/wp-content\\\/uploads\\\/2026\\\/02\\\/Grinder.png\",\"datePublished\":\"2026-02-02T16:04:49+00:00\",\"breadcrumb\":{\"@id\":\"https:\\\/\\\/interdiamant.com\\\/pl\\\/produkt\\\/interdiamant-laser-welded-gc-tarcza-garnkowa-szlifierska\\\/#breadcrumb\"},\"inLanguage\":\"pl-PL\",\"potentialAction\":[{\"@type\":\"ReadAction\",\"target\":[\"https:\\\/\\\/interdiamant.com\\\/pl\\\/produkt\\\/interdiamant-laser-welded-gc-tarcza-garnkowa-szlifierska\\\/\"]}]},{\"@type\":\"ImageObject\",\"inLanguage\":\"pl-PL\",\"@id\":\"https:\\\/\\\/interdiamant.com\\\/pl\\\/produkt\\\/interdiamant-laser-welded-gc-tarcza-garnkowa-szlifierska\\\/#primaryimage\",\"url\":\"https:\\\/\\\/interdiamant.com\\\/wp-content\\\/uploads\\\/2026\\\/02\\\/Grinder.png\",\"contentUrl\":\"https:\\\/\\\/interdiamant.com\\\/wp-content\\\/uploads\\\/2026\\\/02\\\/Grinder.png\",\"width\":2056,\"height\":2088},{\"@type\":\"BreadcrumbList\",\"@id\":\"https:\\\/\\\/interdiamant.com\\\/pl\\\/produkt\\\/interdiamant-laser-welded-gc-tarcza-garnkowa-szlifierska\\\/#breadcrumb\",\"itemListElement\":[{\"@type\":\"ListItem\",\"position\":1,\"name\":\"Dom\",\"item\":\"https:\\\/\\\/interdiamant.com\\\/pl\\\/\"},{\"@type\":\"ListItem\",\"position\":2,\"name\":\"Sklep\",\"item\":\"https:\\\/\\\/interdiamant.com\\\/shop\\\/\"},{\"@type\":\"ListItem\",\"position\":3,\"name\":\"InterDiamant Laser Welded-GC Tarcza garnkowa szlifierska\"}]},{\"@type\":\"WebSite\",\"@id\":\"https:\\\/\\\/interdiamant.com\\\/pl\\\/#website\",\"url\":\"https:\\\/\\\/interdiamant.com\\\/pl\\\/\",\"name\":\"Interdiamant\",\"description\":\"\",\"publisher\":{\"@id\":\"https:\\\/\\\/interdiamant.com\\\/pl\\\/#organization\"},\"potentialAction\":[{\"@type\":\"SearchAction\",\"target\":{\"@type\":\"EntryPoint\",\"urlTemplate\":\"https:\\\/\\\/interdiamant.com\\\/pl\\\/?s={search_term_string}\"},\"query-input\":{\"@type\":\"PropertyValueSpecification\",\"valueRequired\":true,\"valueName\":\"search_term_string\"}}],\"inLanguage\":\"pl-PL\"},{\"@type\":\"Organization\",\"@id\":\"https:\\\/\\\/interdiamant.com\\\/pl\\\/#organization\",\"name\":\"Interdiamant\",\"url\":\"https:\\\/\\\/interdiamant.com\\\/pl\\\/\",\"logo\":{\"@type\":\"ImageObject\",\"inLanguage\":\"pl-PL\",\"@id\":\"https:\\\/\\\/interdiamant.com\\\/pl\\\/#\\\/schema\\\/logo\\\/image\\\/\",\"url\":\"https:\\\/\\\/interdiamant.com\\\/wp-content\\\/uploads\\\/2026\\\/01\\\/Logo-Interdiamant.svg\",\"contentUrl\":\"https:\\\/\\\/interdiamant.com\\\/wp-content\\\/uploads\\\/2026\\\/01\\\/Logo-Interdiamant.svg\",\"width\":1,\"height\":1,\"caption\":\"Interdiamant\"},\"image\":{\"@id\":\"https:\\\/\\\/interdiamant.com\\\/pl\\\/#\\\/schema\\\/logo\\\/image\\\/\"}}]}<\/script>\n<!-- \/ Yoast SEO plugin. -->","yoast_head_json":{"title":"InterDiamant Laser Welded-GC Tarcza garnkowa szlifierska | Interdiamant","robots":{"index":"index","follow":"follow","max-snippet":"max-snippet:-1","max-image-preview":"max-image-preview:large","max-video-preview":"max-video-preview:-1"},"canonical":"https:\/\/interdiamant.com\/pl\/produkt\/interdiamant-laser-welded-gc-tarcza-garnkowa-szlifierska\/","og_locale":"pl_PL","og_type":"article","og_title":"InterDiamant Laser Welded-GC Tarcza garnkowa szlifierska | Interdiamant","og_description":"SOFT \u2013 Do mi\u0119kkiego betonu i materia\u0142\u00f3w murarskich Ta tarcza do ci\u0119cia p\u0142ytek do mi\u0119kkiego betonu z klasyfikacj\u0105 SOFT zosta\u0142a specjalnie opracowana dla materia\u0142\u00f3w o niskiej twardo\u015bci i ograniczonej odporno\u015bci na \u015bcieranie. Dzi\u0119ki twardszemu spoiwu diament jest szybko uwalniany, co skutkuje wysok\u0105 pr\u0119dko\u015bci\u0105 ci\u0119cia i wiercenia oraz natychmiastow\u0105 wydajno\u015bci\u0105. Nadaje si\u0119 do zastosowa\u0144 takich jak [&hellip;]","og_url":"https:\/\/interdiamant.com\/pl\/produkt\/interdiamant-laser-welded-gc-tarcza-garnkowa-szlifierska\/","og_site_name":"Interdiamant","og_image":[{"width":1008,"height":1024,"url":"https:\/\/interdiamant.com\/wp-content\/uploads\/2026\/02\/Grinder-1008x1024.png","type":"image\/png"}],"twitter_card":"summary_large_image","twitter_misc":{"Szacowany czas czytania":"1 minuta"},"schema":{"@context":"https:\/\/schema.org","@graph":[{"@type":"WebPage","@id":"https:\/\/interdiamant.com\/pl\/produkt\/interdiamant-laser-welded-gc-tarcza-garnkowa-szlifierska\/","url":"https:\/\/interdiamant.com\/pl\/produkt\/interdiamant-laser-welded-gc-tarcza-garnkowa-szlifierska\/","name":"InterDiamant Laser Welded-GC Tarcza garnkowa szlifierska | Interdiamant","isPartOf":{"@id":"https:\/\/interdiamant.com\/pl\/#website"},"primaryImageOfPage":{"@id":"https:\/\/interdiamant.com\/pl\/produkt\/interdiamant-laser-welded-gc-tarcza-garnkowa-szlifierska\/#primaryimage"},"image":{"@id":"https:\/\/interdiamant.com\/pl\/produkt\/interdiamant-laser-welded-gc-tarcza-garnkowa-szlifierska\/#primaryimage"},"thumbnailUrl":"https:\/\/interdiamant.com\/wp-content\/uploads\/2026\/02\/Grinder.png","datePublished":"2026-02-02T16:04:49+00:00","breadcrumb":{"@id":"https:\/\/interdiamant.com\/pl\/produkt\/interdiamant-laser-welded-gc-tarcza-garnkowa-szlifierska\/#breadcrumb"},"inLanguage":"pl-PL","potentialAction":[{"@type":"ReadAction","target":["https:\/\/interdiamant.com\/pl\/produkt\/interdiamant-laser-welded-gc-tarcza-garnkowa-szlifierska\/"]}]},{"@type":"ImageObject","inLanguage":"pl-PL","@id":"https:\/\/interdiamant.com\/pl\/produkt\/interdiamant-laser-welded-gc-tarcza-garnkowa-szlifierska\/#primaryimage","url":"https:\/\/interdiamant.com\/wp-content\/uploads\/2026\/02\/Grinder.png","contentUrl":"https:\/\/interdiamant.com\/wp-content\/uploads\/2026\/02\/Grinder.png","width":2056,"height":2088},{"@type":"BreadcrumbList","@id":"https:\/\/interdiamant.com\/pl\/produkt\/interdiamant-laser-welded-gc-tarcza-garnkowa-szlifierska\/#breadcrumb","itemListElement":[{"@type":"ListItem","position":1,"name":"Dom","item":"https:\/\/interdiamant.com\/pl\/"},{"@type":"ListItem","position":2,"name":"Sklep","item":"https:\/\/interdiamant.com\/shop\/"},{"@type":"ListItem","position":3,"name":"InterDiamant Laser Welded-GC Tarcza garnkowa szlifierska"}]},{"@type":"WebSite","@id":"https:\/\/interdiamant.com\/pl\/#website","url":"https:\/\/interdiamant.com\/pl\/","name":"Interdiamant","description":"","publisher":{"@id":"https:\/\/interdiamant.com\/pl\/#organization"},"potentialAction":[{"@type":"SearchAction","target":{"@type":"EntryPoint","urlTemplate":"https:\/\/interdiamant.com\/pl\/?s={search_term_string}"},"query-input":{"@type":"PropertyValueSpecification","valueRequired":true,"valueName":"search_term_string"}}],"inLanguage":"pl-PL"},{"@type":"Organization","@id":"https:\/\/interdiamant.com\/pl\/#organization","name":"Interdiamant","url":"https:\/\/interdiamant.com\/pl\/","logo":{"@type":"ImageObject","inLanguage":"pl-PL","@id":"https:\/\/interdiamant.com\/pl\/#\/schema\/logo\/image\/","url":"https:\/\/interdiamant.com\/wp-content\/uploads\/2026\/01\/Logo-Interdiamant.svg","contentUrl":"https:\/\/interdiamant.com\/wp-content\/uploads\/2026\/01\/Logo-Interdiamant.svg","width":1,"height":1,"caption":"Interdiamant"},"image":{"@id":"https:\/\/interdiamant.com\/pl\/#\/schema\/logo\/image\/"}}]}},"_links":{"self":[{"href":"https:\/\/interdiamant.com\/pl\/wp-json\/wp\/v2\/product\/3842","targetHints":{"allow":["GET"]}}],"collection":[{"href":"https:\/\/interdiamant.com\/pl\/wp-json\/wp\/v2\/product"}],"about":[{"href":"https:\/\/interdiamant.com\/pl\/wp-json\/wp\/v2\/types\/product"}],"wp:featuredmedia":[{"embeddable":true,"href":"https:\/\/interdiamant.com\/pl\/wp-json\/wp\/v2\/media\/3845"}],"wp:attachment":[{"href":"https:\/\/interdiamant.com\/pl\/wp-json\/wp\/v2\/media?parent=3842"}],"wp:term":[{"taxonomy":"product_brand","embeddable":true,"href":"https:\/\/interdiamant.com\/pl\/wp-json\/wp\/v2\/product_brand?post=3842"},{"taxonomy":"product_cat","embeddable":true,"href":"https:\/\/interdiamant.com\/pl\/wp-json\/wp\/v2\/product_cat?post=3842"},{"taxonomy":"product_tag","embeddable":true,"href":"https:\/\/interdiamant.com\/pl\/wp-json\/wp\/v2\/product_tag?post=3842"}],"curies":[{"name":"wp","href":"https:\/\/api.w.org\/{rel}","templated":true}]}}