{"id":3268,"date":"2026-02-02T17:01:57","date_gmt":"2026-02-02T16:01:57","guid":{"rendered":"https:\/\/interdiamant.com\/product\/interdiamant-3dp-xpr-pila-pierscieniowa\/"},"modified":"2026-02-02T17:01:57","modified_gmt":"2026-02-02T16:01:57","slug":"interdiamant-3dp-xpr-pila-pierscieniowa","status":"publish","type":"product","link":"https:\/\/interdiamant.com\/pl\/produkt\/interdiamant-3dp-xpr-pila-pierscieniowa\/","title":{"rendered":"InterDiamant 3DP-XPR Pi\u0142a pier\u015bcieniowa"},"content":{"rendered":"<p>ULTRA HARD \u2013 Do bardzo twardego i mocno zbrojonego betonu<\/p>\n<p>Ta pi\u0142a pier\u015bcieniowa do bardzo twardego betonu, o klasyfikacji ULTRA HARD, jest przeznaczona do ekstremalnych warunk\u00f3w. Nadaje si\u0119 do betonu o wysokiej wytrzyma\u0142o\u015bci (C35\/45 do C60\/65) i mocno zbrojonych konstrukcji. <\/p>\n<p>Typowe zastosowania obejmuj\u0105 posadzki przemys\u0142owe, parkingi, mosty, wiadukty, wie\u017cowce i budownictwo komercyjne. Mi\u0119ksze spoiwo kompensuje twardo\u015b\u0107 betonu i zapewnia kontrolowane uwalnianie diament\u00f3w. <\/p>\n<p>Dzi\u0119ki temu narz\u0119dzie pozostaje ostre, nawet podczas d\u0142ugotrwa\u0142ego u\u017cytkowania w twardych i g\u0119stych konstrukcjach betonowych. Idealne do intensywnego, profesjonalnego ci\u0119cia betonu, gdzie niezawodno\u015b\u0107 jest kluczowa. <\/p>\n<p>Porada:<br \/>\nU\u017cywaj ULTRA HARD do klas o wysokiej wytrzyma\u0142o\u015bci lub mocnego zbrojenia, aby zapobiec utracie wydajno\u015bci.<\/p>\n","protected":false},"excerpt":{"rendered":"<p>ULTRA HARD \u2013 Do bardzo twardego i mocno zbrojonego betonu Ta pi\u0142a pier\u015bcieniowa do bardzo twardego betonu, o klasyfikacji ULTRA HARD, jest przeznaczona do ekstremalnych warunk\u00f3w. Nadaje si\u0119 do betonu o wysokiej wytrzyma\u0142o\u015bci (C35\/45 do C60\/65) i mocno zbrojonych konstrukcji. Typowe zastosowania obejmuj\u0105 posadzki przemys\u0142owe, parkingi, mosty, wiadukty, wie\u017cowce i budownictwo komercyjne. Mi\u0119ksze spoiwo kompensuje [&hellip;]<\/p>\n","protected":false},"featured_media":818,"template":"","meta":{"_et_pb_use_builder":"","_et_pb_old_content":"","_et_gb_content_width":""},"product_brand":[],"product_cat":[341,342],"product_tag":[],"class_list":{"0":"post-3268","1":"product","2":"type-product","3":"status-publish","4":"has-post-thumbnail","6":"product_cat-tarcza","7":"product_cat-tarcza-reczna","9":"first","10":"instock","11":"taxable","12":"shipping-taxable","13":"purchasable","14":"product-type-variable"},"bundled_by":[],"bundle_stock_status":"instock","bundle_stock_quantity":null,"bundle_virtual":false,"bundle_layout":"","bundle_add_to_cart_form_location":"","bundle_editable_in_cart":false,"bundle_sold_individually_context":"","bundle_item_grouping":"","bundle_min_size":"","bundle_max_size":"","bundle_price":[],"bundled_items":[],"bundle_sell_ids":[],"yoast_head":"<!-- This site is optimized with the Yoast SEO plugin v27.4 - https:\/\/yoast.com\/product\/yoast-seo-wordpress\/ -->\n<title>InterDiamant 3DP-XPR Pi\u0142a pier\u015bcieniowa | Interdiamant<\/title>\n<meta name=\"robots\" content=\"index, follow, max-snippet:-1, max-image-preview:large, max-video-preview:-1\" \/>\n<link rel=\"canonical\" href=\"https:\/\/interdiamant.com\/pl\/produkt\/interdiamant-3dp-xpr-pila-pierscieniowa\/\" \/>\n<meta property=\"og:locale\" content=\"pl_PL\" \/>\n<meta property=\"og:type\" content=\"article\" \/>\n<meta property=\"og:title\" content=\"InterDiamant 3DP-XPR Pi\u0142a pier\u015bcieniowa | Interdiamant\" \/>\n<meta property=\"og:description\" content=\"ULTRA HARD \u2013 Do bardzo twardego i mocno zbrojonego betonu Ta pi\u0142a pier\u015bcieniowa do bardzo twardego betonu, o klasyfikacji ULTRA HARD, jest przeznaczona do ekstremalnych warunk\u00f3w. Nadaje si\u0119 do betonu o wysokiej wytrzyma\u0142o\u015bci (C35\/45 do C60\/65) i mocno zbrojonych konstrukcji. Typowe zastosowania obejmuj\u0105 posadzki przemys\u0142owe, parkingi, mosty, wiadukty, wie\u017cowce i budownictwo komercyjne. Mi\u0119ksze spoiwo kompensuje [&hellip;]\" \/>\n<meta property=\"og:url\" content=\"https:\/\/interdiamant.com\/pl\/produkt\/interdiamant-3dp-xpr-pila-pierscieniowa\/\" \/>\n<meta property=\"og:site_name\" content=\"Interdiamant\" \/>\n<meta property=\"og:image\" content=\"https:\/\/interdiamant.com\/wp-content\/uploads\/2026\/01\/21PR2X.jpg\" \/>\n\t<meta property=\"og:image:width\" content=\"2362\" \/>\n\t<meta property=\"og:image:height\" content=\"2362\" \/>\n\t<meta property=\"og:image:type\" content=\"image\/jpeg\" \/>\n<meta name=\"twitter:card\" content=\"summary_large_image\" \/>\n<meta name=\"twitter:label1\" content=\"Szacowany czas czytania\" \/>\n\t<meta name=\"twitter:data1\" content=\"1 minuta\" \/>\n<script type=\"application\/ld+json\" class=\"yoast-schema-graph\">{\"@context\":\"https:\\\/\\\/schema.org\",\"@graph\":[{\"@type\":\"WebPage\",\"@id\":\"https:\\\/\\\/interdiamant.com\\\/pl\\\/produkt\\\/interdiamant-3dp-xpr-pila-pierscieniowa\\\/\",\"url\":\"https:\\\/\\\/interdiamant.com\\\/pl\\\/produkt\\\/interdiamant-3dp-xpr-pila-pierscieniowa\\\/\",\"name\":\"InterDiamant 3DP-XPR Pi\u0142a pier\u015bcieniowa | Interdiamant\",\"isPartOf\":{\"@id\":\"https:\\\/\\\/interdiamant.com\\\/pl\\\/#website\"},\"primaryImageOfPage\":{\"@id\":\"https:\\\/\\\/interdiamant.com\\\/pl\\\/produkt\\\/interdiamant-3dp-xpr-pila-pierscieniowa\\\/#primaryimage\"},\"image\":{\"@id\":\"https:\\\/\\\/interdiamant.com\\\/pl\\\/produkt\\\/interdiamant-3dp-xpr-pila-pierscieniowa\\\/#primaryimage\"},\"thumbnailUrl\":\"https:\\\/\\\/interdiamant.com\\\/wp-content\\\/uploads\\\/2026\\\/01\\\/21PR2X.jpg\",\"datePublished\":\"2026-02-02T16:01:57+00:00\",\"breadcrumb\":{\"@id\":\"https:\\\/\\\/interdiamant.com\\\/pl\\\/produkt\\\/interdiamant-3dp-xpr-pila-pierscieniowa\\\/#breadcrumb\"},\"inLanguage\":\"pl-PL\",\"potentialAction\":[{\"@type\":\"ReadAction\",\"target\":[\"https:\\\/\\\/interdiamant.com\\\/pl\\\/produkt\\\/interdiamant-3dp-xpr-pila-pierscieniowa\\\/\"]}]},{\"@type\":\"ImageObject\",\"inLanguage\":\"pl-PL\",\"@id\":\"https:\\\/\\\/interdiamant.com\\\/pl\\\/produkt\\\/interdiamant-3dp-xpr-pila-pierscieniowa\\\/#primaryimage\",\"url\":\"https:\\\/\\\/interdiamant.com\\\/wp-content\\\/uploads\\\/2026\\\/01\\\/21PR2X.jpg\",\"contentUrl\":\"https:\\\/\\\/interdiamant.com\\\/wp-content\\\/uploads\\\/2026\\\/01\\\/21PR2X.jpg\",\"width\":2362,\"height\":2362},{\"@type\":\"BreadcrumbList\",\"@id\":\"https:\\\/\\\/interdiamant.com\\\/pl\\\/produkt\\\/interdiamant-3dp-xpr-pila-pierscieniowa\\\/#breadcrumb\",\"itemListElement\":[{\"@type\":\"ListItem\",\"position\":1,\"name\":\"Dom\",\"item\":\"https:\\\/\\\/interdiamant.com\\\/pl\\\/\"},{\"@type\":\"ListItem\",\"position\":2,\"name\":\"Sklep\",\"item\":\"https:\\\/\\\/interdiamant.com\\\/shop\\\/\"},{\"@type\":\"ListItem\",\"position\":3,\"name\":\"InterDiamant 3DP-XPR Pi\u0142a pier\u015bcieniowa\"}]},{\"@type\":\"WebSite\",\"@id\":\"https:\\\/\\\/interdiamant.com\\\/pl\\\/#website\",\"url\":\"https:\\\/\\\/interdiamant.com\\\/pl\\\/\",\"name\":\"Interdiamant\",\"description\":\"\",\"publisher\":{\"@id\":\"https:\\\/\\\/interdiamant.com\\\/pl\\\/#organization\"},\"potentialAction\":[{\"@type\":\"SearchAction\",\"target\":{\"@type\":\"EntryPoint\",\"urlTemplate\":\"https:\\\/\\\/interdiamant.com\\\/pl\\\/?s={search_term_string}\"},\"query-input\":{\"@type\":\"PropertyValueSpecification\",\"valueRequired\":true,\"valueName\":\"search_term_string\"}}],\"inLanguage\":\"pl-PL\"},{\"@type\":\"Organization\",\"@id\":\"https:\\\/\\\/interdiamant.com\\\/pl\\\/#organization\",\"name\":\"Interdiamant\",\"url\":\"https:\\\/\\\/interdiamant.com\\\/pl\\\/\",\"logo\":{\"@type\":\"ImageObject\",\"inLanguage\":\"pl-PL\",\"@id\":\"https:\\\/\\\/interdiamant.com\\\/pl\\\/#\\\/schema\\\/logo\\\/image\\\/\",\"url\":\"https:\\\/\\\/interdiamant.com\\\/wp-content\\\/uploads\\\/2026\\\/01\\\/Logo-Interdiamant.svg\",\"contentUrl\":\"https:\\\/\\\/interdiamant.com\\\/wp-content\\\/uploads\\\/2026\\\/01\\\/Logo-Interdiamant.svg\",\"width\":1,\"height\":1,\"caption\":\"Interdiamant\"},\"image\":{\"@id\":\"https:\\\/\\\/interdiamant.com\\\/pl\\\/#\\\/schema\\\/logo\\\/image\\\/\"}}]}<\/script>\n<!-- \/ Yoast SEO plugin. -->","yoast_head_json":{"title":"InterDiamant 3DP-XPR Pi\u0142a pier\u015bcieniowa | Interdiamant","robots":{"index":"index","follow":"follow","max-snippet":"max-snippet:-1","max-image-preview":"max-image-preview:large","max-video-preview":"max-video-preview:-1"},"canonical":"https:\/\/interdiamant.com\/pl\/produkt\/interdiamant-3dp-xpr-pila-pierscieniowa\/","og_locale":"pl_PL","og_type":"article","og_title":"InterDiamant 3DP-XPR Pi\u0142a pier\u015bcieniowa | Interdiamant","og_description":"ULTRA HARD \u2013 Do bardzo twardego i mocno zbrojonego betonu Ta pi\u0142a pier\u015bcieniowa do bardzo twardego betonu, o klasyfikacji ULTRA HARD, jest przeznaczona do ekstremalnych warunk\u00f3w. Nadaje si\u0119 do betonu o wysokiej wytrzyma\u0142o\u015bci (C35\/45 do C60\/65) i mocno zbrojonych konstrukcji. Typowe zastosowania obejmuj\u0105 posadzki przemys\u0142owe, parkingi, mosty, wiadukty, wie\u017cowce i budownictwo komercyjne. Mi\u0119ksze spoiwo kompensuje [&hellip;]","og_url":"https:\/\/interdiamant.com\/pl\/produkt\/interdiamant-3dp-xpr-pila-pierscieniowa\/","og_site_name":"Interdiamant","og_image":[{"width":2362,"height":2362,"url":"https:\/\/interdiamant.com\/wp-content\/uploads\/2026\/01\/21PR2X.jpg","type":"image\/jpeg"}],"twitter_card":"summary_large_image","twitter_misc":{"Szacowany czas czytania":"1 minuta"},"schema":{"@context":"https:\/\/schema.org","@graph":[{"@type":"WebPage","@id":"https:\/\/interdiamant.com\/pl\/produkt\/interdiamant-3dp-xpr-pila-pierscieniowa\/","url":"https:\/\/interdiamant.com\/pl\/produkt\/interdiamant-3dp-xpr-pila-pierscieniowa\/","name":"InterDiamant 3DP-XPR Pi\u0142a pier\u015bcieniowa | Interdiamant","isPartOf":{"@id":"https:\/\/interdiamant.com\/pl\/#website"},"primaryImageOfPage":{"@id":"https:\/\/interdiamant.com\/pl\/produkt\/interdiamant-3dp-xpr-pila-pierscieniowa\/#primaryimage"},"image":{"@id":"https:\/\/interdiamant.com\/pl\/produkt\/interdiamant-3dp-xpr-pila-pierscieniowa\/#primaryimage"},"thumbnailUrl":"https:\/\/interdiamant.com\/wp-content\/uploads\/2026\/01\/21PR2X.jpg","datePublished":"2026-02-02T16:01:57+00:00","breadcrumb":{"@id":"https:\/\/interdiamant.com\/pl\/produkt\/interdiamant-3dp-xpr-pila-pierscieniowa\/#breadcrumb"},"inLanguage":"pl-PL","potentialAction":[{"@type":"ReadAction","target":["https:\/\/interdiamant.com\/pl\/produkt\/interdiamant-3dp-xpr-pila-pierscieniowa\/"]}]},{"@type":"ImageObject","inLanguage":"pl-PL","@id":"https:\/\/interdiamant.com\/pl\/produkt\/interdiamant-3dp-xpr-pila-pierscieniowa\/#primaryimage","url":"https:\/\/interdiamant.com\/wp-content\/uploads\/2026\/01\/21PR2X.jpg","contentUrl":"https:\/\/interdiamant.com\/wp-content\/uploads\/2026\/01\/21PR2X.jpg","width":2362,"height":2362},{"@type":"BreadcrumbList","@id":"https:\/\/interdiamant.com\/pl\/produkt\/interdiamant-3dp-xpr-pila-pierscieniowa\/#breadcrumb","itemListElement":[{"@type":"ListItem","position":1,"name":"Dom","item":"https:\/\/interdiamant.com\/pl\/"},{"@type":"ListItem","position":2,"name":"Sklep","item":"https:\/\/interdiamant.com\/shop\/"},{"@type":"ListItem","position":3,"name":"InterDiamant 3DP-XPR Pi\u0142a pier\u015bcieniowa"}]},{"@type":"WebSite","@id":"https:\/\/interdiamant.com\/pl\/#website","url":"https:\/\/interdiamant.com\/pl\/","name":"Interdiamant","description":"","publisher":{"@id":"https:\/\/interdiamant.com\/pl\/#organization"},"potentialAction":[{"@type":"SearchAction","target":{"@type":"EntryPoint","urlTemplate":"https:\/\/interdiamant.com\/pl\/?s={search_term_string}"},"query-input":{"@type":"PropertyValueSpecification","valueRequired":true,"valueName":"search_term_string"}}],"inLanguage":"pl-PL"},{"@type":"Organization","@id":"https:\/\/interdiamant.com\/pl\/#organization","name":"Interdiamant","url":"https:\/\/interdiamant.com\/pl\/","logo":{"@type":"ImageObject","inLanguage":"pl-PL","@id":"https:\/\/interdiamant.com\/pl\/#\/schema\/logo\/image\/","url":"https:\/\/interdiamant.com\/wp-content\/uploads\/2026\/01\/Logo-Interdiamant.svg","contentUrl":"https:\/\/interdiamant.com\/wp-content\/uploads\/2026\/01\/Logo-Interdiamant.svg","width":1,"height":1,"caption":"Interdiamant"},"image":{"@id":"https:\/\/interdiamant.com\/pl\/#\/schema\/logo\/image\/"}}]}},"_links":{"self":[{"href":"https:\/\/interdiamant.com\/pl\/wp-json\/wp\/v2\/product\/3268","targetHints":{"allow":["GET"]}}],"collection":[{"href":"https:\/\/interdiamant.com\/pl\/wp-json\/wp\/v2\/product"}],"about":[{"href":"https:\/\/interdiamant.com\/pl\/wp-json\/wp\/v2\/types\/product"}],"wp:featuredmedia":[{"embeddable":true,"href":"https:\/\/interdiamant.com\/pl\/wp-json\/wp\/v2\/media\/818"}],"wp:attachment":[{"href":"https:\/\/interdiamant.com\/pl\/wp-json\/wp\/v2\/media?parent=3268"}],"wp:term":[{"taxonomy":"product_brand","embeddable":true,"href":"https:\/\/interdiamant.com\/pl\/wp-json\/wp\/v2\/product_brand?post=3268"},{"taxonomy":"product_cat","embeddable":true,"href":"https:\/\/interdiamant.com\/pl\/wp-json\/wp\/v2\/product_cat?post=3268"},{"taxonomy":"product_tag","embeddable":true,"href":"https:\/\/interdiamant.com\/pl\/wp-json\/wp\/v2\/product_tag?post=3268"}],"curies":[{"name":"wp","href":"https:\/\/api.w.org\/{rel}","templated":true}]}}