{"id":3262,"date":"2026-01-30T16:43:44","date_gmt":"2026-01-30T15:43:44","guid":{"rendered":"https:\/\/interdiamant.com\/polityka-prywatnosci\/"},"modified":"2026-02-12T11:40:10","modified_gmt":"2026-02-12T10:40:10","slug":"polityka-prywatnosci","status":"publish","type":"page","link":"https:\/\/interdiamant.com\/pl\/polityka-prywatnosci\/","title":{"rendered":"Polityka prywatno\u015bci"},"content":{"rendered":"\n[et_pb_section fb_built=&#8221;1&#8243; admin_label=&#8221;Contentheader&#8221; _builder_version=&#8221;4.27.5&#8243; _module_preset=&#8221;default&#8221; use_background_color_gradient=&#8221;on&#8221; background_color_gradient_stops=&#8221;rgba(2,2,2,0.55) 0%|rgba(2,2,2,0.25) 100%&#8221; background_color_gradient_overlays_image=&#8221;on&#8221; background_image=&#8221;https:\/\/interdiamant.com\/wp-content\/uploads\/2026\/01\/e503a3873eb0ad5dcde729df3956e6e7360fad95.jpg&#8221; background_position=&#8221;top_center&#8221; background_vertical_offset=&#8221;70%&#8221; height=&#8221;512px&#8221; height_tablet=&#8221;512px&#8221; height_phone=&#8221;342px&#8221; height_last_edited=&#8221;on|tablet&#8221; custom_css_free_form=&#8221;\/* Witte driehoek \u2013 rechtsboven *\/||selector::before {||    content: %22%22;||  \tdisplay: inline-block !important;||    opacity: 1 !important;||    position: absolute;||    right: 0px;\t||  \ttop: 0;||    width: 93px;||    height: 241px;||    background-color: #000000;||    clip-path: polygon(0% 0%, 100% 0%, 100% 100%);||}||||\/* Oranje driehoek rechtsonder *\/||selector::after {||  content: %22%22;||  display: inline-block !important;||  opacity: 1 !important;||  position: absolute;||  right: 0px;\t||  bottom: 0;||  width: 110px;||  height: 305px;||  background-color: #E9530D;||  clip-path: polygon(0% 100%, 100% 100%, 100% 0%);||}||||@media screen and (min-width: 980px) {||  \/* Witte driehoek \u2013 rechtsboven *\/||selector::before {||  \tcontent: %22%22;||  \tdisplay: inline-block !important;||    opacity: 1 !important;||    position: absolute;||    right: 0px;\t||  \ttop: 0;||    width: 231px;||    height: 364px;||    background-color: #000000;||    clip-path: polygon(0% 0%, 100% 0%, 100% 100%);||  }||  ||@media screen and (min-width: 980px) {  ||  \/* Oranje driehoek rechtsonder *\/||selector::after {||  content: %22%22;||  display: inline-block !important;||  opacity: 1 !important;||  position: absolute;||  right: 0px;\t||  bottom: 0;||  width: 327px;||  height: 417px;||  background-color: #E9530D;||  clip-path: polygon(0% 100%, 100% 100%, 100% 0%);||}||  } ||} ||&#8221; locked=&#8221;off&#8221; global_colors_info=&#8221;{}&#8221;][et_pb_row _builder_version=&#8221;4.27.5&#8243; _module_preset=&#8221;default&#8221; positioning=&#8221;absolute&#8221; position_origin_a=&#8221;bottom_left&#8221; vertical_offset=&#8221;-40px&#8221; max_width=&#8221;156px&#8221; global_colors_info=&#8221;{}&#8221;][et_pb_column type=&#8221;4_4&#8243; _builder_version=&#8221;4.27.5&#8243; _module_preset=&#8221;default&#8221; global_colors_info=&#8221;{}&#8221;][et_pb_image src=&#8221;https:\/\/interdiamant.com\/wp-content\/uploads\/2026\/01\/Vector-6.png&#8221; title_text=&#8221;Wektor (7)&#8221; src_tablet=&#8221;https:\/\/interdiamant.com\/wp-content\/uploads\/2026\/01\/Vector-6.png&#8221; src_phone=&#8221;https:\/\/interdiamant.com\/wp-content\/uploads\/2026\/01\/Vector-7.png&#8221; src_last_edited=&#8221;on|phone&#8221; _builder_version=&#8221;4.27.5&#8243; _module_preset=&#8221;default&#8221; height_tablet=&#8221;&#8221; height_phone=&#8221;51px&#8221; height_last_edited=&#8221;on|phone&#8221; global_colors_info=&#8221;{}&#8221;][\/et_pb_image][\/et_pb_column][\/et_pb_row][\/et_pb_section][et_pb_section fb_built=&#8221;1&#8243; _builder_version=&#8221;4.27.5&#8243; _module_preset=&#8221;default&#8221; global_colors_info=&#8221;{}&#8221;][et_pb_row column_structure=&#8221;2_3,1_3&#8243; _builder_version=&#8221;4.27.5&#8243; _module_preset=&#8221;default&#8221; global_colors_info=&#8221;{}&#8221;][et_pb_column type=&#8221;2_3&#8243; _builder_version=&#8221;4.27.5&#8243; _module_preset=&#8221;default&#8221; global_colors_info=&#8221;{}&#8221;][et_pb_text _builder_version=&#8221;4.27.5&#8243; _module_preset=&#8221;default&#8221; hover_enabled=&#8221;0&#8243; global_colors_info=&#8221;{}&#8221; text_font=&#8221;Kanit-Light||||||||&#8221; sticky_enabled=&#8221;0&#8243;]<h2 data-start=\"315\" data-end=\"332\">Polityka prywatno\u015bci<\/h2>\n<p data-start=\"334\" data-end=\"362\"><strong data-start=\"334\" data-end=\"351\">Ostatnia aktualizacja:<\/strong> 30 stycznia 2026 roku<\/p>\n<p data-start=\"364\" data-end=\"581\">InterDiamant szanuje Pa\u0144stwa prywatno\u015b\u0107 i zobowi\u0105zuje si\u0119 do ochrony Pa\u0144stwa danych osobowych. Niniejsza Polityka Prywatno\u015bci wyja\u015bnia, w jaki spos\u00f3b zbieramy, wykorzystujemy, przechowujemy i chronimy dane osobowe podczas Pa\u0144stwa wizyty na naszej stronie internetowej lub kontaktu z nami. <\/p>\n<h3 data-start=\"583\" data-end=\"600\">1. Kim Jeste\u015bmy<\/h3>\n<p data-start=\"602\" data-end=\"728\">InterDiamant jest dostawc\u0105 profesjonalnych narz\u0119dzi diamentowych do zastosowa\u0144 w budownictwie, wierceniu, ci\u0119ciu i infrastrukturze.<\/p>\n<p data-start=\"730\" data-end=\"825\"><strong data-start=\"730\" data-end=\"750\">Administrator danych:<\/strong><br data-start=\"750\" data-end=\"753\">InterDiamant B.V.<br data-start=\"770\" data-end=\"773\">Brusselstraat 51<br data-start=\"790\" data-end=\"793\">contact@interdiamant.com<br data-start=\"808\" data-end=\"811\">+3271962521<\/p>\n<p data-start=\"827\" data-end=\"946\">W przypadku pyta\u0144 dotycz\u0105cych niniejszej Polityki Prywatno\u015bci lub sposobu, w jaki przetwarzamy Pa\u0144stwa dane, prosimy o kontakt, korzystaj\u0105c z powy\u017cszych danych.<\/p>\n<hr data-start=\"948\" data-end=\"951\">\n<h3 data-start=\"953\" data-end=\"989\">2. Jakie dane osobowe zbieramy<\/h3>\n<p data-start=\"991\" data-end=\"1063\">Zbieramy wy\u0142\u0105cznie niezb\u0119dne i istotne dane osobowe, w tym:<\/p>\n<ul data-start=\"1065\" data-end=\"1204\">\n<li data-start=\"1065\" data-end=\"1073\">\n<p data-start=\"1067\" data-end=\"1073\">Imi\u0119 i nazwisko<\/p>\n<\/li>\n<li data-start=\"1074\" data-end=\"1090\">\n<p data-start=\"1076\" data-end=\"1090\">Nazwa firmy<\/p>\n<\/li>\n<li data-start=\"1091\" data-end=\"1108\">\n<p data-start=\"1093\" data-end=\"1108\">Adres e-mail<\/p>\n<\/li>\n<li data-start=\"1109\" data-end=\"1125\">\n<p data-start=\"1111\" data-end=\"1125\">Numer telefonu<\/p>\n<\/li>\n<li data-start=\"1126\" data-end=\"1204\">\n<p data-start=\"1128\" data-end=\"1204\">Wszelkie informacje, kt\u00f3re dobrowolnie Pa\u0144stwo podaj\u0105 za po\u015brednictwem formularzy kontaktowych, poczty elektronicznej lub telefonu<\/p>\n<\/li>\n<\/ul>\n<p data-start=\"1206\" data-end=\"1266\"><strong data-start=\"1212\" data-end=\"1219\">Nie<\/strong> zbieramy celowo wra\u017cliwych danych osobowych.<\/p>\n<hr data-start=\"1268\" data-end=\"1271\">\n<h3 data-start=\"1273\" data-end=\"1300\">3. Jak wykorzystujemy Pa\u0144stwa dane<\/h3>\n<p data-start=\"1302\" data-end=\"1355\">Pa\u0144stwa dane osobowe wykorzystujemy w nast\u0119puj\u0105cych celach:<\/p>\n<ul data-start=\"1357\" data-end=\"1623\">\n<li data-start=\"1357\" data-end=\"1396\">\n<p data-start=\"1359\" data-end=\"1396\">Aby odpowiada\u0107 na zapytania lub pro\u015bby<\/p>\n<\/li>\n<li data-start=\"1397\" data-end=\"1452\">\n<p data-start=\"1399\" data-end=\"1452\">Aby dostarcza\u0107 informacje o produktach lub wsparcie techniczne<\/p>\n<\/li>\n<li data-start=\"1453\" data-end=\"1532\">\n<p data-start=\"1455\" data-end=\"1532\">Aby zarz\u0105dza\u0107 relacjami biznesowymi z klientami, dystrybutorami i partnerami<\/p>\n<\/li>\n<li data-start=\"1533\" data-end=\"1572\">\n<p data-start=\"1535\" data-end=\"1572\">Aby ulepsza\u0107 nasz\u0105 stron\u0119 internetow\u0105 i us\u0142ugi<\/p>\n<\/li>\n<li data-start=\"1573\" data-end=\"1623\">\n<p data-start=\"1575\" data-end=\"1623\">Aby spe\u0142nia\u0107 obowi\u0105zki prawne lub regulacyjne<\/p>\n<\/li>\n<\/ul>\n<p data-start=\"1625\" data-end=\"1699\">Pa\u0144stwa dane nigdy nie s\u0105 wykorzystywane do cel\u00f3w niezgodnych z wymienionymi powy\u017cej.<\/p>\n<hr data-start=\"1701\" data-end=\"1704\">\n<h3 data-start=\"1706\" data-end=\"1739\">4. Podstawa prawna przetwarzania<\/h3>\n<p data-start=\"1741\" data-end=\"1818\">Przetwarzamy dane osobowe na podstawie jednej lub wi\u0119cej z nast\u0119puj\u0105cych podstaw prawnych:<\/p>\n<ul data-start=\"1820\" data-end=\"2023\">\n<li data-start=\"1820\" data-end=\"1836\">\n<p data-start=\"1822\" data-end=\"1836\">Pa\u0144stwa zgoda<\/p>\n<\/li>\n<li data-start=\"1837\" data-end=\"1895\">\n<p data-start=\"1839\" data-end=\"1895\">Wykonanie umowy lub podj\u0119cie dzia\u0142a\u0144 przedumownych<\/p>\n<\/li>\n<li data-start=\"1896\" data-end=\"1933\">\n<p data-start=\"1898\" data-end=\"1933\">Zgodno\u015b\u0107 z obowi\u0105zkami prawnymi<\/p>\n<\/li>\n<li data-start=\"1934\" data-end=\"2023\">\n<p data-start=\"1936\" data-end=\"2023\">Uzasadnione interesy biznesowe, takie jak komunikacja z klientami i ulepszanie us\u0142ug<\/p>\n<\/li>\n<\/ul>\n<hr data-start=\"2025\" data-end=\"2028\">\n<h3 data-start=\"2030\" data-end=\"2049\">5. Udost\u0119pnianie danych<\/h3>\n<p data-start=\"2051\" data-end=\"2097\"><strong data-start=\"2057\" data-end=\"2064\">Nie<\/strong> sprzedajemy ani nie wynajmujemy Pa\u0144stwa danych osobowych.<\/p>\n<p data-start=\"2099\" data-end=\"2133\">Pa\u0144stwa dane mog\u0105 by\u0107 udost\u0119pniane wy\u0142\u0105cznie:<\/p>\n<ul data-start=\"2134\" data-end=\"2266\">\n<li data-start=\"2134\" data-end=\"2230\">\n<p data-start=\"2136\" data-end=\"2230\">Zaufanym dostawcom us\u0142ug, kt\u00f3rzy wspieraj\u0105 nasze dzia\u0142ania biznesowe (np. dostawcom IT lub hostingu)<\/p>\n<\/li>\n<li data-start=\"2231\" data-end=\"2266\">\n<p data-start=\"2233\" data-end=\"2266\">W\u0142adzom, je\u015bli jest to wymagane przez prawo<\/p>\n<\/li>\n<\/ul>\n<p data-start=\"2268\" data-end=\"2375\">Wszystkie strony trzecie s\u0105 zobowi\u0105zane do bezpiecznego przetwarzania Pa\u0144stwa danych i zgodnie z obowi\u0105zuj\u0105cymi przepisami o ochronie prywatno\u015bci.<\/p>\n<hr data-start=\"2377\" data-end=\"2380\">\n<h3 data-start=\"2382\" data-end=\"2403\">6. Przechowywanie danych<\/h3>\n<p data-start=\"2405\" data-end=\"2607\">Przechowujemy dane osobowe tylko tak d\u0142ugo, jak jest to konieczne do realizacji cel\u00f3w opisanych w niniejszej polityce lub do spe\u0142nienia wymog\u00f3w prawnych. Gdy dane nie s\u0105 ju\u017c potrzebne, s\u0105 bezpiecznie usuwane lub anonimizowane. <\/p>\n<hr data-start=\"2609\" data-end=\"2612\">\n<h3 data-start=\"2614\" data-end=\"2634\">7. Bezpiecze\u0144stwo danych<\/h3>\n<p data-start=\"2636\" data-end=\"2799\">InterDiamant podejmuje odpowiednie \u015brodki techniczne i organizacyjne w celu ochrony danych osobowych przed utrat\u0105, niew\u0142a\u015bciwym wykorzystaniem, nieuprawnionym dost\u0119pem, ujawnieniem lub zmian\u0105.<\/p>\n<hr data-start=\"2801\" data-end=\"2804\">\n<h3 data-start=\"2806\" data-end=\"2824\">8. Pa\u0144stwa prawa<\/h3>\n<p data-start=\"2826\" data-end=\"2901\">Zgodnie z Og\u00f3lnym Rozporz\u0105dzeniem o Ochronie Danych (RODO) maj\u0105 Pa\u0144stwo prawo do:<\/p>\n<ul data-start=\"2903\" data-end=\"3131\">\n<li data-start=\"2903\" data-end=\"2932\">\n<p data-start=\"2905\" data-end=\"2932\">Dost\u0119pu do swoich danych osobowych<\/p>\n<\/li>\n<li data-start=\"2933\" data-end=\"2974\">\n<p data-start=\"2935\" data-end=\"2974\">Korygowania niedok\u0142adnych lub niekompletnych danych<\/p>\n<\/li>\n<li data-start=\"2975\" data-end=\"3008\">\n<p data-start=\"2977\" data-end=\"3008\">\u017b\u0105dania usuni\u0119cia swoich danych<\/p>\n<\/li>\n<li data-start=\"3009\" data-end=\"3050\">\n<p data-start=\"3011\" data-end=\"3050\">Ograniczenia lub sprzeciwu wobec przetwarzania danych<\/p>\n<\/li>\n<li data-start=\"3051\" data-end=\"3079\">\n<p data-start=\"3053\" data-end=\"3079\">\u017b\u0105dania przenoszenia danych<\/p>\n<\/li>\n<li data-start=\"3080\" data-end=\"3131\">\n<p data-start=\"3082\" data-end=\"3131\">Wycofania zgody w dowolnym momencie (je\u015bli dotyczy)<\/p>\n<\/li>\n<\/ul>\n<p data-start=\"3133\" data-end=\"3204\">Mog\u0105 Pa\u0144stwo skorzysta\u0107 z tych praw, kontaktuj\u0105c si\u0119 z nami, korzystaj\u0105c z powy\u017cszych danych.<\/p>\n<hr data-start=\"3206\" data-end=\"3209\">\n<h3 data-start=\"3211\" data-end=\"3225\">9. Pliki cookie<\/h3>\n<p data-start=\"3227\" data-end=\"3399\">Nasza strona internetowa mo\u017ce u\u017cywa\u0107 plik\u00f3w cookie w celu zapewnienia prawid\u0142owego funkcjonowania i poprawy komfortu u\u017cytkowania. Aby uzyska\u0107 wi\u0119cej informacji, prosimy zapozna\u0107 si\u0119 z nasz\u0105 Polityk\u0105 plik\u00f3w cookie [lub doda\u0107 link, je\u015bli dotyczy]. <\/p>\n<hr data-start=\"3401\" data-end=\"3404\">\n<h3 data-start=\"3406\" data-end=\"3436\">10. Zmiany w niniejszej Polityce<\/h3>\n<p data-start=\"3438\" data-end=\"3583\">Niniejsza Polityka Prywatno\u015bci mo\u017ce by\u0107 od czasu do czasu aktualizowana. Wszelkie zmiany zostan\u0105 opublikowane na tej stronie, z aktualn\u0105 dat\u0105 rewizji widoczn\u0105 na g\u00f3rze. <\/p>\n<hr data-start=\"3585\" data-end=\"3588\">\n<h3 data-start=\"3590\" data-end=\"3605\">11. Kontakt<\/h3>\n<p data-start=\"3607\" data-end=\"3714\">W przypadku pyta\u0144 lub w\u0105tpliwo\u015bci dotycz\u0105cych niniejszej Polityki Prywatno\u015bci lub sposobu przetwarzania Pa\u0144stwa danych, prosimy o kontakt:<\/p>\n<p data-start=\"3716\" data-end=\"3770\"><strong data-start=\"3716\" data-end=\"3726\">E-mail:<\/strong> contact@interdiamant.com<br data-start=\"3742\" data-end=\"3745\"><strong data-start=\"3745\" data-end=\"3755\">Telefon:<\/strong> +3271962521<\/p>[\/et_pb_text][\/et_pb_column][et_pb_column type=&#8221;1_3&#8243; _builder_version=&#8221;4.27.5&#8243; _module_preset=&#8221;default&#8221; global_colors_info=&#8221;{}&#8221;][\/et_pb_column][\/et_pb_row][\/et_pb_section]\n","protected":false},"excerpt":{"rendered":"<p>Polityka prywatno\u015bci Ostatnia aktualizacja: 30 stycznia 2026 roku InterDiamant szanuje Pa\u0144stwa prywatno\u015b\u0107 i zobowi\u0105zuje si\u0119 do ochrony Pa\u0144stwa danych osobowych. Niniejsza Polityka Prywatno\u015bci wyja\u015bnia, w jaki spos\u00f3b zbieramy, wykorzystujemy, przechowujemy i chronimy dane osobowe podczas Pa\u0144stwa wizyty na naszej stronie internetowej lub kontaktu z nami. 1. Kim Jeste\u015bmy InterDiamant jest dostawc\u0105 profesjonalnych narz\u0119dzi diamentowych do [&hellip;]<\/p>\n","protected":false},"author":2,"featured_media":0,"parent":0,"menu_order":0,"comment_status":"closed","ping_status":"closed","template":"","meta":{"_et_pb_use_builder":"on","_et_pb_old_content":"","_et_gb_content_width":"","footnotes":""},"class_list":["post-3262","page","type-page","status-publish","hentry"],"yoast_head":"<!-- This site is optimized with the Yoast SEO plugin v27.4 - https:\/\/yoast.com\/product\/yoast-seo-wordpress\/ -->\n<title>Polityka prywatno\u015bci | Interdiamant<\/title>\n<meta name=\"robots\" content=\"noindex, nofollow\" \/>\n<meta property=\"og:locale\" content=\"pl_PL\" \/>\n<meta property=\"og:type\" content=\"article\" \/>\n<meta property=\"og:title\" content=\"Polityka prywatno\u015bci | Interdiamant\" \/>\n<meta property=\"og:description\" content=\"Polityka prywatno\u015bci Ostatnia aktualizacja: 30 stycznia 2026 roku InterDiamant szanuje Pa\u0144stwa prywatno\u015b\u0107 i zobowi\u0105zuje si\u0119 do ochrony Pa\u0144stwa danych osobowych. Niniejsza Polityka Prywatno\u015bci wyja\u015bnia, w jaki spos\u00f3b zbieramy, wykorzystujemy, przechowujemy i chronimy dane osobowe podczas Pa\u0144stwa wizyty na naszej stronie internetowej lub kontaktu z nami. 1. Kim Jeste\u015bmy InterDiamant jest dostawc\u0105 profesjonalnych narz\u0119dzi diamentowych do [&hellip;]\" \/>\n<meta property=\"og:url\" content=\"https:\/\/interdiamant.com\/pl\/polityka-prywatnosci\/\" \/>\n<meta property=\"og:site_name\" content=\"Interdiamant\" \/>\n<meta property=\"article:modified_time\" content=\"2026-02-12T10:40:10+00:00\" \/>\n<meta property=\"og:image\" content=\"https:\/\/interdiamant.com\/wp-content\/uploads\/2026\/01\/OpenGraph-Interdiamant.png\" \/>\n\t<meta property=\"og:image:width\" content=\"1200\" \/>\n\t<meta property=\"og:image:height\" content=\"675\" \/>\n\t<meta property=\"og:image:type\" content=\"image\/png\" \/>\n<meta name=\"twitter:card\" content=\"summary_large_image\" \/>\n<meta name=\"twitter:label1\" content=\"Szacowany czas czytania\" \/>\n\t<meta name=\"twitter:data1\" content=\"5 minuta\" \/>\n<script type=\"application\/ld+json\" class=\"yoast-schema-graph\">{\"@context\":\"https:\\\/\\\/schema.org\",\"@graph\":[{\"@type\":\"WebPage\",\"@id\":\"https:\\\/\\\/interdiamant.com\\\/pl\\\/polityka-prywatnosci\\\/\",\"url\":\"https:\\\/\\\/interdiamant.com\\\/pl\\\/polityka-prywatnosci\\\/\",\"name\":\"Polityka prywatno\u015bci | Interdiamant\",\"isPartOf\":{\"@id\":\"https:\\\/\\\/interdiamant.com\\\/pl\\\/#website\"},\"datePublished\":\"2026-01-30T15:43:44+00:00\",\"dateModified\":\"2026-02-12T10:40:10+00:00\",\"breadcrumb\":{\"@id\":\"https:\\\/\\\/interdiamant.com\\\/pl\\\/polityka-prywatnosci\\\/#breadcrumb\"},\"inLanguage\":\"pl-PL\",\"potentialAction\":[{\"@type\":\"ReadAction\",\"target\":[\"https:\\\/\\\/interdiamant.com\\\/pl\\\/polityka-prywatnosci\\\/\"]}]},{\"@type\":\"BreadcrumbList\",\"@id\":\"https:\\\/\\\/interdiamant.com\\\/pl\\\/polityka-prywatnosci\\\/#breadcrumb\",\"itemListElement\":[{\"@type\":\"ListItem\",\"position\":1,\"name\":\"Dom\",\"item\":\"https:\\\/\\\/interdiamant.com\\\/pl\\\/\"},{\"@type\":\"ListItem\",\"position\":2,\"name\":\"Polityka prywatno\u015bci\"}]},{\"@type\":\"WebSite\",\"@id\":\"https:\\\/\\\/interdiamant.com\\\/pl\\\/#website\",\"url\":\"https:\\\/\\\/interdiamant.com\\\/pl\\\/\",\"name\":\"Interdiamant\",\"description\":\"\",\"publisher\":{\"@id\":\"https:\\\/\\\/interdiamant.com\\\/pl\\\/#organization\"},\"potentialAction\":[{\"@type\":\"SearchAction\",\"target\":{\"@type\":\"EntryPoint\",\"urlTemplate\":\"https:\\\/\\\/interdiamant.com\\\/pl\\\/?s={search_term_string}\"},\"query-input\":{\"@type\":\"PropertyValueSpecification\",\"valueRequired\":true,\"valueName\":\"search_term_string\"}}],\"inLanguage\":\"pl-PL\"},{\"@type\":\"Organization\",\"@id\":\"https:\\\/\\\/interdiamant.com\\\/pl\\\/#organization\",\"name\":\"Interdiamant\",\"url\":\"https:\\\/\\\/interdiamant.com\\\/pl\\\/\",\"logo\":{\"@type\":\"ImageObject\",\"inLanguage\":\"pl-PL\",\"@id\":\"https:\\\/\\\/interdiamant.com\\\/pl\\\/#\\\/schema\\\/logo\\\/image\\\/\",\"url\":\"https:\\\/\\\/interdiamant.com\\\/wp-content\\\/uploads\\\/2026\\\/01\\\/Logo-Interdiamant.svg\",\"contentUrl\":\"https:\\\/\\\/interdiamant.com\\\/wp-content\\\/uploads\\\/2026\\\/01\\\/Logo-Interdiamant.svg\",\"width\":1,\"height\":1,\"caption\":\"Interdiamant\"},\"image\":{\"@id\":\"https:\\\/\\\/interdiamant.com\\\/pl\\\/#\\\/schema\\\/logo\\\/image\\\/\"}}]}<\/script>\n<!-- \/ Yoast SEO plugin. -->","yoast_head_json":{"title":"Polityka prywatno\u015bci | Interdiamant","robots":{"index":"noindex","follow":"nofollow"},"og_locale":"pl_PL","og_type":"article","og_title":"Polityka prywatno\u015bci | Interdiamant","og_description":"Polityka prywatno\u015bci Ostatnia aktualizacja: 30 stycznia 2026 roku InterDiamant szanuje Pa\u0144stwa prywatno\u015b\u0107 i zobowi\u0105zuje si\u0119 do ochrony Pa\u0144stwa danych osobowych. Niniejsza Polityka Prywatno\u015bci wyja\u015bnia, w jaki spos\u00f3b zbieramy, wykorzystujemy, przechowujemy i chronimy dane osobowe podczas Pa\u0144stwa wizyty na naszej stronie internetowej lub kontaktu z nami. 1. Kim Jeste\u015bmy InterDiamant jest dostawc\u0105 profesjonalnych narz\u0119dzi diamentowych do [&hellip;]","og_url":"https:\/\/interdiamant.com\/pl\/polityka-prywatnosci\/","og_site_name":"Interdiamant","article_modified_time":"2026-02-12T10:40:10+00:00","og_image":[{"width":1200,"height":675,"url":"https:\/\/interdiamant.com\/wp-content\/uploads\/2026\/01\/OpenGraph-Interdiamant.png","type":"image\/png"}],"twitter_card":"summary_large_image","twitter_misc":{"Szacowany czas czytania":"5 minuta"},"schema":{"@context":"https:\/\/schema.org","@graph":[{"@type":"WebPage","@id":"https:\/\/interdiamant.com\/pl\/polityka-prywatnosci\/","url":"https:\/\/interdiamant.com\/pl\/polityka-prywatnosci\/","name":"Polityka prywatno\u015bci | Interdiamant","isPartOf":{"@id":"https:\/\/interdiamant.com\/pl\/#website"},"datePublished":"2026-01-30T15:43:44+00:00","dateModified":"2026-02-12T10:40:10+00:00","breadcrumb":{"@id":"https:\/\/interdiamant.com\/pl\/polityka-prywatnosci\/#breadcrumb"},"inLanguage":"pl-PL","potentialAction":[{"@type":"ReadAction","target":["https:\/\/interdiamant.com\/pl\/polityka-prywatnosci\/"]}]},{"@type":"BreadcrumbList","@id":"https:\/\/interdiamant.com\/pl\/polityka-prywatnosci\/#breadcrumb","itemListElement":[{"@type":"ListItem","position":1,"name":"Dom","item":"https:\/\/interdiamant.com\/pl\/"},{"@type":"ListItem","position":2,"name":"Polityka prywatno\u015bci"}]},{"@type":"WebSite","@id":"https:\/\/interdiamant.com\/pl\/#website","url":"https:\/\/interdiamant.com\/pl\/","name":"Interdiamant","description":"","publisher":{"@id":"https:\/\/interdiamant.com\/pl\/#organization"},"potentialAction":[{"@type":"SearchAction","target":{"@type":"EntryPoint","urlTemplate":"https:\/\/interdiamant.com\/pl\/?s={search_term_string}"},"query-input":{"@type":"PropertyValueSpecification","valueRequired":true,"valueName":"search_term_string"}}],"inLanguage":"pl-PL"},{"@type":"Organization","@id":"https:\/\/interdiamant.com\/pl\/#organization","name":"Interdiamant","url":"https:\/\/interdiamant.com\/pl\/","logo":{"@type":"ImageObject","inLanguage":"pl-PL","@id":"https:\/\/interdiamant.com\/pl\/#\/schema\/logo\/image\/","url":"https:\/\/interdiamant.com\/wp-content\/uploads\/2026\/01\/Logo-Interdiamant.svg","contentUrl":"https:\/\/interdiamant.com\/wp-content\/uploads\/2026\/01\/Logo-Interdiamant.svg","width":1,"height":1,"caption":"Interdiamant"},"image":{"@id":"https:\/\/interdiamant.com\/pl\/#\/schema\/logo\/image\/"}}]}},"_links":{"self":[{"href":"https:\/\/interdiamant.com\/pl\/wp-json\/wp\/v2\/pages\/3262","targetHints":{"allow":["GET"]}}],"collection":[{"href":"https:\/\/interdiamant.com\/pl\/wp-json\/wp\/v2\/pages"}],"about":[{"href":"https:\/\/interdiamant.com\/pl\/wp-json\/wp\/v2\/types\/page"}],"author":[{"embeddable":true,"href":"https:\/\/interdiamant.com\/pl\/wp-json\/wp\/v2\/users\/2"}],"replies":[{"embeddable":true,"href":"https:\/\/interdiamant.com\/pl\/wp-json\/wp\/v2\/comments?post=3262"}],"version-history":[{"count":1,"href":"https:\/\/interdiamant.com\/pl\/wp-json\/wp\/v2\/pages\/3262\/revisions"}],"predecessor-version":[{"id":3263,"href":"https:\/\/interdiamant.com\/pl\/wp-json\/wp\/v2\/pages\/3262\/revisions\/3263"}],"wp:attachment":[{"href":"https:\/\/interdiamant.com\/pl\/wp-json\/wp\/v2\/media?parent=3262"}],"curies":[{"name":"wp","href":"https:\/\/api.w.org\/{rel}","templated":true}]}}