{"id":2821,"date":"2026-01-19T17:28:28","date_gmt":"2026-01-19T16:28:28","guid":{"rendered":"https:\/\/interdiamant.com\/technologia\/"},"modified":"2026-02-12T11:30:13","modified_gmt":"2026-02-12T10:30:13","slug":"technologia","status":"publish","type":"page","link":"https:\/\/interdiamant.com\/pl\/technologia\/","title":{"rendered":"Technologia"},"content":{"rendered":"\n[et_pb_section fb_built=&#8221;1&#8243; _builder_version=&#8221;4.27.5&#8243; _module_preset=&#8221;default&#8221; use_background_color_gradient=&#8221;on&#8221; background_color_gradient_stops=&#8221;rgba(2,2,2,0.55) 0%|rgba(2,2,2,0.25) 100%&#8221; background_color_gradient_overlays_image=&#8221;on&#8221; background_image=&#8221;https:\/\/interdiamant.com\/wp-content\/uploads\/2026\/01\/e503a3873eb0ad5dcde729df3956e6e7360fad95.jpg&#8221; background_position=&#8221;top_center&#8221; background_vertical_offset=&#8221;70%&#8221; height=&#8221;512px&#8221; height_tablet=&#8221;512px&#8221; height_phone=&#8221;342px&#8221; height_last_edited=&#8221;on|tablet&#8221; custom_css_free_form=&#8221;\/* Witte driehoek \u2013 rechtsboven *\/||selector::before {||    content: %22%22;||  \tdisplay: inline-block !important;||    opacity: 1 !important;||    position: absolute;||    right: 0px;\t||  \ttop: 0;||    width: 93px;||    height: 241px;||    background-color: #000000;||    clip-path: polygon(0% 0%, 100% 0%, 100% 100%);||}||||\/* Oranje driehoek rechtsonder *\/||selector::after {||  content: %22%22;||  display: inline-block !important;||  opacity: 1 !important;||  position: absolute;||  right: 0px;\t||  bottom: 0;||  width: 110px;||  height: 305px;||  background-color: #E9530D;||  clip-path: polygon(0% 100%, 100% 100%, 100% 0%);||}||||@media screen and (min-width: 980px) {||  \/* Witte driehoek \u2013 rechtsboven *\/||selector::before {||  \tcontent: %22%22;||  \tdisplay: inline-block !important;||    opacity: 1 !important;||    position: absolute;||    right: 0px;\t||  \ttop: 0;||    width: 231px;||    height: 364px;||    background-color: #000000;||    clip-path: polygon(0% 0%, 100% 0%, 100% 100%);||  }||  ||@media screen and (min-width: 980px) {  ||  \/* Oranje driehoek rechtsonder *\/||selector::after {||  content: %22%22;||  display: inline-block !important;||  opacity: 1 !important;||  position: absolute;||  right: 0px;\t||  bottom: 0;||  width: 327px;||  height: 417px;||  background-color: #E9530D;||  clip-path: polygon(0% 100%, 100% 100%, 100% 0%);||}||  } ||} ||&#8221; global_colors_info=&#8221;{}&#8221;][et_pb_row _builder_version=&#8221;4.27.5&#8243; _module_preset=&#8221;default&#8221; positioning=&#8221;absolute&#8221; position_origin_a=&#8221;bottom_left&#8221; vertical_offset=&#8221;-40px&#8221; max_width=&#8221;156px&#8221; global_colors_info=&#8221;{}&#8221;][et_pb_column type=&#8221;4_4&#8243; _builder_version=&#8221;4.27.5&#8243; _module_preset=&#8221;default&#8221; global_colors_info=&#8221;{}&#8221;][et_pb_image src=&#8221;https:\/\/interdiamant.com\/wp-content\/uploads\/2026\/01\/Vector-6.png&#8221; title_text=&#8221;Wektor (7)&#8221; src_tablet=&#8221;https:\/\/interdiamant.com\/wp-content\/uploads\/2026\/01\/Vector-6.png&#8221; src_phone=&#8221;https:\/\/interdiamant.com\/wp-content\/uploads\/2026\/01\/Vector-7.png&#8221; src_last_edited=&#8221;on|phone&#8221; _builder_version=&#8221;4.27.5&#8243; _module_preset=&#8221;default&#8221; height_tablet=&#8221;&#8221; height_phone=&#8221;51px&#8221; height_last_edited=&#8221;on|phone&#8221; global_colors_info=&#8221;{}&#8221;][\/et_pb_image][\/et_pb_column][\/et_pb_row][\/et_pb_section][et_pb_section fb_built=&#8221;1&#8243; _builder_version=&#8221;4.27.5&#8243; _module_preset=&#8221;default&#8221; min_height=&#8221;223.6px&#8221; custom_padding=&#8221;12px||100px||false|false&#8221; global_colors_info=&#8221;{}&#8221;][et_pb_row _builder_version=&#8221;4.27.5&#8243; _module_preset=&#8221;default&#8221; custom_padding=&#8221;0px||0px||true|false&#8221; global_colors_info=&#8221;{}&#8221;][et_pb_column type=&#8221;4_4&#8243; _builder_version=&#8221;4.27.5&#8243; _module_preset=&#8221;default&#8221; global_colors_info=&#8221;{}&#8221;][dsm_breadcrumbs separator_icon=&#8221;&#x35;||divi||400&#8243; _builder_version=&#8221;4.27.5&#8243; _module_preset=&#8221;default&#8221; items_text_color=&#8221;#020202&#8243; items_font_size=&#8221;14px&#8221; separators_text_color=&#8221;#E9530D&#8221; separators_font_size=&#8221;14px&#8221; current_font_size=&#8221;14px&#8221; global_colors_info=&#8221;{}&#8221;][\/dsm_breadcrumbs][\/et_pb_column][\/et_pb_row][et_pb_row _builder_version=&#8221;4.27.5&#8243; _module_preset=&#8221;default&#8221; min_height=&#8221;116.6px&#8221; custom_margin=&#8221;35px||||false|false&#8221; global_colors_info=&#8221;{}&#8221;][et_pb_column type=&#8221;4_4&#8243; _builder_version=&#8221;4.27.5&#8243; _module_preset=&#8221;default&#8221; global_colors_info=&#8221;{}&#8221;][et_pb_text _builder_version=&#8221;4.27.5&#8243; _module_preset=&#8221;default&#8221; text_text_color=&#8221;#E9530D&#8221; text_font_size=&#8221;20px&#8221; background_image=&#8221;https:\/\/interdiamant.com\/wp-content\/uploads\/2026\/01\/Vector.png&#8221; background_size=&#8221;custom&#8221; background_image_width=&#8221;18px&#8221; background_image_height=&#8221;18px&#8221; background_position=&#8221;center_left&#8221; custom_margin=&#8221;||10px||false|false&#8221; custom_css_free_form=&#8221;selector {||  text-indent: calc(18px + 15px);||}&#8221; global_colors_info=&#8221;{}&#8221;]<p>Jak to robimy<\/p>[\/et_pb_text][et_pb_text _builder_version=&#8221;4.27.5&#8243; _module_preset=&#8221;default&#8221; global_colors_info=&#8221;{}&#8221;]<h1>Technologia<\/h1>[\/et_pb_text][\/et_pb_column][\/et_pb_row][\/et_pb_section][et_pb_section fb_built=&#8221;1&#8243; _builder_version=&#8221;4.27.5&#8243; _module_preset=&#8221;default&#8221; custom_margin=&#8221;-195px|||||&#8221; global_colors_info=&#8221;{}&#8221;][et_pb_row column_structure=&#8221;2_3,1_3&#8243; _builder_version=&#8221;4.27.5&#8243; _module_preset=&#8221;default&#8221; global_colors_info=&#8221;{}&#8221;][et_pb_column type=&#8221;2_3&#8243; _builder_version=&#8221;4.27.5&#8243; _module_preset=&#8221;default&#8221; global_colors_info=&#8221;{}&#8221;][et_pb_text _builder_version=&#8221;4.27.5&#8243; _module_preset=&#8221;default&#8221; hover_enabled=&#8221;0&#8243; global_colors_info=&#8221;{}&#8221; text_font=&#8221;Kanit-Light||||||||&#8221; sticky_enabled=&#8221;0&#8243;]<p data-start=\"383\" data-end=\"620\">W InterDiamant technologia to nie z\u0142o\u017cono\u015b\u0107 \u2013 to <strong data-start=\"447\" data-end=\"473\">kontrolowana wydajno\u015b\u0107<\/strong>. Ka\u017cde narz\u0119dzie, kt\u00f3re opracowujemy, jest zaprojektowane tak, aby zapewnia\u0107 przewidywalne rezultaty, d\u0142ug\u0105 \u017cywotno\u015b\u0107 i maksymalne bezpiecze\u0144stwo w wymagaj\u0105cych zastosowaniach profesjonalnych. <\/p>\n<h3 data-start=\"622\" data-end=\"665\">Zaawansowana technologia pozycjonowania diament\u00f3w<\/h3>\n<p data-start=\"667\" data-end=\"895\">InterDiamant wykorzystuje nowej generacji technologi\u0119 <strong data-start=\"701\" data-end=\"743\">precyzyjnego pozycjonowania diament\u00f3w 3D (3DP)<\/strong>. W przeciwie\u0144stwie do konwencjonalnych narz\u0119dzi, kt\u00f3re opieraj\u0105 si\u0119 na losowym rozmieszczeniu diament\u00f3w, nasze diamenty s\u0105 pozycjonowane z wysok\u0105 precyzj\u0105 w ca\u0142ym segmencie. <\/p>\n<p data-start=\"897\" data-end=\"913\">Skutkuje to:<\/p>\n<ul data-start=\"914\" data-end=\"1090\">\n<li data-start=\"914\" data-end=\"958\">\n<p data-start=\"916\" data-end=\"958\">Do <strong data-start=\"922\" data-end=\"958\">92% bardziej efektywnych kraw\u0119dzi tn\u0105cych<\/strong><\/p>\n<\/li>\n<li data-start=\"959\" data-end=\"995\">\n<p data-start=\"961\" data-end=\"995\">Do <strong data-start=\"967\" data-end=\"995\">87% wy\u017csz\u0105 pr\u0119dko\u015bci\u0105 ci\u0119cia<\/strong><\/p>\n<\/li>\n<li data-start=\"996\" data-end=\"1052\">\n<p data-start=\"998\" data-end=\"1052\">Sp\u00f3jne zu\u017cycie przez ca\u0142y okres u\u017cytkowania narz\u0119dzia<\/p>\n<\/li>\n<li data-start=\"1053\" data-end=\"1090\">\n<p data-start=\"1055\" data-end=\"1090\">Zmniejszone nagrzewanie i wibracje<\/p>\n<\/li>\n<\/ul>\n<p data-start=\"1092\" data-end=\"1209\">Rezultatem jest narz\u0119dzie, kt\u00f3re tnie szybciej, dzia\u0142a d\u0142u\u017cej i pracuje bardziej przewidywalnie \u2013 zw\u0142aszcza pod ci\u0105g\u0142ym obci\u0105\u017ceniem.<\/p>\n<h3 data-start=\"1211\" data-end=\"1244\">Zoptymalizowane spoiwo i metalurgia<\/h3>\n<p data-start=\"1246\" data-end=\"1461\">Wydajno\u015b\u0107 jest definiowana nie tylko przez diament, ale tak\u017ce przez spos\u00f3b jego mocowania. InterDiamant \u0142\u0105czy zaawansowane pozycjonowanie diament\u00f3w ze <strong data-start=\"1373\" data-end=\"1408\">zoptymalizowanymi spoiwami metalurgicznymi<\/strong>, zaprojektowanymi tak, aby uwalnia\u0107 diamenty w odpowiednim momencie. <\/p>\n<p data-start=\"1463\" data-end=\"1484\">Ta r\u00f3wnowaga zapewnia:<\/p>\n<ul data-start=\"1485\" data-end=\"1648\">\n<li data-start=\"1485\" data-end=\"1510\">\n<p data-start=\"1487\" data-end=\"1510\">Stabilne zachowanie podczas ci\u0119cia<\/p>\n<\/li>\n<li data-start=\"1511\" data-end=\"1550\">\n<p data-start=\"1513\" data-end=\"1550\">Kontrolowane ods\u0142anianie \u015bwie\u017cych diament\u00f3w<\/p>\n<\/li>\n<li data-start=\"1551\" data-end=\"1606\">\n<p data-start=\"1553\" data-end=\"1606\">Wysok\u0105 wydajno\u015b\u0107 zar\u00f3wno w materia\u0142ach mi\u0119kkich, jak i ultratwardych<\/p>\n<\/li>\n<li data-start=\"1607\" data-end=\"1648\">\n<p data-start=\"1609\" data-end=\"1648\">Zmniejszone szkliwienie narz\u0119dzia i przedwczesne zu\u017cycie<\/p>\n<\/li>\n<\/ul>\n<h3 data-start=\"1650\" data-end=\"1680\">Certyfikowane bezpiecze\u0144stwo w projekcie<\/h3>\n<p data-start=\"1682\" data-end=\"1735\">Bezpiecze\u0144stwo jest wbudowane w ka\u017cdy produkt InterDiamant:<\/p>\n<ul data-start=\"1736\" data-end=\"1901\">\n<li data-start=\"1736\" data-end=\"1776\">\n<p data-start=\"1738\" data-end=\"1776\">Standardy produkcji <strong data-start=\"1738\" data-end=\"1755\">z certyfikatem oSa<\/strong><\/p>\n<\/li>\n<li data-start=\"1777\" data-end=\"1803\">\n<p data-start=\"1779\" data-end=\"1803\">Segmenty <strong data-start=\"1779\" data-end=\"1794\">bez kobaltu<\/strong><\/p>\n<\/li>\n<li data-start=\"1804\" data-end=\"1837\">\n<p data-start=\"1806\" data-end=\"1837\"><strong data-start=\"1806\" data-end=\"1837\">Rozwi\u0105zania do ci\u0119cia o niskim poziomie ha\u0142asu<\/strong><\/p>\n<\/li>\n<li data-start=\"1838\" data-end=\"1901\">\n<p data-start=\"1840\" data-end=\"1901\">Wyra\u017ane <strong data-start=\"1846\" data-end=\"1864\">wska\u017aniki \u015aOI<\/strong> i oznaczenia zastosowania na narz\u0119dziu<\/p>\n<\/li>\n<\/ul>\n<p data-start=\"1903\" data-end=\"2030\">\u015arodki te chroni\u0105 zar\u00f3wno operatora, jak i \u015brodowisko pracy, zapewniaj\u0105c jednocze\u015bnie zgodno\u015b\u0107 z europejskimi normami bezpiecze\u0144stwa.<\/p>\n<h3 data-start=\"2032\" data-end=\"2077\">Precyzyjna produkcja i kontrola jako\u015bci<\/h3>\n<p data-start=\"2079\" data-end=\"2174\">Ka\u017cde narz\u0119dzie InterDiamant przechodzi kontrolowany, wieloetapowy proces produkcji, obejmuj\u0105cy:<\/p>\n<ul data-start=\"2176\" data-end=\"2389\">\n<li data-start=\"2176\" data-end=\"2225\">\n<p data-start=\"2178\" data-end=\"2225\">Precyzyjne prasowanie segment\u00f3w i obr\u00f3bka cieplna<\/p>\n<\/li>\n<li data-start=\"2226\" data-end=\"2273\">\n<p data-start=\"2228\" data-end=\"2273\">Spawanie laserowe ze <strong data-start=\"2247\" data-end=\"2271\">100% kontrol\u0105 jako\u015bci<\/strong><\/p>\n<\/li>\n<li data-start=\"2274\" data-end=\"2308\">\n<p data-start=\"2276\" data-end=\"2308\">Testowanie p\u0142asko\u015bci i okr\u0105g\u0142o\u015bci<\/p>\n<\/li>\n<li data-start=\"2309\" data-end=\"2340\">\n<p data-start=\"2311\" data-end=\"2340\">Otwarte ostrzenie segment\u00f3w<\/p>\n<\/li>\n<li data-start=\"2341\" data-end=\"2389\">\n<p data-start=\"2343\" data-end=\"2389\">Ko\u0144cowa inspekcja przed markowaniem i wprowadzeniem na rynek<\/p>\n<\/li>\n<\/ul>\n<p data-start=\"2391\" data-end=\"2477\">Do dostawy dopuszczane s\u0105 wy\u0142\u0105cznie narz\u0119dzia spe\u0142niaj\u0105ce surowe kryteria wydajno\u015bci i bezpiecze\u0144stwa.<\/p>\n<h3 data-start=\"2479\" data-end=\"2519\">Zaprojektowane do zastosowa\u0144 w rzeczywistych warunkach<\/h3>\n<p data-start=\"2521\" data-end=\"2578\">Nasza technologia jest rozwijana dla profesjonalist\u00f3w pracuj\u0105cych w:<\/p>\n<ul data-start=\"2579\" data-end=\"2751\">\n<li data-start=\"2579\" data-end=\"2619\">\n<p data-start=\"2581\" data-end=\"2619\">\u017belbecie i betonie spr\u0119\u017conym<\/p>\n<\/li>\n<li data-start=\"2620\" data-end=\"2654\">\n<p data-start=\"2622\" data-end=\"2654\">Asfalcie i materia\u0142ach \u015bciernych<\/p>\n<\/li>\n<li data-start=\"2655\" data-end=\"2704\">\n<p data-start=\"2657\" data-end=\"2704\">Projektach infrastrukturalnych i in\u017cynierii l\u0105dowej<\/p>\n<\/li>\n<li data-start=\"2705\" data-end=\"2751\">\n<p data-start=\"2707\" data-end=\"2751\">Wierceniu, ci\u0119ciu i wyburzaniu betonu<\/p>\n<\/li>\n<\/ul>\n<p data-start=\"2753\" data-end=\"2894\">\u0141\u0105cz\u0105c testy laboratoryjne z walidacj\u0105 w terenie, InterDiamant zapewnia, \u017ce ka\u017cdy produkt dzia\u0142a tam, gdzie ma to najwi\u0119ksze znaczenie: <strong data-start=\"2875\" data-end=\"2893\">na placu budowy<\/strong>.<\/p>\n<h3 data-start=\"2896\" data-end=\"2921\">Zr\u00f3wnowa\u017cony projekt<\/h3>\n<p data-start=\"2923\" data-end=\"3173\">Wydajno\u015b\u0107 to zr\u00f3wnowa\u017cony rozw\u00f3j. Zwi\u0119kszaj\u0105c pr\u0119dko\u015b\u0107 ci\u0119cia, wyd\u0142u\u017caj\u0105c \u017cywotno\u015b\u0107 i redukuj\u0105c odpady, narz\u0119dzia InterDiamant zmniejszaj\u0105 ca\u0142kowite zu\u017cycie materia\u0142\u00f3w i wp\u0142yw na \u015brodowisko. Minimalne opakowanie i trwa\u0142a konstrukcja dodatkowo wspieraj\u0105 odpowiedzialne u\u017cytkowanie.  <\/p>\n<hr data-start=\"3175\" data-end=\"3178\">\n<h2 data-start=\"3180\" data-end=\"3218\">Technologia, kt\u00f3ra daje pewno\u015b\u0107<\/h2>\n<p data-start=\"3220\" data-end=\"3417\">Technologia InterDiamant opiera si\u0119 na dziesi\u0119cioleciach do\u015bwiadczenia, nowoczesnej in\u017cynierii i \u015bcis\u0142ej kontroli jako\u015bci. Rezultatem s\u0105 narz\u0119dzia diamentowe, na kt\u00f3rych profesjonali\u015bci mog\u0105 polega\u0107 \u2013 przy ka\u017cdym ci\u0119ciu, ka\u017cdym wierceniu, ka\u017cdego dnia. <\/p>\n<p data-start=\"3419\" data-end=\"3492\"><strong data-start=\"3419\" data-end=\"3435\">InterDiamant<\/strong><br data-start=\"3435\" data-end=\"3438\">Zaprojektowane z my\u015bl\u0105 o wydajno\u015bci.<br data-start=\"3465\" data-end=\"3468\"><strong data-start=\"3468\" data-end=\"3492\">Trwa\u0142a si\u0142a.<\/strong><\/p>[\/et_pb_text][\/et_pb_column][et_pb_column type=&#8221;1_3&#8243; _builder_version=&#8221;4.27.5&#8243; _module_preset=&#8221;default&#8221; global_colors_info=&#8221;{}&#8221;][\/et_pb_column][\/et_pb_row][\/et_pb_section]\n","protected":false},"excerpt":{"rendered":"<p><div class=\"et_pb_module dsm_breadcrumbs dsm_breadcrumbs_0\">\n\t\t\t\t\n\t\t\t\t\n\t\t\t\t\n\t\t\t\t\n\t\t\t\t\n\t\t\t\t\n\t\t\t\t<div class=\"et_pb_module_inner\">\n\t\t\t\t\t<nav class=\"dsm_breadcrumbs_wrap\">\n\t\t\t\t<ul class=\"dsm_breadcrumbs\" itemscope itemtype=\"https:\/\/schema.org\/BreadcrumbList\">\t\t\t<li class=\"dsm_breadcrumbs_item dsm_home_item dsm_home_item_custom\" itemprop=\"itemListElement\" itemscope\n\t\t\titemtype=\"https:\/\/schema.org\/ListItem\">\n\t\t\t\t<a href=\"https:\/\/interdiamant.com\/pl\/\" itemprop=\"item\" target=\"\">\n\t\t\t\t\t<span class='dsm_home_text_wrapper'>\n\t\t\t\t\t\t\t\t\t\t\t\t\t<span class=\"et-pb-icon dsm_home_icon\">\ue009<\/span>\n\t\t\t\t\t\t\t\t\t\t\t\t\t<span class=\"dsm_home_text\" itemprop=\"name\">\n\t\t\t\t\t\t\t\tHome\t\t\t\t\t\t\t<\/span>\n\t\t\t\t\t<\/span>\n\t\t\t\t<\/a>\n\t\t\t\t<meta itemprop=\"position\" content=\"1\" \/>\n\t\t\t<\/li>\n\n\t\t<li class=\"dsm_breadcrumbs_separator\"> <span class=\"et-pb-icon dsm_separator_icon\">&#x35;<\/span><\/li><\/ul>\n\t\t\t<\/nav>\n\t\t\t\t<\/div>\n\t\t\t<\/div>Jak to robimyTechnologiaW InterDiamant technologia to nie z\u0142o\u017cono\u015b\u0107 \u2013 to kontrolowana wydajno\u015b\u0107. Ka\u017cde narz\u0119dzie, kt\u00f3re opracowujemy, jest zaprojektowane tak, aby zapewnia\u0107 przewidywalne rezultaty, d\u0142ug\u0105 \u017cywotno\u015b\u0107 i maksymalne bezpiecze\u0144stwo w wymagaj\u0105cych zastosowaniach profesjonalnych. Zaawansowana technologia pozycjonowania diament\u00f3w InterDiamant wykorzystuje nowej generacji technologi\u0119 precyzyjnego pozycjonowania diament\u00f3w 3D (3DP). [&hellip;]<\/p>\n","protected":false},"author":1,"featured_media":0,"parent":0,"menu_order":0,"comment_status":"closed","ping_status":"closed","template":"","meta":{"_et_pb_use_builder":"on","_et_pb_old_content":"","_et_gb_content_width":"","footnotes":""},"class_list":["post-2821","page","type-page","status-publish","hentry"],"yoast_head":"<!-- This site is optimized with the Yoast SEO plugin v27.4 - https:\/\/yoast.com\/product\/yoast-seo-wordpress\/ -->\n<title>Technologia pozycjonowania diament\u00f3w 3D | InterDiamant<\/title>\n<meta name=\"description\" content=\"Odkryj technologi\u0119 diamentow\u0105 3DP firmy InterDiamant: precyzyjnie pozycjonowane diamenty, bezpiecze\u0144stwo z certyfikatem oSa i konstrukcja bez kobaltu.\" \/>\n<meta name=\"robots\" content=\"index, follow, max-snippet:-1, max-image-preview:large, max-video-preview:-1\" \/>\n<link rel=\"canonical\" href=\"https:\/\/interdiamant.com\/pl\/technologia\/\" \/>\n<meta property=\"og:locale\" content=\"pl_PL\" \/>\n<meta property=\"og:type\" content=\"article\" \/>\n<meta property=\"og:title\" content=\"Technologia pozycjonowania diament\u00f3w 3D | InterDiamant\" \/>\n<meta property=\"og:description\" content=\"Odkryj technologi\u0119 diamentow\u0105 3DP firmy InterDiamant: precyzyjnie pozycjonowane diamenty, bezpiecze\u0144stwo z certyfikatem oSa i konstrukcja bez kobaltu.\" \/>\n<meta property=\"og:url\" content=\"https:\/\/interdiamant.com\/pl\/technologia\/\" \/>\n<meta property=\"og:site_name\" content=\"Interdiamant\" \/>\n<meta property=\"article:modified_time\" content=\"2026-02-12T10:30:13+00:00\" \/>\n<meta property=\"og:image\" content=\"https:\/\/interdiamant.com\/wp-content\/uploads\/2026\/01\/OpenGraph-Interdiamant.png\" \/>\n\t<meta property=\"og:image:width\" content=\"1200\" \/>\n\t<meta property=\"og:image:height\" content=\"675\" \/>\n\t<meta property=\"og:image:type\" content=\"image\/png\" \/>\n<meta name=\"twitter:card\" content=\"summary_large_image\" \/>\n<meta name=\"twitter:label1\" content=\"Szacowany czas czytania\" \/>\n\t<meta name=\"twitter:data1\" content=\"6 minuta\" \/>\n<script type=\"application\/ld+json\" class=\"yoast-schema-graph\">{\"@context\":\"https:\\\/\\\/schema.org\",\"@graph\":[{\"@type\":\"WebPage\",\"@id\":\"https:\\\/\\\/interdiamant.com\\\/pl\\\/technologia\\\/\",\"url\":\"https:\\\/\\\/interdiamant.com\\\/pl\\\/technologia\\\/\",\"name\":\"Technologia pozycjonowania diament\u00f3w 3D | InterDiamant\",\"isPartOf\":{\"@id\":\"https:\\\/\\\/interdiamant.com\\\/pl\\\/#website\"},\"datePublished\":\"2026-01-19T16:28:28+00:00\",\"dateModified\":\"2026-02-12T10:30:13+00:00\",\"description\":\"Odkryj technologi\u0119 diamentow\u0105 3DP firmy InterDiamant: precyzyjnie pozycjonowane diamenty, bezpiecze\u0144stwo z certyfikatem oSa i konstrukcja bez kobaltu.\",\"breadcrumb\":{\"@id\":\"https:\\\/\\\/interdiamant.com\\\/pl\\\/technologia\\\/#breadcrumb\"},\"inLanguage\":\"pl-PL\",\"potentialAction\":[{\"@type\":\"ReadAction\",\"target\":[\"https:\\\/\\\/interdiamant.com\\\/pl\\\/technologia\\\/\"]}]},{\"@type\":\"BreadcrumbList\",\"@id\":\"https:\\\/\\\/interdiamant.com\\\/pl\\\/technologia\\\/#breadcrumb\",\"itemListElement\":[{\"@type\":\"ListItem\",\"position\":1,\"name\":\"Dom\",\"item\":\"https:\\\/\\\/interdiamant.com\\\/pl\\\/\"},{\"@type\":\"ListItem\",\"position\":2,\"name\":\"Technologia\"}]},{\"@type\":\"WebSite\",\"@id\":\"https:\\\/\\\/interdiamant.com\\\/pl\\\/#website\",\"url\":\"https:\\\/\\\/interdiamant.com\\\/pl\\\/\",\"name\":\"Interdiamant\",\"description\":\"\",\"publisher\":{\"@id\":\"https:\\\/\\\/interdiamant.com\\\/pl\\\/#organization\"},\"potentialAction\":[{\"@type\":\"SearchAction\",\"target\":{\"@type\":\"EntryPoint\",\"urlTemplate\":\"https:\\\/\\\/interdiamant.com\\\/pl\\\/?s={search_term_string}\"},\"query-input\":{\"@type\":\"PropertyValueSpecification\",\"valueRequired\":true,\"valueName\":\"search_term_string\"}}],\"inLanguage\":\"pl-PL\"},{\"@type\":\"Organization\",\"@id\":\"https:\\\/\\\/interdiamant.com\\\/pl\\\/#organization\",\"name\":\"Interdiamant\",\"url\":\"https:\\\/\\\/interdiamant.com\\\/pl\\\/\",\"logo\":{\"@type\":\"ImageObject\",\"inLanguage\":\"pl-PL\",\"@id\":\"https:\\\/\\\/interdiamant.com\\\/pl\\\/#\\\/schema\\\/logo\\\/image\\\/\",\"url\":\"https:\\\/\\\/interdiamant.com\\\/wp-content\\\/uploads\\\/2026\\\/01\\\/Logo-Interdiamant.svg\",\"contentUrl\":\"https:\\\/\\\/interdiamant.com\\\/wp-content\\\/uploads\\\/2026\\\/01\\\/Logo-Interdiamant.svg\",\"width\":1,\"height\":1,\"caption\":\"Interdiamant\"},\"image\":{\"@id\":\"https:\\\/\\\/interdiamant.com\\\/pl\\\/#\\\/schema\\\/logo\\\/image\\\/\"}}]}<\/script>\n<!-- \/ Yoast SEO plugin. -->","yoast_head_json":{"title":"Technologia pozycjonowania diament\u00f3w 3D | InterDiamant","description":"Odkryj technologi\u0119 diamentow\u0105 3DP firmy InterDiamant: precyzyjnie pozycjonowane diamenty, bezpiecze\u0144stwo z certyfikatem oSa i konstrukcja bez kobaltu.","robots":{"index":"index","follow":"follow","max-snippet":"max-snippet:-1","max-image-preview":"max-image-preview:large","max-video-preview":"max-video-preview:-1"},"canonical":"https:\/\/interdiamant.com\/pl\/technologia\/","og_locale":"pl_PL","og_type":"article","og_title":"Technologia pozycjonowania diament\u00f3w 3D | InterDiamant","og_description":"Odkryj technologi\u0119 diamentow\u0105 3DP firmy InterDiamant: precyzyjnie pozycjonowane diamenty, bezpiecze\u0144stwo z certyfikatem oSa i konstrukcja bez kobaltu.","og_url":"https:\/\/interdiamant.com\/pl\/technologia\/","og_site_name":"Interdiamant","article_modified_time":"2026-02-12T10:30:13+00:00","og_image":[{"width":1200,"height":675,"url":"https:\/\/interdiamant.com\/wp-content\/uploads\/2026\/01\/OpenGraph-Interdiamant.png","type":"image\/png"}],"twitter_card":"summary_large_image","twitter_misc":{"Szacowany czas czytania":"6 minuta"},"schema":{"@context":"https:\/\/schema.org","@graph":[{"@type":"WebPage","@id":"https:\/\/interdiamant.com\/pl\/technologia\/","url":"https:\/\/interdiamant.com\/pl\/technologia\/","name":"Technologia pozycjonowania diament\u00f3w 3D | InterDiamant","isPartOf":{"@id":"https:\/\/interdiamant.com\/pl\/#website"},"datePublished":"2026-01-19T16:28:28+00:00","dateModified":"2026-02-12T10:30:13+00:00","description":"Odkryj technologi\u0119 diamentow\u0105 3DP firmy InterDiamant: precyzyjnie pozycjonowane diamenty, bezpiecze\u0144stwo z certyfikatem oSa i konstrukcja bez kobaltu.","breadcrumb":{"@id":"https:\/\/interdiamant.com\/pl\/technologia\/#breadcrumb"},"inLanguage":"pl-PL","potentialAction":[{"@type":"ReadAction","target":["https:\/\/interdiamant.com\/pl\/technologia\/"]}]},{"@type":"BreadcrumbList","@id":"https:\/\/interdiamant.com\/pl\/technologia\/#breadcrumb","itemListElement":[{"@type":"ListItem","position":1,"name":"Dom","item":"https:\/\/interdiamant.com\/pl\/"},{"@type":"ListItem","position":2,"name":"Technologia"}]},{"@type":"WebSite","@id":"https:\/\/interdiamant.com\/pl\/#website","url":"https:\/\/interdiamant.com\/pl\/","name":"Interdiamant","description":"","publisher":{"@id":"https:\/\/interdiamant.com\/pl\/#organization"},"potentialAction":[{"@type":"SearchAction","target":{"@type":"EntryPoint","urlTemplate":"https:\/\/interdiamant.com\/pl\/?s={search_term_string}"},"query-input":{"@type":"PropertyValueSpecification","valueRequired":true,"valueName":"search_term_string"}}],"inLanguage":"pl-PL"},{"@type":"Organization","@id":"https:\/\/interdiamant.com\/pl\/#organization","name":"Interdiamant","url":"https:\/\/interdiamant.com\/pl\/","logo":{"@type":"ImageObject","inLanguage":"pl-PL","@id":"https:\/\/interdiamant.com\/pl\/#\/schema\/logo\/image\/","url":"https:\/\/interdiamant.com\/wp-content\/uploads\/2026\/01\/Logo-Interdiamant.svg","contentUrl":"https:\/\/interdiamant.com\/wp-content\/uploads\/2026\/01\/Logo-Interdiamant.svg","width":1,"height":1,"caption":"Interdiamant"},"image":{"@id":"https:\/\/interdiamant.com\/pl\/#\/schema\/logo\/image\/"}}]}},"_links":{"self":[{"href":"https:\/\/interdiamant.com\/pl\/wp-json\/wp\/v2\/pages\/2821","targetHints":{"allow":["GET"]}}],"collection":[{"href":"https:\/\/interdiamant.com\/pl\/wp-json\/wp\/v2\/pages"}],"about":[{"href":"https:\/\/interdiamant.com\/pl\/wp-json\/wp\/v2\/types\/page"}],"author":[{"embeddable":true,"href":"https:\/\/interdiamant.com\/pl\/wp-json\/wp\/v2\/users\/1"}],"replies":[{"embeddable":true,"href":"https:\/\/interdiamant.com\/pl\/wp-json\/wp\/v2\/comments?post=2821"}],"version-history":[{"count":1,"href":"https:\/\/interdiamant.com\/pl\/wp-json\/wp\/v2\/pages\/2821\/revisions"}],"predecessor-version":[{"id":2822,"href":"https:\/\/interdiamant.com\/pl\/wp-json\/wp\/v2\/pages\/2821\/revisions\/2822"}],"wp:attachment":[{"href":"https:\/\/interdiamant.com\/pl\/wp-json\/wp\/v2\/media?parent=2821"}],"curies":[{"name":"wp","href":"https:\/\/api.w.org\/{rel}","templated":true}]}}