{"id":2661,"date":"2026-01-30T16:52:39","date_gmt":"2026-01-30T15:52:39","guid":{"rendered":"https:\/\/interdiamant.com\/regulamin\/"},"modified":"2026-02-12T10:30:55","modified_gmt":"2026-02-12T09:30:55","slug":"regulamin","status":"publish","type":"page","link":"https:\/\/interdiamant.com\/pl\/regulamin\/","title":{"rendered":"Regulamin"},"content":{"rendered":"\n[et_pb_section fb_built=&#8221;1&#8243; admin_label=&#8221;Contentheader&#8221; _builder_version=&#8221;4.27.5&#8243; _module_preset=&#8221;default&#8221; use_background_color_gradient=&#8221;on&#8221; background_color_gradient_stops=&#8221;rgba(2,2,2,0.55) 0%|rgba(2,2,2,0.25) 100%&#8221; background_color_gradient_overlays_image=&#8221;on&#8221; background_image=&#8221;https:\/\/interdiamant.com\/wp-content\/uploads\/2026\/01\/e503a3873eb0ad5dcde729df3956e6e7360fad95.jpg&#8221; background_position=&#8221;top_center&#8221; background_vertical_offset=&#8221;70%&#8221; height=&#8221;512px&#8221; height_tablet=&#8221;512px&#8221; height_phone=&#8221;342px&#8221; height_last_edited=&#8221;on|tablet&#8221; custom_css_free_form=&#8221;\/* Witte driehoek \u2013 rechtsboven *\/||selector::before {||    content: %22%22;||  \tdisplay: inline-block !important;||    opacity: 1 !important;||    position: absolute;||    right: 0px;\t||  \ttop: 0;||    width: 93px;||    height: 241px;||    background-color: #000000;||    clip-path: polygon(0% 0%, 100% 0%, 100% 100%);||}||||\/* Oranje driehoek rechtsonder *\/||selector::after {||  content: %22%22;||  display: inline-block !important;||  opacity: 1 !important;||  position: absolute;||  right: 0px;\t||  bottom: 0;||  width: 110px;||  height: 305px;||  background-color: #E9530D;||  clip-path: polygon(0% 100%, 100% 100%, 100% 0%);||}||||@media screen and (min-width: 980px) {||  \/* Witte driehoek \u2013 rechtsboven *\/||selector::before {||  \tcontent: %22%22;||  \tdisplay: inline-block !important;||    opacity: 1 !important;||    position: absolute;||    right: 0px;\t||  \ttop: 0;||    width: 231px;||    height: 364px;||    background-color: #000000;||    clip-path: polygon(0% 0%, 100% 0%, 100% 100%);||  }||  ||@media screen and (min-width: 980px) {  ||  \/* Oranje driehoek rechtsonder *\/||selector::after {||  content: %22%22;||  display: inline-block !important;||  opacity: 1 !important;||  position: absolute;||  right: 0px;\t||  bottom: 0;||  width: 327px;||  height: 417px;||  background-color: #E9530D;||  clip-path: polygon(0% 100%, 100% 100%, 100% 0%);||}||  } ||} ||&#8221; locked=&#8221;off&#8221; global_colors_info=&#8221;{}&#8221;][et_pb_row _builder_version=&#8221;4.27.5&#8243; _module_preset=&#8221;default&#8221; positioning=&#8221;absolute&#8221; position_origin_a=&#8221;bottom_left&#8221; vertical_offset=&#8221;-40px&#8221; max_width=&#8221;156px&#8221; global_colors_info=&#8221;{}&#8221;][et_pb_column type=&#8221;4_4&#8243; _builder_version=&#8221;4.27.5&#8243; _module_preset=&#8221;default&#8221; global_colors_info=&#8221;{}&#8221;][et_pb_image src=&#8221;https:\/\/interdiamant.com\/wp-content\/uploads\/2026\/01\/Vector-6.png&#8221; title_text=&#8221;Wektor (7)&#8221; src_tablet=&#8221;https:\/\/interdiamant.com\/wp-content\/uploads\/2026\/01\/Vector-6.png&#8221; src_phone=&#8221;https:\/\/interdiamant.com\/wp-content\/uploads\/2026\/01\/Vector-7.png&#8221; src_last_edited=&#8221;on|phone&#8221; _builder_version=&#8221;4.27.5&#8243; _module_preset=&#8221;default&#8221; height_tablet=&#8221;&#8221; height_phone=&#8221;51px&#8221; height_last_edited=&#8221;on|phone&#8221; global_colors_info=&#8221;{}&#8221;][\/et_pb_image][\/et_pb_column][\/et_pb_row][\/et_pb_section][et_pb_section fb_built=&#8221;1&#8243; _builder_version=&#8221;4.27.5&#8243; _module_preset=&#8221;default&#8221; global_colors_info=&#8221;{}&#8221;][et_pb_row column_structure=&#8221;2_3,1_3&#8243; _builder_version=&#8221;4.27.5&#8243; _module_preset=&#8221;default&#8221; custom_padding=&#8221;123px|||||&#8221; global_colors_info=&#8221;{}&#8221;][et_pb_column type=&#8221;2_3&#8243; _builder_version=&#8221;4.27.5&#8243; _module_preset=&#8221;default&#8221; global_colors_info=&#8221;{}&#8221;][et_pb_text _builder_version=&#8221;4.27.5&#8243; _module_preset=&#8221;default&#8221; custom_margin=&#8221;-89px|||||&#8221; hover_enabled=&#8221;0&#8243; global_colors_info=&#8221;{}&#8221; text_font=&#8221;Kanit-Light||||||||&#8221; sticky_enabled=&#8221;0&#8243;]<h2 data-start=\"331\" data-end=\"354\">Regulamin<\/h2>\n<p><strong data-start=\"356\" data-end=\"373\"> <\/strong><\/p>\n<p><strong data-start=\"356\" data-end=\"373\">Ostatnia aktualizacja:<\/strong> 30 stycznia 2026 r.<\/p>\n<p data-start=\"386\" data-end=\"580\">Niniejszy Regulamin okre\u015bla zasady korzystania ze strony internetowej InterDiamant oraz zawartych na niej informacji. Dost\u0119p do tej strony lub korzystanie z niej oznacza akceptacj\u0119 niniejszego Regulaminu. <\/p>\n<hr data-start=\"582\" data-end=\"585\">\n<h3 data-start=\"587\" data-end=\"613\">1. Informacje o firmie<\/h3>\n<p data-start=\"615\" data-end=\"741\">InterDiamant jest dostawc\u0105 profesjonalnych narz\u0119dzi diamentowych do zastosowa\u0144 w budownictwie, wierceniu, ci\u0119ciu i infrastrukturze.<\/p>\n<p data-start=\"743\" data-end=\"819\"><strong data-start=\"743\" data-end=\"764\">InterDiamant B.V.<\/strong><br data-start=\"764\" data-end=\"767\">Brusselstraat 51, Antwerpia <br data-start=\"784\" data-end=\"787\">contact@interdiamant.com<br data-start=\"802\" data-end=\"805\">+32 71962521<\/p>\n<hr data-start=\"821\" data-end=\"824\">\n<h3 data-start=\"826\" data-end=\"851\">2. Korzystanie ze strony internetowej<\/h3>\n<p data-start=\"853\" data-end=\"1039\">Niniejsza strona internetowa jest przeznaczona dla <strong data-start=\"882\" data-end=\"917\">u\u017cytkownik\u00f3w biznesowych i profesjonalnych<\/strong>. Podane informacje maj\u0105 charakter wy\u0142\u0105cznie og\u00f3lny i nie stanowi\u0105 wi\u0105\u017c\u0105cej oferty ani umowy. <\/p>\n<p data-start=\"1041\" data-end=\"1091\">Zgadzasz si\u0119 u\u017cywa\u0107 tej strony internetowej zgodnie z prawem i nie:<\/p>\n<ul data-start=\"1092\" data-end=\"1251\">\n<li data-start=\"1092\" data-end=\"1148\">\n<p data-start=\"1094\" data-end=\"1148\">Nadu\u017cywa\u0107 ani zak\u0142\u00f3ca\u0107 funkcjonalno\u015bci strony internetowej<\/p>\n<\/li>\n<li data-start=\"1149\" data-end=\"1199\">\n<p data-start=\"1151\" data-end=\"1199\">Podejmowa\u0107 pr\u00f3b nieautoryzowanego dost\u0119pu do system\u00f3w lub danych<\/p>\n<\/li>\n<li data-start=\"1200\" data-end=\"1251\">\n<p data-start=\"1202\" data-end=\"1251\">U\u017cywa\u0107 tre\u015bci do cel\u00f3w niezgodnych z prawem lub wprowadzaj\u0105cych w b\u0142\u0105d<\/p>\n<\/li>\n<\/ul>\n<hr data-start=\"1253\" data-end=\"1256\">\n<h3 data-start=\"1258\" data-end=\"1284\">3. Informacje o produkcie<\/h3>\n<p data-start=\"1286\" data-end=\"1409\">Wszystkie opisy produkt\u00f3w, specyfikacje, obrazy i dane dotycz\u0105ce wydajno\u015bci na tej stronie internetowej s\u0105 podane w dobrej wierze. Jednak\u017ce: <\/p>\n<ul data-start=\"1411\" data-end=\"1616\">\n<li data-start=\"1411\" data-end=\"1469\">\n<p data-start=\"1413\" data-end=\"1469\">Dost\u0119pno\u015b\u0107 produkt\u00f3w mo\u017ce si\u0119 r\u00f3\u017cni\u0107 w zale\u017cno\u015bci od regionu lub dystrybutora<\/p>\n<\/li>\n<li data-start=\"1470\" data-end=\"1520\">\n<p data-start=\"1472\" data-end=\"1520\">Specyfikacje mog\u0105 ulec zmianie bez wcze\u015bniejszego powiadomienia<\/p>\n<\/li>\n<li data-start=\"1521\" data-end=\"1616\">\n<p data-start=\"1523\" data-end=\"1616\">Rzeczywista wydajno\u015b\u0107 mo\u017ce si\u0119 r\u00f3\u017cni\u0107 w zale\u017cno\u015bci od zastosowania, materia\u0142u, maszyny i praktyk u\u017cytkownika<\/p>\n<\/li>\n<\/ul>\n<p data-start=\"1618\" data-end=\"1714\">InterDiamant zastrzega sobie prawo do modyfikowania lub wycofywania produkt\u00f3w w dowolnym momencie bez ponoszenia odpowiedzialno\u015bci.<\/p>\n<hr data-start=\"1716\" data-end=\"1719\">\n<h3 data-start=\"1721\" data-end=\"1750\">4. Brak profesjonalnej porady<\/h3>\n<p data-start=\"1752\" data-end=\"1913\">Informacje techniczne zawarte na tej stronie internetowej maj\u0105 <strong data-start=\"1802\" data-end=\"1823\">charakter og\u00f3lny<\/strong>. Nie zast\u0119puj\u0105 one profesjonalnej oceny, oceny specyficznej dla miejsca ani odpowiedniego szkolenia. <\/p>\n<p data-start=\"1915\" data-end=\"1941\">U\u017cytkownicy s\u0105 odpowiedzialni za:<\/p>\n<ul data-start=\"1942\" data-end=\"2110\">\n<li data-start=\"1942\" data-end=\"1994\">\n<p data-start=\"1944\" data-end=\"1994\">Wyb\u00f3r odpowiedniego narz\u0119dzia do swojego zastosowania<\/p>\n<\/li>\n<li data-start=\"1995\" data-end=\"2052\">\n<p data-start=\"1997\" data-end=\"2052\">Przestrzeganie obowi\u0105zuj\u0105cych przepis\u00f3w i norm bezpiecze\u0144stwa<\/p>\n<\/li>\n<li data-start=\"2053\" data-end=\"2110\">\n<p data-start=\"2055\" data-end=\"2110\">U\u017cywanie odpowiedniego osobistego sprz\u0119tu ochronnego (\u015aOI)<\/p>\n<\/li>\n<\/ul>\n<hr data-start=\"2112\" data-end=\"2115\">\n<h3 data-start=\"2117\" data-end=\"2145\">5. W\u0142asno\u015b\u0107 intelektualna<\/h3>\n<p data-start=\"2147\" data-end=\"2327\">Ca\u0142a zawarto\u015b\u0107 tej strony internetowej \u2014 w tym teksty, obrazy, logo, grafiki i znaki towarowe \u2014 jest w\u0142asno\u015bci\u0105 InterDiamant lub jej licencjodawc\u00f3w i jest chroniona przepisami prawa w\u0142asno\u015bci intelektualnej.<\/p>\n<p data-start=\"2329\" data-end=\"2462\">\u017badna tre\u015b\u0107 nie mo\u017ce by\u0107 kopiowana, powielana, rozpowszechniana ani u\u017cywana bez uprzedniej pisemnej zgody, z wyj\u0105tkiem u\u017cytku osobistego, niekomercyjnego.<\/p>\n<hr data-start=\"2464\" data-end=\"2467\">\n<h3 data-start=\"2469\" data-end=\"2496\">6. Wy\u0142\u0105czenie odpowiedzialno\u015bci<\/h3>\n<p data-start=\"2498\" data-end=\"2537\">W maksymalnym zakresie dozwolonym przez prawo:<\/p>\n<ul data-start=\"2539\" data-end=\"2824\">\n<li data-start=\"2539\" data-end=\"2676\">\n<p data-start=\"2541\" data-end=\"2676\">InterDiamant nie ponosi odpowiedzialno\u015bci za jakiekolwiek bezpo\u015brednie lub po\u015brednie szkody wynikaj\u0105ce z korzystania z tej strony internetowej lub polegania na jej tre\u015bci<\/p>\n<\/li>\n<li data-start=\"2677\" data-end=\"2824\">\n<p data-start=\"2679\" data-end=\"2824\">InterDiamant nie ponosi odpowiedzialno\u015bci za szkody spowodowane niew\u0142a\u015bciwym u\u017cytkowaniem produkt\u00f3w, nieprawid\u0142owym zastosowaniem lub nieprzestrzeganiem instrukcji bezpiecze\u0144stwa<\/p>\n<\/li>\n<\/ul>\n<p data-start=\"2826\" data-end=\"2956\">\u017badne postanowienie niniejszego Regulaminu nie wy\u0142\u0105cza odpowiedzialno\u015bci za ra\u017c\u0105ce zaniedbanie lub umy\u015blne dzia\u0142anie, je\u015bli takie wy\u0142\u0105czenie jest niedozwolone przez prawo.<\/p>\n<hr data-start=\"2958\" data-end=\"2961\">\n<h3 data-start=\"2963\" data-end=\"2984\">7. Linki zewn\u0119trzne<\/h3>\n<p data-start=\"2986\" data-end=\"3164\">Ta strona internetowa mo\u017ce zawiera\u0107 linki do stron internetowych os\u00f3b trzecich. InterDiamant nie ma kontroli nad tymi stronami i nie ponosi odpowiedzialno\u015bci za ich zawarto\u015b\u0107, dost\u0119pno\u015b\u0107 ani praktyki dotycz\u0105ce prywatno\u015bci. <\/p>\n<hr data-start=\"3166\" data-end=\"3169\">\n<h3 data-start=\"3171\" data-end=\"3200\">8. Dystrybucja i sprzeda\u017c<\/h3>\n<p data-start=\"3202\" data-end=\"3497\">Produkty prezentowane na tej stronie internetowej s\u0105 sprzedawane za po\u015brednictwem <strong data-start=\"3254\" data-end=\"3281\">autoryzowanych dystrybutor\u00f3w<\/strong> oraz, w szczeg\u00f3lnych przypadkach, za po\u015brednictwem bezpo\u015brednich kana\u0142\u00f3w profesjonalnych. Wszelkie umowy zakupu, ceny, gwarancje lub warunki dostawy s\u0105 regulowane odr\u0119bnymi umowami z odpowiednim dystrybutorem lub podmiotem InterDiamant. <\/p>\n<hr data-start=\"3499\" data-end=\"3502\">\n<h3 data-start=\"3504\" data-end=\"3524\">9. Prawo w\u0142a\u015bciwe<\/h3>\n<p data-start=\"3526\" data-end=\"3680\">Niniejszy Regulamin podlega i jest interpretowany zgodnie z prawem <strong data-start=\"3614\" data-end=\"3633\">Holandii<\/strong>, bez wzgl\u0119du na zasady kolizji praw.<\/p>\n<p data-start=\"3682\" data-end=\"3796\">Wszelkie spory wynikaj\u0105ce z niniejszego Regulaminu lub z nim zwi\u0105zane b\u0119d\u0105 rozstrzygane przez w\u0142a\u015bciwe s\u0105dy w Holandii.<\/p>\n<hr data-start=\"3798\" data-end=\"3801\">\n<h3 data-start=\"3803\" data-end=\"3833\">10. Zmiany w niniejszym Regulaminie<\/h3>\n<p data-start=\"3835\" data-end=\"4001\">InterDiamant zastrzega sobie prawo do aktualizacji lub modyfikowania niniejszego Regulaminu w dowolnym momencie. Zmiany zostan\u0105 opublikowane na tej stronie, z aktualn\u0105 dat\u0105 widoczn\u0105 powy\u017cej. <\/p>\n<p data-start=\"4003\" data-end=\"4076\">Dalsze korzystanie ze strony internetowej oznacza akceptacj\u0119 zmienionego Regulaminu.<\/p>\n<hr data-start=\"4078\" data-end=\"4081\">\n<h3 data-start=\"4083\" data-end=\"4098\">11. Kontakt<\/h3>\n<p data-start=\"4100\" data-end=\"4175\">W przypadku pyta\u0144 dotycz\u0105cych niniejszego Regulaminu prosimy o kontakt:<\/p>\n<p data-start=\"4177\" data-end=\"4231\"><strong data-start=\"4177\" data-end=\"4187\">E-mail:<\/strong> contact@interdiamant.com<br data-start=\"4203\" data-end=\"4206\"><strong data-start=\"4206\" data-end=\"4216\">Telefon:<\/strong> +3271962521<\/p>[\/et_pb_text][\/et_pb_column][et_pb_column type=&#8221;1_3&#8243; _builder_version=&#8221;4.27.5&#8243; _module_preset=&#8221;default&#8221; global_colors_info=&#8221;{}&#8221;][\/et_pb_column][\/et_pb_row][\/et_pb_section]\n","protected":false},"excerpt":{"rendered":"<p>Regulamin Ostatnia aktualizacja: 30 stycznia 2026 r. Niniejszy Regulamin okre\u015bla zasady korzystania ze strony internetowej InterDiamant oraz zawartych na niej informacji. Dost\u0119p do tej strony lub korzystanie z niej oznacza akceptacj\u0119 niniejszego Regulaminu. 1. Informacje o firmie InterDiamant jest dostawc\u0105 profesjonalnych narz\u0119dzi diamentowych do zastosowa\u0144 w budownictwie, wierceniu, ci\u0119ciu i infrastrukturze. InterDiamant B.V.Brusselstraat 51, Antwerpia [&hellip;]<\/p>\n","protected":false},"author":2,"featured_media":0,"parent":0,"menu_order":0,"comment_status":"closed","ping_status":"closed","template":"","meta":{"_et_pb_use_builder":"on","_et_pb_old_content":"","_et_gb_content_width":"","footnotes":""},"class_list":["post-2661","page","type-page","status-publish","hentry"],"yoast_head":"<!-- This site is optimized with the Yoast SEO plugin v27.4 - https:\/\/yoast.com\/product\/yoast-seo-wordpress\/ -->\n<title>Regulamin | Interdiamant<\/title>\n<meta name=\"robots\" content=\"noindex, nofollow\" \/>\n<meta property=\"og:locale\" content=\"pl_PL\" \/>\n<meta property=\"og:type\" content=\"article\" \/>\n<meta property=\"og:title\" content=\"Regulamin | Interdiamant\" \/>\n<meta property=\"og:description\" content=\"Regulamin Ostatnia aktualizacja: 30 stycznia 2026 r. Niniejszy Regulamin okre\u015bla zasady korzystania ze strony internetowej InterDiamant oraz zawartych na niej informacji. Dost\u0119p do tej strony lub korzystanie z niej oznacza akceptacj\u0119 niniejszego Regulaminu. 1. Informacje o firmie InterDiamant jest dostawc\u0105 profesjonalnych narz\u0119dzi diamentowych do zastosowa\u0144 w budownictwie, wierceniu, ci\u0119ciu i infrastrukturze. InterDiamant B.V.Brusselstraat 51, Antwerpia [&hellip;]\" \/>\n<meta property=\"og:url\" content=\"https:\/\/interdiamant.com\/pl\/regulamin\/\" \/>\n<meta property=\"og:site_name\" content=\"Interdiamant\" \/>\n<meta property=\"article:modified_time\" content=\"2026-02-12T09:30:55+00:00\" \/>\n<meta property=\"og:image\" content=\"https:\/\/interdiamant.com\/wp-content\/uploads\/2026\/01\/OpenGraph-Interdiamant.png\" \/>\n\t<meta property=\"og:image:width\" content=\"1200\" \/>\n\t<meta property=\"og:image:height\" content=\"675\" \/>\n\t<meta property=\"og:image:type\" content=\"image\/png\" \/>\n<meta name=\"twitter:card\" content=\"summary_large_image\" \/>\n<meta name=\"twitter:label1\" content=\"Szacowany czas czytania\" \/>\n\t<meta name=\"twitter:data1\" content=\"5 minuta\" \/>\n<script type=\"application\/ld+json\" class=\"yoast-schema-graph\">{\"@context\":\"https:\\\/\\\/schema.org\",\"@graph\":[{\"@type\":\"WebPage\",\"@id\":\"https:\\\/\\\/interdiamant.com\\\/pl\\\/regulamin\\\/\",\"url\":\"https:\\\/\\\/interdiamant.com\\\/pl\\\/regulamin\\\/\",\"name\":\"Regulamin | Interdiamant\",\"isPartOf\":{\"@id\":\"https:\\\/\\\/interdiamant.com\\\/pl\\\/#website\"},\"datePublished\":\"2026-01-30T15:52:39+00:00\",\"dateModified\":\"2026-02-12T09:30:55+00:00\",\"breadcrumb\":{\"@id\":\"https:\\\/\\\/interdiamant.com\\\/pl\\\/regulamin\\\/#breadcrumb\"},\"inLanguage\":\"pl-PL\",\"potentialAction\":[{\"@type\":\"ReadAction\",\"target\":[\"https:\\\/\\\/interdiamant.com\\\/pl\\\/regulamin\\\/\"]}]},{\"@type\":\"BreadcrumbList\",\"@id\":\"https:\\\/\\\/interdiamant.com\\\/pl\\\/regulamin\\\/#breadcrumb\",\"itemListElement\":[{\"@type\":\"ListItem\",\"position\":1,\"name\":\"Dom\",\"item\":\"https:\\\/\\\/interdiamant.com\\\/pl\\\/\"},{\"@type\":\"ListItem\",\"position\":2,\"name\":\"Regulamin\"}]},{\"@type\":\"WebSite\",\"@id\":\"https:\\\/\\\/interdiamant.com\\\/pl\\\/#website\",\"url\":\"https:\\\/\\\/interdiamant.com\\\/pl\\\/\",\"name\":\"Interdiamant\",\"description\":\"\",\"publisher\":{\"@id\":\"https:\\\/\\\/interdiamant.com\\\/pl\\\/#organization\"},\"potentialAction\":[{\"@type\":\"SearchAction\",\"target\":{\"@type\":\"EntryPoint\",\"urlTemplate\":\"https:\\\/\\\/interdiamant.com\\\/pl\\\/?s={search_term_string}\"},\"query-input\":{\"@type\":\"PropertyValueSpecification\",\"valueRequired\":true,\"valueName\":\"search_term_string\"}}],\"inLanguage\":\"pl-PL\"},{\"@type\":\"Organization\",\"@id\":\"https:\\\/\\\/interdiamant.com\\\/pl\\\/#organization\",\"name\":\"Interdiamant\",\"url\":\"https:\\\/\\\/interdiamant.com\\\/pl\\\/\",\"logo\":{\"@type\":\"ImageObject\",\"inLanguage\":\"pl-PL\",\"@id\":\"https:\\\/\\\/interdiamant.com\\\/pl\\\/#\\\/schema\\\/logo\\\/image\\\/\",\"url\":\"https:\\\/\\\/interdiamant.com\\\/wp-content\\\/uploads\\\/2026\\\/01\\\/Logo-Interdiamant.svg\",\"contentUrl\":\"https:\\\/\\\/interdiamant.com\\\/wp-content\\\/uploads\\\/2026\\\/01\\\/Logo-Interdiamant.svg\",\"width\":1,\"height\":1,\"caption\":\"Interdiamant\"},\"image\":{\"@id\":\"https:\\\/\\\/interdiamant.com\\\/pl\\\/#\\\/schema\\\/logo\\\/image\\\/\"}}]}<\/script>\n<!-- \/ Yoast SEO plugin. -->","yoast_head_json":{"title":"Regulamin | Interdiamant","robots":{"index":"noindex","follow":"nofollow"},"og_locale":"pl_PL","og_type":"article","og_title":"Regulamin | Interdiamant","og_description":"Regulamin Ostatnia aktualizacja: 30 stycznia 2026 r. Niniejszy Regulamin okre\u015bla zasady korzystania ze strony internetowej InterDiamant oraz zawartych na niej informacji. Dost\u0119p do tej strony lub korzystanie z niej oznacza akceptacj\u0119 niniejszego Regulaminu. 1. Informacje o firmie InterDiamant jest dostawc\u0105 profesjonalnych narz\u0119dzi diamentowych do zastosowa\u0144 w budownictwie, wierceniu, ci\u0119ciu i infrastrukturze. InterDiamant B.V.Brusselstraat 51, Antwerpia [&hellip;]","og_url":"https:\/\/interdiamant.com\/pl\/regulamin\/","og_site_name":"Interdiamant","article_modified_time":"2026-02-12T09:30:55+00:00","og_image":[{"width":1200,"height":675,"url":"https:\/\/interdiamant.com\/wp-content\/uploads\/2026\/01\/OpenGraph-Interdiamant.png","type":"image\/png"}],"twitter_card":"summary_large_image","twitter_misc":{"Szacowany czas czytania":"5 minuta"},"schema":{"@context":"https:\/\/schema.org","@graph":[{"@type":"WebPage","@id":"https:\/\/interdiamant.com\/pl\/regulamin\/","url":"https:\/\/interdiamant.com\/pl\/regulamin\/","name":"Regulamin | Interdiamant","isPartOf":{"@id":"https:\/\/interdiamant.com\/pl\/#website"},"datePublished":"2026-01-30T15:52:39+00:00","dateModified":"2026-02-12T09:30:55+00:00","breadcrumb":{"@id":"https:\/\/interdiamant.com\/pl\/regulamin\/#breadcrumb"},"inLanguage":"pl-PL","potentialAction":[{"@type":"ReadAction","target":["https:\/\/interdiamant.com\/pl\/regulamin\/"]}]},{"@type":"BreadcrumbList","@id":"https:\/\/interdiamant.com\/pl\/regulamin\/#breadcrumb","itemListElement":[{"@type":"ListItem","position":1,"name":"Dom","item":"https:\/\/interdiamant.com\/pl\/"},{"@type":"ListItem","position":2,"name":"Regulamin"}]},{"@type":"WebSite","@id":"https:\/\/interdiamant.com\/pl\/#website","url":"https:\/\/interdiamant.com\/pl\/","name":"Interdiamant","description":"","publisher":{"@id":"https:\/\/interdiamant.com\/pl\/#organization"},"potentialAction":[{"@type":"SearchAction","target":{"@type":"EntryPoint","urlTemplate":"https:\/\/interdiamant.com\/pl\/?s={search_term_string}"},"query-input":{"@type":"PropertyValueSpecification","valueRequired":true,"valueName":"search_term_string"}}],"inLanguage":"pl-PL"},{"@type":"Organization","@id":"https:\/\/interdiamant.com\/pl\/#organization","name":"Interdiamant","url":"https:\/\/interdiamant.com\/pl\/","logo":{"@type":"ImageObject","inLanguage":"pl-PL","@id":"https:\/\/interdiamant.com\/pl\/#\/schema\/logo\/image\/","url":"https:\/\/interdiamant.com\/wp-content\/uploads\/2026\/01\/Logo-Interdiamant.svg","contentUrl":"https:\/\/interdiamant.com\/wp-content\/uploads\/2026\/01\/Logo-Interdiamant.svg","width":1,"height":1,"caption":"Interdiamant"},"image":{"@id":"https:\/\/interdiamant.com\/pl\/#\/schema\/logo\/image\/"}}]}},"_links":{"self":[{"href":"https:\/\/interdiamant.com\/pl\/wp-json\/wp\/v2\/pages\/2661","targetHints":{"allow":["GET"]}}],"collection":[{"href":"https:\/\/interdiamant.com\/pl\/wp-json\/wp\/v2\/pages"}],"about":[{"href":"https:\/\/interdiamant.com\/pl\/wp-json\/wp\/v2\/types\/page"}],"author":[{"embeddable":true,"href":"https:\/\/interdiamant.com\/pl\/wp-json\/wp\/v2\/users\/2"}],"replies":[{"embeddable":true,"href":"https:\/\/interdiamant.com\/pl\/wp-json\/wp\/v2\/comments?post=2661"}],"version-history":[{"count":3,"href":"https:\/\/interdiamant.com\/pl\/wp-json\/wp\/v2\/pages\/2661\/revisions"}],"predecessor-version":[{"id":2669,"href":"https:\/\/interdiamant.com\/pl\/wp-json\/wp\/v2\/pages\/2661\/revisions\/2669"}],"wp:attachment":[{"href":"https:\/\/interdiamant.com\/pl\/wp-json\/wp\/v2\/media?parent=2661"}],"curies":[{"name":"wp","href":"https:\/\/api.w.org\/{rel}","templated":true}]}}