{"id":2614,"date":"2026-01-19T17:28:36","date_gmt":"2026-01-19T16:28:36","guid":{"rendered":"https:\/\/interdiamant.com\/marka\/"},"modified":"2026-02-12T10:23:10","modified_gmt":"2026-02-12T09:23:10","slug":"marka","status":"publish","type":"page","link":"https:\/\/interdiamant.com\/pl\/marka\/","title":{"rendered":"Marka"},"content":{"rendered":"<p>[et_pb_section fb_built=&#8221;1&#8243; _builder_version=&#8221;4.27.5&#8243; _module_preset=&#8221;default&#8221; use_background_color_gradient=&#8221;on&#8221; background_color_gradient_stops=&#8221;rgba(2,2,2,0.55) 0%|rgba(2,2,2,0.25) 100%&#8221; background_color_gradient_overlays_image=&#8221;on&#8221; background_image=&#8221;https:\/\/interdiamant.com\/wp-content\/uploads\/2026\/01\/e503a3873eb0ad5dcde729df3956e6e7360fad95.jpg&#8221; background_position=&#8221;top_center&#8221; background_vertical_offset=&#8221;70%&#8221; height=&#8221;512px&#8221; height_tablet=&#8221;512px&#8221; height_phone=&#8221;342px&#8221; height_last_edited=&#8221;on|tablet&#8221; custom_css_free_form=&#8221;\/* Witte driehoek \u2013 rechtsboven *\/||selector::before {||    content: %22%22;||  \tdisplay: inline-block !important;||    opacity: 1 !important;||    position: absolute;||    right: 0px;\t||  \ttop: 0;||    width: 93px;||    height: 241px;||    background-color: #000000;||    clip-path: polygon(0% 0%, 100% 0%, 100% 100%);||}||||\/* Oranje driehoek rechtsonder *\/||selector::after {||  content: %22%22;||  display: inline-block !important;||  opacity: 1 !important;||  position: absolute;||  right: 0px;\t||  bottom: 0;||  width: 110px;||  height: 305px;||  background-color: #E9530D;||  clip-path: polygon(0% 100%, 100% 100%, 100% 0%);||}||||@media screen and (min-width: 980px) {||  \/* Witte driehoek \u2013 rechtsboven *\/||selector::before {||  \tcontent: %22%22;||  \tdisplay: inline-block !important;||    opacity: 1 !important;||    position: absolute;||    right: 0px;\t||  \ttop: 0;||    width: 231px;||    height: 364px;||    background-color: #000000;||    clip-path: polygon(0% 0%, 100% 0%, 100% 100%);||  }||  ||@media screen and (min-width: 980px) {  ||  \/* Oranje driehoek rechtsonder *\/||selector::after {||  content: %22%22;||  display: inline-block !important;||  opacity: 1 !important;||  position: absolute;||  right: 0px;\t||  bottom: 0;||  width: 327px;||  height: 417px;||  background-color: #E9530D;||  clip-path: polygon(0% 100%, 100% 100%, 100% 0%);||}||  } ||} ||&#8221; global_colors_info=&#8221;{}&#8221;][et_pb_row _builder_version=&#8221;4.27.5&#8243; _module_preset=&#8221;default&#8221; positioning=&#8221;absolute&#8221; position_origin_a=&#8221;bottom_left&#8221; vertical_offset=&#8221;-40px&#8221; max_width=&#8221;156px&#8221; global_colors_info=&#8221;{}&#8221;][et_pb_column type=&#8221;4_4&#8243; _builder_version=&#8221;4.27.5&#8243; _module_preset=&#8221;default&#8221; global_colors_info=&#8221;{}&#8221;][et_pb_image src=&#8221;https:\/\/interdiamant.com\/wp-content\/uploads\/2026\/01\/Vector-6.png&#8221; title_text=&#8221;Wektor (7)&#8221; src_tablet=&#8221;https:\/\/interdiamant.com\/wp-content\/uploads\/2026\/01\/Vector-6.png&#8221; src_phone=&#8221;https:\/\/interdiamant.com\/wp-content\/uploads\/2026\/01\/Vector-7.png&#8221; src_last_edited=&#8221;on|phone&#8221; _builder_version=&#8221;4.27.5&#8243; _module_preset=&#8221;default&#8221; height_tablet=&#8221;&#8221; height_phone=&#8221;51px&#8221; height_last_edited=&#8221;on|phone&#8221; global_colors_info=&#8221;{}&#8221;][\/et_pb_image][\/et_pb_column][\/et_pb_row][\/et_pb_section][et_pb_section fb_built=&#8221;1&#8243; _builder_version=&#8221;4.27.5&#8243; _module_preset=&#8221;default&#8221; custom_padding=&#8221;12px||100px||false|false&#8221; global_colors_info=&#8221;{}&#8221;][et_pb_row _builder_version=&#8221;4.27.5&#8243; _module_preset=&#8221;default&#8221; custom_padding=&#8221;0px||0px||true|false&#8221; global_colors_info=&#8221;{}&#8221;][et_pb_column type=&#8221;4_4&#8243; _builder_version=&#8221;4.27.5&#8243; _module_preset=&#8221;default&#8221; global_colors_info=&#8221;{}&#8221;][dsm_breadcrumbs separator_icon=&#8221;&#x35;||divi||400&#8243; _builder_version=&#8221;4.27.5&#8243; _module_preset=&#8221;default&#8221; items_text_color=&#8221;#020202&#8243; items_font_size=&#8221;14px&#8221; separators_text_color=&#8221;#E9530D&#8221; separators_font_size=&#8221;14px&#8221; current_font_size=&#8221;14px&#8221; global_colors_info=&#8221;{}&#8221;][\/dsm_breadcrumbs][\/et_pb_column][\/et_pb_row][et_pb_row column_structure=&#8221;2_3,1_3&#8243; _builder_version=&#8221;4.27.5&#8243; _module_preset=&#8221;default&#8221; custom_margin=&#8221;35px||||false|false&#8221; custom_padding=&#8221;||0px|||&#8221; global_colors_info=&#8221;{}&#8221;][et_pb_column type=&#8221;2_3&#8243; _builder_version=&#8221;4.27.5&#8243; _module_preset=&#8221;default&#8221; global_colors_info=&#8221;{}&#8221;][et_pb_text _builder_version=&#8221;4.27.5&#8243; _module_preset=&#8221;default&#8221; text_text_color=&#8221;#E9530D&#8221; text_font_size=&#8221;20px&#8221; background_image=&#8221;https:\/\/interdiamant.com\/wp-content\/uploads\/2026\/01\/Vector.png&#8221; background_size=&#8221;custom&#8221; background_image_width=&#8221;18px&#8221; background_image_height=&#8221;18px&#8221; background_position=&#8221;center_left&#8221; custom_margin=&#8221;||10px||false|false&#8221; custom_css_free_form=&#8221;selector {||  text-indent: calc(18px + 15px);||}&#8221; global_colors_info=&#8221;{}&#8221;]<\/p>\n<p>O nas<\/p>\n<p>[\/et_pb_text][et_pb_text _builder_version=&#8221;4.27.5&#8243; _module_preset=&#8221;default&#8221; min_height=&#8221;49px&#8221; custom_margin=&#8221;||13px|||&#8221; global_colors_info=&#8221;{}&#8221;]<\/p>\n<h1>O interdiamant<\/h1>\n<p>[\/et_pb_text][et_pb_text _builder_version=&#8221;4.27.5&#8243; _module_preset=&#8221;default&#8221; text_font=&#8221;Kanit-Light||||||||&#8221; global_colors_info=&#8221;{}&#8221;]<\/p>\n<p data-start=\"283\" data-end=\"629\">InterDiamant to europejski specjalista w profesjonalnych narz\u0119dziach diamentowych, obs\u0142uguj\u0105cy profesjonalist\u00f3w z bran\u017cy budowlanej, instalacyjnej, wiertniczej i tn\u0105cej beton oraz infrastrukturalnej, kt\u00f3rzy dzia\u0142aj\u0105 w wymagaj\u0105cych \u015brodowiskach. Przez dziesi\u0119ciolecia nasza marka by\u0142a synonimem narz\u0119dzi zapewniaj\u0105cych <strong data-start=\"547\" data-end=\"597\">bezpiecze\u0144stwo, trwa\u0142o\u015b\u0107 i sta\u0142\u0105 wydajno\u015b\u0107<\/strong> \u2014 tam, gdzie awaria nie wchodzi w gr\u0119. <\/p>\n<h3 data-start=\"631\" data-end=\"646\">Nasza historia<\/h3>\n<p data-start=\"648\" data-end=\"982\">Za\u0142o\u017cona w Belgii na pocz\u0105tku lat 80., firma InterDiamant ma d\u0142ug\u0105 tradycj\u0119 w rozwoju narz\u0119dzi diamentowych i g\u0142\u0119bok\u0105 wiedz\u0119 specjalistyczn\u0105 w szerokim zakresie zastosowa\u0144. Od pocz\u0105tku marka koncentrowa\u0142a si\u0119 na praktycznych rozwi\u0105zaniach, dostosowanych do potrzeb placu budowy, zdobywaj\u0105c zaufanie profesjonalist\u00f3w pracuj\u0105cych przy projektach betonowych, kamiennych i infrastrukturalnych. <\/p>\n<p data-start=\"984\" data-end=\"1312\">W pa\u017adzierniku 2024 roku InterDiamant zosta\u0142 przej\u0119ty od Kyocera, co zapocz\u0105tkowa\u0142o nowy rozdzia\u0142 dla marki. Zachowuj\u0105c swoje belgijskie korzenie, InterDiamant jest teraz wspierany przez siln\u0105 mi\u0119dzynarodow\u0105 organizacj\u0119, co umo\u017cliwia szybsze innowacje, lepsze dostosowanie do rynku i jasn\u0105 d\u0142ugoterminow\u0105 strategi\u0119. <\/p>\n<h3 data-start=\"1314\" data-end=\"1341\">Jasny strategiczny kierunek<\/h3>\n<p data-start=\"1343\" data-end=\"1429\">Od 2025 roku InterDiamant dzia\u0142a ze wzmocnionym naciskiem na trzy kluczowe filary:<\/p>\n<ul data-start=\"1431\" data-end=\"1698\">\n<li data-start=\"1431\" data-end=\"1517\">\n<p data-start=\"1433\" data-end=\"1517\"><strong data-start=\"1433\" data-end=\"1443\">Bezpiecze\u0144stwo<\/strong> \u2013 Certyfikowane, zorientowane na u\u017cytkownika rozwi\u0105zania wspieraj\u0105ce bezpieczne praktyki pracy<\/p>\n<\/li>\n<li data-start=\"1518\" data-end=\"1601\">\n<p data-start=\"1520\" data-end=\"1601\"><strong data-start=\"1520\" data-end=\"1531\">Jako\u015b\u0107<\/strong> \u2013 Zaprojektowana wydajno\u015b\u0107, sp\u00f3jne wyniki i d\u0142uga \u017cywotno\u015b\u0107<\/p>\n<\/li>\n<li data-start=\"1602\" data-end=\"1698\">\n<p data-start=\"1604\" data-end=\"1698\"><strong data-start=\"1604\" data-end=\"1622\">Zr\u00f3wnowa\u017cony rozw\u00f3j<\/strong> \u2013 Trwa\u0142e produkty, efektywne wykorzystanie materia\u0142\u00f3w i odpowiedzialna produkcja<\/p>\n<\/li>\n<\/ul>\n<p data-start=\"1700\" data-end=\"1776\">Ta filozofia jest zawarta w naszej obietnicy marki:<br data-start=\"1749\" data-end=\"1752\"><strong data-start=\"1752\" data-end=\"1776\">Trwa\u0142a Si\u0142a.<\/strong><\/p>\n<h3 data-start=\"1778\" data-end=\"1806\">Technologia i wydajno\u015b\u0107<\/h3>\n<p data-start=\"1808\" data-end=\"2159\">Narz\u0119dzia InterDiamant s\u0105 opracowywane przy u\u017cyciu zaawansowanych technologii pozycjonowania diament\u00f3w i zoptymalizowanych spoiw metalurgicznych. W po\u0142\u0105czeniu z rygorystyczn\u0105 kontrol\u0105 jako\u015bci i testami w rzeczywistych warunkach, zapewnia to wysok\u0105 pr\u0119dko\u015b\u0107 ci\u0119cia, przewidywalne zu\u017cycie i niezawodn\u0105 wydajno\u015b\u0107 w zastosowaniach takich jak beton zbrojony, asfalt, materia\u0142y \u015bcierne i kamie\u0144 naturalny. <\/p>\n<p data-start=\"2161\" data-end=\"2281\">Ka\u017cdy produkt jest zaprojektowany do pracy pod ci\u0105g\u0142ym obci\u0105\u017ceniem \u2014 redukuj\u0105c przestoje, wymiany narz\u0119dzi i ca\u0142kowity koszt posiadania.<\/p>\n<h3 data-start=\"2283\" data-end=\"2322\">Obs\u0142uga profesjonalist\u00f3w w ca\u0142ej Europie<\/h3>\n<p data-start=\"2324\" data-end=\"2363\">InterDiamant wspiera profesjonalist\u00f3w w:<\/p>\n<ul data-start=\"2364\" data-end=\"2516\">\n<li data-start=\"2364\" data-end=\"2397\">\n<p data-start=\"2366\" data-end=\"2397\">Budownictwie i instalacjach<\/p>\n<\/li>\n<li data-start=\"2398\" data-end=\"2431\">\n<p data-start=\"2400\" data-end=\"2431\">Wierceniu i ci\u0119ciu betonu<\/p>\n<\/li>\n<li data-start=\"2432\" data-end=\"2472\">\n<p data-start=\"2434\" data-end=\"2472\">Infrastrukturze, drogownictwie i hydrotechnice<\/p>\n<\/li>\n<li data-start=\"2473\" data-end=\"2516\">\n<p data-start=\"2475\" data-end=\"2516\">Rozbi\u00f3rkach i specjalistycznych zastosowaniach<\/p>\n<\/li>\n<\/ul>\n<p data-start=\"2518\" data-end=\"2771\">Nasze produkty s\u0105 dystrybuowane poprzez siln\u0105 sie\u0107 wyspecjalizowanych dystrybutor\u00f3w i wspierane przez bezpo\u015bredni\u0105, profesjonaln\u0105 wiedz\u0119 specjalistyczn\u0105, tam gdzie jest to wymagane. To hybrydowe podej\u015bcie zapewnia <strong data-start=\"2692\" data-end=\"2770\">lokaln\u0105 dost\u0119pno\u015b\u0107, doradztwo techniczne i rozwi\u0105zania dostosowane do konkretnych zastosowa\u0144<\/strong>. <\/p>\n<h3 data-start=\"2773\" data-end=\"2790\">Patrz\u0105c w przysz\u0142o\u015b\u0107<\/h3>\n<p data-start=\"2792\" data-end=\"2995\">Dzi\u0119ki ponownemu uruchomieniu w krajach Beneluksu w 2026 roku i planowanej ekspansji na region DACH oraz Europ\u0119 Po\u0142udniow\u0105, InterDiamant buduje siln\u0105, przysz\u0142o\u015bciow\u0105 mark\u0119 \u2014 zakorzenion\u0105 w do\u015bwiadczeniu i nap\u0119dzan\u0105 innowacjami.<\/p>\n<p data-start=\"2997\" data-end=\"3090\"><strong data-start=\"2997\" data-end=\"3013\">InterDiamant<\/strong><br data-start=\"3013\" data-end=\"3016\">Profesjonalne narz\u0119dzia diamentowe oparte na do\u015bwiadczeniu.<br data-start=\"3063\" data-end=\"3066\"><strong data-start=\"3066\" data-end=\"3090\">Trwa\u0142a Si\u0142a.<\/strong><\/p>\n<p>[\/et_pb_text][\/et_pb_column][et_pb_column type=&#8221;1_3&#8243; _builder_version=&#8221;4.27.5&#8243; _module_preset=&#8221;default&#8221; global_colors_info=&#8221;{}&#8221;][\/et_pb_column][\/et_pb_row][\/et_pb_section]<\/p>\n","protected":false},"excerpt":{"rendered":"<p><div class=\"et_pb_module dsm_breadcrumbs dsm_breadcrumbs_0\">\n\t\t\t\t\n\t\t\t\t\n\t\t\t\t\n\t\t\t\t\n\t\t\t\t\n\t\t\t\t\n\t\t\t\t<div class=\"et_pb_module_inner\">\n\t\t\t\t\t<nav class=\"dsm_breadcrumbs_wrap\">\n\t\t\t\t<ul class=\"dsm_breadcrumbs\" itemscope itemtype=\"https:\/\/schema.org\/BreadcrumbList\">\t\t\t<li class=\"dsm_breadcrumbs_item dsm_home_item dsm_home_item_custom\" itemprop=\"itemListElement\" itemscope\n\t\t\titemtype=\"https:\/\/schema.org\/ListItem\">\n\t\t\t\t<a href=\"https:\/\/interdiamant.com\/pl\/\" itemprop=\"item\" target=\"\">\n\t\t\t\t\t<span class='dsm_home_text_wrapper'>\n\t\t\t\t\t\t\t\t\t\t\t\t\t<span class=\"et-pb-icon dsm_home_icon\">\ue009<\/span>\n\t\t\t\t\t\t\t\t\t\t\t\t\t<span class=\"dsm_home_text\" itemprop=\"name\">\n\t\t\t\t\t\t\t\tHome\t\t\t\t\t\t\t<\/span>\n\t\t\t\t\t<\/span>\n\t\t\t\t<\/a>\n\t\t\t\t<meta itemprop=\"position\" content=\"1\" \/>\n\t\t\t<\/li>\n\n\t\t<li class=\"dsm_breadcrumbs_separator\"> <span class=\"et-pb-icon dsm_separator_icon\">&#x35;<\/span><\/li><\/ul>\n\t\t\t<\/nav>\n\t\t\t\t<\/div>\n\t\t\t<\/div>O nasO interdiamantInterDiamant to europejski specjalista w profesjonalnych narz\u0119dziach diamentowych, obs\u0142uguj\u0105cy profesjonalist\u00f3w z bran\u017cy budowlanej, instalacyjnej, wiertniczej i tn\u0105cej beton oraz infrastrukturalnej, kt\u00f3rzy dzia\u0142aj\u0105 w wymagaj\u0105cych \u015brodowiskach. Przez dziesi\u0119ciolecia nasza marka by\u0142a synonimem narz\u0119dzi zapewniaj\u0105cych bezpiecze\u0144stwo, trwa\u0142o\u015b\u0107 i sta\u0142\u0105 wydajno\u015b\u0107 \u2014 tam, gdzie awaria nie wchodzi [&hellip;]<\/p>\n","protected":false},"author":1,"featured_media":0,"parent":0,"menu_order":0,"comment_status":"closed","ping_status":"closed","template":"","meta":{"_et_pb_use_builder":"on","_et_pb_old_content":"","_et_gb_content_width":"","footnotes":""},"class_list":["post-2614","page","type-page","status-publish","hentry"],"yoast_head":"<!-- This site is optimized with the Yoast SEO plugin v27.4 - https:\/\/yoast.com\/product\/yoast-seo-wordpress\/ -->\n<title>O InterDiamant | Europejski Specjalista w Narz\u0119dziach Diamentowych<\/title>\n<meta name=\"description\" content=\"Dowiedz si\u0119 wi\u0119cej o InterDiamant: europejskim specjali\u015bcie w narz\u0119dziach diamentowych od lat 80., opieraj\u0105cym si\u0119 na bezpiecze\u0144stwie, jako\u015bci i trwa\u0142o\u015bci.\" \/>\n<meta name=\"robots\" content=\"index, follow, max-snippet:-1, max-image-preview:large, max-video-preview:-1\" \/>\n<link rel=\"canonical\" href=\"https:\/\/interdiamant.com\/pl\/marka\/\" \/>\n<meta property=\"og:locale\" content=\"pl_PL\" \/>\n<meta property=\"og:type\" content=\"article\" \/>\n<meta property=\"og:title\" content=\"O InterDiamant | Europejski Specjalista w Narz\u0119dziach Diamentowych\" \/>\n<meta property=\"og:description\" content=\"Dowiedz si\u0119 wi\u0119cej o InterDiamant: europejskim specjali\u015bcie w narz\u0119dziach diamentowych od lat 80., opieraj\u0105cym si\u0119 na bezpiecze\u0144stwie, jako\u015bci i trwa\u0142o\u015bci.\" \/>\n<meta property=\"og:url\" content=\"https:\/\/interdiamant.com\/pl\/marka\/\" \/>\n<meta property=\"og:site_name\" content=\"Interdiamant\" \/>\n<meta property=\"article:modified_time\" content=\"2026-02-12T09:23:10+00:00\" \/>\n<meta property=\"og:image\" content=\"https:\/\/interdiamant.com\/wp-content\/uploads\/2026\/01\/OpenGraph-Interdiamant.png\" \/>\n\t<meta property=\"og:image:width\" content=\"1200\" \/>\n\t<meta property=\"og:image:height\" content=\"675\" \/>\n\t<meta property=\"og:image:type\" content=\"image\/png\" \/>\n<meta name=\"twitter:card\" content=\"summary_large_image\" \/>\n<meta name=\"twitter:label1\" content=\"Szacowany czas czytania\" \/>\n\t<meta name=\"twitter:data1\" content=\"5 minuta\" \/>\n<script type=\"application\/ld+json\" class=\"yoast-schema-graph\">{\"@context\":\"https:\\\/\\\/schema.org\",\"@graph\":[{\"@type\":\"WebPage\",\"@id\":\"https:\\\/\\\/interdiamant.com\\\/pl\\\/marka\\\/\",\"url\":\"https:\\\/\\\/interdiamant.com\\\/pl\\\/marka\\\/\",\"name\":\"O InterDiamant | Europejski Specjalista w Narz\u0119dziach Diamentowych\",\"isPartOf\":{\"@id\":\"https:\\\/\\\/interdiamant.com\\\/pl\\\/#website\"},\"datePublished\":\"2026-01-19T16:28:36+00:00\",\"dateModified\":\"2026-02-12T09:23:10+00:00\",\"description\":\"Dowiedz si\u0119 wi\u0119cej o InterDiamant: europejskim specjali\u015bcie w narz\u0119dziach diamentowych od lat 80., opieraj\u0105cym si\u0119 na bezpiecze\u0144stwie, jako\u015bci i trwa\u0142o\u015bci.\",\"breadcrumb\":{\"@id\":\"https:\\\/\\\/interdiamant.com\\\/pl\\\/marka\\\/#breadcrumb\"},\"inLanguage\":\"pl-PL\",\"potentialAction\":[{\"@type\":\"ReadAction\",\"target\":[\"https:\\\/\\\/interdiamant.com\\\/pl\\\/marka\\\/\"]}]},{\"@type\":\"BreadcrumbList\",\"@id\":\"https:\\\/\\\/interdiamant.com\\\/pl\\\/marka\\\/#breadcrumb\",\"itemListElement\":[{\"@type\":\"ListItem\",\"position\":1,\"name\":\"Dom\",\"item\":\"https:\\\/\\\/interdiamant.com\\\/pl\\\/\"},{\"@type\":\"ListItem\",\"position\":2,\"name\":\"Marka\"}]},{\"@type\":\"WebSite\",\"@id\":\"https:\\\/\\\/interdiamant.com\\\/pl\\\/#website\",\"url\":\"https:\\\/\\\/interdiamant.com\\\/pl\\\/\",\"name\":\"Interdiamant\",\"description\":\"\",\"publisher\":{\"@id\":\"https:\\\/\\\/interdiamant.com\\\/pl\\\/#organization\"},\"potentialAction\":[{\"@type\":\"SearchAction\",\"target\":{\"@type\":\"EntryPoint\",\"urlTemplate\":\"https:\\\/\\\/interdiamant.com\\\/pl\\\/?s={search_term_string}\"},\"query-input\":{\"@type\":\"PropertyValueSpecification\",\"valueRequired\":true,\"valueName\":\"search_term_string\"}}],\"inLanguage\":\"pl-PL\"},{\"@type\":\"Organization\",\"@id\":\"https:\\\/\\\/interdiamant.com\\\/pl\\\/#organization\",\"name\":\"Interdiamant\",\"url\":\"https:\\\/\\\/interdiamant.com\\\/pl\\\/\",\"logo\":{\"@type\":\"ImageObject\",\"inLanguage\":\"pl-PL\",\"@id\":\"https:\\\/\\\/interdiamant.com\\\/pl\\\/#\\\/schema\\\/logo\\\/image\\\/\",\"url\":\"https:\\\/\\\/interdiamant.com\\\/wp-content\\\/uploads\\\/2026\\\/01\\\/Logo-Interdiamant.svg\",\"contentUrl\":\"https:\\\/\\\/interdiamant.com\\\/wp-content\\\/uploads\\\/2026\\\/01\\\/Logo-Interdiamant.svg\",\"width\":1,\"height\":1,\"caption\":\"Interdiamant\"},\"image\":{\"@id\":\"https:\\\/\\\/interdiamant.com\\\/pl\\\/#\\\/schema\\\/logo\\\/image\\\/\"}}]}<\/script>\n<!-- \/ Yoast SEO plugin. -->","yoast_head_json":{"title":"O InterDiamant | Europejski Specjalista w Narz\u0119dziach Diamentowych","description":"Dowiedz si\u0119 wi\u0119cej o InterDiamant: europejskim specjali\u015bcie w narz\u0119dziach diamentowych od lat 80., opieraj\u0105cym si\u0119 na bezpiecze\u0144stwie, jako\u015bci i trwa\u0142o\u015bci.","robots":{"index":"index","follow":"follow","max-snippet":"max-snippet:-1","max-image-preview":"max-image-preview:large","max-video-preview":"max-video-preview:-1"},"canonical":"https:\/\/interdiamant.com\/pl\/marka\/","og_locale":"pl_PL","og_type":"article","og_title":"O InterDiamant | Europejski Specjalista w Narz\u0119dziach Diamentowych","og_description":"Dowiedz si\u0119 wi\u0119cej o InterDiamant: europejskim specjali\u015bcie w narz\u0119dziach diamentowych od lat 80., opieraj\u0105cym si\u0119 na bezpiecze\u0144stwie, jako\u015bci i trwa\u0142o\u015bci.","og_url":"https:\/\/interdiamant.com\/pl\/marka\/","og_site_name":"Interdiamant","article_modified_time":"2026-02-12T09:23:10+00:00","og_image":[{"width":1200,"height":675,"url":"https:\/\/interdiamant.com\/wp-content\/uploads\/2026\/01\/OpenGraph-Interdiamant.png","type":"image\/png"}],"twitter_card":"summary_large_image","twitter_misc":{"Szacowany czas czytania":"5 minuta"},"schema":{"@context":"https:\/\/schema.org","@graph":[{"@type":"WebPage","@id":"https:\/\/interdiamant.com\/pl\/marka\/","url":"https:\/\/interdiamant.com\/pl\/marka\/","name":"O InterDiamant | Europejski Specjalista w Narz\u0119dziach Diamentowych","isPartOf":{"@id":"https:\/\/interdiamant.com\/pl\/#website"},"datePublished":"2026-01-19T16:28:36+00:00","dateModified":"2026-02-12T09:23:10+00:00","description":"Dowiedz si\u0119 wi\u0119cej o InterDiamant: europejskim specjali\u015bcie w narz\u0119dziach diamentowych od lat 80., opieraj\u0105cym si\u0119 na bezpiecze\u0144stwie, jako\u015bci i trwa\u0142o\u015bci.","breadcrumb":{"@id":"https:\/\/interdiamant.com\/pl\/marka\/#breadcrumb"},"inLanguage":"pl-PL","potentialAction":[{"@type":"ReadAction","target":["https:\/\/interdiamant.com\/pl\/marka\/"]}]},{"@type":"BreadcrumbList","@id":"https:\/\/interdiamant.com\/pl\/marka\/#breadcrumb","itemListElement":[{"@type":"ListItem","position":1,"name":"Dom","item":"https:\/\/interdiamant.com\/pl\/"},{"@type":"ListItem","position":2,"name":"Marka"}]},{"@type":"WebSite","@id":"https:\/\/interdiamant.com\/pl\/#website","url":"https:\/\/interdiamant.com\/pl\/","name":"Interdiamant","description":"","publisher":{"@id":"https:\/\/interdiamant.com\/pl\/#organization"},"potentialAction":[{"@type":"SearchAction","target":{"@type":"EntryPoint","urlTemplate":"https:\/\/interdiamant.com\/pl\/?s={search_term_string}"},"query-input":{"@type":"PropertyValueSpecification","valueRequired":true,"valueName":"search_term_string"}}],"inLanguage":"pl-PL"},{"@type":"Organization","@id":"https:\/\/interdiamant.com\/pl\/#organization","name":"Interdiamant","url":"https:\/\/interdiamant.com\/pl\/","logo":{"@type":"ImageObject","inLanguage":"pl-PL","@id":"https:\/\/interdiamant.com\/pl\/#\/schema\/logo\/image\/","url":"https:\/\/interdiamant.com\/wp-content\/uploads\/2026\/01\/Logo-Interdiamant.svg","contentUrl":"https:\/\/interdiamant.com\/wp-content\/uploads\/2026\/01\/Logo-Interdiamant.svg","width":1,"height":1,"caption":"Interdiamant"},"image":{"@id":"https:\/\/interdiamant.com\/pl\/#\/schema\/logo\/image\/"}}]}},"_links":{"self":[{"href":"https:\/\/interdiamant.com\/pl\/wp-json\/wp\/v2\/pages\/2614","targetHints":{"allow":["GET"]}}],"collection":[{"href":"https:\/\/interdiamant.com\/pl\/wp-json\/wp\/v2\/pages"}],"about":[{"href":"https:\/\/interdiamant.com\/pl\/wp-json\/wp\/v2\/types\/page"}],"author":[{"embeddable":true,"href":"https:\/\/interdiamant.com\/pl\/wp-json\/wp\/v2\/users\/1"}],"replies":[{"embeddable":true,"href":"https:\/\/interdiamant.com\/pl\/wp-json\/wp\/v2\/comments?post=2614"}],"version-history":[{"count":2,"href":"https:\/\/interdiamant.com\/pl\/wp-json\/wp\/v2\/pages\/2614\/revisions"}],"predecessor-version":[{"id":2616,"href":"https:\/\/interdiamant.com\/pl\/wp-json\/wp\/v2\/pages\/2614\/revisions\/2616"}],"wp:attachment":[{"href":"https:\/\/interdiamant.com\/pl\/wp-json\/wp\/v2\/media?parent=2614"}],"curies":[{"name":"wp","href":"https:\/\/api.w.org\/{rel}","templated":true}]}}