{"id":7480,"date":"2026-04-08T14:11:43","date_gmt":"2026-04-08T12:11:43","guid":{"rendered":"https:\/\/interdiamant.com\/product\/moulin-chauffant-au-sol-a-lames-interdiamant\/"},"modified":"2026-04-08T14:11:43","modified_gmt":"2026-04-08T12:11:43","slug":"moulin-chauffant-au-sol-a-lames-interdiamant","status":"publish","type":"product","link":"https:\/\/interdiamant.com\/fr\/produit\/moulin-chauffant-au-sol-a-lames-interdiamant\/","title":{"rendered":"Moulin chauffant au sol \u00e0 lames InterDiamant"},"content":{"rendered":"<p>Disques de fraisage diamant\u00e9s professionnels sp\u00e9cialement con\u00e7us pour la pose rapide de syst\u00e8mes de chauffage au sol. Ces outils permettent de r\u00e9aliser des rainures pr\u00e9cises et r\u00e9guli\u00e8res pour les tuyaux de chauffage dans diff\u00e9rents types de chapes, offrant ainsi une solution robuste et fiable aux professionnels du rev\u00eatement de sol. <\/p>\n<p>Application<br \/>\n Con\u00e7ue pour le fraisage efficace de rainures dans les chapes et les sols en ciment-sable. Afin de garantir une efficacit\u00e9 maximale et une longue dur\u00e9e de vie de l&rsquo;outil, notre gamme se d\u00e9cline en trois variantes sp\u00e9cialis\u00e9es, adapt\u00e9es \u00e0 la duret\u00e9 et \u00e0 l&rsquo;abrasivit\u00e9 sp\u00e9cifiques de la surface&nbsp;: <\/p>\n<p>Abrasif&nbsp;: Optimis\u00e9 pour les chapes sable-ciment \u00ab&nbsp;souples&nbsp;\u00bb ou tr\u00e8s abrasives et les chapes \u00ab&nbsp;fra\u00eeches&nbsp;\u00bb. Ce liant est con\u00e7u pour r\u00e9sister \u00e0 un frottement \u00e9lev\u00e9 et pr\u00e9venir l\u2019usure pr\u00e9matur\u00e9e. <\/p>\n<p>Medium (polyvalent)&nbsp;: Solution polyvalente id\u00e9ale pour les chapes sable-ciment standard. Parfaite pour les projets o\u00f9 la duret\u00e9 exacte du sol varie. <\/p>\n<p>Dur : Con\u00e7u avec un liant sp\u00e9cialis\u00e9 pour rester tranchant et efficace sur des chapes extr\u00eamement dures, compact\u00e9es ou liss\u00e9es \u00e0 la truelle m\u00e9canique.<\/p>\n<p>Performance et efficacit\u00e9<br \/>\n Ces outils de fraisage sont con\u00e7us pour une durabilit\u00e9 et un rendement \u00e9lev\u00e9s sur le terrain. Gr\u00e2ce \u00e0 l&amp;#39;utilisation d&amp;#39;un liant diamant \u00e0 haute concentration, les lames offrent&nbsp;: <\/p>\n<p>Confort de fraisage&nbsp;: r\u00e9partition \u00e9quilibr\u00e9e des segments pour des vibrations r\u00e9duites et un guidage plus fluide sur le sol.<\/p>\n<p>Rainurage pr\u00e9cis&nbsp;: con\u00e7u pour maintenir la largeur du segment tout au long de sa dur\u00e9e de vie, garantissant ainsi un ajustement parfait des tuyaux de chauffage dans les rainures frais\u00e9es.<\/p>\n<p>Dur\u00e9e de vie stable : Les liaisons de qualit\u00e9 professionnelle garantissent que les segments restent aff\u00fbt\u00e9s et efficaces jusqu&rsquo;\u00e0 la fin de la dur\u00e9e de vie de l&rsquo;outil.<\/p>\n<p>Traitement<br \/>\n Utilisation \u00e0 sec \u2013 Optimis\u00e9 pour le fraisage \u00e0 sec sur sols existants, notamment lorsqu&rsquo;il est utilis\u00e9 en combinaison avec des syst\u00e8mes d&rsquo;aspiration de poussi\u00e8re professionnels afin de garantir un environnement de travail propre et s\u00fbr.<\/p>\n<p>S\u00e9curit\u00e9 et qualit\u00e9<\/p>\n<p>Normes de production certifi\u00e9es oSa pour une s\u00e9curit\u00e9 maximale des op\u00e9rateurs.<\/p>\n<p>Noyau en acier renforc\u00e9 pour r\u00e9sister au couple \u00e9lev\u00e9 et aux forces lat\u00e9rales typiques des fraiseuses sp\u00e9cialis\u00e9es pour le chauffage par le sol.<\/p>\n<p>Segments soud\u00e9s au laser pour une connexion haute r\u00e9sistance assurant une durabilit\u00e9 m\u00eame sous fortes charges thermiques.<\/p>\n","protected":false},"excerpt":{"rendered":"<p>Disques de fraisage diamant\u00e9s professionnels sp\u00e9cialement con\u00e7us pour la pose rapide de syst\u00e8mes de chauffage au sol. Ces outils permettent de r\u00e9aliser des rainures pr\u00e9cises et r\u00e9guli\u00e8res pour les tuyaux de chauffage dans diff\u00e9rents types de chapes, offrant ainsi une solution robuste et fiable aux professionnels du rev\u00eatement de sol. Application Con\u00e7ue pour le fraisage [&hellip;]<\/p>\n","protected":false},"featured_media":7483,"template":"","meta":{"_et_pb_use_builder":"","_et_pb_old_content":"","_et_gb_content_width":""},"product_brand":[],"product_cat":[21],"product_tag":[],"class_list":{"0":"post-7480","1":"product","2":"type-product","3":"status-publish","4":"has-post-thumbnail","6":"product_cat-uncategorized","8":"first","9":"instock","10":"taxable","11":"shipping-taxable","12":"product-type-variable"},"bundled_by":[],"bundle_stock_status":"instock","bundle_stock_quantity":null,"bundle_virtual":false,"bundle_layout":"","bundle_add_to_cart_form_location":"","bundle_editable_in_cart":false,"bundle_sold_individually_context":"","bundle_item_grouping":"","bundle_min_size":"","bundle_max_size":"","bundle_price":[],"bundled_items":[],"bundle_sell_ids":[],"yoast_head":"<!-- This site is optimized with the Yoast SEO plugin v27.4 - https:\/\/yoast.com\/product\/yoast-seo-wordpress\/ -->\n<title>Moulin chauffant au sol \u00e0 lames InterDiamant | Interdiamant<\/title>\n<meta name=\"robots\" content=\"index, follow, max-snippet:-1, max-image-preview:large, max-video-preview:-1\" \/>\n<link rel=\"canonical\" href=\"https:\/\/interdiamant.com\/fr\/produit\/moulin-chauffant-au-sol-a-lames-interdiamant\/\" \/>\n<meta property=\"og:locale\" content=\"fr_FR\" \/>\n<meta property=\"og:type\" content=\"article\" \/>\n<meta property=\"og:title\" content=\"Moulin chauffant au sol \u00e0 lames InterDiamant | Interdiamant\" \/>\n<meta property=\"og:description\" content=\"Disques de fraisage diamant\u00e9s professionnels sp\u00e9cialement con\u00e7us pour la pose rapide de syst\u00e8mes de chauffage au sol. Ces outils permettent de r\u00e9aliser des rainures pr\u00e9cises et r\u00e9guli\u00e8res pour les tuyaux de chauffage dans diff\u00e9rents types de chapes, offrant ainsi une solution robuste et fiable aux professionnels du rev\u00eatement de sol. Application Con\u00e7ue pour le fraisage [&hellip;]\" \/>\n<meta property=\"og:url\" content=\"https:\/\/interdiamant.com\/fr\/produit\/moulin-chauffant-au-sol-a-lames-interdiamant\/\" \/>\n<meta property=\"og:site_name\" content=\"Interdiamant\" \/>\n<meta property=\"og:image\" content=\"https:\/\/interdiamant.com\/wp-content\/uploads\/2026\/04\/Freesschijf-Ultra-Hard.png\" \/>\n\t<meta property=\"og:image:width\" content=\"1080\" \/>\n\t<meta property=\"og:image:height\" content=\"1080\" \/>\n\t<meta property=\"og:image:type\" content=\"image\/png\" \/>\n<meta name=\"twitter:card\" content=\"summary_large_image\" \/>\n<meta name=\"twitter:label1\" content=\"Dur\u00e9e de lecture estim\u00e9e\" \/>\n\t<meta name=\"twitter:data1\" content=\"2 minutes\" \/>\n<script type=\"application\/ld+json\" class=\"yoast-schema-graph\">{\"@context\":\"https:\\\/\\\/schema.org\",\"@graph\":[{\"@type\":\"WebPage\",\"@id\":\"https:\\\/\\\/interdiamant.com\\\/fr\\\/produit\\\/moulin-chauffant-au-sol-a-lames-interdiamant\\\/\",\"url\":\"https:\\\/\\\/interdiamant.com\\\/fr\\\/produit\\\/moulin-chauffant-au-sol-a-lames-interdiamant\\\/\",\"name\":\"Moulin chauffant au sol \u00e0 lames InterDiamant | Interdiamant\",\"isPartOf\":{\"@id\":\"https:\\\/\\\/interdiamant.com\\\/fr\\\/#website\"},\"primaryImageOfPage\":{\"@id\":\"https:\\\/\\\/interdiamant.com\\\/fr\\\/produit\\\/moulin-chauffant-au-sol-a-lames-interdiamant\\\/#primaryimage\"},\"image\":{\"@id\":\"https:\\\/\\\/interdiamant.com\\\/fr\\\/produit\\\/moulin-chauffant-au-sol-a-lames-interdiamant\\\/#primaryimage\"},\"thumbnailUrl\":\"https:\\\/\\\/interdiamant.com\\\/wp-content\\\/uploads\\\/2026\\\/04\\\/Freesschijf-Ultra-Hard.png\",\"datePublished\":\"2026-04-08T12:11:43+00:00\",\"breadcrumb\":{\"@id\":\"https:\\\/\\\/interdiamant.com\\\/fr\\\/produit\\\/moulin-chauffant-au-sol-a-lames-interdiamant\\\/#breadcrumb\"},\"inLanguage\":\"fr-FR\",\"potentialAction\":[{\"@type\":\"ReadAction\",\"target\":[\"https:\\\/\\\/interdiamant.com\\\/fr\\\/produit\\\/moulin-chauffant-au-sol-a-lames-interdiamant\\\/\"]}]},{\"@type\":\"ImageObject\",\"inLanguage\":\"fr-FR\",\"@id\":\"https:\\\/\\\/interdiamant.com\\\/fr\\\/produit\\\/moulin-chauffant-au-sol-a-lames-interdiamant\\\/#primaryimage\",\"url\":\"https:\\\/\\\/interdiamant.com\\\/wp-content\\\/uploads\\\/2026\\\/04\\\/Freesschijf-Ultra-Hard.png\",\"contentUrl\":\"https:\\\/\\\/interdiamant.com\\\/wp-content\\\/uploads\\\/2026\\\/04\\\/Freesschijf-Ultra-Hard.png\",\"width\":1080,\"height\":1080},{\"@type\":\"BreadcrumbList\",\"@id\":\"https:\\\/\\\/interdiamant.com\\\/fr\\\/produit\\\/moulin-chauffant-au-sol-a-lames-interdiamant\\\/#breadcrumb\",\"itemListElement\":[{\"@type\":\"ListItem\",\"position\":1,\"name\":\"Maison\",\"item\":\"https:\\\/\\\/interdiamant.com\\\/fr\\\/\"},{\"@type\":\"ListItem\",\"position\":2,\"name\":\"Boutique\",\"item\":\"https:\\\/\\\/interdiamant.com\\\/shop\\\/\"},{\"@type\":\"ListItem\",\"position\":3,\"name\":\"Moulin chauffant au sol \u00e0 lames InterDiamant\"}]},{\"@type\":\"WebSite\",\"@id\":\"https:\\\/\\\/interdiamant.com\\\/fr\\\/#website\",\"url\":\"https:\\\/\\\/interdiamant.com\\\/fr\\\/\",\"name\":\"Interdiamant\",\"description\":\"\",\"publisher\":{\"@id\":\"https:\\\/\\\/interdiamant.com\\\/fr\\\/#organization\"},\"potentialAction\":[{\"@type\":\"SearchAction\",\"target\":{\"@type\":\"EntryPoint\",\"urlTemplate\":\"https:\\\/\\\/interdiamant.com\\\/fr\\\/?s={search_term_string}\"},\"query-input\":{\"@type\":\"PropertyValueSpecification\",\"valueRequired\":true,\"valueName\":\"search_term_string\"}}],\"inLanguage\":\"fr-FR\"},{\"@type\":\"Organization\",\"@id\":\"https:\\\/\\\/interdiamant.com\\\/fr\\\/#organization\",\"name\":\"Interdiamant\",\"url\":\"https:\\\/\\\/interdiamant.com\\\/fr\\\/\",\"logo\":{\"@type\":\"ImageObject\",\"inLanguage\":\"fr-FR\",\"@id\":\"https:\\\/\\\/interdiamant.com\\\/fr\\\/#\\\/schema\\\/logo\\\/image\\\/\",\"url\":\"https:\\\/\\\/interdiamant.com\\\/wp-content\\\/uploads\\\/2026\\\/01\\\/Logo-Interdiamant.svg\",\"contentUrl\":\"https:\\\/\\\/interdiamant.com\\\/wp-content\\\/uploads\\\/2026\\\/01\\\/Logo-Interdiamant.svg\",\"width\":1,\"height\":1,\"caption\":\"Interdiamant\"},\"image\":{\"@id\":\"https:\\\/\\\/interdiamant.com\\\/fr\\\/#\\\/schema\\\/logo\\\/image\\\/\"}}]}<\/script>\n<!-- \/ Yoast SEO plugin. -->","yoast_head_json":{"title":"Moulin chauffant au sol \u00e0 lames InterDiamant | Interdiamant","robots":{"index":"index","follow":"follow","max-snippet":"max-snippet:-1","max-image-preview":"max-image-preview:large","max-video-preview":"max-video-preview:-1"},"canonical":"https:\/\/interdiamant.com\/fr\/produit\/moulin-chauffant-au-sol-a-lames-interdiamant\/","og_locale":"fr_FR","og_type":"article","og_title":"Moulin chauffant au sol \u00e0 lames InterDiamant | Interdiamant","og_description":"Disques de fraisage diamant\u00e9s professionnels sp\u00e9cialement con\u00e7us pour la pose rapide de syst\u00e8mes de chauffage au sol. Ces outils permettent de r\u00e9aliser des rainures pr\u00e9cises et r\u00e9guli\u00e8res pour les tuyaux de chauffage dans diff\u00e9rents types de chapes, offrant ainsi une solution robuste et fiable aux professionnels du rev\u00eatement de sol. Application Con\u00e7ue pour le fraisage [&hellip;]","og_url":"https:\/\/interdiamant.com\/fr\/produit\/moulin-chauffant-au-sol-a-lames-interdiamant\/","og_site_name":"Interdiamant","og_image":[{"width":1080,"height":1080,"url":"https:\/\/interdiamant.com\/wp-content\/uploads\/2026\/04\/Freesschijf-Ultra-Hard.png","type":"image\/png"}],"twitter_card":"summary_large_image","twitter_misc":{"Dur\u00e9e de lecture estim\u00e9e":"2 minutes"},"schema":{"@context":"https:\/\/schema.org","@graph":[{"@type":"WebPage","@id":"https:\/\/interdiamant.com\/fr\/produit\/moulin-chauffant-au-sol-a-lames-interdiamant\/","url":"https:\/\/interdiamant.com\/fr\/produit\/moulin-chauffant-au-sol-a-lames-interdiamant\/","name":"Moulin chauffant au sol \u00e0 lames InterDiamant | Interdiamant","isPartOf":{"@id":"https:\/\/interdiamant.com\/fr\/#website"},"primaryImageOfPage":{"@id":"https:\/\/interdiamant.com\/fr\/produit\/moulin-chauffant-au-sol-a-lames-interdiamant\/#primaryimage"},"image":{"@id":"https:\/\/interdiamant.com\/fr\/produit\/moulin-chauffant-au-sol-a-lames-interdiamant\/#primaryimage"},"thumbnailUrl":"https:\/\/interdiamant.com\/wp-content\/uploads\/2026\/04\/Freesschijf-Ultra-Hard.png","datePublished":"2026-04-08T12:11:43+00:00","breadcrumb":{"@id":"https:\/\/interdiamant.com\/fr\/produit\/moulin-chauffant-au-sol-a-lames-interdiamant\/#breadcrumb"},"inLanguage":"fr-FR","potentialAction":[{"@type":"ReadAction","target":["https:\/\/interdiamant.com\/fr\/produit\/moulin-chauffant-au-sol-a-lames-interdiamant\/"]}]},{"@type":"ImageObject","inLanguage":"fr-FR","@id":"https:\/\/interdiamant.com\/fr\/produit\/moulin-chauffant-au-sol-a-lames-interdiamant\/#primaryimage","url":"https:\/\/interdiamant.com\/wp-content\/uploads\/2026\/04\/Freesschijf-Ultra-Hard.png","contentUrl":"https:\/\/interdiamant.com\/wp-content\/uploads\/2026\/04\/Freesschijf-Ultra-Hard.png","width":1080,"height":1080},{"@type":"BreadcrumbList","@id":"https:\/\/interdiamant.com\/fr\/produit\/moulin-chauffant-au-sol-a-lames-interdiamant\/#breadcrumb","itemListElement":[{"@type":"ListItem","position":1,"name":"Maison","item":"https:\/\/interdiamant.com\/fr\/"},{"@type":"ListItem","position":2,"name":"Boutique","item":"https:\/\/interdiamant.com\/shop\/"},{"@type":"ListItem","position":3,"name":"Moulin chauffant au sol \u00e0 lames InterDiamant"}]},{"@type":"WebSite","@id":"https:\/\/interdiamant.com\/fr\/#website","url":"https:\/\/interdiamant.com\/fr\/","name":"Interdiamant","description":"","publisher":{"@id":"https:\/\/interdiamant.com\/fr\/#organization"},"potentialAction":[{"@type":"SearchAction","target":{"@type":"EntryPoint","urlTemplate":"https:\/\/interdiamant.com\/fr\/?s={search_term_string}"},"query-input":{"@type":"PropertyValueSpecification","valueRequired":true,"valueName":"search_term_string"}}],"inLanguage":"fr-FR"},{"@type":"Organization","@id":"https:\/\/interdiamant.com\/fr\/#organization","name":"Interdiamant","url":"https:\/\/interdiamant.com\/fr\/","logo":{"@type":"ImageObject","inLanguage":"fr-FR","@id":"https:\/\/interdiamant.com\/fr\/#\/schema\/logo\/image\/","url":"https:\/\/interdiamant.com\/wp-content\/uploads\/2026\/01\/Logo-Interdiamant.svg","contentUrl":"https:\/\/interdiamant.com\/wp-content\/uploads\/2026\/01\/Logo-Interdiamant.svg","width":1,"height":1,"caption":"Interdiamant"},"image":{"@id":"https:\/\/interdiamant.com\/fr\/#\/schema\/logo\/image\/"}}]}},"_links":{"self":[{"href":"https:\/\/interdiamant.com\/fr\/wp-json\/wp\/v2\/product\/7480","targetHints":{"allow":["GET"]}}],"collection":[{"href":"https:\/\/interdiamant.com\/fr\/wp-json\/wp\/v2\/product"}],"about":[{"href":"https:\/\/interdiamant.com\/fr\/wp-json\/wp\/v2\/types\/product"}],"wp:featuredmedia":[{"embeddable":true,"href":"https:\/\/interdiamant.com\/fr\/wp-json\/wp\/v2\/media\/7483"}],"wp:attachment":[{"href":"https:\/\/interdiamant.com\/fr\/wp-json\/wp\/v2\/media?parent=7480"}],"wp:term":[{"taxonomy":"product_brand","embeddable":true,"href":"https:\/\/interdiamant.com\/fr\/wp-json\/wp\/v2\/product_brand?post=7480"},{"taxonomy":"product_cat","embeddable":true,"href":"https:\/\/interdiamant.com\/fr\/wp-json\/wp\/v2\/product_cat?post=7480"},{"taxonomy":"product_tag","embeddable":true,"href":"https:\/\/interdiamant.com\/fr\/wp-json\/wp\/v2\/product_tag?post=7480"}],"curies":[{"name":"wp","href":"https:\/\/api.w.org\/{rel}","templated":true}]}}