{"id":7460,"date":"2026-03-23T16:29:03","date_gmt":"2026-03-23T15:29:03","guid":{"rendered":"https:\/\/interdiamant.com\/product\/interdiamant-id-vac-type-h-bo\/"},"modified":"2026-03-23T16:29:03","modified_gmt":"2026-03-23T15:29:03","slug":"interdiamant-id-vac-type-h-bo","status":"publish","type":"product","link":"https:\/\/interdiamant.com\/fr\/produit\/interdiamant-id-vac-type-h-bo\/","title":{"rendered":"INTERDIAMANT ID VAC Type H BO"},"content":{"rendered":"<h2 data-path-to-node=\"0\">InterDiamant ID VAC Type H BO&nbsp;: La norme de s\u00e9curit\u00e9 aliment\u00e9e par batterie<\/h2>\n<p id=\"p-rc_1d38bd4ee44b22ca-66\" data-path-to-node=\"1\">Am\u00e9liorez la s\u00e9curit\u00e9 de vos chantiers gr\u00e2ce \u00e0 l&rsquo; <b data-path-to-node=\"1\" data-index-in-node=\"53\">aspirateur industriel InterDiamant ID VAC Type H BO<\/b> . <span class=\"citation-128\">Sp\u00e9cialement con\u00e7u pour les professionnels du traitement des surfaces et de la construction, cet aspirateur est certifi\u00e9 par un organisme tiers pour<\/span> <b data-path-to-node=\"1\" data-index-in-node=\"209\"><span class=\"citation-128\">l&rsquo;extraction de poussi\u00e8res de classe H<\/span><\/b> <span class=\"citation-128 citation-end-128\">(IEC 60335-2-69:2021).<\/span><\/p>\n<p data-path-to-node=\"2\">Dot\u00e9 d\u00e9sormais d&rsquo; <b data-path-to-node=\"2\" data-index-in-node=\"23\">une technologie avanc\u00e9e aliment\u00e9e par batterie<\/b> , l&rsquo; <b data-path-to-node=\"1\" data-index-in-node=\"53\">ID VAC Type H BO<\/b> offre une puissance d&rsquo;aspiration maximale sans les limitations des c\u00e2bles d&rsquo;alimentation, ce qui en fait le choix id\u00e9al pour les r\u00e9novations \u00e0 grande \u00e9chelle, le d\u00e9laminage et l&rsquo;\u00e9limination des poussi\u00e8res dangereuses o\u00f9 la mobilit\u00e9 est primordiale.<\/p>\n<h3 data-path-to-node=\"3\">Caract\u00e9ristiques de performance et de s\u00e9curit\u00e9<\/h3>\n<ul data-path-to-node=\"4\">\n<li>\n<p id=\"p-rc_1d38bd4ee44b22ca-67\" data-path-to-node=\"4,0,0\"><b data-path-to-node=\"4,0,0\" data-index-in-node=\"0\"><span class=\"citation-127\">Filtration \u00e0 double \u00e9tage<\/span><\/b> : Combine un <b data-path-to-node=\"4,0,0\" data-index-in-node=\"47\"><span class=\"citation-127\">filtre \u00e9toile en polyester de classe M<\/span><\/b> <span class=\"citation-127\">\u00e0 grande surface<\/span> <span class=\"citation-127\">(24 000 cm\u00b2) avec un<\/span> <b data-path-to-node=\"4,0,0\" data-index-in-node=\"98\"><span class=\"citation-127\">filtre secondaire HEPA Absolute H14<\/span><\/b> <span class=\"citation-127 citation-end-127\">pour capturer 99,995 % des particules fines et toxiques.<\/span><\/p>\n<\/li>\n<li>\n<p id=\"p-rc_1d38bd4ee44b22ca-67\" data-path-to-node=\"4,0,0\"><b data-path-to-node=\"4,1,0\" data-index-in-node=\"0\"><span class=\"citation-126\">Efficacit\u00e9 cyclonique<\/span><\/b> <span class=\"citation-126 citation-end-126\">: Une entr\u00e9e tangentielle cr\u00e9e un effet cyclonique qui prot\u00e8ge le filtre primaire d&rsquo;un colmatage pr\u00e9matur\u00e9, maintenant ainsi un d\u00e9bit d&rsquo;air maximal.<\/span><\/p>\n<\/li>\n<li>\n<p id=\"p-rc_1d38bd4ee44b22ca-68\" data-path-to-node=\"4,1,0\"><b data-path-to-node=\"4,2,0\" data-index-in-node=\"0\"><span class=\"citation-125\">Syst\u00e8me de sacs sans fin<\/span><\/b><span class=\"citation-125\">&nbsp;: Ce<\/span> <b data-path-to-node=\"4,2,0\" data-index-in-node=\"24\"><span class=\"citation-125\">syst\u00e8me de collecte<\/span><\/b> <span class=\"citation-125 citation-end-125\">permet une \u00e9limination 100&nbsp;% sans poussi\u00e8re.<\/span> <span class=\"citation-124 citation-end-124\">Scellez et \u00e9liminez les d\u00e9chets sans aucun contact avec des mati\u00e8res dangereuses.<\/span><\/p>\n<\/li>\n<li>\n<p data-path-to-node=\"4,3,0\"><b data-path-to-node=\"4,3,0\" data-index-in-node=\"0\">Mobilit\u00e9 \u00e0 toute \u00e9preuve<\/b> : Fabriqu\u00e9 avec un ch\u00e2ssis en acier thermolaqu\u00e9 dans la teinte <b data-path-to-node=\"4,3,0\" data-index-in-node=\"71\">orange RAL 2004<\/b> embl\u00e9matique, dot\u00e9 de roulettes robustes et d&rsquo;une poign\u00e9e ergonomique pour un transport facile sur les terrains accident\u00e9s.<\/p>\n<\/li>\n<li>\n<p id=\"p-rc_1d38bd4ee44b22ca-70\" data-path-to-node=\"4,4,0\"><b data-path-to-node=\"4,4,0\" data-index-in-node=\"0\"><span class=\"citation-123\">Agitateur de filtre manuel<\/span><\/b><span class=\"citation-123 citation-end-123\">&nbsp;: Un syst\u00e8me de nettoyage int\u00e9gr\u00e9 vous permet de maintenir l\u2019efficacit\u00e9 du filtre en quelques secondes sans ouvrir l\u2019appareil.<\/span><\/p>\n<p>&nbsp;<\/li>\n<\/ul>\n<h3 data-path-to-node=\"5\">Sp\u00e9cifications techniques<\/h3>\n<ul data-path-to-node=\"6\">\n<li>\n<p data-path-to-node=\"6,0,0\"><b data-path-to-node=\"6,0,0\" data-index-in-node=\"0\">Source d&rsquo;alimentation<\/b> : Syst\u00e8me de batterie haute capacit\u00e9 (sans fil)<\/p>\n<\/li>\n<li>\n<p id=\"p-rc_1d38bd4ee44b22ca-71\" data-path-to-node=\"6,1,0\"><b data-path-to-node=\"6,1,0\" data-index-in-node=\"0\"><span class=\"citation-122\">Niveau de vide<\/span><\/b> <span class=\"citation-122 citation-end-122\">: 250 mbar<\/span><\/p>\n<\/li>\n<li>\n<p id=\"p-rc_1d38bd4ee44b22ca-72\" data-path-to-node=\"6,2,0\"><b data-path-to-node=\"6,2,0\" data-index-in-node=\"0\"><span class=\"citation-121\">D\u00e9bit d&rsquo;air maximal<\/span><\/b> <span class=\"citation-121 citation-end-121\">: 570 m\u00b3\/h<\/span><\/p>\n<\/li>\n<li>\n<p id=\"p-rc_1d38bd4ee44b22ca-73\" data-path-to-node=\"6,3,0\"><b data-path-to-node=\"6,3,0\" data-index-in-node=\"0\"><span class=\"citation-120\">Niveau sonore<\/span><\/b> <span class=\"citation-120 citation-end-120\">: 72 dB(A)<\/span><\/p>\n<\/li>\n<li>\n<p id=\"p-rc_1d38bd4ee44b22ca-74\" data-path-to-node=\"6,4,0\"><b data-path-to-node=\"6,4,0\" data-index-in-node=\"0\"><span class=\"citation-119\">Classe de filtration<\/span><\/b> <span class=\"citation-119 citation-end-119\">: H (filtre HEPA H14 inclus)<\/span><\/p>\n<p>&nbsp;<\/li>\n<\/ul>\n<hr data-path-to-node=\"7\">\n<h3 data-path-to-node=\"8\">Compl\u00e9tez votre flotte professionnelle&nbsp;: opportunit\u00e9s de vente crois\u00e9e<\/h3>\n<p data-path-to-node=\"9\">L&rsquo; <b data-path-to-node=\"1\" data-index-in-node=\"53\">aspirateur de laboratoire ID VAC Type H BO<\/b> est un \u00e9l\u00e9ment essentiel de l&rsquo;\u00e9cosyst\u00e8me InterDiamant. Pour des r\u00e9sultats optimaux et un espace de travail toujours propre, nous recommandons de l&rsquo;utiliser avec&nbsp;: <\/p>\n<p data-path-to-node=\"10\"><b data-path-to-node=\"10\" data-index-in-node=\"0\">1. Scie de table \u00e0 batterie InterDiamant ID 701 DRY<\/b><\/p>\n<p data-path-to-node=\"10\">Le partenaire id\u00e9al pour la d\u00e9coupe de pr\u00e9cision. Utilisez l&rsquo;aspiration haute performance <strong>de<\/strong> <b data-path-to-node=\"1\" data-index-in-node=\"53\">l&rsquo;ID VAC Type H BO<\/b> pour extraire la poussi\u00e8re de silice directement du port d&rsquo;aspiration de l&rsquo;ID 701. Ensemble, ils forment une station mobile sur batterie qui vous permet de travailler partout sur le chantier tout en respectant les normes de sant\u00e9 et de s\u00e9curit\u00e9.  <\/p>\n<p id=\"p-rc_1d38bd4ee44b22ca-75\" data-path-to-node=\"11\"><b data-path-to-node=\"11\" data-index-in-node=\"0\">2. Outils de pr\u00e9paration de surface<\/b><\/p>\n<p id=\"p-rc_1d38bd4ee44b22ca-75\" data-path-to-node=\"11\"><span class=\"citation-118 citation-end-118\">Que vous utilisiez des meuleuses portatives ou des polisseuses de sol, l&rsquo; <b data-path-to-node=\"1\" data-index-in-node=\"53\">aspirateur ID VAC Type H BO<\/b> est con\u00e7u pour traiter les volumes importants de poussi\u00e8res fines g\u00e9n\u00e9r\u00e9es lors des travaux de surface.<\/span> <span class=\"citation-117 citation-end-117\">Son ch\u00e2ssis t\u00e9lescopique (en option) facilite son transport avec vos machines lourdes.<\/span><\/p>\n<p data-path-to-node=\"12\"><b data-path-to-node=\"12\" data-index-in-node=\"0\">3. Kit de d\u00e9marrage \u00d8 50 mm<\/b><\/p>\n<p data-path-to-node=\"12\">Optimisez la polyvalence de votre aspirateur gr\u00e2ce \u00e0 notre kit d&rsquo;accessoires professionnels, comprenant des tuyaux antistatiques et des buses de sol sp\u00e9cialis\u00e9es adapt\u00e9es aux environnements de construction.<\/p>\n<p data-path-to-node=\"13\"><b data-path-to-node=\"13\" data-index-in-node=\"0\">Investissez dans la gamme compl\u00e8te InterDiamant pour une apparence professionnelle et harmonieuse et des performances in\u00e9gal\u00e9es sur le chantier.<\/b><\/p>\n","protected":false},"excerpt":{"rendered":"<p>InterDiamant ID VAC Type H BO&nbsp;: La norme de s\u00e9curit\u00e9 aliment\u00e9e par batterie Am\u00e9liorez la s\u00e9curit\u00e9 de vos chantiers gr\u00e2ce \u00e0 l&rsquo; aspirateur industriel InterDiamant ID VAC Type H BO . Sp\u00e9cialement con\u00e7u pour les professionnels du traitement des surfaces et de la construction, cet aspirateur est certifi\u00e9 par un organisme tiers pour l&rsquo;extraction de [&hellip;]<\/p>\n","protected":false},"featured_media":7058,"template":"","meta":{"_et_pb_use_builder":"","_et_pb_old_content":"","_et_gb_content_width":""},"product_brand":[],"product_cat":[239],"product_tag":[],"class_list":{"0":"post-7460","1":"product","2":"type-product","3":"status-publish","4":"has-post-thumbnail","6":"product_cat-machines","8":"first","9":"instock","10":"taxable","11":"shipping-taxable","12":"product-type-simple"},"bundled_by":[],"bundle_stock_status":"instock","bundle_stock_quantity":null,"bundle_virtual":false,"bundle_layout":"","bundle_add_to_cart_form_location":"","bundle_editable_in_cart":false,"bundle_sold_individually_context":"","bundle_item_grouping":"","bundle_min_size":"","bundle_max_size":"","bundle_price":[],"bundled_items":[],"bundle_sell_ids":[],"yoast_head":"<!-- This site is optimized with the Yoast SEO plugin v27.4 - https:\/\/yoast.com\/product\/yoast-seo-wordpress\/ -->\n<title>INTERDIAMANT ID VAC Type H BO | Interdiamant<\/title>\n<meta name=\"robots\" content=\"index, follow, max-snippet:-1, max-image-preview:large, max-video-preview:-1\" \/>\n<link rel=\"canonical\" href=\"https:\/\/interdiamant.com\/fr\/produit\/interdiamant-id-vac-type-h-bo\/\" \/>\n<meta property=\"og:locale\" content=\"fr_FR\" \/>\n<meta property=\"og:type\" content=\"article\" \/>\n<meta property=\"og:title\" content=\"INTERDIAMANT ID VAC Type H BO | Interdiamant\" \/>\n<meta property=\"og:description\" content=\"InterDiamant ID VAC Type H BO&nbsp;: La norme de s\u00e9curit\u00e9 aliment\u00e9e par batterie Am\u00e9liorez la s\u00e9curit\u00e9 de vos chantiers gr\u00e2ce \u00e0 l&rsquo; aspirateur industriel InterDiamant ID VAC Type H BO . Sp\u00e9cialement con\u00e7u pour les professionnels du traitement des surfaces et de la construction, cet aspirateur est certifi\u00e9 par un organisme tiers pour l&rsquo;extraction de [&hellip;]\" \/>\n<meta property=\"og:url\" content=\"https:\/\/interdiamant.com\/fr\/produit\/interdiamant-id-vac-type-h-bo\/\" \/>\n<meta property=\"og:site_name\" content=\"Interdiamant\" \/>\n<meta property=\"og:image\" content=\"https:\/\/interdiamant.com\/wp-content\/uploads\/2026\/03\/Gemini_Generated_Image_dhlbpedhlbpedhlb-1.png\" \/>\n\t<meta property=\"og:image:width\" content=\"1024\" \/>\n\t<meta property=\"og:image:height\" content=\"1024\" \/>\n\t<meta property=\"og:image:type\" content=\"image\/png\" \/>\n<meta name=\"twitter:card\" content=\"summary_large_image\" \/>\n<meta name=\"twitter:label1\" content=\"Dur\u00e9e de lecture estim\u00e9e\" \/>\n\t<meta name=\"twitter:data1\" content=\"3 minutes\" \/>\n<script type=\"application\/ld+json\" class=\"yoast-schema-graph\">{\"@context\":\"https:\\\/\\\/schema.org\",\"@graph\":[{\"@type\":\"WebPage\",\"@id\":\"https:\\\/\\\/interdiamant.com\\\/fr\\\/produit\\\/interdiamant-id-vac-type-h-bo\\\/\",\"url\":\"https:\\\/\\\/interdiamant.com\\\/fr\\\/produit\\\/interdiamant-id-vac-type-h-bo\\\/\",\"name\":\"INTERDIAMANT ID VAC Type H BO | Interdiamant\",\"isPartOf\":{\"@id\":\"https:\\\/\\\/interdiamant.com\\\/fr\\\/#website\"},\"primaryImageOfPage\":{\"@id\":\"https:\\\/\\\/interdiamant.com\\\/fr\\\/produit\\\/interdiamant-id-vac-type-h-bo\\\/#primaryimage\"},\"image\":{\"@id\":\"https:\\\/\\\/interdiamant.com\\\/fr\\\/produit\\\/interdiamant-id-vac-type-h-bo\\\/#primaryimage\"},\"thumbnailUrl\":\"https:\\\/\\\/interdiamant.com\\\/wp-content\\\/uploads\\\/2026\\\/03\\\/Gemini_Generated_Image_dhlbpedhlbpedhlb-1.png\",\"datePublished\":\"2026-03-23T15:29:03+00:00\",\"breadcrumb\":{\"@id\":\"https:\\\/\\\/interdiamant.com\\\/fr\\\/produit\\\/interdiamant-id-vac-type-h-bo\\\/#breadcrumb\"},\"inLanguage\":\"fr-FR\",\"potentialAction\":[{\"@type\":\"ReadAction\",\"target\":[\"https:\\\/\\\/interdiamant.com\\\/fr\\\/produit\\\/interdiamant-id-vac-type-h-bo\\\/\"]}]},{\"@type\":\"ImageObject\",\"inLanguage\":\"fr-FR\",\"@id\":\"https:\\\/\\\/interdiamant.com\\\/fr\\\/produit\\\/interdiamant-id-vac-type-h-bo\\\/#primaryimage\",\"url\":\"https:\\\/\\\/interdiamant.com\\\/wp-content\\\/uploads\\\/2026\\\/03\\\/Gemini_Generated_Image_dhlbpedhlbpedhlb-1.png\",\"contentUrl\":\"https:\\\/\\\/interdiamant.com\\\/wp-content\\\/uploads\\\/2026\\\/03\\\/Gemini_Generated_Image_dhlbpedhlbpedhlb-1.png\",\"width\":1024,\"height\":1024},{\"@type\":\"BreadcrumbList\",\"@id\":\"https:\\\/\\\/interdiamant.com\\\/fr\\\/produit\\\/interdiamant-id-vac-type-h-bo\\\/#breadcrumb\",\"itemListElement\":[{\"@type\":\"ListItem\",\"position\":1,\"name\":\"Maison\",\"item\":\"https:\\\/\\\/interdiamant.com\\\/fr\\\/\"},{\"@type\":\"ListItem\",\"position\":2,\"name\":\"Boutique\",\"item\":\"https:\\\/\\\/interdiamant.com\\\/shop\\\/\"},{\"@type\":\"ListItem\",\"position\":3,\"name\":\"INTERDIAMANT ID VAC Type H BO\"}]},{\"@type\":\"WebSite\",\"@id\":\"https:\\\/\\\/interdiamant.com\\\/fr\\\/#website\",\"url\":\"https:\\\/\\\/interdiamant.com\\\/fr\\\/\",\"name\":\"Interdiamant\",\"description\":\"\",\"publisher\":{\"@id\":\"https:\\\/\\\/interdiamant.com\\\/fr\\\/#organization\"},\"potentialAction\":[{\"@type\":\"SearchAction\",\"target\":{\"@type\":\"EntryPoint\",\"urlTemplate\":\"https:\\\/\\\/interdiamant.com\\\/fr\\\/?s={search_term_string}\"},\"query-input\":{\"@type\":\"PropertyValueSpecification\",\"valueRequired\":true,\"valueName\":\"search_term_string\"}}],\"inLanguage\":\"fr-FR\"},{\"@type\":\"Organization\",\"@id\":\"https:\\\/\\\/interdiamant.com\\\/fr\\\/#organization\",\"name\":\"Interdiamant\",\"url\":\"https:\\\/\\\/interdiamant.com\\\/fr\\\/\",\"logo\":{\"@type\":\"ImageObject\",\"inLanguage\":\"fr-FR\",\"@id\":\"https:\\\/\\\/interdiamant.com\\\/fr\\\/#\\\/schema\\\/logo\\\/image\\\/\",\"url\":\"https:\\\/\\\/interdiamant.com\\\/wp-content\\\/uploads\\\/2026\\\/01\\\/Logo-Interdiamant.svg\",\"contentUrl\":\"https:\\\/\\\/interdiamant.com\\\/wp-content\\\/uploads\\\/2026\\\/01\\\/Logo-Interdiamant.svg\",\"width\":1,\"height\":1,\"caption\":\"Interdiamant\"},\"image\":{\"@id\":\"https:\\\/\\\/interdiamant.com\\\/fr\\\/#\\\/schema\\\/logo\\\/image\\\/\"}}]}<\/script>\n<!-- \/ Yoast SEO plugin. -->","yoast_head_json":{"title":"INTERDIAMANT ID VAC Type H BO | Interdiamant","robots":{"index":"index","follow":"follow","max-snippet":"max-snippet:-1","max-image-preview":"max-image-preview:large","max-video-preview":"max-video-preview:-1"},"canonical":"https:\/\/interdiamant.com\/fr\/produit\/interdiamant-id-vac-type-h-bo\/","og_locale":"fr_FR","og_type":"article","og_title":"INTERDIAMANT ID VAC Type H BO | Interdiamant","og_description":"InterDiamant ID VAC Type H BO&nbsp;: La norme de s\u00e9curit\u00e9 aliment\u00e9e par batterie Am\u00e9liorez la s\u00e9curit\u00e9 de vos chantiers gr\u00e2ce \u00e0 l&rsquo; aspirateur industriel InterDiamant ID VAC Type H BO . Sp\u00e9cialement con\u00e7u pour les professionnels du traitement des surfaces et de la construction, cet aspirateur est certifi\u00e9 par un organisme tiers pour l&rsquo;extraction de [&hellip;]","og_url":"https:\/\/interdiamant.com\/fr\/produit\/interdiamant-id-vac-type-h-bo\/","og_site_name":"Interdiamant","og_image":[{"width":1024,"height":1024,"url":"https:\/\/interdiamant.com\/wp-content\/uploads\/2026\/03\/Gemini_Generated_Image_dhlbpedhlbpedhlb-1.png","type":"image\/png"}],"twitter_card":"summary_large_image","twitter_misc":{"Dur\u00e9e de lecture estim\u00e9e":"3 minutes"},"schema":{"@context":"https:\/\/schema.org","@graph":[{"@type":"WebPage","@id":"https:\/\/interdiamant.com\/fr\/produit\/interdiamant-id-vac-type-h-bo\/","url":"https:\/\/interdiamant.com\/fr\/produit\/interdiamant-id-vac-type-h-bo\/","name":"INTERDIAMANT ID VAC Type H BO | Interdiamant","isPartOf":{"@id":"https:\/\/interdiamant.com\/fr\/#website"},"primaryImageOfPage":{"@id":"https:\/\/interdiamant.com\/fr\/produit\/interdiamant-id-vac-type-h-bo\/#primaryimage"},"image":{"@id":"https:\/\/interdiamant.com\/fr\/produit\/interdiamant-id-vac-type-h-bo\/#primaryimage"},"thumbnailUrl":"https:\/\/interdiamant.com\/wp-content\/uploads\/2026\/03\/Gemini_Generated_Image_dhlbpedhlbpedhlb-1.png","datePublished":"2026-03-23T15:29:03+00:00","breadcrumb":{"@id":"https:\/\/interdiamant.com\/fr\/produit\/interdiamant-id-vac-type-h-bo\/#breadcrumb"},"inLanguage":"fr-FR","potentialAction":[{"@type":"ReadAction","target":["https:\/\/interdiamant.com\/fr\/produit\/interdiamant-id-vac-type-h-bo\/"]}]},{"@type":"ImageObject","inLanguage":"fr-FR","@id":"https:\/\/interdiamant.com\/fr\/produit\/interdiamant-id-vac-type-h-bo\/#primaryimage","url":"https:\/\/interdiamant.com\/wp-content\/uploads\/2026\/03\/Gemini_Generated_Image_dhlbpedhlbpedhlb-1.png","contentUrl":"https:\/\/interdiamant.com\/wp-content\/uploads\/2026\/03\/Gemini_Generated_Image_dhlbpedhlbpedhlb-1.png","width":1024,"height":1024},{"@type":"BreadcrumbList","@id":"https:\/\/interdiamant.com\/fr\/produit\/interdiamant-id-vac-type-h-bo\/#breadcrumb","itemListElement":[{"@type":"ListItem","position":1,"name":"Maison","item":"https:\/\/interdiamant.com\/fr\/"},{"@type":"ListItem","position":2,"name":"Boutique","item":"https:\/\/interdiamant.com\/shop\/"},{"@type":"ListItem","position":3,"name":"INTERDIAMANT ID VAC Type H BO"}]},{"@type":"WebSite","@id":"https:\/\/interdiamant.com\/fr\/#website","url":"https:\/\/interdiamant.com\/fr\/","name":"Interdiamant","description":"","publisher":{"@id":"https:\/\/interdiamant.com\/fr\/#organization"},"potentialAction":[{"@type":"SearchAction","target":{"@type":"EntryPoint","urlTemplate":"https:\/\/interdiamant.com\/fr\/?s={search_term_string}"},"query-input":{"@type":"PropertyValueSpecification","valueRequired":true,"valueName":"search_term_string"}}],"inLanguage":"fr-FR"},{"@type":"Organization","@id":"https:\/\/interdiamant.com\/fr\/#organization","name":"Interdiamant","url":"https:\/\/interdiamant.com\/fr\/","logo":{"@type":"ImageObject","inLanguage":"fr-FR","@id":"https:\/\/interdiamant.com\/fr\/#\/schema\/logo\/image\/","url":"https:\/\/interdiamant.com\/wp-content\/uploads\/2026\/01\/Logo-Interdiamant.svg","contentUrl":"https:\/\/interdiamant.com\/wp-content\/uploads\/2026\/01\/Logo-Interdiamant.svg","width":1,"height":1,"caption":"Interdiamant"},"image":{"@id":"https:\/\/interdiamant.com\/fr\/#\/schema\/logo\/image\/"}}]}},"_links":{"self":[{"href":"https:\/\/interdiamant.com\/fr\/wp-json\/wp\/v2\/product\/7460","targetHints":{"allow":["GET"]}}],"collection":[{"href":"https:\/\/interdiamant.com\/fr\/wp-json\/wp\/v2\/product"}],"about":[{"href":"https:\/\/interdiamant.com\/fr\/wp-json\/wp\/v2\/types\/product"}],"wp:featuredmedia":[{"embeddable":true,"href":"https:\/\/interdiamant.com\/fr\/wp-json\/wp\/v2\/media\/7058"}],"wp:attachment":[{"href":"https:\/\/interdiamant.com\/fr\/wp-json\/wp\/v2\/media?parent=7460"}],"wp:term":[{"taxonomy":"product_brand","embeddable":true,"href":"https:\/\/interdiamant.com\/fr\/wp-json\/wp\/v2\/product_brand?post=7460"},{"taxonomy":"product_cat","embeddable":true,"href":"https:\/\/interdiamant.com\/fr\/wp-json\/wp\/v2\/product_cat?post=7460"},{"taxonomy":"product_tag","embeddable":true,"href":"https:\/\/interdiamant.com\/fr\/wp-json\/wp\/v2\/product_tag?post=7460"}],"curies":[{"name":"wp","href":"https:\/\/api.w.org\/{rel}","templated":true}]}}