{"id":7424,"date":"2026-04-08T12:03:35","date_gmt":"2026-04-08T10:03:35","guid":{"rendered":"https:\/\/interdiamant.com\/product\/lame-abrasive-interdiamant-3dp-xpa-lame-de-chanfreinage-a-45-coupe-en-v\/"},"modified":"2026-04-08T12:03:35","modified_gmt":"2026-04-08T10:03:35","slug":"lame-abrasive-interdiamant-3dp-xpa-lame-de-chanfreinage-a-45-coupe-en-v","status":"publish","type":"product","link":"https:\/\/interdiamant.com\/fr\/produit\/lame-abrasive-interdiamant-3dp-xpa-lame-de-chanfreinage-a-45-coupe-en-v\/","title":{"rendered":"Lame abrasive InterDiamant 3DP-XPA | Lame de chanfreinage \u00e0 45\u00b0 | Coupe en V"},"content":{"rendered":"<p>ABRASIF \u2013 Sp\u00e9cial<br \/>\n Lame diamant\u00e9e haut de gamme pour scies \u00e0 sol, sp\u00e9cialement con\u00e7ue pour la coupe et le chanfreinage du b\u00e9ton ou de l&rsquo;asphalte. Cet outil sp\u00e9cialis\u00e9 allie une coupe \u00e0 grande vitesse \u00e0 une g\u00e9om\u00e9trie de segment biseaut\u00e9 pour r\u00e9aliser une finition de joint \u00e0 45\u00b0 professionnelle en une seule op\u00e9ration. <\/p>\n<p>Il s&rsquo;agit d&rsquo;un jeu de deux lames \u00e0 chanfreiner \u00e0 45\u00b0 (en deux parties) de 280 mm de diam\u00e8tre. Elles sont g\u00e9n\u00e9ralement utilis\u00e9es avec une lame \u00e0 boucler de 300 ou 350 mm. \u00c9galement disponible en une seule lame \u00e0 chanfreiner de 280 mm de diam\u00e8tre.  <\/p>\n<p>Positionnement de diamants 3D (3DP)<br \/>\n Cet outil utilise une technologie d&rsquo;impression 3D de nouvelle g\u00e9n\u00e9ration. Contrairement \u00e0 une r\u00e9partition al\u00e9atoire classique, les diamants sont positionn\u00e9s avec une grande pr\u00e9cision sur l&rsquo;ensemble du segment, ce qui permet d&rsquo;obtenir&nbsp;: <\/p>\n<p>Jusqu&rsquo;\u00e0 92 % de tranchants actifs en plus.<\/p>\n<p>Vitesse de coupe jusqu&rsquo;\u00e0 87 % sup\u00e9rieure.<\/p>\n<p>Usure et performances constantes tout au long de leur dur\u00e9e de vie.<\/p>\n<p>R\u00e9duction des vibrations et de l&rsquo;accumulation de chaleur.<\/p>\n<p>Traitement<br \/>\n Utilisation humide \u2013 Optimis\u00e9 pour les scies \u00e0 sol<\/p>\n<p>Normes de production certifi\u00e9es oSa.<\/p>\n<p>Segments sans cobalt pour la s\u00e9curit\u00e9 environnementale.<\/p>\n<p>Soud\u00e9 au laser pour une durabilit\u00e9 maximale et une protection optimale de l&rsquo;op\u00e9rateur.<\/p>\n","protected":false},"excerpt":{"rendered":"<p>ABRASIF \u2013 Sp\u00e9cial Lame diamant\u00e9e haut de gamme pour scies \u00e0 sol, sp\u00e9cialement con\u00e7ue pour la coupe et le chanfreinage du b\u00e9ton ou de l&rsquo;asphalte. Cet outil sp\u00e9cialis\u00e9 allie une coupe \u00e0 grande vitesse \u00e0 une g\u00e9om\u00e9trie de segment biseaut\u00e9 pour r\u00e9aliser une finition de joint \u00e0 45\u00b0 professionnelle en une seule op\u00e9ration. Il s&rsquo;agit [&hellip;]<\/p>\n","protected":false},"featured_media":7439,"template":"","meta":{"_et_pb_use_builder":"","_et_pb_old_content":"","_et_gb_content_width":""},"product_brand":[],"product_cat":[596],"product_tag":[],"class_list":{"0":"post-7424","1":"product","2":"type-product","3":"status-publish","4":"has-post-thumbnail","6":"product_cat-speciaux","8":"first","9":"instock","10":"taxable","11":"shipping-taxable","12":"purchasable","13":"product-type-variable"},"bundled_by":[],"bundle_stock_status":"instock","bundle_stock_quantity":null,"bundle_virtual":false,"bundle_layout":"","bundle_add_to_cart_form_location":"","bundle_editable_in_cart":false,"bundle_sold_individually_context":"","bundle_item_grouping":"","bundle_min_size":"","bundle_max_size":"","bundle_price":[],"bundled_items":[],"bundle_sell_ids":[],"yoast_head":"<!-- This site is optimized with the Yoast SEO plugin v27.4 - https:\/\/yoast.com\/product\/yoast-seo-wordpress\/ -->\n<title>Lame abrasive InterDiamant 3DP-XPA | Lame de chanfreinage \u00e0 45\u00b0 | Coupe en V | Interdiamant<\/title>\n<meta name=\"robots\" content=\"index, follow, max-snippet:-1, max-image-preview:large, max-video-preview:-1\" \/>\n<link rel=\"canonical\" href=\"https:\/\/interdiamant.com\/fr\/produit\/lame-abrasive-interdiamant-3dp-xpa-lame-de-chanfreinage-a-45-coupe-en-v\/\" \/>\n<meta property=\"og:locale\" content=\"fr_FR\" \/>\n<meta property=\"og:type\" content=\"article\" \/>\n<meta property=\"og:title\" content=\"Lame abrasive InterDiamant 3DP-XPA | Lame de chanfreinage \u00e0 45\u00b0 | Coupe en V | Interdiamant\" \/>\n<meta property=\"og:description\" content=\"ABRASIF \u2013 Sp\u00e9cial Lame diamant\u00e9e haut de gamme pour scies \u00e0 sol, sp\u00e9cialement con\u00e7ue pour la coupe et le chanfreinage du b\u00e9ton ou de l&rsquo;asphalte. Cet outil sp\u00e9cialis\u00e9 allie une coupe \u00e0 grande vitesse \u00e0 une g\u00e9om\u00e9trie de segment biseaut\u00e9 pour r\u00e9aliser une finition de joint \u00e0 45\u00b0 professionnelle en une seule op\u00e9ration. Il s&rsquo;agit [&hellip;]\" \/>\n<meta property=\"og:url\" content=\"https:\/\/interdiamant.com\/fr\/produit\/lame-abrasive-interdiamant-3dp-xpa-lame-de-chanfreinage-a-45-coupe-en-v\/\" \/>\n<meta property=\"og:site_name\" content=\"Interdiamant\" \/>\n<meta property=\"og:image\" content=\"https:\/\/interdiamant.com\/wp-content\/uploads\/2026\/04\/Chamfering-Blade-with-Looping-Blade-3DP-e1775642572414.png\" \/>\n\t<meta property=\"og:image:width\" content=\"267\" \/>\n\t<meta property=\"og:image:height\" content=\"598\" \/>\n\t<meta property=\"og:image:type\" content=\"image\/png\" \/>\n<meta name=\"twitter:card\" content=\"summary_large_image\" \/>\n<meta name=\"twitter:label1\" content=\"Dur\u00e9e de lecture estim\u00e9e\" \/>\n\t<meta name=\"twitter:data1\" content=\"1 minute\" \/>\n<script type=\"application\/ld+json\" class=\"yoast-schema-graph\">{\"@context\":\"https:\\\/\\\/schema.org\",\"@graph\":[{\"@type\":\"WebPage\",\"@id\":\"https:\\\/\\\/interdiamant.com\\\/fr\\\/produit\\\/lame-abrasive-interdiamant-3dp-xpa-lame-de-chanfreinage-a-45-coupe-en-v\\\/\",\"url\":\"https:\\\/\\\/interdiamant.com\\\/fr\\\/produit\\\/lame-abrasive-interdiamant-3dp-xpa-lame-de-chanfreinage-a-45-coupe-en-v\\\/\",\"name\":\"Lame abrasive InterDiamant 3DP-XPA | Lame de chanfreinage \u00e0 45\u00b0 | Coupe en V | Interdiamant\",\"isPartOf\":{\"@id\":\"https:\\\/\\\/interdiamant.com\\\/fr\\\/#website\"},\"primaryImageOfPage\":{\"@id\":\"https:\\\/\\\/interdiamant.com\\\/fr\\\/produit\\\/lame-abrasive-interdiamant-3dp-xpa-lame-de-chanfreinage-a-45-coupe-en-v\\\/#primaryimage\"},\"image\":{\"@id\":\"https:\\\/\\\/interdiamant.com\\\/fr\\\/produit\\\/lame-abrasive-interdiamant-3dp-xpa-lame-de-chanfreinage-a-45-coupe-en-v\\\/#primaryimage\"},\"thumbnailUrl\":\"https:\\\/\\\/interdiamant.com\\\/wp-content\\\/uploads\\\/2026\\\/04\\\/Untitled-16.png\",\"datePublished\":\"2026-04-08T10:03:35+00:00\",\"breadcrumb\":{\"@id\":\"https:\\\/\\\/interdiamant.com\\\/fr\\\/produit\\\/lame-abrasive-interdiamant-3dp-xpa-lame-de-chanfreinage-a-45-coupe-en-v\\\/#breadcrumb\"},\"inLanguage\":\"fr-FR\",\"potentialAction\":[{\"@type\":\"ReadAction\",\"target\":[\"https:\\\/\\\/interdiamant.com\\\/fr\\\/produit\\\/lame-abrasive-interdiamant-3dp-xpa-lame-de-chanfreinage-a-45-coupe-en-v\\\/\"]}]},{\"@type\":\"ImageObject\",\"inLanguage\":\"fr-FR\",\"@id\":\"https:\\\/\\\/interdiamant.com\\\/fr\\\/produit\\\/lame-abrasive-interdiamant-3dp-xpa-lame-de-chanfreinage-a-45-coupe-en-v\\\/#primaryimage\",\"url\":\"https:\\\/\\\/interdiamant.com\\\/wp-content\\\/uploads\\\/2026\\\/04\\\/Untitled-16.png\",\"contentUrl\":\"https:\\\/\\\/interdiamant.com\\\/wp-content\\\/uploads\\\/2026\\\/04\\\/Untitled-16.png\",\"width\":906,\"height\":600},{\"@type\":\"BreadcrumbList\",\"@id\":\"https:\\\/\\\/interdiamant.com\\\/fr\\\/produit\\\/lame-abrasive-interdiamant-3dp-xpa-lame-de-chanfreinage-a-45-coupe-en-v\\\/#breadcrumb\",\"itemListElement\":[{\"@type\":\"ListItem\",\"position\":1,\"name\":\"Maison\",\"item\":\"https:\\\/\\\/interdiamant.com\\\/fr\\\/\"},{\"@type\":\"ListItem\",\"position\":2,\"name\":\"Boutique\",\"item\":\"https:\\\/\\\/interdiamant.com\\\/shop\\\/\"},{\"@type\":\"ListItem\",\"position\":3,\"name\":\"Lame abrasive InterDiamant 3DP-XPA | Lame de chanfreinage \u00e0 45\u00b0 | Coupe en V\"}]},{\"@type\":\"WebSite\",\"@id\":\"https:\\\/\\\/interdiamant.com\\\/fr\\\/#website\",\"url\":\"https:\\\/\\\/interdiamant.com\\\/fr\\\/\",\"name\":\"Interdiamant\",\"description\":\"\",\"publisher\":{\"@id\":\"https:\\\/\\\/interdiamant.com\\\/fr\\\/#organization\"},\"potentialAction\":[{\"@type\":\"SearchAction\",\"target\":{\"@type\":\"EntryPoint\",\"urlTemplate\":\"https:\\\/\\\/interdiamant.com\\\/fr\\\/?s={search_term_string}\"},\"query-input\":{\"@type\":\"PropertyValueSpecification\",\"valueRequired\":true,\"valueName\":\"search_term_string\"}}],\"inLanguage\":\"fr-FR\"},{\"@type\":\"Organization\",\"@id\":\"https:\\\/\\\/interdiamant.com\\\/fr\\\/#organization\",\"name\":\"Interdiamant\",\"url\":\"https:\\\/\\\/interdiamant.com\\\/fr\\\/\",\"logo\":{\"@type\":\"ImageObject\",\"inLanguage\":\"fr-FR\",\"@id\":\"https:\\\/\\\/interdiamant.com\\\/fr\\\/#\\\/schema\\\/logo\\\/image\\\/\",\"url\":\"https:\\\/\\\/interdiamant.com\\\/wp-content\\\/uploads\\\/2026\\\/01\\\/Logo-Interdiamant.svg\",\"contentUrl\":\"https:\\\/\\\/interdiamant.com\\\/wp-content\\\/uploads\\\/2026\\\/01\\\/Logo-Interdiamant.svg\",\"width\":1,\"height\":1,\"caption\":\"Interdiamant\"},\"image\":{\"@id\":\"https:\\\/\\\/interdiamant.com\\\/fr\\\/#\\\/schema\\\/logo\\\/image\\\/\"}}]}<\/script>\n<!-- \/ Yoast SEO plugin. -->","yoast_head_json":{"title":"Lame abrasive InterDiamant 3DP-XPA | Lame de chanfreinage \u00e0 45\u00b0 | Coupe en V | Interdiamant","robots":{"index":"index","follow":"follow","max-snippet":"max-snippet:-1","max-image-preview":"max-image-preview:large","max-video-preview":"max-video-preview:-1"},"canonical":"https:\/\/interdiamant.com\/fr\/produit\/lame-abrasive-interdiamant-3dp-xpa-lame-de-chanfreinage-a-45-coupe-en-v\/","og_locale":"fr_FR","og_type":"article","og_title":"Lame abrasive InterDiamant 3DP-XPA | Lame de chanfreinage \u00e0 45\u00b0 | Coupe en V | Interdiamant","og_description":"ABRASIF \u2013 Sp\u00e9cial Lame diamant\u00e9e haut de gamme pour scies \u00e0 sol, sp\u00e9cialement con\u00e7ue pour la coupe et le chanfreinage du b\u00e9ton ou de l&rsquo;asphalte. Cet outil sp\u00e9cialis\u00e9 allie une coupe \u00e0 grande vitesse \u00e0 une g\u00e9om\u00e9trie de segment biseaut\u00e9 pour r\u00e9aliser une finition de joint \u00e0 45\u00b0 professionnelle en une seule op\u00e9ration. Il s&rsquo;agit [&hellip;]","og_url":"https:\/\/interdiamant.com\/fr\/produit\/lame-abrasive-interdiamant-3dp-xpa-lame-de-chanfreinage-a-45-coupe-en-v\/","og_site_name":"Interdiamant","og_image":[{"width":267,"height":598,"url":"https:\/\/interdiamant.com\/wp-content\/uploads\/2026\/04\/Chamfering-Blade-with-Looping-Blade-3DP-e1775642572414.png","type":"image\/png"}],"twitter_card":"summary_large_image","twitter_misc":{"Dur\u00e9e de lecture estim\u00e9e":"1 minute"},"schema":{"@context":"https:\/\/schema.org","@graph":[{"@type":"WebPage","@id":"https:\/\/interdiamant.com\/fr\/produit\/lame-abrasive-interdiamant-3dp-xpa-lame-de-chanfreinage-a-45-coupe-en-v\/","url":"https:\/\/interdiamant.com\/fr\/produit\/lame-abrasive-interdiamant-3dp-xpa-lame-de-chanfreinage-a-45-coupe-en-v\/","name":"Lame abrasive InterDiamant 3DP-XPA | Lame de chanfreinage \u00e0 45\u00b0 | Coupe en V | Interdiamant","isPartOf":{"@id":"https:\/\/interdiamant.com\/fr\/#website"},"primaryImageOfPage":{"@id":"https:\/\/interdiamant.com\/fr\/produit\/lame-abrasive-interdiamant-3dp-xpa-lame-de-chanfreinage-a-45-coupe-en-v\/#primaryimage"},"image":{"@id":"https:\/\/interdiamant.com\/fr\/produit\/lame-abrasive-interdiamant-3dp-xpa-lame-de-chanfreinage-a-45-coupe-en-v\/#primaryimage"},"thumbnailUrl":"https:\/\/interdiamant.com\/wp-content\/uploads\/2026\/04\/Untitled-16.png","datePublished":"2026-04-08T10:03:35+00:00","breadcrumb":{"@id":"https:\/\/interdiamant.com\/fr\/produit\/lame-abrasive-interdiamant-3dp-xpa-lame-de-chanfreinage-a-45-coupe-en-v\/#breadcrumb"},"inLanguage":"fr-FR","potentialAction":[{"@type":"ReadAction","target":["https:\/\/interdiamant.com\/fr\/produit\/lame-abrasive-interdiamant-3dp-xpa-lame-de-chanfreinage-a-45-coupe-en-v\/"]}]},{"@type":"ImageObject","inLanguage":"fr-FR","@id":"https:\/\/interdiamant.com\/fr\/produit\/lame-abrasive-interdiamant-3dp-xpa-lame-de-chanfreinage-a-45-coupe-en-v\/#primaryimage","url":"https:\/\/interdiamant.com\/wp-content\/uploads\/2026\/04\/Untitled-16.png","contentUrl":"https:\/\/interdiamant.com\/wp-content\/uploads\/2026\/04\/Untitled-16.png","width":906,"height":600},{"@type":"BreadcrumbList","@id":"https:\/\/interdiamant.com\/fr\/produit\/lame-abrasive-interdiamant-3dp-xpa-lame-de-chanfreinage-a-45-coupe-en-v\/#breadcrumb","itemListElement":[{"@type":"ListItem","position":1,"name":"Maison","item":"https:\/\/interdiamant.com\/fr\/"},{"@type":"ListItem","position":2,"name":"Boutique","item":"https:\/\/interdiamant.com\/shop\/"},{"@type":"ListItem","position":3,"name":"Lame abrasive InterDiamant 3DP-XPA | Lame de chanfreinage \u00e0 45\u00b0 | Coupe en V"}]},{"@type":"WebSite","@id":"https:\/\/interdiamant.com\/fr\/#website","url":"https:\/\/interdiamant.com\/fr\/","name":"Interdiamant","description":"","publisher":{"@id":"https:\/\/interdiamant.com\/fr\/#organization"},"potentialAction":[{"@type":"SearchAction","target":{"@type":"EntryPoint","urlTemplate":"https:\/\/interdiamant.com\/fr\/?s={search_term_string}"},"query-input":{"@type":"PropertyValueSpecification","valueRequired":true,"valueName":"search_term_string"}}],"inLanguage":"fr-FR"},{"@type":"Organization","@id":"https:\/\/interdiamant.com\/fr\/#organization","name":"Interdiamant","url":"https:\/\/interdiamant.com\/fr\/","logo":{"@type":"ImageObject","inLanguage":"fr-FR","@id":"https:\/\/interdiamant.com\/fr\/#\/schema\/logo\/image\/","url":"https:\/\/interdiamant.com\/wp-content\/uploads\/2026\/01\/Logo-Interdiamant.svg","contentUrl":"https:\/\/interdiamant.com\/wp-content\/uploads\/2026\/01\/Logo-Interdiamant.svg","width":1,"height":1,"caption":"Interdiamant"},"image":{"@id":"https:\/\/interdiamant.com\/fr\/#\/schema\/logo\/image\/"}}]}},"_links":{"self":[{"href":"https:\/\/interdiamant.com\/fr\/wp-json\/wp\/v2\/product\/7424","targetHints":{"allow":["GET"]}}],"collection":[{"href":"https:\/\/interdiamant.com\/fr\/wp-json\/wp\/v2\/product"}],"about":[{"href":"https:\/\/interdiamant.com\/fr\/wp-json\/wp\/v2\/types\/product"}],"wp:featuredmedia":[{"embeddable":true,"href":"https:\/\/interdiamant.com\/fr\/wp-json\/wp\/v2\/media\/7439"}],"wp:attachment":[{"href":"https:\/\/interdiamant.com\/fr\/wp-json\/wp\/v2\/media?parent=7424"}],"wp:term":[{"taxonomy":"product_brand","embeddable":true,"href":"https:\/\/interdiamant.com\/fr\/wp-json\/wp\/v2\/product_brand?post=7424"},{"taxonomy":"product_cat","embeddable":true,"href":"https:\/\/interdiamant.com\/fr\/wp-json\/wp\/v2\/product_cat?post=7424"},{"taxonomy":"product_tag","embeddable":true,"href":"https:\/\/interdiamant.com\/fr\/wp-json\/wp\/v2\/product_tag?post=7424"}],"curies":[{"name":"wp","href":"https:\/\/api.w.org\/{rel}","templated":true}]}}