{"id":5516,"date":"2026-02-02T17:02:37","date_gmt":"2026-02-02T16:02:37","guid":{"rendered":"https:\/\/interdiamant.com\/product\/scie-de-sol-a-lame-interdiamant-3dp-xp\/"},"modified":"2026-02-02T17:02:37","modified_gmt":"2026-02-02T16:02:37","slug":"scie-de-sol-a-lame-interdiamant-3dp-xp","status":"publish","type":"product","link":"https:\/\/interdiamant.com\/fr\/produit\/scie-de-sol-a-lame-interdiamant-3dp-xp\/","title":{"rendered":"Scie de sol \u00e0 lame InterDiamant 3DP-XP"},"content":{"rendered":"<p>ULTRA HARD \u2013 Pour le b\u00e9ton tr\u00e8s dur et fortement arm\u00e9<\/p>\n<p>Cette scie de sol pour b\u00e9ton tr\u00e8s dur, class\u00e9e ULTRA HARD, est con\u00e7ue pour des conditions extr\u00eames. Convient aux b\u00e9tons de haute r\u00e9sistance (C35\/45 \u00e0 C60\/65) et aux structures fortement arm\u00e9es. <\/p>\n<p>Les applications typiques incluent les sols industriels, les parkings, les ponts, les viaducs, les immeubles de grande hauteur et la construction commerciale. Le liant plus souple compense la duret\u00e9 du b\u00e9ton et assure une lib\u00e9ration contr\u00f4l\u00e9e des diamants. <\/p>\n<p>Cela maintient l\u2019outil aff\u00fbt\u00e9, m\u00eame lors d\u2019une utilisation prolong\u00e9e dans des structures en b\u00e9ton dures et denses. Id\u00e9ale pour la d\u00e9coupe intensive et professionnelle du b\u00e9ton, lorsque la fiabilit\u00e9 est essentielle. <\/p>\n<p>Conseil :<br \/>\nUtilisez ULTRA HARD pour les classes de r\u00e9sistance \u00e9lev\u00e9es ou les armatures importantes afin d\u2019\u00e9viter toute perte de performance.<\/p>\n","protected":false},"excerpt":{"rendered":"<p>ULTRA HARD \u2013 Pour le b\u00e9ton tr\u00e8s dur et fortement arm\u00e9 Cette scie de sol pour b\u00e9ton tr\u00e8s dur, class\u00e9e ULTRA HARD, est con\u00e7ue pour des conditions extr\u00eames. Convient aux b\u00e9tons de haute r\u00e9sistance (C35\/45 \u00e0 C60\/65) et aux structures fortement arm\u00e9es. Les applications typiques incluent les sols industriels, les parkings, les ponts, les viaducs, [&hellip;]<\/p>\n","protected":false},"featured_media":7810,"template":"","meta":{"_et_pb_use_builder":"","_et_pb_old_content":"","_et_gb_content_width":""},"product_brand":[],"product_cat":[402,918],"product_tag":[],"class_list":{"0":"post-5516","1":"product","2":"type-product","3":"status-publish","4":"has-post-thumbnail","6":"product_cat-zaagblad","7":"product_cat-vloerenzaag","9":"first","10":"instock","11":"taxable","12":"shipping-taxable","13":"purchasable","14":"product-type-variable"},"bundled_by":[],"bundle_stock_status":"instock","bundle_stock_quantity":null,"bundle_virtual":false,"bundle_layout":"","bundle_add_to_cart_form_location":"","bundle_editable_in_cart":false,"bundle_sold_individually_context":"","bundle_item_grouping":"","bundle_min_size":"","bundle_max_size":"","bundle_price":[],"bundled_items":[],"bundle_sell_ids":[],"yoast_head":"<!-- This site is optimized with the Yoast SEO plugin v27.4 - https:\/\/yoast.com\/product\/yoast-seo-wordpress\/ -->\n<title>Scie de sol \u00e0 lame InterDiamant 3DP-XP | Interdiamant<\/title>\n<meta name=\"robots\" content=\"index, follow, max-snippet:-1, max-image-preview:large, max-video-preview:-1\" \/>\n<link rel=\"canonical\" href=\"https:\/\/interdiamant.com\/fr\/produit\/scie-de-sol-a-lame-interdiamant-3dp-xp\/\" \/>\n<meta property=\"og:locale\" content=\"fr_FR\" \/>\n<meta property=\"og:type\" content=\"article\" \/>\n<meta property=\"og:title\" content=\"Scie de sol \u00e0 lame InterDiamant 3DP-XP | Interdiamant\" \/>\n<meta property=\"og:description\" content=\"ULTRA HARD \u2013 Pour le b\u00e9ton tr\u00e8s dur et fortement arm\u00e9 Cette scie de sol pour b\u00e9ton tr\u00e8s dur, class\u00e9e ULTRA HARD, est con\u00e7ue pour des conditions extr\u00eames. Convient aux b\u00e9tons de haute r\u00e9sistance (C35\/45 \u00e0 C60\/65) et aux structures fortement arm\u00e9es. Les applications typiques incluent les sols industriels, les parkings, les ponts, les viaducs, [&hellip;]\" \/>\n<meta property=\"og:url\" content=\"https:\/\/interdiamant.com\/fr\/produit\/scie-de-sol-a-lame-interdiamant-3dp-xp\/\" \/>\n<meta property=\"og:site_name\" content=\"Interdiamant\" \/>\n<meta property=\"og:image\" content=\"https:\/\/interdiamant.com\/wp-content\/uploads\/2026\/01\/25PGX.jpg\" \/>\n\t<meta property=\"og:image:width\" content=\"2362\" \/>\n\t<meta property=\"og:image:height\" content=\"2362\" \/>\n\t<meta property=\"og:image:type\" content=\"image\/jpeg\" \/>\n<meta name=\"twitter:card\" content=\"summary_large_image\" \/>\n<meta name=\"twitter:label1\" content=\"Dur\u00e9e de lecture estim\u00e9e\" \/>\n\t<meta name=\"twitter:data1\" content=\"1 minute\" \/>\n<script type=\"application\/ld+json\" class=\"yoast-schema-graph\">{\"@context\":\"https:\\\/\\\/schema.org\",\"@graph\":[{\"@type\":\"WebPage\",\"@id\":\"https:\\\/\\\/interdiamant.com\\\/fr\\\/produit\\\/scie-de-sol-a-lame-interdiamant-3dp-xp\\\/\",\"url\":\"https:\\\/\\\/interdiamant.com\\\/fr\\\/produit\\\/scie-de-sol-a-lame-interdiamant-3dp-xp\\\/\",\"name\":\"Scie de sol \u00e0 lame InterDiamant 3DP-XP | Interdiamant\",\"isPartOf\":{\"@id\":\"https:\\\/\\\/interdiamant.com\\\/fr\\\/#website\"},\"primaryImageOfPage\":{\"@id\":\"https:\\\/\\\/interdiamant.com\\\/fr\\\/produit\\\/scie-de-sol-a-lame-interdiamant-3dp-xp\\\/#primaryimage\"},\"image\":{\"@id\":\"https:\\\/\\\/interdiamant.com\\\/fr\\\/produit\\\/scie-de-sol-a-lame-interdiamant-3dp-xp\\\/#primaryimage\"},\"thumbnailUrl\":\"https:\\\/\\\/interdiamant.com\\\/wp-content\\\/uploads\\\/2026\\\/01\\\/25PGX.jpg\",\"datePublished\":\"2026-02-02T16:02:37+00:00\",\"breadcrumb\":{\"@id\":\"https:\\\/\\\/interdiamant.com\\\/fr\\\/produit\\\/scie-de-sol-a-lame-interdiamant-3dp-xp\\\/#breadcrumb\"},\"inLanguage\":\"fr-FR\",\"potentialAction\":[{\"@type\":\"ReadAction\",\"target\":[\"https:\\\/\\\/interdiamant.com\\\/fr\\\/produit\\\/scie-de-sol-a-lame-interdiamant-3dp-xp\\\/\"]}]},{\"@type\":\"ImageObject\",\"inLanguage\":\"fr-FR\",\"@id\":\"https:\\\/\\\/interdiamant.com\\\/fr\\\/produit\\\/scie-de-sol-a-lame-interdiamant-3dp-xp\\\/#primaryimage\",\"url\":\"https:\\\/\\\/interdiamant.com\\\/wp-content\\\/uploads\\\/2026\\\/01\\\/25PGX.jpg\",\"contentUrl\":\"https:\\\/\\\/interdiamant.com\\\/wp-content\\\/uploads\\\/2026\\\/01\\\/25PGX.jpg\",\"width\":2362,\"height\":2362},{\"@type\":\"BreadcrumbList\",\"@id\":\"https:\\\/\\\/interdiamant.com\\\/fr\\\/produit\\\/scie-de-sol-a-lame-interdiamant-3dp-xp\\\/#breadcrumb\",\"itemListElement\":[{\"@type\":\"ListItem\",\"position\":1,\"name\":\"Maison\",\"item\":\"https:\\\/\\\/interdiamant.com\\\/fr\\\/\"},{\"@type\":\"ListItem\",\"position\":2,\"name\":\"Boutique\",\"item\":\"https:\\\/\\\/interdiamant.com\\\/shop\\\/\"},{\"@type\":\"ListItem\",\"position\":3,\"name\":\"Scie de sol \u00e0 lame InterDiamant 3DP-XP\"}]},{\"@type\":\"WebSite\",\"@id\":\"https:\\\/\\\/interdiamant.com\\\/fr\\\/#website\",\"url\":\"https:\\\/\\\/interdiamant.com\\\/fr\\\/\",\"name\":\"Interdiamant\",\"description\":\"\",\"publisher\":{\"@id\":\"https:\\\/\\\/interdiamant.com\\\/fr\\\/#organization\"},\"potentialAction\":[{\"@type\":\"SearchAction\",\"target\":{\"@type\":\"EntryPoint\",\"urlTemplate\":\"https:\\\/\\\/interdiamant.com\\\/fr\\\/?s={search_term_string}\"},\"query-input\":{\"@type\":\"PropertyValueSpecification\",\"valueRequired\":true,\"valueName\":\"search_term_string\"}}],\"inLanguage\":\"fr-FR\"},{\"@type\":\"Organization\",\"@id\":\"https:\\\/\\\/interdiamant.com\\\/fr\\\/#organization\",\"name\":\"Interdiamant\",\"url\":\"https:\\\/\\\/interdiamant.com\\\/fr\\\/\",\"logo\":{\"@type\":\"ImageObject\",\"inLanguage\":\"fr-FR\",\"@id\":\"https:\\\/\\\/interdiamant.com\\\/fr\\\/#\\\/schema\\\/logo\\\/image\\\/\",\"url\":\"https:\\\/\\\/interdiamant.com\\\/wp-content\\\/uploads\\\/2026\\\/01\\\/Logo-Interdiamant.svg\",\"contentUrl\":\"https:\\\/\\\/interdiamant.com\\\/wp-content\\\/uploads\\\/2026\\\/01\\\/Logo-Interdiamant.svg\",\"width\":1,\"height\":1,\"caption\":\"Interdiamant\"},\"image\":{\"@id\":\"https:\\\/\\\/interdiamant.com\\\/fr\\\/#\\\/schema\\\/logo\\\/image\\\/\"}}]}<\/script>\n<!-- \/ Yoast SEO plugin. -->","yoast_head_json":{"title":"Scie de sol \u00e0 lame InterDiamant 3DP-XP | Interdiamant","robots":{"index":"index","follow":"follow","max-snippet":"max-snippet:-1","max-image-preview":"max-image-preview:large","max-video-preview":"max-video-preview:-1"},"canonical":"https:\/\/interdiamant.com\/fr\/produit\/scie-de-sol-a-lame-interdiamant-3dp-xp\/","og_locale":"fr_FR","og_type":"article","og_title":"Scie de sol \u00e0 lame InterDiamant 3DP-XP | Interdiamant","og_description":"ULTRA HARD \u2013 Pour le b\u00e9ton tr\u00e8s dur et fortement arm\u00e9 Cette scie de sol pour b\u00e9ton tr\u00e8s dur, class\u00e9e ULTRA HARD, est con\u00e7ue pour des conditions extr\u00eames. Convient aux b\u00e9tons de haute r\u00e9sistance (C35\/45 \u00e0 C60\/65) et aux structures fortement arm\u00e9es. Les applications typiques incluent les sols industriels, les parkings, les ponts, les viaducs, [&hellip;]","og_url":"https:\/\/interdiamant.com\/fr\/produit\/scie-de-sol-a-lame-interdiamant-3dp-xp\/","og_site_name":"Interdiamant","og_image":[{"width":2362,"height":2362,"url":"https:\/\/interdiamant.com\/wp-content\/uploads\/2026\/01\/25PGX.jpg","type":"image\/jpeg"}],"twitter_card":"summary_large_image","twitter_misc":{"Dur\u00e9e de lecture estim\u00e9e":"1 minute"},"schema":{"@context":"https:\/\/schema.org","@graph":[{"@type":"WebPage","@id":"https:\/\/interdiamant.com\/fr\/produit\/scie-de-sol-a-lame-interdiamant-3dp-xp\/","url":"https:\/\/interdiamant.com\/fr\/produit\/scie-de-sol-a-lame-interdiamant-3dp-xp\/","name":"Scie de sol \u00e0 lame InterDiamant 3DP-XP | Interdiamant","isPartOf":{"@id":"https:\/\/interdiamant.com\/fr\/#website"},"primaryImageOfPage":{"@id":"https:\/\/interdiamant.com\/fr\/produit\/scie-de-sol-a-lame-interdiamant-3dp-xp\/#primaryimage"},"image":{"@id":"https:\/\/interdiamant.com\/fr\/produit\/scie-de-sol-a-lame-interdiamant-3dp-xp\/#primaryimage"},"thumbnailUrl":"https:\/\/interdiamant.com\/wp-content\/uploads\/2026\/01\/25PGX.jpg","datePublished":"2026-02-02T16:02:37+00:00","breadcrumb":{"@id":"https:\/\/interdiamant.com\/fr\/produit\/scie-de-sol-a-lame-interdiamant-3dp-xp\/#breadcrumb"},"inLanguage":"fr-FR","potentialAction":[{"@type":"ReadAction","target":["https:\/\/interdiamant.com\/fr\/produit\/scie-de-sol-a-lame-interdiamant-3dp-xp\/"]}]},{"@type":"ImageObject","inLanguage":"fr-FR","@id":"https:\/\/interdiamant.com\/fr\/produit\/scie-de-sol-a-lame-interdiamant-3dp-xp\/#primaryimage","url":"https:\/\/interdiamant.com\/wp-content\/uploads\/2026\/01\/25PGX.jpg","contentUrl":"https:\/\/interdiamant.com\/wp-content\/uploads\/2026\/01\/25PGX.jpg","width":2362,"height":2362},{"@type":"BreadcrumbList","@id":"https:\/\/interdiamant.com\/fr\/produit\/scie-de-sol-a-lame-interdiamant-3dp-xp\/#breadcrumb","itemListElement":[{"@type":"ListItem","position":1,"name":"Maison","item":"https:\/\/interdiamant.com\/fr\/"},{"@type":"ListItem","position":2,"name":"Boutique","item":"https:\/\/interdiamant.com\/shop\/"},{"@type":"ListItem","position":3,"name":"Scie de sol \u00e0 lame InterDiamant 3DP-XP"}]},{"@type":"WebSite","@id":"https:\/\/interdiamant.com\/fr\/#website","url":"https:\/\/interdiamant.com\/fr\/","name":"Interdiamant","description":"","publisher":{"@id":"https:\/\/interdiamant.com\/fr\/#organization"},"potentialAction":[{"@type":"SearchAction","target":{"@type":"EntryPoint","urlTemplate":"https:\/\/interdiamant.com\/fr\/?s={search_term_string}"},"query-input":{"@type":"PropertyValueSpecification","valueRequired":true,"valueName":"search_term_string"}}],"inLanguage":"fr-FR"},{"@type":"Organization","@id":"https:\/\/interdiamant.com\/fr\/#organization","name":"Interdiamant","url":"https:\/\/interdiamant.com\/fr\/","logo":{"@type":"ImageObject","inLanguage":"fr-FR","@id":"https:\/\/interdiamant.com\/fr\/#\/schema\/logo\/image\/","url":"https:\/\/interdiamant.com\/wp-content\/uploads\/2026\/01\/Logo-Interdiamant.svg","contentUrl":"https:\/\/interdiamant.com\/wp-content\/uploads\/2026\/01\/Logo-Interdiamant.svg","width":1,"height":1,"caption":"Interdiamant"},"image":{"@id":"https:\/\/interdiamant.com\/fr\/#\/schema\/logo\/image\/"}}]}},"_links":{"self":[{"href":"https:\/\/interdiamant.com\/fr\/wp-json\/wp\/v2\/product\/5516","targetHints":{"allow":["GET"]}}],"collection":[{"href":"https:\/\/interdiamant.com\/fr\/wp-json\/wp\/v2\/product"}],"about":[{"href":"https:\/\/interdiamant.com\/fr\/wp-json\/wp\/v2\/types\/product"}],"wp:featuredmedia":[{"embeddable":true,"href":"https:\/\/interdiamant.com\/fr\/wp-json\/wp\/v2\/media\/7810"}],"wp:attachment":[{"href":"https:\/\/interdiamant.com\/fr\/wp-json\/wp\/v2\/media?parent=5516"}],"wp:term":[{"taxonomy":"product_brand","embeddable":true,"href":"https:\/\/interdiamant.com\/fr\/wp-json\/wp\/v2\/product_brand?post=5516"},{"taxonomy":"product_cat","embeddable":true,"href":"https:\/\/interdiamant.com\/fr\/wp-json\/wp\/v2\/product_cat?post=5516"},{"taxonomy":"product_tag","embeddable":true,"href":"https:\/\/interdiamant.com\/fr\/wp-json\/wp\/v2\/product_tag?post=5516"}],"curies":[{"name":"wp","href":"https:\/\/api.w.org\/{rel}","templated":true}]}}