{"id":4741,"date":"2026-02-02T17:04:37","date_gmt":"2026-02-02T16:04:37","guid":{"rendered":"https:\/\/interdiamant.com\/product\/interdiamant-vacuum-brazed-vb-foret-carottier-pour-carrelage-a-sec\/"},"modified":"2026-02-12T13:54:30","modified_gmt":"2026-02-12T12:54:30","slug":"interdiamant-vacuum-brazed-vb-foret-carottier-pour-carrelage-a-sec","status":"publish","type":"product","link":"https:\/\/interdiamant.com\/fr\/produit\/interdiamant-vacuum-brazed-vb-foret-carottier-pour-carrelage-a-sec\/","title":{"rendered":"InterDiamant Vacuum Brazed-VB Foret carottier pour carrelage \u00e0 sec"},"content":{"rendered":"<p>SOFT \u2013 Pour le b\u00e9ton tendre et les mat\u00e9riaux de ma\u00e7onnerie<\/p>\n<p>Ce foret carottier pour carrelage, destin\u00e9 au b\u00e9ton Soft avec classification SOFT, est sp\u00e9cialement d\u00e9velopp\u00e9 pour les mat\u00e9riaux \u00e0 faible duret\u00e9 et \u00e0 r\u00e9sistance \u00e0 l\u2019usure limit\u00e9e. Gr\u00e2ce \u00e0 la liaison plus dure, le diamant se lib\u00e8re rapidement, ce qui permet une vitesse de coupe et de per\u00e7age \u00e9lev\u00e9e et des performances imm\u00e9diates. <\/p>\n<p>Convient \u00e0 des applications telles que la brique silico-calcaire, les blocs de b\u00e9ton cellulaire, le b\u00e9ton cellulaire et le b\u00e9ton l\u00e9ger (C20\/25). Id\u00e9al pour les murs non porteurs, les \u00e9l\u00e9ments de bordure, les cl\u00f4tures et les fondations l\u00e9g\u00e8res. <\/p>\n<p>L\u2019\u00e9quilibre optimal entre liant et diamant \u00e9vite l\u2019encrassement et l\u2019accumulation de chaleur inutile. Cela garantit un fonctionnement efficace et un enl\u00e8vement de mati\u00e8re constant. <\/p>\n<p>Conseil : utilisez cette classification exclusivement sur des mat\u00e9riaux tendres. Dans un b\u00e9ton plus dur, l\u2019usure augmentera trop rapidement. <\/p>\n","protected":false},"excerpt":{"rendered":"<p>SOFT \u2013 Pour le b\u00e9ton tendre et les mat\u00e9riaux de ma\u00e7onnerie Ce foret carottier pour carrelage, destin\u00e9 au b\u00e9ton Soft avec classification SOFT, est sp\u00e9cialement d\u00e9velopp\u00e9 pour les mat\u00e9riaux \u00e0 faible duret\u00e9 et \u00e0 r\u00e9sistance \u00e0 l\u2019usure limit\u00e9e. Gr\u00e2ce \u00e0 la liaison plus dure, le diamant se lib\u00e8re rapidement, ce qui permet une vitesse de [&hellip;]<\/p>\n","protected":false},"featured_media":815,"template":"","meta":{"_et_pb_use_builder":"","_et_pb_old_content":"","_et_gb_content_width":""},"product_brand":[],"product_cat":[748,738],"product_tag":[],"class_list":{"0":"post-4741","1":"product","2":"type-product","3":"status-publish","4":"has-post-thumbnail","6":"product_cat-couronne-de-carottage-a-sec","7":"product_cat-trepan","9":"first","10":"instock","11":"taxable","12":"shipping-taxable","13":"purchasable","14":"product-type-variable"},"bundled_by":[],"bundle_stock_status":"instock","bundle_stock_quantity":null,"bundle_virtual":false,"bundle_layout":"","bundle_add_to_cart_form_location":"","bundle_editable_in_cart":false,"bundle_sold_individually_context":"","bundle_item_grouping":"","bundle_min_size":"","bundle_max_size":"","bundle_price":[],"bundled_items":[],"bundle_sell_ids":[],"yoast_head":"<!-- This site is optimized with the Yoast SEO plugin v27.4 - https:\/\/yoast.com\/product\/yoast-seo-wordpress\/ -->\n<title>InterDiamant Vacuum Brazed-VB Foret carottier pour carrelage \u00e0 sec | Interdiamant<\/title>\n<meta name=\"robots\" content=\"index, follow, max-snippet:-1, max-image-preview:large, max-video-preview:-1\" \/>\n<link rel=\"canonical\" href=\"https:\/\/interdiamant.com\/fr\/produit\/interdiamant-vacuum-brazed-vb-foret-carottier-pour-carrelage-a-sec\/\" \/>\n<meta property=\"og:locale\" content=\"fr_FR\" \/>\n<meta property=\"og:type\" content=\"article\" \/>\n<meta property=\"og:title\" content=\"InterDiamant Vacuum Brazed-VB Foret carottier pour carrelage \u00e0 sec | Interdiamant\" \/>\n<meta property=\"og:description\" content=\"SOFT \u2013 Pour le b\u00e9ton tendre et les mat\u00e9riaux de ma\u00e7onnerie Ce foret carottier pour carrelage, destin\u00e9 au b\u00e9ton Soft avec classification SOFT, est sp\u00e9cialement d\u00e9velopp\u00e9 pour les mat\u00e9riaux \u00e0 faible duret\u00e9 et \u00e0 r\u00e9sistance \u00e0 l\u2019usure limit\u00e9e. Gr\u00e2ce \u00e0 la liaison plus dure, le diamant se lib\u00e8re rapidement, ce qui permet une vitesse de [&hellip;]\" \/>\n<meta property=\"og:url\" content=\"https:\/\/interdiamant.com\/fr\/produit\/interdiamant-vacuum-brazed-vb-foret-carottier-pour-carrelage-a-sec\/\" \/>\n<meta property=\"og:site_name\" content=\"Interdiamant\" \/>\n<meta property=\"article:modified_time\" content=\"2026-02-12T12:54:30+00:00\" \/>\n<meta property=\"og:image\" content=\"https:\/\/interdiamant.com\/wp-content\/uploads\/2026\/01\/19PCXD-scaled.jpg\" \/>\n\t<meta property=\"og:image:width\" content=\"2880\" \/>\n\t<meta property=\"og:image:height\" content=\"1944\" \/>\n\t<meta property=\"og:image:type\" content=\"image\/jpeg\" \/>\n<meta name=\"twitter:card\" content=\"summary_large_image\" \/>\n<meta name=\"twitter:label1\" content=\"Dur\u00e9e de lecture estim\u00e9e\" \/>\n\t<meta name=\"twitter:data1\" content=\"1 minute\" \/>\n<script type=\"application\/ld+json\" class=\"yoast-schema-graph\">{\"@context\":\"https:\\\/\\\/schema.org\",\"@graph\":[{\"@type\":\"WebPage\",\"@id\":\"https:\\\/\\\/interdiamant.com\\\/fr\\\/produit\\\/interdiamant-vacuum-brazed-vb-foret-carottier-pour-carrelage-a-sec\\\/\",\"url\":\"https:\\\/\\\/interdiamant.com\\\/fr\\\/produit\\\/interdiamant-vacuum-brazed-vb-foret-carottier-pour-carrelage-a-sec\\\/\",\"name\":\"InterDiamant Vacuum Brazed-VB Foret carottier pour carrelage \u00e0 sec | Interdiamant\",\"isPartOf\":{\"@id\":\"https:\\\/\\\/interdiamant.com\\\/fr\\\/#website\"},\"primaryImageOfPage\":{\"@id\":\"https:\\\/\\\/interdiamant.com\\\/fr\\\/produit\\\/interdiamant-vacuum-brazed-vb-foret-carottier-pour-carrelage-a-sec\\\/#primaryimage\"},\"image\":{\"@id\":\"https:\\\/\\\/interdiamant.com\\\/fr\\\/produit\\\/interdiamant-vacuum-brazed-vb-foret-carottier-pour-carrelage-a-sec\\\/#primaryimage\"},\"thumbnailUrl\":\"https:\\\/\\\/interdiamant.com\\\/wp-content\\\/uploads\\\/2026\\\/01\\\/19PCXD-scaled.jpg\",\"datePublished\":\"2026-02-02T16:04:37+00:00\",\"dateModified\":\"2026-02-12T12:54:30+00:00\",\"breadcrumb\":{\"@id\":\"https:\\\/\\\/interdiamant.com\\\/fr\\\/produit\\\/interdiamant-vacuum-brazed-vb-foret-carottier-pour-carrelage-a-sec\\\/#breadcrumb\"},\"inLanguage\":\"fr-FR\",\"potentialAction\":[{\"@type\":\"ReadAction\",\"target\":[\"https:\\\/\\\/interdiamant.com\\\/fr\\\/produit\\\/interdiamant-vacuum-brazed-vb-foret-carottier-pour-carrelage-a-sec\\\/\"]}]},{\"@type\":\"ImageObject\",\"inLanguage\":\"fr-FR\",\"@id\":\"https:\\\/\\\/interdiamant.com\\\/fr\\\/produit\\\/interdiamant-vacuum-brazed-vb-foret-carottier-pour-carrelage-a-sec\\\/#primaryimage\",\"url\":\"https:\\\/\\\/interdiamant.com\\\/wp-content\\\/uploads\\\/2026\\\/01\\\/19PCXD-scaled.jpg\",\"contentUrl\":\"https:\\\/\\\/interdiamant.com\\\/wp-content\\\/uploads\\\/2026\\\/01\\\/19PCXD-scaled.jpg\",\"width\":2880,\"height\":1944},{\"@type\":\"BreadcrumbList\",\"@id\":\"https:\\\/\\\/interdiamant.com\\\/fr\\\/produit\\\/interdiamant-vacuum-brazed-vb-foret-carottier-pour-carrelage-a-sec\\\/#breadcrumb\",\"itemListElement\":[{\"@type\":\"ListItem\",\"position\":1,\"name\":\"Maison\",\"item\":\"https:\\\/\\\/interdiamant.com\\\/fr\\\/\"},{\"@type\":\"ListItem\",\"position\":2,\"name\":\"Boutique\",\"item\":\"https:\\\/\\\/interdiamant.com\\\/shop\\\/\"},{\"@type\":\"ListItem\",\"position\":3,\"name\":\"InterDiamant Vacuum Brazed-VB Foret carottier pour carrelage \u00e0 sec\"}]},{\"@type\":\"WebSite\",\"@id\":\"https:\\\/\\\/interdiamant.com\\\/fr\\\/#website\",\"url\":\"https:\\\/\\\/interdiamant.com\\\/fr\\\/\",\"name\":\"Interdiamant\",\"description\":\"\",\"publisher\":{\"@id\":\"https:\\\/\\\/interdiamant.com\\\/fr\\\/#organization\"},\"potentialAction\":[{\"@type\":\"SearchAction\",\"target\":{\"@type\":\"EntryPoint\",\"urlTemplate\":\"https:\\\/\\\/interdiamant.com\\\/fr\\\/?s={search_term_string}\"},\"query-input\":{\"@type\":\"PropertyValueSpecification\",\"valueRequired\":true,\"valueName\":\"search_term_string\"}}],\"inLanguage\":\"fr-FR\"},{\"@type\":\"Organization\",\"@id\":\"https:\\\/\\\/interdiamant.com\\\/fr\\\/#organization\",\"name\":\"Interdiamant\",\"url\":\"https:\\\/\\\/interdiamant.com\\\/fr\\\/\",\"logo\":{\"@type\":\"ImageObject\",\"inLanguage\":\"fr-FR\",\"@id\":\"https:\\\/\\\/interdiamant.com\\\/fr\\\/#\\\/schema\\\/logo\\\/image\\\/\",\"url\":\"https:\\\/\\\/interdiamant.com\\\/wp-content\\\/uploads\\\/2026\\\/01\\\/Logo-Interdiamant.svg\",\"contentUrl\":\"https:\\\/\\\/interdiamant.com\\\/wp-content\\\/uploads\\\/2026\\\/01\\\/Logo-Interdiamant.svg\",\"width\":1,\"height\":1,\"caption\":\"Interdiamant\"},\"image\":{\"@id\":\"https:\\\/\\\/interdiamant.com\\\/fr\\\/#\\\/schema\\\/logo\\\/image\\\/\"}}]}<\/script>\n<!-- \/ Yoast SEO plugin. -->","yoast_head_json":{"title":"InterDiamant Vacuum Brazed-VB Foret carottier pour carrelage \u00e0 sec | Interdiamant","robots":{"index":"index","follow":"follow","max-snippet":"max-snippet:-1","max-image-preview":"max-image-preview:large","max-video-preview":"max-video-preview:-1"},"canonical":"https:\/\/interdiamant.com\/fr\/produit\/interdiamant-vacuum-brazed-vb-foret-carottier-pour-carrelage-a-sec\/","og_locale":"fr_FR","og_type":"article","og_title":"InterDiamant Vacuum Brazed-VB Foret carottier pour carrelage \u00e0 sec | Interdiamant","og_description":"SOFT \u2013 Pour le b\u00e9ton tendre et les mat\u00e9riaux de ma\u00e7onnerie Ce foret carottier pour carrelage, destin\u00e9 au b\u00e9ton Soft avec classification SOFT, est sp\u00e9cialement d\u00e9velopp\u00e9 pour les mat\u00e9riaux \u00e0 faible duret\u00e9 et \u00e0 r\u00e9sistance \u00e0 l\u2019usure limit\u00e9e. Gr\u00e2ce \u00e0 la liaison plus dure, le diamant se lib\u00e8re rapidement, ce qui permet une vitesse de [&hellip;]","og_url":"https:\/\/interdiamant.com\/fr\/produit\/interdiamant-vacuum-brazed-vb-foret-carottier-pour-carrelage-a-sec\/","og_site_name":"Interdiamant","article_modified_time":"2026-02-12T12:54:30+00:00","og_image":[{"width":2880,"height":1944,"url":"https:\/\/interdiamant.com\/wp-content\/uploads\/2026\/01\/19PCXD-scaled.jpg","type":"image\/jpeg"}],"twitter_card":"summary_large_image","twitter_misc":{"Dur\u00e9e de lecture estim\u00e9e":"1 minute"},"schema":{"@context":"https:\/\/schema.org","@graph":[{"@type":"WebPage","@id":"https:\/\/interdiamant.com\/fr\/produit\/interdiamant-vacuum-brazed-vb-foret-carottier-pour-carrelage-a-sec\/","url":"https:\/\/interdiamant.com\/fr\/produit\/interdiamant-vacuum-brazed-vb-foret-carottier-pour-carrelage-a-sec\/","name":"InterDiamant Vacuum Brazed-VB Foret carottier pour carrelage \u00e0 sec | Interdiamant","isPartOf":{"@id":"https:\/\/interdiamant.com\/fr\/#website"},"primaryImageOfPage":{"@id":"https:\/\/interdiamant.com\/fr\/produit\/interdiamant-vacuum-brazed-vb-foret-carottier-pour-carrelage-a-sec\/#primaryimage"},"image":{"@id":"https:\/\/interdiamant.com\/fr\/produit\/interdiamant-vacuum-brazed-vb-foret-carottier-pour-carrelage-a-sec\/#primaryimage"},"thumbnailUrl":"https:\/\/interdiamant.com\/wp-content\/uploads\/2026\/01\/19PCXD-scaled.jpg","datePublished":"2026-02-02T16:04:37+00:00","dateModified":"2026-02-12T12:54:30+00:00","breadcrumb":{"@id":"https:\/\/interdiamant.com\/fr\/produit\/interdiamant-vacuum-brazed-vb-foret-carottier-pour-carrelage-a-sec\/#breadcrumb"},"inLanguage":"fr-FR","potentialAction":[{"@type":"ReadAction","target":["https:\/\/interdiamant.com\/fr\/produit\/interdiamant-vacuum-brazed-vb-foret-carottier-pour-carrelage-a-sec\/"]}]},{"@type":"ImageObject","inLanguage":"fr-FR","@id":"https:\/\/interdiamant.com\/fr\/produit\/interdiamant-vacuum-brazed-vb-foret-carottier-pour-carrelage-a-sec\/#primaryimage","url":"https:\/\/interdiamant.com\/wp-content\/uploads\/2026\/01\/19PCXD-scaled.jpg","contentUrl":"https:\/\/interdiamant.com\/wp-content\/uploads\/2026\/01\/19PCXD-scaled.jpg","width":2880,"height":1944},{"@type":"BreadcrumbList","@id":"https:\/\/interdiamant.com\/fr\/produit\/interdiamant-vacuum-brazed-vb-foret-carottier-pour-carrelage-a-sec\/#breadcrumb","itemListElement":[{"@type":"ListItem","position":1,"name":"Maison","item":"https:\/\/interdiamant.com\/fr\/"},{"@type":"ListItem","position":2,"name":"Boutique","item":"https:\/\/interdiamant.com\/shop\/"},{"@type":"ListItem","position":3,"name":"InterDiamant Vacuum Brazed-VB Foret carottier pour carrelage \u00e0 sec"}]},{"@type":"WebSite","@id":"https:\/\/interdiamant.com\/fr\/#website","url":"https:\/\/interdiamant.com\/fr\/","name":"Interdiamant","description":"","publisher":{"@id":"https:\/\/interdiamant.com\/fr\/#organization"},"potentialAction":[{"@type":"SearchAction","target":{"@type":"EntryPoint","urlTemplate":"https:\/\/interdiamant.com\/fr\/?s={search_term_string}"},"query-input":{"@type":"PropertyValueSpecification","valueRequired":true,"valueName":"search_term_string"}}],"inLanguage":"fr-FR"},{"@type":"Organization","@id":"https:\/\/interdiamant.com\/fr\/#organization","name":"Interdiamant","url":"https:\/\/interdiamant.com\/fr\/","logo":{"@type":"ImageObject","inLanguage":"fr-FR","@id":"https:\/\/interdiamant.com\/fr\/#\/schema\/logo\/image\/","url":"https:\/\/interdiamant.com\/wp-content\/uploads\/2026\/01\/Logo-Interdiamant.svg","contentUrl":"https:\/\/interdiamant.com\/wp-content\/uploads\/2026\/01\/Logo-Interdiamant.svg","width":1,"height":1,"caption":"Interdiamant"},"image":{"@id":"https:\/\/interdiamant.com\/fr\/#\/schema\/logo\/image\/"}}]}},"_links":{"self":[{"href":"https:\/\/interdiamant.com\/fr\/wp-json\/wp\/v2\/product\/4741","targetHints":{"allow":["GET"]}}],"collection":[{"href":"https:\/\/interdiamant.com\/fr\/wp-json\/wp\/v2\/product"}],"about":[{"href":"https:\/\/interdiamant.com\/fr\/wp-json\/wp\/v2\/types\/product"}],"wp:featuredmedia":[{"embeddable":true,"href":"https:\/\/interdiamant.com\/fr\/wp-json\/wp\/v2\/media\/815"}],"wp:attachment":[{"href":"https:\/\/interdiamant.com\/fr\/wp-json\/wp\/v2\/media?parent=4741"}],"wp:term":[{"taxonomy":"product_brand","embeddable":true,"href":"https:\/\/interdiamant.com\/fr\/wp-json\/wp\/v2\/product_brand?post=4741"},{"taxonomy":"product_cat","embeddable":true,"href":"https:\/\/interdiamant.com\/fr\/wp-json\/wp\/v2\/product_cat?post=4741"},{"taxonomy":"product_tag","embeddable":true,"href":"https:\/\/interdiamant.com\/fr\/wp-json\/wp\/v2\/product_tag?post=4741"}],"curies":[{"name":"wp","href":"https:\/\/api.w.org\/{rel}","templated":true}]}}