{"id":4711,"date":"2026-02-02T17:04:44","date_gmt":"2026-02-02T16:04:44","guid":{"rendered":"https:\/\/interdiamant.com\/product\/lame-interdiamant-3dp-xpa-abrasive\/"},"modified":"2026-04-08T12:20:51","modified_gmt":"2026-04-08T10:20:51","slug":"lame-interdiamant-3dp-xpa-abrasive","status":"publish","type":"product","link":"https:\/\/interdiamant.com\/fr\/produit\/lame-interdiamant-3dp-xpa-abrasive\/","title":{"rendered":"Lame InterDiamant 3DP-XPA Abrasive"},"content":{"rendered":"<p>ABRASIVE \u2013 Pour le b\u00e9ton \u00e0 forte usure due aux granulats<\/p>\n<p>Cette scie pour b\u00e9ton abrasif, class\u00e9e ABRASIF, est sp\u00e9cialement con\u00e7ue pour les b\u00e9tons dans lesquels des granulats tels que le granit, le quartz ou le basalte sont lib\u00e9r\u00e9s lors de la coupe.<\/p>\n<p>Ces min\u00e9raux durs pr\u00e9sentent une duret\u00e9 Mohs \u00e9lev\u00e9e et provoquent une usure extr\u00eame. Le liant adapt\u00e9 de cette variante ABRASIVE est con\u00e7u pour r\u00e9sister \u00e0 ces conditions et \u00e9vite une perte pr\u00e9matur\u00e9e des diamants. <\/p>\n<p>Adapt\u00e9 \u00e0 la construction de routes, aux projets d&rsquo;infrastructure, aux dalles alv\u00e9ol\u00e9es, au b\u00e9ton pr\u00e9contraint, aux sols industriels et aux structures en b\u00e9ton fortement charg\u00e9es. Garantit une dur\u00e9e de vie accrue des outils et une usure ma\u00eetris\u00e9e, m\u00eame dans des conditions extr\u00eames. <\/p>\n<p>Conseil :<br \/>\nIndispensable en pr\u00e9sence de b\u00e9ton visiblement abrasif ou lorsque les outils standard s\u2019usent rapidement.<\/p>\n<p>Nos lames pr\u00e9fabriqu\u00e9es\/pr\u00e9contraintes conviennent aux machines des marques suivantes&nbsp;:<br \/>\n \u2013 ECHO Precast Engineering<br \/>\n \u2013 Weiler \/ Max Truder<br \/>\n \u2013 \u00c9l\u00e9matique<br \/>\n \u2013 Spiroll<br \/>\n \u2013 Excodo<br \/>\n \u2013 NordImpianti<br \/>\n \u2013 Extrudeuse TDM<br \/>\n \u2013 Concert<\/p>\n<p>Votre marque ne figure pas dans la liste&nbsp;? Veuillez nous contacter.   <\/p>\n","protected":false},"excerpt":{"rendered":"<p>ABRASIVE \u2013 Pour le b\u00e9ton \u00e0 forte usure due aux granulats Cette scie pour b\u00e9ton abrasif, class\u00e9e ABRASIF, est sp\u00e9cialement con\u00e7ue pour les b\u00e9tons dans lesquels des granulats tels que le granit, le quartz ou le basalte sont lib\u00e9r\u00e9s lors de la coupe. Ces min\u00e9raux durs pr\u00e9sentent une duret\u00e9 Mohs \u00e9lev\u00e9e et provoquent une usure [&hellip;]<\/p>\n","protected":false},"featured_media":7118,"template":"","meta":{"_et_pb_use_builder":"","_et_pb_old_content":"","_et_gb_content_width":""},"product_brand":[],"product_cat":[299,845],"product_tag":[],"class_list":{"0":"post-4711","1":"product","2":"type-product","3":"status-publish","4":"has-post-thumbnail","6":"product_cat-lame","7":"product_cat-lame-abrasive","9":"first","10":"instock","11":"taxable","12":"shipping-taxable","13":"purchasable","14":"product-type-variable"},"bundled_by":[],"bundle_stock_status":"instock","bundle_stock_quantity":null,"bundle_virtual":false,"bundle_layout":"","bundle_add_to_cart_form_location":"","bundle_editable_in_cart":false,"bundle_sold_individually_context":"","bundle_item_grouping":"","bundle_min_size":"","bundle_max_size":"","bundle_price":[],"bundled_items":[],"bundle_sell_ids":[],"yoast_head":"<!-- This site is optimized with the Yoast SEO plugin v27.4 - https:\/\/yoast.com\/product\/yoast-seo-wordpress\/ -->\n<title>Lame InterDiamant 3DP-XPA Abrasive | Interdiamant<\/title>\n<meta name=\"robots\" content=\"index, follow, max-snippet:-1, max-image-preview:large, max-video-preview:-1\" \/>\n<link rel=\"canonical\" href=\"https:\/\/interdiamant.com\/fr\/produit\/lame-interdiamant-3dp-xpa-abrasive\/\" \/>\n<meta property=\"og:locale\" content=\"fr_FR\" \/>\n<meta property=\"og:type\" content=\"article\" \/>\n<meta property=\"og:title\" content=\"Lame InterDiamant 3DP-XPA Abrasive | Interdiamant\" \/>\n<meta property=\"og:description\" content=\"ABRASIVE \u2013 Pour le b\u00e9ton \u00e0 forte usure due aux granulats Cette scie pour b\u00e9ton abrasif, class\u00e9e ABRASIF, est sp\u00e9cialement con\u00e7ue pour les b\u00e9tons dans lesquels des granulats tels que le granit, le quartz ou le basalte sont lib\u00e9r\u00e9s lors de la coupe. Ces min\u00e9raux durs pr\u00e9sentent une duret\u00e9 Mohs \u00e9lev\u00e9e et provoquent une usure [&hellip;]\" \/>\n<meta property=\"og:url\" content=\"https:\/\/interdiamant.com\/fr\/produit\/lame-interdiamant-3dp-xpa-abrasive\/\" \/>\n<meta property=\"og:site_name\" content=\"Interdiamant\" \/>\n<meta property=\"article:modified_time\" content=\"2026-04-08T10:20:51+00:00\" \/>\n<meta property=\"og:image\" content=\"https:\/\/interdiamant.com\/wp-content\/uploads\/2026\/01\/23PFAX.jpg\" \/>\n\t<meta property=\"og:image:width\" content=\"2362\" \/>\n\t<meta property=\"og:image:height\" content=\"2362\" \/>\n\t<meta property=\"og:image:type\" content=\"image\/jpeg\" \/>\n<meta name=\"twitter:card\" content=\"summary_large_image\" \/>\n<meta name=\"twitter:label1\" content=\"Dur\u00e9e de lecture estim\u00e9e\" \/>\n\t<meta name=\"twitter:data1\" content=\"1 minute\" \/>\n<script type=\"application\/ld+json\" class=\"yoast-schema-graph\">{\"@context\":\"https:\\\/\\\/schema.org\",\"@graph\":[{\"@type\":\"WebPage\",\"@id\":\"https:\\\/\\\/interdiamant.com\\\/fr\\\/produit\\\/lame-interdiamant-3dp-xpa-abrasive\\\/\",\"url\":\"https:\\\/\\\/interdiamant.com\\\/fr\\\/produit\\\/lame-interdiamant-3dp-xpa-abrasive\\\/\",\"name\":\"Lame InterDiamant 3DP-XPA Abrasive | Interdiamant\",\"isPartOf\":{\"@id\":\"https:\\\/\\\/interdiamant.com\\\/fr\\\/#website\"},\"primaryImageOfPage\":{\"@id\":\"https:\\\/\\\/interdiamant.com\\\/fr\\\/produit\\\/lame-interdiamant-3dp-xpa-abrasive\\\/#primaryimage\"},\"image\":{\"@id\":\"https:\\\/\\\/interdiamant.com\\\/fr\\\/produit\\\/lame-interdiamant-3dp-xpa-abrasive\\\/#primaryimage\"},\"thumbnailUrl\":\"https:\\\/\\\/interdiamant.com\\\/wp-content\\\/uploads\\\/2026\\\/01\\\/23PFAX.jpg\",\"datePublished\":\"2026-02-02T16:04:44+00:00\",\"dateModified\":\"2026-04-08T10:20:51+00:00\",\"breadcrumb\":{\"@id\":\"https:\\\/\\\/interdiamant.com\\\/fr\\\/produit\\\/lame-interdiamant-3dp-xpa-abrasive\\\/#breadcrumb\"},\"inLanguage\":\"fr-FR\",\"potentialAction\":[{\"@type\":\"ReadAction\",\"target\":[\"https:\\\/\\\/interdiamant.com\\\/fr\\\/produit\\\/lame-interdiamant-3dp-xpa-abrasive\\\/\"]}]},{\"@type\":\"ImageObject\",\"inLanguage\":\"fr-FR\",\"@id\":\"https:\\\/\\\/interdiamant.com\\\/fr\\\/produit\\\/lame-interdiamant-3dp-xpa-abrasive\\\/#primaryimage\",\"url\":\"https:\\\/\\\/interdiamant.com\\\/wp-content\\\/uploads\\\/2026\\\/01\\\/23PFAX.jpg\",\"contentUrl\":\"https:\\\/\\\/interdiamant.com\\\/wp-content\\\/uploads\\\/2026\\\/01\\\/23PFAX.jpg\",\"width\":2362,\"height\":2362},{\"@type\":\"BreadcrumbList\",\"@id\":\"https:\\\/\\\/interdiamant.com\\\/fr\\\/produit\\\/lame-interdiamant-3dp-xpa-abrasive\\\/#breadcrumb\",\"itemListElement\":[{\"@type\":\"ListItem\",\"position\":1,\"name\":\"Maison\",\"item\":\"https:\\\/\\\/interdiamant.com\\\/fr\\\/\"},{\"@type\":\"ListItem\",\"position\":2,\"name\":\"Boutique\",\"item\":\"https:\\\/\\\/interdiamant.com\\\/shop\\\/\"},{\"@type\":\"ListItem\",\"position\":3,\"name\":\"Lame InterDiamant 3DP-XPA Abrasive\"}]},{\"@type\":\"WebSite\",\"@id\":\"https:\\\/\\\/interdiamant.com\\\/fr\\\/#website\",\"url\":\"https:\\\/\\\/interdiamant.com\\\/fr\\\/\",\"name\":\"Interdiamant\",\"description\":\"\",\"publisher\":{\"@id\":\"https:\\\/\\\/interdiamant.com\\\/fr\\\/#organization\"},\"potentialAction\":[{\"@type\":\"SearchAction\",\"target\":{\"@type\":\"EntryPoint\",\"urlTemplate\":\"https:\\\/\\\/interdiamant.com\\\/fr\\\/?s={search_term_string}\"},\"query-input\":{\"@type\":\"PropertyValueSpecification\",\"valueRequired\":true,\"valueName\":\"search_term_string\"}}],\"inLanguage\":\"fr-FR\"},{\"@type\":\"Organization\",\"@id\":\"https:\\\/\\\/interdiamant.com\\\/fr\\\/#organization\",\"name\":\"Interdiamant\",\"url\":\"https:\\\/\\\/interdiamant.com\\\/fr\\\/\",\"logo\":{\"@type\":\"ImageObject\",\"inLanguage\":\"fr-FR\",\"@id\":\"https:\\\/\\\/interdiamant.com\\\/fr\\\/#\\\/schema\\\/logo\\\/image\\\/\",\"url\":\"https:\\\/\\\/interdiamant.com\\\/wp-content\\\/uploads\\\/2026\\\/01\\\/Logo-Interdiamant.svg\",\"contentUrl\":\"https:\\\/\\\/interdiamant.com\\\/wp-content\\\/uploads\\\/2026\\\/01\\\/Logo-Interdiamant.svg\",\"width\":1,\"height\":1,\"caption\":\"Interdiamant\"},\"image\":{\"@id\":\"https:\\\/\\\/interdiamant.com\\\/fr\\\/#\\\/schema\\\/logo\\\/image\\\/\"}}]}<\/script>\n<!-- \/ Yoast SEO plugin. -->","yoast_head_json":{"title":"Lame InterDiamant 3DP-XPA Abrasive | Interdiamant","robots":{"index":"index","follow":"follow","max-snippet":"max-snippet:-1","max-image-preview":"max-image-preview:large","max-video-preview":"max-video-preview:-1"},"canonical":"https:\/\/interdiamant.com\/fr\/produit\/lame-interdiamant-3dp-xpa-abrasive\/","og_locale":"fr_FR","og_type":"article","og_title":"Lame InterDiamant 3DP-XPA Abrasive | Interdiamant","og_description":"ABRASIVE \u2013 Pour le b\u00e9ton \u00e0 forte usure due aux granulats Cette scie pour b\u00e9ton abrasif, class\u00e9e ABRASIF, est sp\u00e9cialement con\u00e7ue pour les b\u00e9tons dans lesquels des granulats tels que le granit, le quartz ou le basalte sont lib\u00e9r\u00e9s lors de la coupe. Ces min\u00e9raux durs pr\u00e9sentent une duret\u00e9 Mohs \u00e9lev\u00e9e et provoquent une usure [&hellip;]","og_url":"https:\/\/interdiamant.com\/fr\/produit\/lame-interdiamant-3dp-xpa-abrasive\/","og_site_name":"Interdiamant","article_modified_time":"2026-04-08T10:20:51+00:00","og_image":[{"width":2362,"height":2362,"url":"https:\/\/interdiamant.com\/wp-content\/uploads\/2026\/01\/23PFAX.jpg","type":"image\/jpeg"}],"twitter_card":"summary_large_image","twitter_misc":{"Dur\u00e9e de lecture estim\u00e9e":"1 minute"},"schema":{"@context":"https:\/\/schema.org","@graph":[{"@type":"WebPage","@id":"https:\/\/interdiamant.com\/fr\/produit\/lame-interdiamant-3dp-xpa-abrasive\/","url":"https:\/\/interdiamant.com\/fr\/produit\/lame-interdiamant-3dp-xpa-abrasive\/","name":"Lame InterDiamant 3DP-XPA Abrasive | Interdiamant","isPartOf":{"@id":"https:\/\/interdiamant.com\/fr\/#website"},"primaryImageOfPage":{"@id":"https:\/\/interdiamant.com\/fr\/produit\/lame-interdiamant-3dp-xpa-abrasive\/#primaryimage"},"image":{"@id":"https:\/\/interdiamant.com\/fr\/produit\/lame-interdiamant-3dp-xpa-abrasive\/#primaryimage"},"thumbnailUrl":"https:\/\/interdiamant.com\/wp-content\/uploads\/2026\/01\/23PFAX.jpg","datePublished":"2026-02-02T16:04:44+00:00","dateModified":"2026-04-08T10:20:51+00:00","breadcrumb":{"@id":"https:\/\/interdiamant.com\/fr\/produit\/lame-interdiamant-3dp-xpa-abrasive\/#breadcrumb"},"inLanguage":"fr-FR","potentialAction":[{"@type":"ReadAction","target":["https:\/\/interdiamant.com\/fr\/produit\/lame-interdiamant-3dp-xpa-abrasive\/"]}]},{"@type":"ImageObject","inLanguage":"fr-FR","@id":"https:\/\/interdiamant.com\/fr\/produit\/lame-interdiamant-3dp-xpa-abrasive\/#primaryimage","url":"https:\/\/interdiamant.com\/wp-content\/uploads\/2026\/01\/23PFAX.jpg","contentUrl":"https:\/\/interdiamant.com\/wp-content\/uploads\/2026\/01\/23PFAX.jpg","width":2362,"height":2362},{"@type":"BreadcrumbList","@id":"https:\/\/interdiamant.com\/fr\/produit\/lame-interdiamant-3dp-xpa-abrasive\/#breadcrumb","itemListElement":[{"@type":"ListItem","position":1,"name":"Maison","item":"https:\/\/interdiamant.com\/fr\/"},{"@type":"ListItem","position":2,"name":"Boutique","item":"https:\/\/interdiamant.com\/shop\/"},{"@type":"ListItem","position":3,"name":"Lame InterDiamant 3DP-XPA Abrasive"}]},{"@type":"WebSite","@id":"https:\/\/interdiamant.com\/fr\/#website","url":"https:\/\/interdiamant.com\/fr\/","name":"Interdiamant","description":"","publisher":{"@id":"https:\/\/interdiamant.com\/fr\/#organization"},"potentialAction":[{"@type":"SearchAction","target":{"@type":"EntryPoint","urlTemplate":"https:\/\/interdiamant.com\/fr\/?s={search_term_string}"},"query-input":{"@type":"PropertyValueSpecification","valueRequired":true,"valueName":"search_term_string"}}],"inLanguage":"fr-FR"},{"@type":"Organization","@id":"https:\/\/interdiamant.com\/fr\/#organization","name":"Interdiamant","url":"https:\/\/interdiamant.com\/fr\/","logo":{"@type":"ImageObject","inLanguage":"fr-FR","@id":"https:\/\/interdiamant.com\/fr\/#\/schema\/logo\/image\/","url":"https:\/\/interdiamant.com\/wp-content\/uploads\/2026\/01\/Logo-Interdiamant.svg","contentUrl":"https:\/\/interdiamant.com\/wp-content\/uploads\/2026\/01\/Logo-Interdiamant.svg","width":1,"height":1,"caption":"Interdiamant"},"image":{"@id":"https:\/\/interdiamant.com\/fr\/#\/schema\/logo\/image\/"}}]}},"_links":{"self":[{"href":"https:\/\/interdiamant.com\/fr\/wp-json\/wp\/v2\/product\/4711","targetHints":{"allow":["GET"]}}],"collection":[{"href":"https:\/\/interdiamant.com\/fr\/wp-json\/wp\/v2\/product"}],"about":[{"href":"https:\/\/interdiamant.com\/fr\/wp-json\/wp\/v2\/types\/product"}],"wp:featuredmedia":[{"embeddable":true,"href":"https:\/\/interdiamant.com\/fr\/wp-json\/wp\/v2\/media\/7118"}],"wp:attachment":[{"href":"https:\/\/interdiamant.com\/fr\/wp-json\/wp\/v2\/media?parent=4711"}],"wp:term":[{"taxonomy":"product_brand","embeddable":true,"href":"https:\/\/interdiamant.com\/fr\/wp-json\/wp\/v2\/product_brand?post=4711"},{"taxonomy":"product_cat","embeddable":true,"href":"https:\/\/interdiamant.com\/fr\/wp-json\/wp\/v2\/product_cat?post=4711"},{"taxonomy":"product_tag","embeddable":true,"href":"https:\/\/interdiamant.com\/fr\/wp-json\/wp\/v2\/product_tag?post=4711"}],"curies":[{"name":"wp","href":"https:\/\/api.w.org\/{rel}","templated":true}]}}