{"id":2870,"date":"2026-01-19T17:28:36","date_gmt":"2026-01-19T16:28:36","guid":{"rendered":"https:\/\/interdiamant.com\/la-marque\/"},"modified":"2026-02-12T11:30:53","modified_gmt":"2026-02-12T10:30:53","slug":"la-marque","status":"publish","type":"page","link":"https:\/\/interdiamant.com\/fr\/la-marque\/","title":{"rendered":"La marque"},"content":{"rendered":"<p>[et_pb_section fb_built=\u00a0\u00bb1&Prime; _builder_version=\u00a0\u00bb4.27.5&Prime; _module_preset=\u00a0\u00bbdefault\u00a0\u00bb use_background_color_gradient=\u00a0\u00bbon\u00a0\u00bb background_color_gradient_stops=\u00a0\u00bbrgba(2,2,2,0.55) 0%|rgba(2,2,2,0.25) 100%\u00a0\u00bb background_color_gradient_overlays_image=\u00a0\u00bbon\u00a0\u00bb background_image=\u00a0\u00bbhttps:\/\/interdiamant.com\/wp-content\/uploads\/2026\/01\/e503a3873eb0ad5dcde729df3956e6e7360fad95.jpg\u00a0\u00bb background_position=\u00a0\u00bbtop_center\u00a0\u00bb background_vertical_offset=\u00a0\u00bb70%\u00a0\u00bb height=\u00a0\u00bb512px\u00a0\u00bb height_tablet=\u00a0\u00bb512px\u00a0\u00bb height_phone=\u00a0\u00bb342px\u00a0\u00bb height_last_edited=\u00a0\u00bbon|tablet\u00a0\u00bb custom_css_free_form=\u00a0\u00bb\/* Witte driehoek \u2013 rechtsboven *\/||selector::before {||    content: %22%22;||  \tdisplay: inline-block !important;||    opacity: 1 !important;||    position: absolute;||    right: 0px;\t||  \ttop: 0;||    width: 93px;||    height: 241px;||    background-color: #000000;||    clip-path: polygon(0% 0%, 100% 0%, 100% 100%);||}||||\/* Oranje driehoek rechtsonder *\/||selector::after {||  content: %22%22;||  display: inline-block !important;||  opacity: 1 !important;||  position: absolute;||  right: 0px;\t||  bottom: 0;||  width: 110px;||  height: 305px;||  background-color: #E9530D;||  clip-path: polygon(0% 100%, 100% 100%, 100% 0%);||}||||@media screen and (min-width: 980px) {||  \/* Witte driehoek \u2013 rechtsboven *\/||selector::before {||  \tcontent: %22%22;||  \tdisplay: inline-block !important;||    opacity: 1 !important;||    position: absolute;||    right: 0px;\t||  \ttop: 0;||    width: 231px;||    height: 364px;||    background-color: #000000;||    clip-path: polygon(0% 0%, 100% 0%, 100% 100%);||  }||  ||@media screen and (min-width: 980px) {  ||  \/* Oranje driehoek rechtsonder *\/||selector::after {||  content: %22%22;||  display: inline-block !important;||  opacity: 1 !important;||  position: absolute;||  right: 0px;\t||  bottom: 0;||  width: 327px;||  height: 417px;||  background-color: #E9530D;||  clip-path: polygon(0% 100%, 100% 100%, 100% 0%);||}||  } ||} ||\u00a0\u00bb global_colors_info=\u00a0\u00bb{}\u00a0\u00bb][et_pb_row _builder_version=\u00a0\u00bb4.27.5&Prime; _module_preset=\u00a0\u00bbdefault\u00a0\u00bb positioning=\u00a0\u00bbabsolute\u00a0\u00bb position_origin_a=\u00a0\u00bbbottom_left\u00a0\u00bb vertical_offset=\u00a0\u00bb-40px\u00a0\u00bb max_width=\u00a0\u00bb156px\u00a0\u00bb global_colors_info=\u00a0\u00bb{}\u00a0\u00bb][et_pb_column type=\u00a0\u00bb4_4&Prime; _builder_version=\u00a0\u00bb4.27.5&Prime; _module_preset=\u00a0\u00bbdefault\u00a0\u00bb global_colors_info=\u00a0\u00bb{}\u00a0\u00bb][et_pb_image src=\u00a0\u00bbhttps:\/\/interdiamant.com\/wp-content\/uploads\/2026\/01\/Vector-6.png\u00a0\u00bb title_text=\u00a0\u00bbVector (7)\u00a0\u00bb src_tablet=\u00a0\u00bbhttps:\/\/interdiamant.com\/wp-content\/uploads\/2026\/01\/Vector-6.png\u00a0\u00bb src_phone=\u00a0\u00bbhttps:\/\/interdiamant.com\/wp-content\/uploads\/2026\/01\/Vector-7.png\u00a0\u00bb src_last_edited=\u00a0\u00bbon|phone\u00a0\u00bb _builder_version=\u00a0\u00bb4.27.5&Prime; _module_preset=\u00a0\u00bbdefault\u00a0\u00bb height_tablet=\u00a0\u00bb\u00a0\u00bb height_phone=\u00a0\u00bb51px\u00a0\u00bb height_last_edited=\u00a0\u00bbon|phone\u00a0\u00bb global_colors_info=\u00a0\u00bb{}\u00a0\u00bb][\/et_pb_image][\/et_pb_column][\/et_pb_row][\/et_pb_section][et_pb_section fb_built=\u00a0\u00bb1&Prime; _builder_version=\u00a0\u00bb4.27.5&Prime; _module_preset=\u00a0\u00bbdefault\u00a0\u00bb custom_padding=\u00a0\u00bb12px||100px||false|false\u00a0\u00bb global_colors_info=\u00a0\u00bb{}\u00a0\u00bb][et_pb_row _builder_version=\u00a0\u00bb4.27.5&Prime; _module_preset=\u00a0\u00bbdefault\u00a0\u00bb custom_padding=\u00a0\u00bb0px||0px||true|false\u00a0\u00bb global_colors_info=\u00a0\u00bb{}\u00a0\u00bb][et_pb_column type=\u00a0\u00bb4_4&Prime; _builder_version=\u00a0\u00bb4.27.5&Prime; _module_preset=\u00a0\u00bbdefault\u00a0\u00bb global_colors_info=\u00a0\u00bb{}\u00a0\u00bb][dsm_breadcrumbs separator_icon=\u00a0\u00bb&#x35;||divi||400&Prime; _builder_version=\u00a0\u00bb4.27.5&Prime; _module_preset=\u00a0\u00bbdefault\u00a0\u00bb items_text_color=\u00a0\u00bb#020202&Prime; items_font_size=\u00a0\u00bb14px\u00a0\u00bb separators_text_color=\u00a0\u00bb#E9530D\u00a0\u00bb separators_font_size=\u00a0\u00bb14px\u00a0\u00bb current_font_size=\u00a0\u00bb14px\u00a0\u00bb global_colors_info=\u00a0\u00bb{}\u00a0\u00bb][\/dsm_breadcrumbs][\/et_pb_column][\/et_pb_row][et_pb_row column_structure=\u00a0\u00bb2_3,1_3&Prime; _builder_version=\u00a0\u00bb4.27.5&Prime; _module_preset=\u00a0\u00bbdefault\u00a0\u00bb custom_margin=\u00a0\u00bb35px||||false|false\u00a0\u00bb custom_padding=\u00a0\u00bb||0px|||\u00a0\u00bb global_colors_info=\u00a0\u00bb{}\u00a0\u00bb][et_pb_column type=\u00a0\u00bb2_3&Prime; _builder_version=\u00a0\u00bb4.27.5&Prime; _module_preset=\u00a0\u00bbdefault\u00a0\u00bb global_colors_info=\u00a0\u00bb{}\u00a0\u00bb][et_pb_text _builder_version=\u00a0\u00bb4.27.5&Prime; _module_preset=\u00a0\u00bbdefault\u00a0\u00bb text_text_color=\u00a0\u00bb#E9530D\u00a0\u00bb text_font_size=\u00a0\u00bb20px\u00a0\u00bb background_image=\u00a0\u00bbhttps:\/\/interdiamant.com\/wp-content\/uploads\/2026\/01\/Vector.png\u00a0\u00bb background_size=\u00a0\u00bbcustom\u00a0\u00bb background_image_width=\u00a0\u00bb18px\u00a0\u00bb background_image_height=\u00a0\u00bb18px\u00a0\u00bb background_position=\u00a0\u00bbcenter_left\u00a0\u00bb custom_margin=\u00a0\u00bb||10px||false|false\u00a0\u00bb custom_css_free_form=\u00a0\u00bbselector {||  text-indent: calc(18px + 15px);||}\u00a0\u00bb global_colors_info=\u00a0\u00bb{}\u00a0\u00bb]<\/p>\n<p>\u00c0 propos de nous<\/p>\n<p>[\/et_pb_text][et_pb_text _builder_version=\u00a0\u00bb4.27.5&Prime; _module_preset=\u00a0\u00bbdefault\u00a0\u00bb min_height=\u00a0\u00bb49px\u00a0\u00bb custom_margin=\u00a0\u00bb||13px|||\u00a0\u00bb global_colors_info=\u00a0\u00bb{}\u00a0\u00bb]<\/p>\n<h1>\u00c0 propos d\u2019InterDiamant<\/h1>\n<p>[\/et_pb_text][et_pb_text _builder_version=\u00a0\u00bb4.27.5&Prime; _module_preset=\u00a0\u00bbdefault\u00a0\u00bb text_font=\u00a0\u00bbKanit-Light||||||||\u00a0\u00bb global_colors_info=\u00a0\u00bb{}\u00a0\u00bb]<\/p>\n<p data-start=\"283\" data-end=\"629\">InterDiamant est un sp\u00e9cialiste europ\u00e9en des outils diamant\u00e9s professionnels, au service des experts du b\u00e2timent, de l\u2019installation, du forage et du sciage de b\u00e9ton, ainsi que des infrastructures op\u00e9rant dans des environnements exigeants. Depuis des d\u00e9cennies, notre marque est synonyme d\u2019outils offrant <strong data-start=\"547\" data-end=\"597\">s\u00e9curit\u00e9, durabilit\u00e9 et performances constantes<\/strong> \u2014 l\u00e0 o\u00f9 l\u2019\u00e9chec n\u2019est pas une option. <\/p>\n<h3 data-start=\"631\" data-end=\"646\">Notre histoire<\/h3>\n<p data-start=\"648\" data-end=\"982\">Fond\u00e9e en Belgique au d\u00e9but des ann\u00e9es 1980, InterDiamant poss\u00e8de une longue tradition dans le d\u00e9veloppement d\u2019outils diamant\u00e9s et une expertise approfondie dans un large \u00e9ventail d\u2019applications. D\u00e8s le d\u00e9but, la marque s\u2019est concentr\u00e9e sur des solutions pratiques, ax\u00e9es sur le chantier, gagnant ainsi la confiance des professionnels travaillant dans les projets de b\u00e9ton, de pierre et d\u2019infrastructure. <\/p>\n<p data-start=\"984\" data-end=\"1312\">En octobre 2024, InterDiamant a \u00e9t\u00e9 rachet\u00e9e \u00e0 Kyocera, marquant le d\u00e9but d\u2019un nouveau chapitre pour la marque. Tout en conservant ses racines belges, InterDiamant est d\u00e9sormais soutenue par une solide organisation internationale, permettant une innovation plus rapide, un meilleur alignement sur le march\u00e9 et une strat\u00e9gie claire \u00e0 long terme. <\/p>\n<h3 data-start=\"1314\" data-end=\"1341\">Une orientation strat\u00e9gique claire<\/h3>\n<p data-start=\"1343\" data-end=\"1429\">\u00c0 partir de 2025, InterDiamant op\u00e8re avec une attention accrue sur trois piliers fondamentaux :<\/p>\n<ul data-start=\"1431\" data-end=\"1698\">\n<li data-start=\"1431\" data-end=\"1517\">\n<p data-start=\"1433\" data-end=\"1517\"><strong data-start=\"1433\" data-end=\"1443\">S\u00e9curit\u00e9<\/strong> \u2013 Des solutions certifi\u00e9es, ax\u00e9es sur l\u2019utilisateur, qui favorisent des pratiques de travail s\u00fbres<\/p>\n<\/li>\n<li data-start=\"1518\" data-end=\"1601\">\n<p data-start=\"1520\" data-end=\"1601\"><strong data-start=\"1520\" data-end=\"1531\">Qualit\u00e9<\/strong> \u2013 Des performances d\u2019ing\u00e9nierie, des r\u00e9sultats constants et une longue dur\u00e9e de vie<\/p>\n<\/li>\n<li data-start=\"1602\" data-end=\"1698\">\n<p data-start=\"1604\" data-end=\"1698\"><strong data-start=\"1604\" data-end=\"1622\">Durabilit\u00e9<\/strong> \u2013 Des produits durables, une utilisation efficace des mat\u00e9riaux et une fabrication responsable<\/p>\n<\/li>\n<\/ul>\n<p data-start=\"1700\" data-end=\"1776\">Cette philosophie est r\u00e9sum\u00e9e dans notre promesse de marque :<br data-start=\"1749\" data-end=\"1752\"><strong data-start=\"1752\" data-end=\"1776\">Une force qui dure.<\/strong><\/p>\n<h3 data-start=\"1778\" data-end=\"1806\">Technologie et performance<\/h3>\n<p data-start=\"1808\" data-end=\"2159\">Les outils InterDiamant sont d\u00e9velopp\u00e9s \u00e0 l\u2019aide de technologies avanc\u00e9es de positionnement du diamant et de liants m\u00e9tallurgiques optimis\u00e9s. Associ\u00e9 \u00e0 un contr\u00f4le de qualit\u00e9 strict et \u00e0 des tests en conditions r\u00e9elles, cela garantit une vitesse de coupe \u00e9lev\u00e9e, une usure pr\u00e9visible et des performances fiables dans des applications telles que le b\u00e9ton arm\u00e9, l\u2019asphalte, les mat\u00e9riaux abrasifs et la pierre naturelle. <\/p>\n<p data-start=\"2161\" data-end=\"2281\">Chaque produit est con\u00e7u pour \u00eatre performant sous une charge continue, r\u00e9duisant ainsi les temps d\u2019arr\u00eat, les changements d\u2019outils et le co\u00fbt total de possession.<\/p>\n<h3 data-start=\"2283\" data-end=\"2322\">Au service des professionnels \u00e0 travers l\u2019Europe<\/h3>\n<p data-start=\"2324\" data-end=\"2363\">InterDiamant accompagne les professionnels dans les domaines suivants :<\/p>\n<ul data-start=\"2364\" data-end=\"2516\">\n<li data-start=\"2364\" data-end=\"2397\">\n<p data-start=\"2366\" data-end=\"2397\">B\u00e2timent et installation<\/p>\n<\/li>\n<li data-start=\"2398\" data-end=\"2431\">\n<p data-start=\"2400\" data-end=\"2431\">Forage et sciage de b\u00e9ton<\/p>\n<\/li>\n<li data-start=\"2432\" data-end=\"2472\">\n<p data-start=\"2434\" data-end=\"2472\">Infrastructures, travaux routiers et hydrauliques<\/p>\n<\/li>\n<li data-start=\"2473\" data-end=\"2516\">\n<p data-start=\"2475\" data-end=\"2516\">D\u00e9molition et applications sp\u00e9cialis\u00e9es<\/p>\n<\/li>\n<\/ul>\n<p data-start=\"2518\" data-end=\"2771\">Nos produits sont distribu\u00e9s via un solide r\u00e9seau de distributeurs sp\u00e9cialis\u00e9s et b\u00e9n\u00e9ficient d\u2019une expertise professionnelle directe si n\u00e9cessaire. Cette approche hybride garantit <strong data-start=\"2692\" data-end=\"2770\">disponibilit\u00e9 locale, conseils techniques et solutions sp\u00e9cifiques aux applications<\/strong>. <\/p>\n<h3 data-start=\"2773\" data-end=\"2790\">Perspectives d\u2019avenir<\/h3>\n<p data-start=\"2792\" data-end=\"2995\">Avec un relancement dans le Benelux en 2026 et une expansion pr\u00e9vue dans la r\u00e9gion DACH et en Europe du Sud, InterDiamant b\u00e2tit une marque forte et p\u00e9renne, ancr\u00e9e dans l\u2019exp\u00e9rience et port\u00e9e par l\u2019innovation.<\/p>\n<p data-start=\"2997\" data-end=\"3090\"><strong data-start=\"2997\" data-end=\"3013\">InterDiamant<\/strong><br data-start=\"3013\" data-end=\"3016\">Des outils diamant\u00e9s professionnels fond\u00e9s sur l\u2019exp\u00e9rience.<br data-start=\"3063\" data-end=\"3066\"><strong data-start=\"3066\" data-end=\"3090\">Une force qui dure.<\/strong><\/p>\n<p>[\/et_pb_text][\/et_pb_column][et_pb_column type=\u00a0\u00bb1_3&Prime; _builder_version=\u00a0\u00bb4.27.5&Prime; _module_preset=\u00a0\u00bbdefault\u00a0\u00bb global_colors_info=\u00a0\u00bb{}\u00a0\u00bb][\/et_pb_column][\/et_pb_row][\/et_pb_section]<\/p>\n","protected":false},"excerpt":{"rendered":"<p><div class=\"et_pb_module dsm_breadcrumbs dsm_breadcrumbs_0\">\n\t\t\t\t\n\t\t\t\t\n\t\t\t\t\n\t\t\t\t\n\t\t\t\t\n\t\t\t\t\n\t\t\t\t<div class=\"et_pb_module_inner\">\n\t\t\t\t\t<nav class=\"dsm_breadcrumbs_wrap\">\n\t\t\t\t<ul class=\"dsm_breadcrumbs\" itemscope itemtype=\"https:\/\/schema.org\/BreadcrumbList\">\t\t\t<li class=\"dsm_breadcrumbs_item dsm_home_item dsm_home_item_custom\" itemprop=\"itemListElement\" itemscope\n\t\t\titemtype=\"https:\/\/schema.org\/ListItem\">\n\t\t\t\t<a href=\"https:\/\/interdiamant.com\/fr\/\" itemprop=\"item\" target=\"\">\n\t\t\t\t\t<span class='dsm_home_text_wrapper'>\n\t\t\t\t\t\t\t\t\t\t\t\t\t<span class=\"et-pb-icon dsm_home_icon\">\ue009<\/span>\n\t\t\t\t\t\t\t\t\t\t\t\t\t<span class=\"dsm_home_text\" itemprop=\"name\">\n\t\t\t\t\t\t\t\tHome\t\t\t\t\t\t\t<\/span>\n\t\t\t\t\t<\/span>\n\t\t\t\t<\/a>\n\t\t\t\t<meta itemprop=\"position\" content=\"1\" \/>\n\t\t\t<\/li>\n\n\t\t<li class=\"dsm_breadcrumbs_separator\"> <span class=\"et-pb-icon dsm_separator_icon\">&#x35;<\/span><\/li><\/ul>\n\t\t\t<\/nav>\n\t\t\t\t<\/div>\n\t\t\t<\/div>\u00c0 propos de nous\u00c0 propos d\u2019InterDiamantInterDiamant est un sp\u00e9cialiste europ\u00e9en des outils diamant\u00e9s professionnels, au service des experts du b\u00e2timent, de l\u2019installation, du forage et du sciage de b\u00e9ton, ainsi que des infrastructures op\u00e9rant dans des environnements exigeants. Depuis des d\u00e9cennies, notre marque est synonyme d\u2019outils [&hellip;]<\/p>\n","protected":false},"author":1,"featured_media":0,"parent":0,"menu_order":0,"comment_status":"closed","ping_status":"closed","template":"","meta":{"_et_pb_use_builder":"on","_et_pb_old_content":"","_et_gb_content_width":"","footnotes":""},"class_list":["post-2870","page","type-page","status-publish","hentry"],"yoast_head":"<!-- This site is optimized with the Yoast SEO plugin v27.4 - https:\/\/yoast.com\/product\/yoast-seo-wordpress\/ -->\n<title>\u00c0 propos d\u2019InterDiamant | Sp\u00e9cialiste europ\u00e9en des outils diamant\u00e9s<\/title>\n<meta name=\"description\" content=\"D\u00e9couvrez InterDiamant : un sp\u00e9cialiste europ\u00e9en des outils diamant\u00e9s depuis les ann\u00e9es 1980, fond\u00e9 sur la s\u00e9curit\u00e9, la qualit\u00e9 et la durabilit\u00e9.\" \/>\n<meta name=\"robots\" content=\"index, follow, max-snippet:-1, max-image-preview:large, max-video-preview:-1\" \/>\n<link rel=\"canonical\" href=\"https:\/\/interdiamant.com\/fr\/la-marque\/\" \/>\n<meta property=\"og:locale\" content=\"fr_FR\" \/>\n<meta property=\"og:type\" content=\"article\" \/>\n<meta property=\"og:title\" content=\"\u00c0 propos d\u2019InterDiamant | Sp\u00e9cialiste europ\u00e9en des outils diamant\u00e9s\" \/>\n<meta property=\"og:description\" content=\"D\u00e9couvrez InterDiamant : un sp\u00e9cialiste europ\u00e9en des outils diamant\u00e9s depuis les ann\u00e9es 1980, fond\u00e9 sur la s\u00e9curit\u00e9, la qualit\u00e9 et la durabilit\u00e9.\" \/>\n<meta property=\"og:url\" content=\"https:\/\/interdiamant.com\/fr\/la-marque\/\" \/>\n<meta property=\"og:site_name\" content=\"Interdiamant\" \/>\n<meta property=\"article:modified_time\" content=\"2026-02-12T10:30:53+00:00\" \/>\n<meta property=\"og:image\" content=\"https:\/\/interdiamant.com\/wp-content\/uploads\/2026\/01\/OpenGraph-Interdiamant.png\" \/>\n\t<meta property=\"og:image:width\" content=\"1200\" \/>\n\t<meta property=\"og:image:height\" content=\"675\" \/>\n\t<meta property=\"og:image:type\" content=\"image\/png\" \/>\n<meta name=\"twitter:card\" content=\"summary_large_image\" \/>\n<meta name=\"twitter:label1\" content=\"Dur\u00e9e de lecture estim\u00e9e\" \/>\n\t<meta name=\"twitter:data1\" content=\"5 minutes\" \/>\n<script type=\"application\/ld+json\" class=\"yoast-schema-graph\">{\"@context\":\"https:\\\/\\\/schema.org\",\"@graph\":[{\"@type\":\"WebPage\",\"@id\":\"https:\\\/\\\/interdiamant.com\\\/fr\\\/la-marque\\\/\",\"url\":\"https:\\\/\\\/interdiamant.com\\\/fr\\\/la-marque\\\/\",\"name\":\"\u00c0 propos d\u2019InterDiamant | Sp\u00e9cialiste europ\u00e9en des outils diamant\u00e9s\",\"isPartOf\":{\"@id\":\"https:\\\/\\\/interdiamant.com\\\/fr\\\/#website\"},\"datePublished\":\"2026-01-19T16:28:36+00:00\",\"dateModified\":\"2026-02-12T10:30:53+00:00\",\"description\":\"D\u00e9couvrez InterDiamant : un sp\u00e9cialiste europ\u00e9en des outils diamant\u00e9s depuis les ann\u00e9es 1980, fond\u00e9 sur la s\u00e9curit\u00e9, la qualit\u00e9 et la durabilit\u00e9.\",\"breadcrumb\":{\"@id\":\"https:\\\/\\\/interdiamant.com\\\/fr\\\/la-marque\\\/#breadcrumb\"},\"inLanguage\":\"fr-FR\",\"potentialAction\":[{\"@type\":\"ReadAction\",\"target\":[\"https:\\\/\\\/interdiamant.com\\\/fr\\\/la-marque\\\/\"]}]},{\"@type\":\"BreadcrumbList\",\"@id\":\"https:\\\/\\\/interdiamant.com\\\/fr\\\/la-marque\\\/#breadcrumb\",\"itemListElement\":[{\"@type\":\"ListItem\",\"position\":1,\"name\":\"Maison\",\"item\":\"https:\\\/\\\/interdiamant.com\\\/fr\\\/\"},{\"@type\":\"ListItem\",\"position\":2,\"name\":\"La marque\"}]},{\"@type\":\"WebSite\",\"@id\":\"https:\\\/\\\/interdiamant.com\\\/fr\\\/#website\",\"url\":\"https:\\\/\\\/interdiamant.com\\\/fr\\\/\",\"name\":\"Interdiamant\",\"description\":\"\",\"publisher\":{\"@id\":\"https:\\\/\\\/interdiamant.com\\\/fr\\\/#organization\"},\"potentialAction\":[{\"@type\":\"SearchAction\",\"target\":{\"@type\":\"EntryPoint\",\"urlTemplate\":\"https:\\\/\\\/interdiamant.com\\\/fr\\\/?s={search_term_string}\"},\"query-input\":{\"@type\":\"PropertyValueSpecification\",\"valueRequired\":true,\"valueName\":\"search_term_string\"}}],\"inLanguage\":\"fr-FR\"},{\"@type\":\"Organization\",\"@id\":\"https:\\\/\\\/interdiamant.com\\\/fr\\\/#organization\",\"name\":\"Interdiamant\",\"url\":\"https:\\\/\\\/interdiamant.com\\\/fr\\\/\",\"logo\":{\"@type\":\"ImageObject\",\"inLanguage\":\"fr-FR\",\"@id\":\"https:\\\/\\\/interdiamant.com\\\/fr\\\/#\\\/schema\\\/logo\\\/image\\\/\",\"url\":\"https:\\\/\\\/interdiamant.com\\\/wp-content\\\/uploads\\\/2026\\\/01\\\/Logo-Interdiamant.svg\",\"contentUrl\":\"https:\\\/\\\/interdiamant.com\\\/wp-content\\\/uploads\\\/2026\\\/01\\\/Logo-Interdiamant.svg\",\"width\":1,\"height\":1,\"caption\":\"Interdiamant\"},\"image\":{\"@id\":\"https:\\\/\\\/interdiamant.com\\\/fr\\\/#\\\/schema\\\/logo\\\/image\\\/\"}}]}<\/script>\n<!-- \/ Yoast SEO plugin. -->","yoast_head_json":{"title":"\u00c0 propos d\u2019InterDiamant | Sp\u00e9cialiste europ\u00e9en des outils diamant\u00e9s","description":"D\u00e9couvrez InterDiamant : un sp\u00e9cialiste europ\u00e9en des outils diamant\u00e9s depuis les ann\u00e9es 1980, fond\u00e9 sur la s\u00e9curit\u00e9, la qualit\u00e9 et la durabilit\u00e9.","robots":{"index":"index","follow":"follow","max-snippet":"max-snippet:-1","max-image-preview":"max-image-preview:large","max-video-preview":"max-video-preview:-1"},"canonical":"https:\/\/interdiamant.com\/fr\/la-marque\/","og_locale":"fr_FR","og_type":"article","og_title":"\u00c0 propos d\u2019InterDiamant | Sp\u00e9cialiste europ\u00e9en des outils diamant\u00e9s","og_description":"D\u00e9couvrez InterDiamant : un sp\u00e9cialiste europ\u00e9en des outils diamant\u00e9s depuis les ann\u00e9es 1980, fond\u00e9 sur la s\u00e9curit\u00e9, la qualit\u00e9 et la durabilit\u00e9.","og_url":"https:\/\/interdiamant.com\/fr\/la-marque\/","og_site_name":"Interdiamant","article_modified_time":"2026-02-12T10:30:53+00:00","og_image":[{"width":1200,"height":675,"url":"https:\/\/interdiamant.com\/wp-content\/uploads\/2026\/01\/OpenGraph-Interdiamant.png","type":"image\/png"}],"twitter_card":"summary_large_image","twitter_misc":{"Dur\u00e9e de lecture estim\u00e9e":"5 minutes"},"schema":{"@context":"https:\/\/schema.org","@graph":[{"@type":"WebPage","@id":"https:\/\/interdiamant.com\/fr\/la-marque\/","url":"https:\/\/interdiamant.com\/fr\/la-marque\/","name":"\u00c0 propos d\u2019InterDiamant | Sp\u00e9cialiste europ\u00e9en des outils diamant\u00e9s","isPartOf":{"@id":"https:\/\/interdiamant.com\/fr\/#website"},"datePublished":"2026-01-19T16:28:36+00:00","dateModified":"2026-02-12T10:30:53+00:00","description":"D\u00e9couvrez InterDiamant : un sp\u00e9cialiste europ\u00e9en des outils diamant\u00e9s depuis les ann\u00e9es 1980, fond\u00e9 sur la s\u00e9curit\u00e9, la qualit\u00e9 et la durabilit\u00e9.","breadcrumb":{"@id":"https:\/\/interdiamant.com\/fr\/la-marque\/#breadcrumb"},"inLanguage":"fr-FR","potentialAction":[{"@type":"ReadAction","target":["https:\/\/interdiamant.com\/fr\/la-marque\/"]}]},{"@type":"BreadcrumbList","@id":"https:\/\/interdiamant.com\/fr\/la-marque\/#breadcrumb","itemListElement":[{"@type":"ListItem","position":1,"name":"Maison","item":"https:\/\/interdiamant.com\/fr\/"},{"@type":"ListItem","position":2,"name":"La marque"}]},{"@type":"WebSite","@id":"https:\/\/interdiamant.com\/fr\/#website","url":"https:\/\/interdiamant.com\/fr\/","name":"Interdiamant","description":"","publisher":{"@id":"https:\/\/interdiamant.com\/fr\/#organization"},"potentialAction":[{"@type":"SearchAction","target":{"@type":"EntryPoint","urlTemplate":"https:\/\/interdiamant.com\/fr\/?s={search_term_string}"},"query-input":{"@type":"PropertyValueSpecification","valueRequired":true,"valueName":"search_term_string"}}],"inLanguage":"fr-FR"},{"@type":"Organization","@id":"https:\/\/interdiamant.com\/fr\/#organization","name":"Interdiamant","url":"https:\/\/interdiamant.com\/fr\/","logo":{"@type":"ImageObject","inLanguage":"fr-FR","@id":"https:\/\/interdiamant.com\/fr\/#\/schema\/logo\/image\/","url":"https:\/\/interdiamant.com\/wp-content\/uploads\/2026\/01\/Logo-Interdiamant.svg","contentUrl":"https:\/\/interdiamant.com\/wp-content\/uploads\/2026\/01\/Logo-Interdiamant.svg","width":1,"height":1,"caption":"Interdiamant"},"image":{"@id":"https:\/\/interdiamant.com\/fr\/#\/schema\/logo\/image\/"}}]}},"_links":{"self":[{"href":"https:\/\/interdiamant.com\/fr\/wp-json\/wp\/v2\/pages\/2870","targetHints":{"allow":["GET"]}}],"collection":[{"href":"https:\/\/interdiamant.com\/fr\/wp-json\/wp\/v2\/pages"}],"about":[{"href":"https:\/\/interdiamant.com\/fr\/wp-json\/wp\/v2\/types\/page"}],"author":[{"embeddable":true,"href":"https:\/\/interdiamant.com\/fr\/wp-json\/wp\/v2\/users\/1"}],"replies":[{"embeddable":true,"href":"https:\/\/interdiamant.com\/fr\/wp-json\/wp\/v2\/comments?post=2870"}],"version-history":[{"count":2,"href":"https:\/\/interdiamant.com\/fr\/wp-json\/wp\/v2\/pages\/2870\/revisions"}],"predecessor-version":[{"id":2872,"href":"https:\/\/interdiamant.com\/fr\/wp-json\/wp\/v2\/pages\/2870\/revisions\/2872"}],"wp:attachment":[{"href":"https:\/\/interdiamant.com\/fr\/wp-json\/wp\/v2\/media?parent=2870"}],"curies":[{"name":"wp","href":"https:\/\/api.w.org\/{rel}","templated":true}]}}