{"id":7476,"date":"2026-04-08T14:11:43","date_gmt":"2026-04-08T12:11:43","guid":{"rendered":"https:\/\/interdiamant.com\/product\/interdiamant-blade-fussbodenheizungsmuehle\/"},"modified":"2026-04-08T14:11:43","modified_gmt":"2026-04-08T12:11:43","slug":"interdiamant-blade-fussbodenheizungsmuehle","status":"publish","type":"product","link":"https:\/\/interdiamant.com\/de\/produkt\/interdiamant-blade-fussbodenheizungsmuehle\/","title":{"rendered":"InterDiamant Blade Fu\u00dfbodenheizungsm\u00fchle"},"content":{"rendered":"<p>Professionelle Diamantfr\u00e4sscheiben, speziell entwickelt f\u00fcr die schnelle Installation von Fu\u00dfbodenheizungen. Diese Werkzeuge fr\u00e4sen pr\u00e4zise und gleichm\u00e4\u00dfige Nuten f\u00fcr Heizungsrohre in verschiedene Estricharten und bieten Bodenlegern eine robuste und zuverl\u00e4ssige L\u00f6sung. <\/p>\n<p>Anwendung<br \/>\n Konzipiert f\u00fcr das effiziente Fr\u00e4sen von Rillen in Estrich- und Sandzementb\u00f6den. Um h\u00f6chste Effizienz und Werkzeuglebensdauer zu gew\u00e4hrleisten, ist unser Sortiment in drei spezialisierte Varianten unterteilt, die auf die jeweilige H\u00e4rte und Abrasivit\u00e4t der Oberfl\u00e4che abgestimmt sind: <\/p>\n<p>Abrasiv: Optimiert f\u00fcr weiche oder stark abrasive Sand-Zement- und Frischestriche. Diese Bindemittel sind f\u00fcr hohe Reibungsbest\u00e4ndigkeit und vorzeitigen Verschlei\u00df ausgelegt. <\/p>\n<p>Mittel (Allround): Der vielseitige \u201eProbleml\u00f6ser\u201c f\u00fcr Standard-Sand-Zement-Estrich. Ideal f\u00fcr Projekte, bei denen die H\u00e4rte des Bodens variiert. <\/p>\n<p>Hart: Entwickelt mit einer speziellen Bindung, um auch auf extrem harten, verdichteten oder maschinell gegl\u00e4tteten Estrichen scharf und effektiv zu bleiben.<\/p>\n<p>Leistung und Effizienz<br \/>\n Diese Fr\u00e4swerkzeuge sind auf Langlebigkeit und hohe Leistung im Feldeinsatz ausgelegt. Durch die Verwendung einer hochkonzentrierten Diamantbindung bieten die Schneidplatten folgende Eigenschaften: <\/p>\n<p>Fr\u00e4skomfort: Ausgewogene Segmentverteilung f\u00fcr reduzierte Vibrationen und sanftere F\u00fchrung \u00fcber den Boden.<\/p>\n<p>Pr\u00e4zise Nutung: Entwickelt, um die Segmentbreite \u00fcber die gesamte Lebensdauer beizubehalten und so sicherzustellen, dass die Heizungsrohre perfekt in die gefr\u00e4sten Kan\u00e4le passen.<\/p>\n<p>Lange Lebensdauer: Professionelle Verbindungen gew\u00e4hrleisten, dass die Segmente bis zum Ende der Lebensdauer des Werkzeugs scharf und effektiv bleiben.<\/p>\n<p>Verarbeitung<br \/>\n Trockene Anwendung \u2013 Optimiert f\u00fcr das Trockenfr\u00e4sen auf bestehenden B\u00f6den, insbesondere in Kombination mit professionellen Staubabsaugsystemen, um eine saubere und sichere Arbeitsumgebung zu gew\u00e4hrleisten.<\/p>\n<p>Sicherheit und Qualit\u00e4t<\/p>\n<p>oSa-zertifizierte Produktionsstandards f\u00fcr maximale Bedienersicherheit.<\/p>\n<p>Verst\u00e4rkter Stahlkern zur Aufnahme der hohen Drehmomente und Seitenkr\u00e4fte, die typisch f\u00fcr spezielle Fu\u00dfbodenheizungsfr\u00e4smaschinen sind.<\/p>\n<p>Lasergeschwei\u00dfte Segmente f\u00fcr eine hochfeste Verbindung, die auch unter hoher thermischer Belastung f\u00fcr Langlebigkeit sorgt.<\/p>\n","protected":false},"excerpt":{"rendered":"<p>Professionelle Diamantfr\u00e4sscheiben, speziell entwickelt f\u00fcr die schnelle Installation von Fu\u00dfbodenheizungen. Diese Werkzeuge fr\u00e4sen pr\u00e4zise und gleichm\u00e4\u00dfige Nuten f\u00fcr Heizungsrohre in verschiedene Estricharten und bieten Bodenlegern eine robuste und zuverl\u00e4ssige L\u00f6sung. Anwendung Konzipiert f\u00fcr das effiziente Fr\u00e4sen von Rillen in Estrich- und Sandzementb\u00f6den. Um h\u00f6chste Effizienz und Werkzeuglebensdauer zu gew\u00e4hrleisten, ist unser Sortiment in drei spezialisierte [&hellip;]<\/p>\n","protected":false},"featured_media":7479,"template":"","meta":{"_et_pb_use_builder":"","_et_pb_old_content":"","_et_gb_content_width":""},"product_brand":[],"product_cat":[21],"product_tag":[],"class_list":{"0":"post-7476","1":"product","2":"type-product","3":"status-publish","4":"has-post-thumbnail","6":"product_cat-uncategorized","8":"first","9":"instock","10":"taxable","11":"shipping-taxable","12":"product-type-variable"},"bundled_by":[],"bundle_stock_status":"instock","bundle_stock_quantity":null,"bundle_virtual":false,"bundle_layout":"","bundle_add_to_cart_form_location":"","bundle_editable_in_cart":false,"bundle_sold_individually_context":"","bundle_item_grouping":"","bundle_min_size":"","bundle_max_size":"","bundle_price":[],"bundled_items":[],"bundle_sell_ids":[],"yoast_head":"<!-- This site is optimized with the Yoast SEO plugin v27.4 - https:\/\/yoast.com\/product\/yoast-seo-wordpress\/ -->\n<title>InterDiamant Blade Fu\u00dfbodenheizungsm\u00fchle | Interdiamant<\/title>\n<meta name=\"robots\" content=\"index, follow, max-snippet:-1, max-image-preview:large, max-video-preview:-1\" \/>\n<link rel=\"canonical\" href=\"https:\/\/interdiamant.com\/de\/produkt\/interdiamant-blade-fussbodenheizungsmuehle\/\" \/>\n<meta property=\"og:locale\" content=\"de_DE\" \/>\n<meta property=\"og:type\" content=\"article\" \/>\n<meta property=\"og:title\" content=\"InterDiamant Blade Fu\u00dfbodenheizungsm\u00fchle | Interdiamant\" \/>\n<meta property=\"og:description\" content=\"Professionelle Diamantfr\u00e4sscheiben, speziell entwickelt f\u00fcr die schnelle Installation von Fu\u00dfbodenheizungen. Diese Werkzeuge fr\u00e4sen pr\u00e4zise und gleichm\u00e4\u00dfige Nuten f\u00fcr Heizungsrohre in verschiedene Estricharten und bieten Bodenlegern eine robuste und zuverl\u00e4ssige L\u00f6sung. Anwendung Konzipiert f\u00fcr das effiziente Fr\u00e4sen von Rillen in Estrich- und Sandzementb\u00f6den. Um h\u00f6chste Effizienz und Werkzeuglebensdauer zu gew\u00e4hrleisten, ist unser Sortiment in drei spezialisierte [&hellip;]\" \/>\n<meta property=\"og:url\" content=\"https:\/\/interdiamant.com\/de\/produkt\/interdiamant-blade-fussbodenheizungsmuehle\/\" \/>\n<meta property=\"og:site_name\" content=\"Interdiamant\" \/>\n<meta property=\"og:image\" content=\"https:\/\/interdiamant.com\/wp-content\/uploads\/2026\/04\/Freesschijf-Ultra-Hard.png\" \/>\n\t<meta property=\"og:image:width\" content=\"1080\" \/>\n\t<meta property=\"og:image:height\" content=\"1080\" \/>\n\t<meta property=\"og:image:type\" content=\"image\/png\" \/>\n<meta name=\"twitter:card\" content=\"summary_large_image\" \/>\n<meta name=\"twitter:label1\" content=\"Gesch\u00e4tzte Lesezeit\" \/>\n\t<meta name=\"twitter:data1\" content=\"2\u00a0Minute\" \/>\n<script type=\"application\/ld+json\" class=\"yoast-schema-graph\">{\"@context\":\"https:\\\/\\\/schema.org\",\"@graph\":[{\"@type\":\"WebPage\",\"@id\":\"https:\\\/\\\/interdiamant.com\\\/de\\\/produkt\\\/interdiamant-blade-fussbodenheizungsmuehle\\\/\",\"url\":\"https:\\\/\\\/interdiamant.com\\\/de\\\/produkt\\\/interdiamant-blade-fussbodenheizungsmuehle\\\/\",\"name\":\"InterDiamant Blade Fu\u00dfbodenheizungsm\u00fchle | Interdiamant\",\"isPartOf\":{\"@id\":\"https:\\\/\\\/interdiamant.com\\\/de\\\/#website\"},\"primaryImageOfPage\":{\"@id\":\"https:\\\/\\\/interdiamant.com\\\/de\\\/produkt\\\/interdiamant-blade-fussbodenheizungsmuehle\\\/#primaryimage\"},\"image\":{\"@id\":\"https:\\\/\\\/interdiamant.com\\\/de\\\/produkt\\\/interdiamant-blade-fussbodenheizungsmuehle\\\/#primaryimage\"},\"thumbnailUrl\":\"https:\\\/\\\/interdiamant.com\\\/wp-content\\\/uploads\\\/2026\\\/04\\\/Freesschijf-Ultra-Hard.png\",\"datePublished\":\"2026-04-08T12:11:43+00:00\",\"breadcrumb\":{\"@id\":\"https:\\\/\\\/interdiamant.com\\\/de\\\/produkt\\\/interdiamant-blade-fussbodenheizungsmuehle\\\/#breadcrumb\"},\"inLanguage\":\"de\",\"potentialAction\":[{\"@type\":\"ReadAction\",\"target\":[\"https:\\\/\\\/interdiamant.com\\\/de\\\/produkt\\\/interdiamant-blade-fussbodenheizungsmuehle\\\/\"]}]},{\"@type\":\"ImageObject\",\"inLanguage\":\"de\",\"@id\":\"https:\\\/\\\/interdiamant.com\\\/de\\\/produkt\\\/interdiamant-blade-fussbodenheizungsmuehle\\\/#primaryimage\",\"url\":\"https:\\\/\\\/interdiamant.com\\\/wp-content\\\/uploads\\\/2026\\\/04\\\/Freesschijf-Ultra-Hard.png\",\"contentUrl\":\"https:\\\/\\\/interdiamant.com\\\/wp-content\\\/uploads\\\/2026\\\/04\\\/Freesschijf-Ultra-Hard.png\",\"width\":1080,\"height\":1080},{\"@type\":\"BreadcrumbList\",\"@id\":\"https:\\\/\\\/interdiamant.com\\\/de\\\/produkt\\\/interdiamant-blade-fussbodenheizungsmuehle\\\/#breadcrumb\",\"itemListElement\":[{\"@type\":\"ListItem\",\"position\":1,\"name\":\"Heim\",\"item\":\"https:\\\/\\\/interdiamant.com\\\/de\\\/\"},{\"@type\":\"ListItem\",\"position\":2,\"name\":\"Shop\",\"item\":\"https:\\\/\\\/interdiamant.com\\\/shop\\\/\"},{\"@type\":\"ListItem\",\"position\":3,\"name\":\"InterDiamant Blade Fu\u00dfbodenheizungsm\u00fchle\"}]},{\"@type\":\"WebSite\",\"@id\":\"https:\\\/\\\/interdiamant.com\\\/de\\\/#website\",\"url\":\"https:\\\/\\\/interdiamant.com\\\/de\\\/\",\"name\":\"Interdiamant\",\"description\":\"\",\"publisher\":{\"@id\":\"https:\\\/\\\/interdiamant.com\\\/de\\\/#organization\"},\"potentialAction\":[{\"@type\":\"SearchAction\",\"target\":{\"@type\":\"EntryPoint\",\"urlTemplate\":\"https:\\\/\\\/interdiamant.com\\\/de\\\/?s={search_term_string}\"},\"query-input\":{\"@type\":\"PropertyValueSpecification\",\"valueRequired\":true,\"valueName\":\"search_term_string\"}}],\"inLanguage\":\"de\"},{\"@type\":\"Organization\",\"@id\":\"https:\\\/\\\/interdiamant.com\\\/de\\\/#organization\",\"name\":\"Interdiamant\",\"url\":\"https:\\\/\\\/interdiamant.com\\\/de\\\/\",\"logo\":{\"@type\":\"ImageObject\",\"inLanguage\":\"de\",\"@id\":\"https:\\\/\\\/interdiamant.com\\\/de\\\/#\\\/schema\\\/logo\\\/image\\\/\",\"url\":\"https:\\\/\\\/interdiamant.com\\\/wp-content\\\/uploads\\\/2026\\\/01\\\/Logo-Interdiamant.svg\",\"contentUrl\":\"https:\\\/\\\/interdiamant.com\\\/wp-content\\\/uploads\\\/2026\\\/01\\\/Logo-Interdiamant.svg\",\"width\":1,\"height\":1,\"caption\":\"Interdiamant\"},\"image\":{\"@id\":\"https:\\\/\\\/interdiamant.com\\\/de\\\/#\\\/schema\\\/logo\\\/image\\\/\"}}]}<\/script>\n<!-- \/ Yoast SEO plugin. -->","yoast_head_json":{"title":"InterDiamant Blade Fu\u00dfbodenheizungsm\u00fchle | Interdiamant","robots":{"index":"index","follow":"follow","max-snippet":"max-snippet:-1","max-image-preview":"max-image-preview:large","max-video-preview":"max-video-preview:-1"},"canonical":"https:\/\/interdiamant.com\/de\/produkt\/interdiamant-blade-fussbodenheizungsmuehle\/","og_locale":"de_DE","og_type":"article","og_title":"InterDiamant Blade Fu\u00dfbodenheizungsm\u00fchle | Interdiamant","og_description":"Professionelle Diamantfr\u00e4sscheiben, speziell entwickelt f\u00fcr die schnelle Installation von Fu\u00dfbodenheizungen. Diese Werkzeuge fr\u00e4sen pr\u00e4zise und gleichm\u00e4\u00dfige Nuten f\u00fcr Heizungsrohre in verschiedene Estricharten und bieten Bodenlegern eine robuste und zuverl\u00e4ssige L\u00f6sung. Anwendung Konzipiert f\u00fcr das effiziente Fr\u00e4sen von Rillen in Estrich- und Sandzementb\u00f6den. Um h\u00f6chste Effizienz und Werkzeuglebensdauer zu gew\u00e4hrleisten, ist unser Sortiment in drei spezialisierte [&hellip;]","og_url":"https:\/\/interdiamant.com\/de\/produkt\/interdiamant-blade-fussbodenheizungsmuehle\/","og_site_name":"Interdiamant","og_image":[{"width":1080,"height":1080,"url":"https:\/\/interdiamant.com\/wp-content\/uploads\/2026\/04\/Freesschijf-Ultra-Hard.png","type":"image\/png"}],"twitter_card":"summary_large_image","twitter_misc":{"Gesch\u00e4tzte Lesezeit":"2\u00a0Minute"},"schema":{"@context":"https:\/\/schema.org","@graph":[{"@type":"WebPage","@id":"https:\/\/interdiamant.com\/de\/produkt\/interdiamant-blade-fussbodenheizungsmuehle\/","url":"https:\/\/interdiamant.com\/de\/produkt\/interdiamant-blade-fussbodenheizungsmuehle\/","name":"InterDiamant Blade Fu\u00dfbodenheizungsm\u00fchle | Interdiamant","isPartOf":{"@id":"https:\/\/interdiamant.com\/de\/#website"},"primaryImageOfPage":{"@id":"https:\/\/interdiamant.com\/de\/produkt\/interdiamant-blade-fussbodenheizungsmuehle\/#primaryimage"},"image":{"@id":"https:\/\/interdiamant.com\/de\/produkt\/interdiamant-blade-fussbodenheizungsmuehle\/#primaryimage"},"thumbnailUrl":"https:\/\/interdiamant.com\/wp-content\/uploads\/2026\/04\/Freesschijf-Ultra-Hard.png","datePublished":"2026-04-08T12:11:43+00:00","breadcrumb":{"@id":"https:\/\/interdiamant.com\/de\/produkt\/interdiamant-blade-fussbodenheizungsmuehle\/#breadcrumb"},"inLanguage":"de","potentialAction":[{"@type":"ReadAction","target":["https:\/\/interdiamant.com\/de\/produkt\/interdiamant-blade-fussbodenheizungsmuehle\/"]}]},{"@type":"ImageObject","inLanguage":"de","@id":"https:\/\/interdiamant.com\/de\/produkt\/interdiamant-blade-fussbodenheizungsmuehle\/#primaryimage","url":"https:\/\/interdiamant.com\/wp-content\/uploads\/2026\/04\/Freesschijf-Ultra-Hard.png","contentUrl":"https:\/\/interdiamant.com\/wp-content\/uploads\/2026\/04\/Freesschijf-Ultra-Hard.png","width":1080,"height":1080},{"@type":"BreadcrumbList","@id":"https:\/\/interdiamant.com\/de\/produkt\/interdiamant-blade-fussbodenheizungsmuehle\/#breadcrumb","itemListElement":[{"@type":"ListItem","position":1,"name":"Heim","item":"https:\/\/interdiamant.com\/de\/"},{"@type":"ListItem","position":2,"name":"Shop","item":"https:\/\/interdiamant.com\/shop\/"},{"@type":"ListItem","position":3,"name":"InterDiamant Blade Fu\u00dfbodenheizungsm\u00fchle"}]},{"@type":"WebSite","@id":"https:\/\/interdiamant.com\/de\/#website","url":"https:\/\/interdiamant.com\/de\/","name":"Interdiamant","description":"","publisher":{"@id":"https:\/\/interdiamant.com\/de\/#organization"},"potentialAction":[{"@type":"SearchAction","target":{"@type":"EntryPoint","urlTemplate":"https:\/\/interdiamant.com\/de\/?s={search_term_string}"},"query-input":{"@type":"PropertyValueSpecification","valueRequired":true,"valueName":"search_term_string"}}],"inLanguage":"de"},{"@type":"Organization","@id":"https:\/\/interdiamant.com\/de\/#organization","name":"Interdiamant","url":"https:\/\/interdiamant.com\/de\/","logo":{"@type":"ImageObject","inLanguage":"de","@id":"https:\/\/interdiamant.com\/de\/#\/schema\/logo\/image\/","url":"https:\/\/interdiamant.com\/wp-content\/uploads\/2026\/01\/Logo-Interdiamant.svg","contentUrl":"https:\/\/interdiamant.com\/wp-content\/uploads\/2026\/01\/Logo-Interdiamant.svg","width":1,"height":1,"caption":"Interdiamant"},"image":{"@id":"https:\/\/interdiamant.com\/de\/#\/schema\/logo\/image\/"}}]}},"_links":{"self":[{"href":"https:\/\/interdiamant.com\/de\/wp-json\/wp\/v2\/product\/7476","targetHints":{"allow":["GET"]}}],"collection":[{"href":"https:\/\/interdiamant.com\/de\/wp-json\/wp\/v2\/product"}],"about":[{"href":"https:\/\/interdiamant.com\/de\/wp-json\/wp\/v2\/types\/product"}],"wp:featuredmedia":[{"embeddable":true,"href":"https:\/\/interdiamant.com\/de\/wp-json\/wp\/v2\/media\/7479"}],"wp:attachment":[{"href":"https:\/\/interdiamant.com\/de\/wp-json\/wp\/v2\/media?parent=7476"}],"wp:term":[{"taxonomy":"product_brand","embeddable":true,"href":"https:\/\/interdiamant.com\/de\/wp-json\/wp\/v2\/product_brand?post=7476"},{"taxonomy":"product_cat","embeddable":true,"href":"https:\/\/interdiamant.com\/de\/wp-json\/wp\/v2\/product_cat?post=7476"},{"taxonomy":"product_tag","embeddable":true,"href":"https:\/\/interdiamant.com\/de\/wp-json\/wp\/v2\/product_tag?post=7476"}],"curies":[{"name":"wp","href":"https:\/\/api.w.org\/{rel}","templated":true}]}}