{"id":7452,"date":"2026-03-23T16:29:03","date_gmt":"2026-03-23T15:29:03","guid":{"rendered":"https:\/\/interdiamant.com\/product\/interdiamant-id-vac-typ-h-bo\/"},"modified":"2026-03-23T16:29:03","modified_gmt":"2026-03-23T15:29:03","slug":"interdiamant-id-vac-typ-h-bo","status":"publish","type":"product","link":"https:\/\/interdiamant.com\/de\/produkt\/interdiamant-id-vac-typ-h-bo\/","title":{"rendered":"INTERDIAMANT ID VAC Typ H BO"},"content":{"rendered":"<h2 data-path-to-node=\"0\">InterDiamant ID VAC Typ H BO: Der batteriebetriebene Sicherheitsstandard<\/h2>\n<p id=\"p-rc_1d38bd4ee44b22ca-66\" data-path-to-node=\"1\">Steigern Sie die Sicherheit auf Ihrer Baustelle mit dem <b data-path-to-node=\"1\" data-index-in-node=\"53\">InterDiamant ID VAC Typ H BO<\/b> . <span class=\"citation-128\">Dieser Industriesauger wurde speziell f\u00fcr Fachleute im Bereich Oberfl\u00e4chenbehandlung und Bauwesen entwickelt und ist von einer unabh\u00e4ngigen Pr\u00fcfstelle f\u00fcr<\/span> <b data-path-to-node=\"1\" data-index-in-node=\"209\"><span class=\"citation-128\">die Staubabsaugung der Klasse H<\/span><\/b> <span class=\"citation-128 citation-end-128\">(IEC 60335-2-69:2021) zertifiziert.<\/span><\/p>\n<p data-path-to-node=\"2\">Der <b data-path-to-node=\"1\" data-index-in-node=\"53\">ID VAC Typ H BO<\/b> ist jetzt mit einer fortschrittlichen <b data-path-to-node=\"2\" data-index-in-node=\"23\">Akku-Technologie<\/b> ausgestattet und bietet maximale Saugleistung ohne die Einschr\u00e4nkungen von Stromkabeln. Damit ist er die ideale Wahl f\u00fcr gro\u00dffl\u00e4chige Renovierungen, Delaminierungsarbeiten und die Beseitigung von gef\u00e4hrlichem Staub, bei denen Mobilit\u00e4t von gr\u00f6\u00dfter Bedeutung ist.<\/p>\n<h3 data-path-to-node=\"3\">Leistungsmerkmale und Sicherheitsmerkmale<\/h3>\n<ul data-path-to-node=\"4\">\n<li>\n<p id=\"p-rc_1d38bd4ee44b22ca-67\" data-path-to-node=\"4,0,0\"><b data-path-to-node=\"4,0,0\" data-index-in-node=\"0\"><span class=\"citation-127\">Zweistufige Filtration<\/span><\/b> <span class=\"citation-127\">: Kombiniert einen gro\u00dffl\u00e4chigen<\/span> <b data-path-to-node=\"4,0,0\" data-index-in-node=\"47\"><span class=\"citation-127\">Polyester-Sternfilter der Klasse M<\/span><\/b> <span class=\"citation-127\">(24.000 cm\u00b2) mit einem<\/span> <b data-path-to-node=\"4,0,0\" data-index-in-node=\"98\"><span class=\"citation-127\">Absolute H14 HEPA-Sekund\u00e4rfilter,<\/span><\/b> <span class=\"citation-127 citation-end-127\">um 99,995 % der feinen und toxischen Partikel aufzufangen.<\/span><\/p>\n<\/li>\n<li>\n<p id=\"p-rc_1d38bd4ee44b22ca-67\" data-path-to-node=\"4,0,0\"><b data-path-to-node=\"4,1,0\" data-index-in-node=\"0\"><span class=\"citation-126\">Zyklonwirkungsgrad<\/span><\/b> <span class=\"citation-126 citation-end-126\">: Ein tangentialer Einlass erzeugt einen Zykloneffekt, der den Prim\u00e4rfilter vor vorzeitigem Verstopfen sch\u00fctzt und so einen maximalen Luftdurchsatz aufrechterh\u00e4lt.<\/span><\/p>\n<\/li>\n<li>\n<p id=\"p-rc_1d38bd4ee44b22ca-68\" data-path-to-node=\"4,1,0\"><b data-path-to-node=\"4,2,0\" data-index-in-node=\"0\"><span class=\"citation-125\">Endloses Beutelsystem<\/span><\/b> <span class=\"citation-125\">: Das<\/span> <b data-path-to-node=\"4,2,0\" data-index-in-node=\"24\"><span class=\"citation-125\">Sammelsystem<\/span><\/b> <span class=\"citation-125 citation-end-125\">erm\u00f6glicht eine 100% staubfreie Entsorgung.<\/span> <span class=\"citation-124 citation-end-124\">Abfall kann versiegelt und entsorgt werden, ohne dass er mit Gefahrstoffen in Ber\u00fchrung kommt.<\/span><\/p>\n<\/li>\n<li>\n<p data-path-to-node=\"4,3,0\"><b data-path-to-node=\"4,3,0\" data-index-in-node=\"0\">Robuste Mobilit\u00e4t<\/b> : Gefertigt aus einem pulverbeschichteten Stahlchassis in der charakteristischen Farbe <b data-path-to-node=\"4,3,0\" data-index-in-node=\"71\">RAL 2004 Orange<\/b> , ausgestattet mit Schwerlastrollen und einem ergonomischen Griff f\u00fcr den einfachen Transport auch auf unebenem Gel\u00e4nde.<\/p>\n<\/li>\n<li>\n<p id=\"p-rc_1d38bd4ee44b22ca-70\" data-path-to-node=\"4,4,0\"><b data-path-to-node=\"4,4,0\" data-index-in-node=\"0\"><span class=\"citation-123\">Manueller Filtersch\u00fcttler<\/span><\/b> <span class=\"citation-123 citation-end-123\">: Ein integriertes Reinigungssystem erm\u00f6glicht es Ihnen, die Filterleistung in Sekundenschnelle aufrechtzuerhalten, ohne das Ger\u00e4t \u00f6ffnen zu m\u00fcssen.<\/span><\/p>\n<p>&nbsp;<\/li>\n<\/ul>\n<h3 data-path-to-node=\"5\">Technische Spezifikationen<\/h3>\n<ul data-path-to-node=\"6\">\n<li>\n<p data-path-to-node=\"6,0,0\"><b data-path-to-node=\"6,0,0\" data-index-in-node=\"0\">Stromversorgung<\/b> : Hochleistungs-Akkusystem (kabellos)<\/p>\n<\/li>\n<li>\n<p id=\"p-rc_1d38bd4ee44b22ca-71\" data-path-to-node=\"6,1,0\"><b data-path-to-node=\"6,1,0\" data-index-in-node=\"0\"><span class=\"citation-122\">Vakuumniveau<\/span><\/b> <span class=\"citation-122 citation-end-122\">: 250 mbar<\/span><\/p>\n<\/li>\n<li>\n<p id=\"p-rc_1d38bd4ee44b22ca-72\" data-path-to-node=\"6,2,0\"><b data-path-to-node=\"6,2,0\" data-index-in-node=\"0\"><span class=\"citation-121\">Maximaler Luftdurchsatz<\/span><\/b> <span class=\"citation-121 citation-end-121\">: 570 m\u00b3\/h<\/span><\/p>\n<\/li>\n<li>\n<p id=\"p-rc_1d38bd4ee44b22ca-73\" data-path-to-node=\"6,3,0\"><b data-path-to-node=\"6,3,0\" data-index-in-node=\"0\"><span class=\"citation-120\">Ger\u00e4uschpegel<\/span><\/b> <span class=\"citation-120 citation-end-120\">: 72 dB(A)<\/span><\/p>\n<\/li>\n<li>\n<p id=\"p-rc_1d38bd4ee44b22ca-74\" data-path-to-node=\"6,4,0\"><b data-path-to-node=\"6,4,0\" data-index-in-node=\"0\"><span class=\"citation-119\">Filtrationsklasse<\/span><\/b> <span class=\"citation-119 citation-end-119\">: H (HEPA H14 enthalten)<\/span><\/p>\n<p>&nbsp;<\/li>\n<\/ul>\n<hr data-path-to-node=\"7\">\n<h3 data-path-to-node=\"8\">Vervollst\u00e4ndigen Sie Ihre professionelle Fahrzeugflotte: Cross-Selling-M\u00f6glichkeiten<\/h3>\n<p data-path-to-node=\"9\">Der <b data-path-to-node=\"1\" data-index-in-node=\"53\">ID VAC Typ H BO<\/b> ist ein zentraler Bestandteil des InterDiamant-\u00d6kosystems. Um optimale Ergebnisse zu erzielen und einen sauberen Arbeitsbereich zu gew\u00e4hrleisten, empfehlen wir die Kombination dieses Ger\u00e4ts mit: <\/p>\n<p data-path-to-node=\"10\"><b data-path-to-node=\"10\" data-index-in-node=\"0\">1. InterDiamant ID 701 Trocken-Akku-Tischkreiss\u00e4ge<\/b><\/p>\n<p data-path-to-node=\"10\">Der ideale Partner f\u00fcr pr\u00e4zises Schneiden. Nutzen Sie die Hochleistungsabsaugung <strong>des<\/strong> <b data-path-to-node=\"1\" data-index-in-node=\"53\">ID VAC Typ H BO,<\/b> um Quarzstaub direkt \u00fcber den Staubanschluss des ID 701 abzusaugen. Zusammen bilden sie eine mobile, akkubetriebene Station, mit der Sie \u00fcberall vor Ort arbeiten und gleichzeitig alle Gesundheits- und Sicherheitsvorschriften einhalten k\u00f6nnen.  <\/p>\n<p id=\"p-rc_1d38bd4ee44b22ca-75\" data-path-to-node=\"11\"><b data-path-to-node=\"11\" data-index-in-node=\"0\">2. Werkzeuge zur Oberfl\u00e4chenvorbereitung<\/b><\/p>\n<p id=\"p-rc_1d38bd4ee44b22ca-75\" data-path-to-node=\"11\"><span class=\"citation-118 citation-end-118\">Ob Sie nun handgef\u00fchrte Schleifmaschinen oder Poliermaschinen verwenden, der <b data-path-to-node=\"1\" data-index-in-node=\"53\">ID VAC Typ H BO<\/b> ist f\u00fcr die Bew\u00e4ltigung der gro\u00dfen Mengen an Feinstaub ausgelegt, die bei der Oberfl\u00e4chenbehandlung entstehen.<\/span> <span class=\"citation-117 citation-end-117\">Dank des optionalen Teleskopfahrgestells l\u00e4sst er sich problemlos neben Ihren schweren Maschinen transportieren.<\/span><\/p>\n<p data-path-to-node=\"12\"><b data-path-to-node=\"12\" data-index-in-node=\"0\">3. Starter-Kit \u00d8 50 mm<\/b><\/p>\n<p data-path-to-node=\"12\">Maximieren Sie die Vielseitigkeit Ihres Staubsaugers mit unserem professionellen Zubeh\u00f6rset, das antistatische Schl\u00e4uche und spezielle Bodend\u00fcsen f\u00fcr den Baustellenbereich enth\u00e4lt.<\/p>\n<p data-path-to-node=\"13\"><b data-path-to-node=\"13\" data-index-in-node=\"0\">Investieren Sie in das gesamte InterDiamant-Sortiment f\u00fcr ein einheitliches, professionelles Erscheinungsbild und un\u00fcbertroffene Leistung auf der Baustelle.<\/b><\/p>\n","protected":false},"excerpt":{"rendered":"<p>InterDiamant ID VAC Typ H BO: Der batteriebetriebene Sicherheitsstandard Steigern Sie die Sicherheit auf Ihrer Baustelle mit dem InterDiamant ID VAC Typ H BO . Dieser Industriesauger wurde speziell f\u00fcr Fachleute im Bereich Oberfl\u00e4chenbehandlung und Bauwesen entwickelt und ist von einer unabh\u00e4ngigen Pr\u00fcfstelle f\u00fcr die Staubabsaugung der Klasse H (IEC 60335-2-69:2021) zertifiziert. Der ID VAC [&hellip;]<\/p>\n","protected":false},"featured_media":7058,"template":"","meta":{"_et_pb_use_builder":"","_et_pb_old_content":"","_et_gb_content_width":""},"product_brand":[],"product_cat":[586],"product_tag":[],"class_list":{"0":"post-7452","1":"product","2":"type-product","3":"status-publish","4":"has-post-thumbnail","6":"product_cat-tischsagen","8":"first","9":"instock","10":"taxable","11":"shipping-taxable","12":"product-type-simple"},"bundled_by":[],"bundle_stock_status":"instock","bundle_stock_quantity":null,"bundle_virtual":false,"bundle_layout":"","bundle_add_to_cart_form_location":"","bundle_editable_in_cart":false,"bundle_sold_individually_context":"","bundle_item_grouping":"","bundle_min_size":"","bundle_max_size":"","bundle_price":[],"bundled_items":[],"bundle_sell_ids":[],"yoast_head":"<!-- This site is optimized with the Yoast SEO plugin v27.4 - https:\/\/yoast.com\/product\/yoast-seo-wordpress\/ -->\n<title>INTERDIAMANT ID VAC Typ H BO | Interdiamant<\/title>\n<meta name=\"robots\" content=\"index, follow, max-snippet:-1, max-image-preview:large, max-video-preview:-1\" \/>\n<link rel=\"canonical\" href=\"https:\/\/interdiamant.com\/de\/produkt\/interdiamant-id-vac-typ-h-bo\/\" \/>\n<meta property=\"og:locale\" content=\"de_DE\" \/>\n<meta property=\"og:type\" content=\"article\" \/>\n<meta property=\"og:title\" content=\"INTERDIAMANT ID VAC Typ H BO | Interdiamant\" \/>\n<meta property=\"og:description\" content=\"InterDiamant ID VAC Typ H BO: Der batteriebetriebene Sicherheitsstandard Steigern Sie die Sicherheit auf Ihrer Baustelle mit dem InterDiamant ID VAC Typ H BO . Dieser Industriesauger wurde speziell f\u00fcr Fachleute im Bereich Oberfl\u00e4chenbehandlung und Bauwesen entwickelt und ist von einer unabh\u00e4ngigen Pr\u00fcfstelle f\u00fcr die Staubabsaugung der Klasse H (IEC 60335-2-69:2021) zertifiziert. Der ID VAC [&hellip;]\" \/>\n<meta property=\"og:url\" content=\"https:\/\/interdiamant.com\/de\/produkt\/interdiamant-id-vac-typ-h-bo\/\" \/>\n<meta property=\"og:site_name\" content=\"Interdiamant\" \/>\n<meta property=\"og:image\" content=\"https:\/\/interdiamant.com\/wp-content\/uploads\/2026\/03\/Gemini_Generated_Image_dhlbpedhlbpedhlb-1.png\" \/>\n\t<meta property=\"og:image:width\" content=\"1024\" \/>\n\t<meta property=\"og:image:height\" content=\"1024\" \/>\n\t<meta property=\"og:image:type\" content=\"image\/png\" \/>\n<meta name=\"twitter:card\" content=\"summary_large_image\" \/>\n<meta name=\"twitter:label1\" content=\"Gesch\u00e4tzte Lesezeit\" \/>\n\t<meta name=\"twitter:data1\" content=\"2\u00a0Minute\" \/>\n<script type=\"application\/ld+json\" class=\"yoast-schema-graph\">{\"@context\":\"https:\\\/\\\/schema.org\",\"@graph\":[{\"@type\":\"WebPage\",\"@id\":\"https:\\\/\\\/interdiamant.com\\\/de\\\/produkt\\\/interdiamant-id-vac-typ-h-bo\\\/\",\"url\":\"https:\\\/\\\/interdiamant.com\\\/de\\\/produkt\\\/interdiamant-id-vac-typ-h-bo\\\/\",\"name\":\"INTERDIAMANT ID VAC Typ H BO | Interdiamant\",\"isPartOf\":{\"@id\":\"https:\\\/\\\/interdiamant.com\\\/de\\\/#website\"},\"primaryImageOfPage\":{\"@id\":\"https:\\\/\\\/interdiamant.com\\\/de\\\/produkt\\\/interdiamant-id-vac-typ-h-bo\\\/#primaryimage\"},\"image\":{\"@id\":\"https:\\\/\\\/interdiamant.com\\\/de\\\/produkt\\\/interdiamant-id-vac-typ-h-bo\\\/#primaryimage\"},\"thumbnailUrl\":\"https:\\\/\\\/interdiamant.com\\\/wp-content\\\/uploads\\\/2026\\\/03\\\/Gemini_Generated_Image_dhlbpedhlbpedhlb-1.png\",\"datePublished\":\"2026-03-23T15:29:03+00:00\",\"breadcrumb\":{\"@id\":\"https:\\\/\\\/interdiamant.com\\\/de\\\/produkt\\\/interdiamant-id-vac-typ-h-bo\\\/#breadcrumb\"},\"inLanguage\":\"de\",\"potentialAction\":[{\"@type\":\"ReadAction\",\"target\":[\"https:\\\/\\\/interdiamant.com\\\/de\\\/produkt\\\/interdiamant-id-vac-typ-h-bo\\\/\"]}]},{\"@type\":\"ImageObject\",\"inLanguage\":\"de\",\"@id\":\"https:\\\/\\\/interdiamant.com\\\/de\\\/produkt\\\/interdiamant-id-vac-typ-h-bo\\\/#primaryimage\",\"url\":\"https:\\\/\\\/interdiamant.com\\\/wp-content\\\/uploads\\\/2026\\\/03\\\/Gemini_Generated_Image_dhlbpedhlbpedhlb-1.png\",\"contentUrl\":\"https:\\\/\\\/interdiamant.com\\\/wp-content\\\/uploads\\\/2026\\\/03\\\/Gemini_Generated_Image_dhlbpedhlbpedhlb-1.png\",\"width\":1024,\"height\":1024},{\"@type\":\"BreadcrumbList\",\"@id\":\"https:\\\/\\\/interdiamant.com\\\/de\\\/produkt\\\/interdiamant-id-vac-typ-h-bo\\\/#breadcrumb\",\"itemListElement\":[{\"@type\":\"ListItem\",\"position\":1,\"name\":\"Heim\",\"item\":\"https:\\\/\\\/interdiamant.com\\\/de\\\/\"},{\"@type\":\"ListItem\",\"position\":2,\"name\":\"Shop\",\"item\":\"https:\\\/\\\/interdiamant.com\\\/shop\\\/\"},{\"@type\":\"ListItem\",\"position\":3,\"name\":\"INTERDIAMANT ID VAC Typ H BO\"}]},{\"@type\":\"WebSite\",\"@id\":\"https:\\\/\\\/interdiamant.com\\\/de\\\/#website\",\"url\":\"https:\\\/\\\/interdiamant.com\\\/de\\\/\",\"name\":\"Interdiamant\",\"description\":\"\",\"publisher\":{\"@id\":\"https:\\\/\\\/interdiamant.com\\\/de\\\/#organization\"},\"potentialAction\":[{\"@type\":\"SearchAction\",\"target\":{\"@type\":\"EntryPoint\",\"urlTemplate\":\"https:\\\/\\\/interdiamant.com\\\/de\\\/?s={search_term_string}\"},\"query-input\":{\"@type\":\"PropertyValueSpecification\",\"valueRequired\":true,\"valueName\":\"search_term_string\"}}],\"inLanguage\":\"de\"},{\"@type\":\"Organization\",\"@id\":\"https:\\\/\\\/interdiamant.com\\\/de\\\/#organization\",\"name\":\"Interdiamant\",\"url\":\"https:\\\/\\\/interdiamant.com\\\/de\\\/\",\"logo\":{\"@type\":\"ImageObject\",\"inLanguage\":\"de\",\"@id\":\"https:\\\/\\\/interdiamant.com\\\/de\\\/#\\\/schema\\\/logo\\\/image\\\/\",\"url\":\"https:\\\/\\\/interdiamant.com\\\/wp-content\\\/uploads\\\/2026\\\/01\\\/Logo-Interdiamant.svg\",\"contentUrl\":\"https:\\\/\\\/interdiamant.com\\\/wp-content\\\/uploads\\\/2026\\\/01\\\/Logo-Interdiamant.svg\",\"width\":1,\"height\":1,\"caption\":\"Interdiamant\"},\"image\":{\"@id\":\"https:\\\/\\\/interdiamant.com\\\/de\\\/#\\\/schema\\\/logo\\\/image\\\/\"}}]}<\/script>\n<!-- \/ Yoast SEO plugin. -->","yoast_head_json":{"title":"INTERDIAMANT ID VAC Typ H BO | Interdiamant","robots":{"index":"index","follow":"follow","max-snippet":"max-snippet:-1","max-image-preview":"max-image-preview:large","max-video-preview":"max-video-preview:-1"},"canonical":"https:\/\/interdiamant.com\/de\/produkt\/interdiamant-id-vac-typ-h-bo\/","og_locale":"de_DE","og_type":"article","og_title":"INTERDIAMANT ID VAC Typ H BO | Interdiamant","og_description":"InterDiamant ID VAC Typ H BO: Der batteriebetriebene Sicherheitsstandard Steigern Sie die Sicherheit auf Ihrer Baustelle mit dem InterDiamant ID VAC Typ H BO . Dieser Industriesauger wurde speziell f\u00fcr Fachleute im Bereich Oberfl\u00e4chenbehandlung und Bauwesen entwickelt und ist von einer unabh\u00e4ngigen Pr\u00fcfstelle f\u00fcr die Staubabsaugung der Klasse H (IEC 60335-2-69:2021) zertifiziert. Der ID VAC [&hellip;]","og_url":"https:\/\/interdiamant.com\/de\/produkt\/interdiamant-id-vac-typ-h-bo\/","og_site_name":"Interdiamant","og_image":[{"width":1024,"height":1024,"url":"https:\/\/interdiamant.com\/wp-content\/uploads\/2026\/03\/Gemini_Generated_Image_dhlbpedhlbpedhlb-1.png","type":"image\/png"}],"twitter_card":"summary_large_image","twitter_misc":{"Gesch\u00e4tzte Lesezeit":"2\u00a0Minute"},"schema":{"@context":"https:\/\/schema.org","@graph":[{"@type":"WebPage","@id":"https:\/\/interdiamant.com\/de\/produkt\/interdiamant-id-vac-typ-h-bo\/","url":"https:\/\/interdiamant.com\/de\/produkt\/interdiamant-id-vac-typ-h-bo\/","name":"INTERDIAMANT ID VAC Typ H BO | Interdiamant","isPartOf":{"@id":"https:\/\/interdiamant.com\/de\/#website"},"primaryImageOfPage":{"@id":"https:\/\/interdiamant.com\/de\/produkt\/interdiamant-id-vac-typ-h-bo\/#primaryimage"},"image":{"@id":"https:\/\/interdiamant.com\/de\/produkt\/interdiamant-id-vac-typ-h-bo\/#primaryimage"},"thumbnailUrl":"https:\/\/interdiamant.com\/wp-content\/uploads\/2026\/03\/Gemini_Generated_Image_dhlbpedhlbpedhlb-1.png","datePublished":"2026-03-23T15:29:03+00:00","breadcrumb":{"@id":"https:\/\/interdiamant.com\/de\/produkt\/interdiamant-id-vac-typ-h-bo\/#breadcrumb"},"inLanguage":"de","potentialAction":[{"@type":"ReadAction","target":["https:\/\/interdiamant.com\/de\/produkt\/interdiamant-id-vac-typ-h-bo\/"]}]},{"@type":"ImageObject","inLanguage":"de","@id":"https:\/\/interdiamant.com\/de\/produkt\/interdiamant-id-vac-typ-h-bo\/#primaryimage","url":"https:\/\/interdiamant.com\/wp-content\/uploads\/2026\/03\/Gemini_Generated_Image_dhlbpedhlbpedhlb-1.png","contentUrl":"https:\/\/interdiamant.com\/wp-content\/uploads\/2026\/03\/Gemini_Generated_Image_dhlbpedhlbpedhlb-1.png","width":1024,"height":1024},{"@type":"BreadcrumbList","@id":"https:\/\/interdiamant.com\/de\/produkt\/interdiamant-id-vac-typ-h-bo\/#breadcrumb","itemListElement":[{"@type":"ListItem","position":1,"name":"Heim","item":"https:\/\/interdiamant.com\/de\/"},{"@type":"ListItem","position":2,"name":"Shop","item":"https:\/\/interdiamant.com\/shop\/"},{"@type":"ListItem","position":3,"name":"INTERDIAMANT ID VAC Typ H BO"}]},{"@type":"WebSite","@id":"https:\/\/interdiamant.com\/de\/#website","url":"https:\/\/interdiamant.com\/de\/","name":"Interdiamant","description":"","publisher":{"@id":"https:\/\/interdiamant.com\/de\/#organization"},"potentialAction":[{"@type":"SearchAction","target":{"@type":"EntryPoint","urlTemplate":"https:\/\/interdiamant.com\/de\/?s={search_term_string}"},"query-input":{"@type":"PropertyValueSpecification","valueRequired":true,"valueName":"search_term_string"}}],"inLanguage":"de"},{"@type":"Organization","@id":"https:\/\/interdiamant.com\/de\/#organization","name":"Interdiamant","url":"https:\/\/interdiamant.com\/de\/","logo":{"@type":"ImageObject","inLanguage":"de","@id":"https:\/\/interdiamant.com\/de\/#\/schema\/logo\/image\/","url":"https:\/\/interdiamant.com\/wp-content\/uploads\/2026\/01\/Logo-Interdiamant.svg","contentUrl":"https:\/\/interdiamant.com\/wp-content\/uploads\/2026\/01\/Logo-Interdiamant.svg","width":1,"height":1,"caption":"Interdiamant"},"image":{"@id":"https:\/\/interdiamant.com\/de\/#\/schema\/logo\/image\/"}}]}},"_links":{"self":[{"href":"https:\/\/interdiamant.com\/de\/wp-json\/wp\/v2\/product\/7452","targetHints":{"allow":["GET"]}}],"collection":[{"href":"https:\/\/interdiamant.com\/de\/wp-json\/wp\/v2\/product"}],"about":[{"href":"https:\/\/interdiamant.com\/de\/wp-json\/wp\/v2\/types\/product"}],"wp:featuredmedia":[{"embeddable":true,"href":"https:\/\/interdiamant.com\/de\/wp-json\/wp\/v2\/media\/7058"}],"wp:attachment":[{"href":"https:\/\/interdiamant.com\/de\/wp-json\/wp\/v2\/media?parent=7452"}],"wp:term":[{"taxonomy":"product_brand","embeddable":true,"href":"https:\/\/interdiamant.com\/de\/wp-json\/wp\/v2\/product_brand?post=7452"},{"taxonomy":"product_cat","embeddable":true,"href":"https:\/\/interdiamant.com\/de\/wp-json\/wp\/v2\/product_cat?post=7452"},{"taxonomy":"product_tag","embeddable":true,"href":"https:\/\/interdiamant.com\/de\/wp-json\/wp\/v2\/product_tag?post=7452"}],"curies":[{"name":"wp","href":"https:\/\/api.w.org\/{rel}","templated":true}]}}