{"id":7411,"date":"2026-04-08T12:03:35","date_gmt":"2026-04-08T10:03:35","guid":{"rendered":"https:\/\/interdiamant.com\/product\/interdiamant-3dp-xpa-trennscheibe-45-fasenscheibe-v-schnitt\/"},"modified":"2026-04-08T12:03:35","modified_gmt":"2026-04-08T10:03:35","slug":"interdiamant-3dp-xpa-trennscheibe-45-fasenscheibe-v-schnitt","status":"publish","type":"product","link":"https:\/\/interdiamant.com\/de\/produkt\/interdiamant-3dp-xpa-trennscheibe-45-fasenscheibe-v-schnitt\/","title":{"rendered":"InterDiamant 3DP-XPA Trennscheibe | 45\u00b0-Fasenscheibe | V-Schnitt"},"content":{"rendered":"<p>SCHLEIMF \u2013 Spezial<br \/>\n Hochwertige Diamanttrennscheibe f\u00fcr Bodens\u00e4gen, speziell entwickelt zum Schneiden und Anfasen von Beton oder Asphalt. Dieses Spezialwerkzeug kombiniert hohe Schnittgeschwindigkeit mit einer abgeschr\u00e4gten Segmentgeometrie und erm\u00f6glicht so eine professionelle 45\u00b0-Fuge in nur einem Arbeitsgang. <\/p>\n<p>Dieses Set besteht aus zwei 45\u00b0-Fasenmessern (zweiteilig) mit 280 mm Durchmesser. \u00dcblicherweise wird es mit einem Schleifmesser mit 300 mm oder 350 mm Durchmesser kombiniert. Auch als einteiliges Fasenmesser mit 280 mm Durchmesser erh\u00e4ltlich.  <\/p>\n<p>3D-Diamantpositionierung (3DP)<br \/>\n Dieses Werkzeug nutzt 3D-Drucktechnologie der n\u00e4chsten Generation. Im Gegensatz zur herk\u00f6mmlichen zuf\u00e4lligen Verteilung werden die Diamanten mit hoher Pr\u00e4zision im gesamten Segment positioniert, was zu Folgendem f\u00fchrt: <\/p>\n<p>Bis zu 92 % mehr aktive Schneidkanten.<\/p>\n<p>Bis zu 87 % h\u00f6here Schnittgeschwindigkeit.<\/p>\n<p>Gleichbleibender Verschlei\u00df und gleichbleibende Leistung \u00fcber die gesamte Lebensdauer.<\/p>\n<p>Reduzierte Vibrationen und geringere W\u00e4rmeentwicklung.<\/p>\n<p>Verarbeitung<br \/>\n Nass \u2013 Optimiert f\u00fcr Bodens\u00e4gen<\/p>\n<p>oSa-zertifizierte Produktionsstandards.<\/p>\n<p>Kobaltfreie Segmente f\u00fcr mehr Umweltsicherheit.<\/p>\n<p>Lasergeschwei\u00dft f\u00fcr maximale Haltbarkeit und optimalen Schutz des Bedieners.<\/p>\n","protected":false},"excerpt":{"rendered":"<p>SCHLEIMF \u2013 Spezial Hochwertige Diamanttrennscheibe f\u00fcr Bodens\u00e4gen, speziell entwickelt zum Schneiden und Anfasen von Beton oder Asphalt. Dieses Spezialwerkzeug kombiniert hohe Schnittgeschwindigkeit mit einer abgeschr\u00e4gten Segmentgeometrie und erm\u00f6glicht so eine professionelle 45\u00b0-Fuge in nur einem Arbeitsgang. Dieses Set besteht aus zwei 45\u00b0-Fasenmessern (zweiteilig) mit 280 mm Durchmesser. \u00dcblicherweise wird es mit einem Schleifmesser mit 300 [&hellip;]<\/p>\n","protected":false},"featured_media":7440,"template":"","meta":{"_et_pb_use_builder":"","_et_pb_old_content":"","_et_gb_content_width":""},"product_brand":[],"product_cat":[600],"product_tag":[],"class_list":{"0":"post-7411","1":"product","2":"type-product","3":"status-publish","4":"has-post-thumbnail","6":"product_cat-sonderausfuhrungen","8":"first","9":"instock","10":"taxable","11":"shipping-taxable","12":"purchasable","13":"product-type-variable"},"bundled_by":[],"bundle_stock_status":"instock","bundle_stock_quantity":null,"bundle_virtual":false,"bundle_layout":"","bundle_add_to_cart_form_location":"","bundle_editable_in_cart":false,"bundle_sold_individually_context":"","bundle_item_grouping":"","bundle_min_size":"","bundle_max_size":"","bundle_price":[],"bundled_items":[],"bundle_sell_ids":[],"yoast_head":"<!-- This site is optimized with the Yoast SEO plugin v27.4 - https:\/\/yoast.com\/product\/yoast-seo-wordpress\/ -->\n<title>InterDiamant 3DP-XPA Trennscheibe | 45\u00b0-Fasenscheibe | V-Schnitt | Interdiamant<\/title>\n<meta name=\"robots\" content=\"index, follow, max-snippet:-1, max-image-preview:large, max-video-preview:-1\" \/>\n<link rel=\"canonical\" href=\"https:\/\/interdiamant.com\/de\/produkt\/interdiamant-3dp-xpa-trennscheibe-45-fasenscheibe-v-schnitt\/\" \/>\n<meta property=\"og:locale\" content=\"de_DE\" \/>\n<meta property=\"og:type\" content=\"article\" \/>\n<meta property=\"og:title\" content=\"InterDiamant 3DP-XPA Trennscheibe | 45\u00b0-Fasenscheibe | V-Schnitt | Interdiamant\" \/>\n<meta property=\"og:description\" content=\"SCHLEIMF \u2013 Spezial Hochwertige Diamanttrennscheibe f\u00fcr Bodens\u00e4gen, speziell entwickelt zum Schneiden und Anfasen von Beton oder Asphalt. Dieses Spezialwerkzeug kombiniert hohe Schnittgeschwindigkeit mit einer abgeschr\u00e4gten Segmentgeometrie und erm\u00f6glicht so eine professionelle 45\u00b0-Fuge in nur einem Arbeitsgang. Dieses Set besteht aus zwei 45\u00b0-Fasenmessern (zweiteilig) mit 280 mm Durchmesser. \u00dcblicherweise wird es mit einem Schleifmesser mit 300 [&hellip;]\" \/>\n<meta property=\"og:url\" content=\"https:\/\/interdiamant.com\/de\/produkt\/interdiamant-3dp-xpa-trennscheibe-45-fasenscheibe-v-schnitt\/\" \/>\n<meta property=\"og:site_name\" content=\"Interdiamant\" \/>\n<meta property=\"og:image\" content=\"https:\/\/interdiamant.com\/wp-content\/uploads\/2026\/04\/Chamfering-Blade-with-Looping-Blade-3DP-e1775642572414.png\" \/>\n\t<meta property=\"og:image:width\" content=\"267\" \/>\n\t<meta property=\"og:image:height\" content=\"598\" \/>\n\t<meta property=\"og:image:type\" content=\"image\/png\" \/>\n<meta name=\"twitter:card\" content=\"summary_large_image\" \/>\n<meta name=\"twitter:label1\" content=\"Gesch\u00e4tzte Lesezeit\" \/>\n\t<meta name=\"twitter:data1\" content=\"1\u00a0Minute\" \/>\n<script type=\"application\/ld+json\" class=\"yoast-schema-graph\">{\"@context\":\"https:\\\/\\\/schema.org\",\"@graph\":[{\"@type\":\"WebPage\",\"@id\":\"https:\\\/\\\/interdiamant.com\\\/de\\\/produkt\\\/interdiamant-3dp-xpa-trennscheibe-45-fasenscheibe-v-schnitt\\\/\",\"url\":\"https:\\\/\\\/interdiamant.com\\\/de\\\/produkt\\\/interdiamant-3dp-xpa-trennscheibe-45-fasenscheibe-v-schnitt\\\/\",\"name\":\"InterDiamant 3DP-XPA Trennscheibe | 45\u00b0-Fasenscheibe | V-Schnitt | Interdiamant\",\"isPartOf\":{\"@id\":\"https:\\\/\\\/interdiamant.com\\\/de\\\/#website\"},\"primaryImageOfPage\":{\"@id\":\"https:\\\/\\\/interdiamant.com\\\/de\\\/produkt\\\/interdiamant-3dp-xpa-trennscheibe-45-fasenscheibe-v-schnitt\\\/#primaryimage\"},\"image\":{\"@id\":\"https:\\\/\\\/interdiamant.com\\\/de\\\/produkt\\\/interdiamant-3dp-xpa-trennscheibe-45-fasenscheibe-v-schnitt\\\/#primaryimage\"},\"thumbnailUrl\":\"https:\\\/\\\/interdiamant.com\\\/wp-content\\\/uploads\\\/2026\\\/04\\\/Untitled-16.png\",\"datePublished\":\"2026-04-08T10:03:35+00:00\",\"breadcrumb\":{\"@id\":\"https:\\\/\\\/interdiamant.com\\\/de\\\/produkt\\\/interdiamant-3dp-xpa-trennscheibe-45-fasenscheibe-v-schnitt\\\/#breadcrumb\"},\"inLanguage\":\"de\",\"potentialAction\":[{\"@type\":\"ReadAction\",\"target\":[\"https:\\\/\\\/interdiamant.com\\\/de\\\/produkt\\\/interdiamant-3dp-xpa-trennscheibe-45-fasenscheibe-v-schnitt\\\/\"]}]},{\"@type\":\"ImageObject\",\"inLanguage\":\"de\",\"@id\":\"https:\\\/\\\/interdiamant.com\\\/de\\\/produkt\\\/interdiamant-3dp-xpa-trennscheibe-45-fasenscheibe-v-schnitt\\\/#primaryimage\",\"url\":\"https:\\\/\\\/interdiamant.com\\\/wp-content\\\/uploads\\\/2026\\\/04\\\/Untitled-16.png\",\"contentUrl\":\"https:\\\/\\\/interdiamant.com\\\/wp-content\\\/uploads\\\/2026\\\/04\\\/Untitled-16.png\",\"width\":906,\"height\":600},{\"@type\":\"BreadcrumbList\",\"@id\":\"https:\\\/\\\/interdiamant.com\\\/de\\\/produkt\\\/interdiamant-3dp-xpa-trennscheibe-45-fasenscheibe-v-schnitt\\\/#breadcrumb\",\"itemListElement\":[{\"@type\":\"ListItem\",\"position\":1,\"name\":\"Heim\",\"item\":\"https:\\\/\\\/interdiamant.com\\\/de\\\/\"},{\"@type\":\"ListItem\",\"position\":2,\"name\":\"Shop\",\"item\":\"https:\\\/\\\/interdiamant.com\\\/shop\\\/\"},{\"@type\":\"ListItem\",\"position\":3,\"name\":\"InterDiamant 3DP-XPA Trennscheibe | 45\u00b0-Fasenscheibe | V-Schnitt\"}]},{\"@type\":\"WebSite\",\"@id\":\"https:\\\/\\\/interdiamant.com\\\/de\\\/#website\",\"url\":\"https:\\\/\\\/interdiamant.com\\\/de\\\/\",\"name\":\"Interdiamant\",\"description\":\"\",\"publisher\":{\"@id\":\"https:\\\/\\\/interdiamant.com\\\/de\\\/#organization\"},\"potentialAction\":[{\"@type\":\"SearchAction\",\"target\":{\"@type\":\"EntryPoint\",\"urlTemplate\":\"https:\\\/\\\/interdiamant.com\\\/de\\\/?s={search_term_string}\"},\"query-input\":{\"@type\":\"PropertyValueSpecification\",\"valueRequired\":true,\"valueName\":\"search_term_string\"}}],\"inLanguage\":\"de\"},{\"@type\":\"Organization\",\"@id\":\"https:\\\/\\\/interdiamant.com\\\/de\\\/#organization\",\"name\":\"Interdiamant\",\"url\":\"https:\\\/\\\/interdiamant.com\\\/de\\\/\",\"logo\":{\"@type\":\"ImageObject\",\"inLanguage\":\"de\",\"@id\":\"https:\\\/\\\/interdiamant.com\\\/de\\\/#\\\/schema\\\/logo\\\/image\\\/\",\"url\":\"https:\\\/\\\/interdiamant.com\\\/wp-content\\\/uploads\\\/2026\\\/01\\\/Logo-Interdiamant.svg\",\"contentUrl\":\"https:\\\/\\\/interdiamant.com\\\/wp-content\\\/uploads\\\/2026\\\/01\\\/Logo-Interdiamant.svg\",\"width\":1,\"height\":1,\"caption\":\"Interdiamant\"},\"image\":{\"@id\":\"https:\\\/\\\/interdiamant.com\\\/de\\\/#\\\/schema\\\/logo\\\/image\\\/\"}}]}<\/script>\n<!-- \/ Yoast SEO plugin. -->","yoast_head_json":{"title":"InterDiamant 3DP-XPA Trennscheibe | 45\u00b0-Fasenscheibe | V-Schnitt | Interdiamant","robots":{"index":"index","follow":"follow","max-snippet":"max-snippet:-1","max-image-preview":"max-image-preview:large","max-video-preview":"max-video-preview:-1"},"canonical":"https:\/\/interdiamant.com\/de\/produkt\/interdiamant-3dp-xpa-trennscheibe-45-fasenscheibe-v-schnitt\/","og_locale":"de_DE","og_type":"article","og_title":"InterDiamant 3DP-XPA Trennscheibe | 45\u00b0-Fasenscheibe | V-Schnitt | Interdiamant","og_description":"SCHLEIMF \u2013 Spezial Hochwertige Diamanttrennscheibe f\u00fcr Bodens\u00e4gen, speziell entwickelt zum Schneiden und Anfasen von Beton oder Asphalt. Dieses Spezialwerkzeug kombiniert hohe Schnittgeschwindigkeit mit einer abgeschr\u00e4gten Segmentgeometrie und erm\u00f6glicht so eine professionelle 45\u00b0-Fuge in nur einem Arbeitsgang. Dieses Set besteht aus zwei 45\u00b0-Fasenmessern (zweiteilig) mit 280 mm Durchmesser. \u00dcblicherweise wird es mit einem Schleifmesser mit 300 [&hellip;]","og_url":"https:\/\/interdiamant.com\/de\/produkt\/interdiamant-3dp-xpa-trennscheibe-45-fasenscheibe-v-schnitt\/","og_site_name":"Interdiamant","og_image":[{"width":267,"height":598,"url":"https:\/\/interdiamant.com\/wp-content\/uploads\/2026\/04\/Chamfering-Blade-with-Looping-Blade-3DP-e1775642572414.png","type":"image\/png"}],"twitter_card":"summary_large_image","twitter_misc":{"Gesch\u00e4tzte Lesezeit":"1\u00a0Minute"},"schema":{"@context":"https:\/\/schema.org","@graph":[{"@type":"WebPage","@id":"https:\/\/interdiamant.com\/de\/produkt\/interdiamant-3dp-xpa-trennscheibe-45-fasenscheibe-v-schnitt\/","url":"https:\/\/interdiamant.com\/de\/produkt\/interdiamant-3dp-xpa-trennscheibe-45-fasenscheibe-v-schnitt\/","name":"InterDiamant 3DP-XPA Trennscheibe | 45\u00b0-Fasenscheibe | V-Schnitt | Interdiamant","isPartOf":{"@id":"https:\/\/interdiamant.com\/de\/#website"},"primaryImageOfPage":{"@id":"https:\/\/interdiamant.com\/de\/produkt\/interdiamant-3dp-xpa-trennscheibe-45-fasenscheibe-v-schnitt\/#primaryimage"},"image":{"@id":"https:\/\/interdiamant.com\/de\/produkt\/interdiamant-3dp-xpa-trennscheibe-45-fasenscheibe-v-schnitt\/#primaryimage"},"thumbnailUrl":"https:\/\/interdiamant.com\/wp-content\/uploads\/2026\/04\/Untitled-16.png","datePublished":"2026-04-08T10:03:35+00:00","breadcrumb":{"@id":"https:\/\/interdiamant.com\/de\/produkt\/interdiamant-3dp-xpa-trennscheibe-45-fasenscheibe-v-schnitt\/#breadcrumb"},"inLanguage":"de","potentialAction":[{"@type":"ReadAction","target":["https:\/\/interdiamant.com\/de\/produkt\/interdiamant-3dp-xpa-trennscheibe-45-fasenscheibe-v-schnitt\/"]}]},{"@type":"ImageObject","inLanguage":"de","@id":"https:\/\/interdiamant.com\/de\/produkt\/interdiamant-3dp-xpa-trennscheibe-45-fasenscheibe-v-schnitt\/#primaryimage","url":"https:\/\/interdiamant.com\/wp-content\/uploads\/2026\/04\/Untitled-16.png","contentUrl":"https:\/\/interdiamant.com\/wp-content\/uploads\/2026\/04\/Untitled-16.png","width":906,"height":600},{"@type":"BreadcrumbList","@id":"https:\/\/interdiamant.com\/de\/produkt\/interdiamant-3dp-xpa-trennscheibe-45-fasenscheibe-v-schnitt\/#breadcrumb","itemListElement":[{"@type":"ListItem","position":1,"name":"Heim","item":"https:\/\/interdiamant.com\/de\/"},{"@type":"ListItem","position":2,"name":"Shop","item":"https:\/\/interdiamant.com\/shop\/"},{"@type":"ListItem","position":3,"name":"InterDiamant 3DP-XPA Trennscheibe | 45\u00b0-Fasenscheibe | V-Schnitt"}]},{"@type":"WebSite","@id":"https:\/\/interdiamant.com\/de\/#website","url":"https:\/\/interdiamant.com\/de\/","name":"Interdiamant","description":"","publisher":{"@id":"https:\/\/interdiamant.com\/de\/#organization"},"potentialAction":[{"@type":"SearchAction","target":{"@type":"EntryPoint","urlTemplate":"https:\/\/interdiamant.com\/de\/?s={search_term_string}"},"query-input":{"@type":"PropertyValueSpecification","valueRequired":true,"valueName":"search_term_string"}}],"inLanguage":"de"},{"@type":"Organization","@id":"https:\/\/interdiamant.com\/de\/#organization","name":"Interdiamant","url":"https:\/\/interdiamant.com\/de\/","logo":{"@type":"ImageObject","inLanguage":"de","@id":"https:\/\/interdiamant.com\/de\/#\/schema\/logo\/image\/","url":"https:\/\/interdiamant.com\/wp-content\/uploads\/2026\/01\/Logo-Interdiamant.svg","contentUrl":"https:\/\/interdiamant.com\/wp-content\/uploads\/2026\/01\/Logo-Interdiamant.svg","width":1,"height":1,"caption":"Interdiamant"},"image":{"@id":"https:\/\/interdiamant.com\/de\/#\/schema\/logo\/image\/"}}]}},"_links":{"self":[{"href":"https:\/\/interdiamant.com\/de\/wp-json\/wp\/v2\/product\/7411","targetHints":{"allow":["GET"]}}],"collection":[{"href":"https:\/\/interdiamant.com\/de\/wp-json\/wp\/v2\/product"}],"about":[{"href":"https:\/\/interdiamant.com\/de\/wp-json\/wp\/v2\/types\/product"}],"wp:featuredmedia":[{"embeddable":true,"href":"https:\/\/interdiamant.com\/de\/wp-json\/wp\/v2\/media\/7440"}],"wp:attachment":[{"href":"https:\/\/interdiamant.com\/de\/wp-json\/wp\/v2\/media?parent=7411"}],"wp:term":[{"taxonomy":"product_brand","embeddable":true,"href":"https:\/\/interdiamant.com\/de\/wp-json\/wp\/v2\/product_brand?post=7411"},{"taxonomy":"product_cat","embeddable":true,"href":"https:\/\/interdiamant.com\/de\/wp-json\/wp\/v2\/product_cat?post=7411"},{"taxonomy":"product_tag","embeddable":true,"href":"https:\/\/interdiamant.com\/de\/wp-json\/wp\/v2\/product_tag?post=7411"}],"curies":[{"name":"wp","href":"https:\/\/api.w.org\/{rel}","templated":true}]}}