{"id":3847,"date":"2026-02-02T17:04:49","date_gmt":"2026-02-02T16:04:49","guid":{"rendered":"https:\/\/interdiamant.com\/product\/interdiamant-3dp-xpd-dosensenker\/"},"modified":"2026-02-02T17:04:49","modified_gmt":"2026-02-02T16:04:49","slug":"interdiamant-3dp-xpd-dosensenker","status":"publish","type":"product","link":"https:\/\/interdiamant.com\/de\/produkt\/interdiamant-3dp-xpd-dosensenker\/","title":{"rendered":"InterDiamant 3DP-XPD Dosensenker"},"content":{"rendered":"<p>SOFT \u2013 F\u00fcr weichen Beton und Mauerwerksmaterialien<\/p>\n<p>Dieser Dosensenker f\u00fcr weichen Beton mit SOFT-Klassifizierung wurde speziell f\u00fcr Materialien mit geringer H\u00e4rte und begrenzter Verschlei\u00dffestigkeit entwickelt. Dank der h\u00e4rteren Bindung wird der Diamant schnell freigesetzt, was zu einer hohen Schnitt- und Bohrgeschwindigkeit sowie sofortiger Leistung f\u00fchrt. <\/p>\n<p>Geeignet f\u00fcr Anwendungen wie Kalksandstein, Porenbetonsteine, Zellularbeton und Leichtbeton (C20\/25). Ideal f\u00fcr nichttragende W\u00e4nde, Randsteinelemente, Z\u00e4une und leichte Fundamente. <\/p>\n<p>Das optimale Verh\u00e4ltnis zwischen Bindung und Diamant verhindert Zusetzen und unn\u00f6tigen W\u00e4rmestau. Das sorgt f\u00fcr effizientes Arbeiten und konstanten Materialabtrag. <\/p>\n<p>Hinweis: Verwenden Sie diese Klassifizierung ausschlie\u00dflich f\u00fcr weiche Materialien. In h\u00e4rterem Beton steigt der Verschlei\u00df zu schnell. <\/p>\n","protected":false},"excerpt":{"rendered":"<p>SOFT \u2013 F\u00fcr weichen Beton und Mauerwerksmaterialien Dieser Dosensenker f\u00fcr weichen Beton mit SOFT-Klassifizierung wurde speziell f\u00fcr Materialien mit geringer H\u00e4rte und begrenzter Verschlei\u00dffestigkeit entwickelt. Dank der h\u00e4rteren Bindung wird der Diamant schnell freigesetzt, was zu einer hohen Schnitt- und Bohrgeschwindigkeit sowie sofortiger Leistung f\u00fchrt. Geeignet f\u00fcr Anwendungen wie Kalksandstein, Porenbetonsteine, Zellularbeton und Leichtbeton (C20\/25). [&hellip;]<\/p>\n","protected":false},"featured_media":8085,"template":"","meta":{"_et_pb_use_builder":"","_et_pb_old_content":"","_et_gb_content_width":""},"product_brand":[],"product_cat":[91],"product_tag":[],"class_list":{"0":"post-3847","1":"product","2":"type-product","3":"status-publish","4":"has-post-thumbnail","6":"product_cat-specials","8":"first","9":"instock","10":"taxable","11":"shipping-taxable","12":"purchasable","13":"product-type-variable"},"bundled_by":[],"bundle_stock_status":"instock","bundle_stock_quantity":null,"bundle_virtual":false,"bundle_layout":"","bundle_add_to_cart_form_location":"","bundle_editable_in_cart":false,"bundle_sold_individually_context":"","bundle_item_grouping":"","bundle_min_size":"","bundle_max_size":"","bundle_price":[],"bundled_items":[],"bundle_sell_ids":[],"yoast_head":"<!-- This site is optimized with the Yoast SEO plugin v27.4 - https:\/\/yoast.com\/product\/yoast-seo-wordpress\/ -->\n<title>InterDiamant 3DP-XPD Dosensenker | Interdiamant<\/title>\n<meta name=\"robots\" content=\"index, follow, max-snippet:-1, max-image-preview:large, max-video-preview:-1\" \/>\n<link rel=\"canonical\" href=\"https:\/\/interdiamant.com\/de\/produkt\/interdiamant-3dp-xpd-dosensenker\/\" \/>\n<meta property=\"og:locale\" content=\"de_DE\" \/>\n<meta property=\"og:type\" content=\"article\" \/>\n<meta property=\"og:title\" content=\"InterDiamant 3DP-XPD Dosensenker | Interdiamant\" \/>\n<meta property=\"og:description\" content=\"SOFT \u2013 F\u00fcr weichen Beton und Mauerwerksmaterialien Dieser Dosensenker f\u00fcr weichen Beton mit SOFT-Klassifizierung wurde speziell f\u00fcr Materialien mit geringer H\u00e4rte und begrenzter Verschlei\u00dffestigkeit entwickelt. Dank der h\u00e4rteren Bindung wird der Diamant schnell freigesetzt, was zu einer hohen Schnitt- und Bohrgeschwindigkeit sowie sofortiger Leistung f\u00fchrt. Geeignet f\u00fcr Anwendungen wie Kalksandstein, Porenbetonsteine, Zellularbeton und Leichtbeton (C20\/25). [&hellip;]\" \/>\n<meta property=\"og:url\" content=\"https:\/\/interdiamant.com\/de\/produkt\/interdiamant-3dp-xpd-dosensenker\/\" \/>\n<meta property=\"og:site_name\" content=\"Interdiamant\" \/>\n<meta property=\"og:image\" content=\"https:\/\/interdiamant.com\/wp-content\/uploads\/2026\/01\/19PC2XD-scaled.jpg\" \/>\n\t<meta property=\"og:image:width\" content=\"2880\" \/>\n\t<meta property=\"og:image:height\" content=\"2157\" \/>\n\t<meta property=\"og:image:type\" content=\"image\/jpeg\" \/>\n<meta name=\"twitter:card\" content=\"summary_large_image\" \/>\n<meta name=\"twitter:label1\" content=\"Gesch\u00e4tzte Lesezeit\" \/>\n\t<meta name=\"twitter:data1\" content=\"1\u00a0Minute\" \/>\n<script type=\"application\/ld+json\" class=\"yoast-schema-graph\">{\"@context\":\"https:\\\/\\\/schema.org\",\"@graph\":[{\"@type\":\"WebPage\",\"@id\":\"https:\\\/\\\/interdiamant.com\\\/de\\\/produkt\\\/interdiamant-3dp-xpd-dosensenker\\\/\",\"url\":\"https:\\\/\\\/interdiamant.com\\\/de\\\/produkt\\\/interdiamant-3dp-xpd-dosensenker\\\/\",\"name\":\"InterDiamant 3DP-XPD Dosensenker | Interdiamant\",\"isPartOf\":{\"@id\":\"https:\\\/\\\/interdiamant.com\\\/de\\\/#website\"},\"primaryImageOfPage\":{\"@id\":\"https:\\\/\\\/interdiamant.com\\\/de\\\/produkt\\\/interdiamant-3dp-xpd-dosensenker\\\/#primaryimage\"},\"image\":{\"@id\":\"https:\\\/\\\/interdiamant.com\\\/de\\\/produkt\\\/interdiamant-3dp-xpd-dosensenker\\\/#primaryimage\"},\"thumbnailUrl\":\"https:\\\/\\\/interdiamant.com\\\/wp-content\\\/uploads\\\/2026\\\/01\\\/19PC2XD-scaled.jpg\",\"datePublished\":\"2026-02-02T16:04:49+00:00\",\"breadcrumb\":{\"@id\":\"https:\\\/\\\/interdiamant.com\\\/de\\\/produkt\\\/interdiamant-3dp-xpd-dosensenker\\\/#breadcrumb\"},\"inLanguage\":\"de\",\"potentialAction\":[{\"@type\":\"ReadAction\",\"target\":[\"https:\\\/\\\/interdiamant.com\\\/de\\\/produkt\\\/interdiamant-3dp-xpd-dosensenker\\\/\"]}]},{\"@type\":\"ImageObject\",\"inLanguage\":\"de\",\"@id\":\"https:\\\/\\\/interdiamant.com\\\/de\\\/produkt\\\/interdiamant-3dp-xpd-dosensenker\\\/#primaryimage\",\"url\":\"https:\\\/\\\/interdiamant.com\\\/wp-content\\\/uploads\\\/2026\\\/01\\\/19PC2XD-scaled.jpg\",\"contentUrl\":\"https:\\\/\\\/interdiamant.com\\\/wp-content\\\/uploads\\\/2026\\\/01\\\/19PC2XD-scaled.jpg\",\"width\":2880,\"height\":2157},{\"@type\":\"BreadcrumbList\",\"@id\":\"https:\\\/\\\/interdiamant.com\\\/de\\\/produkt\\\/interdiamant-3dp-xpd-dosensenker\\\/#breadcrumb\",\"itemListElement\":[{\"@type\":\"ListItem\",\"position\":1,\"name\":\"Heim\",\"item\":\"https:\\\/\\\/interdiamant.com\\\/de\\\/\"},{\"@type\":\"ListItem\",\"position\":2,\"name\":\"Shop\",\"item\":\"https:\\\/\\\/interdiamant.com\\\/shop\\\/\"},{\"@type\":\"ListItem\",\"position\":3,\"name\":\"InterDiamant 3DP-XPD Dosensenker\"}]},{\"@type\":\"WebSite\",\"@id\":\"https:\\\/\\\/interdiamant.com\\\/de\\\/#website\",\"url\":\"https:\\\/\\\/interdiamant.com\\\/de\\\/\",\"name\":\"Interdiamant\",\"description\":\"\",\"publisher\":{\"@id\":\"https:\\\/\\\/interdiamant.com\\\/de\\\/#organization\"},\"potentialAction\":[{\"@type\":\"SearchAction\",\"target\":{\"@type\":\"EntryPoint\",\"urlTemplate\":\"https:\\\/\\\/interdiamant.com\\\/de\\\/?s={search_term_string}\"},\"query-input\":{\"@type\":\"PropertyValueSpecification\",\"valueRequired\":true,\"valueName\":\"search_term_string\"}}],\"inLanguage\":\"de\"},{\"@type\":\"Organization\",\"@id\":\"https:\\\/\\\/interdiamant.com\\\/de\\\/#organization\",\"name\":\"Interdiamant\",\"url\":\"https:\\\/\\\/interdiamant.com\\\/de\\\/\",\"logo\":{\"@type\":\"ImageObject\",\"inLanguage\":\"de\",\"@id\":\"https:\\\/\\\/interdiamant.com\\\/de\\\/#\\\/schema\\\/logo\\\/image\\\/\",\"url\":\"https:\\\/\\\/interdiamant.com\\\/wp-content\\\/uploads\\\/2026\\\/01\\\/Logo-Interdiamant.svg\",\"contentUrl\":\"https:\\\/\\\/interdiamant.com\\\/wp-content\\\/uploads\\\/2026\\\/01\\\/Logo-Interdiamant.svg\",\"width\":1,\"height\":1,\"caption\":\"Interdiamant\"},\"image\":{\"@id\":\"https:\\\/\\\/interdiamant.com\\\/de\\\/#\\\/schema\\\/logo\\\/image\\\/\"}}]}<\/script>\n<!-- \/ Yoast SEO plugin. -->","yoast_head_json":{"title":"InterDiamant 3DP-XPD Dosensenker | Interdiamant","robots":{"index":"index","follow":"follow","max-snippet":"max-snippet:-1","max-image-preview":"max-image-preview:large","max-video-preview":"max-video-preview:-1"},"canonical":"https:\/\/interdiamant.com\/de\/produkt\/interdiamant-3dp-xpd-dosensenker\/","og_locale":"de_DE","og_type":"article","og_title":"InterDiamant 3DP-XPD Dosensenker | Interdiamant","og_description":"SOFT \u2013 F\u00fcr weichen Beton und Mauerwerksmaterialien Dieser Dosensenker f\u00fcr weichen Beton mit SOFT-Klassifizierung wurde speziell f\u00fcr Materialien mit geringer H\u00e4rte und begrenzter Verschlei\u00dffestigkeit entwickelt. Dank der h\u00e4rteren Bindung wird der Diamant schnell freigesetzt, was zu einer hohen Schnitt- und Bohrgeschwindigkeit sowie sofortiger Leistung f\u00fchrt. Geeignet f\u00fcr Anwendungen wie Kalksandstein, Porenbetonsteine, Zellularbeton und Leichtbeton (C20\/25). [&hellip;]","og_url":"https:\/\/interdiamant.com\/de\/produkt\/interdiamant-3dp-xpd-dosensenker\/","og_site_name":"Interdiamant","og_image":[{"width":2880,"height":2157,"url":"https:\/\/interdiamant.com\/wp-content\/uploads\/2026\/01\/19PC2XD-scaled.jpg","type":"image\/jpeg"}],"twitter_card":"summary_large_image","twitter_misc":{"Gesch\u00e4tzte Lesezeit":"1\u00a0Minute"},"schema":{"@context":"https:\/\/schema.org","@graph":[{"@type":"WebPage","@id":"https:\/\/interdiamant.com\/de\/produkt\/interdiamant-3dp-xpd-dosensenker\/","url":"https:\/\/interdiamant.com\/de\/produkt\/interdiamant-3dp-xpd-dosensenker\/","name":"InterDiamant 3DP-XPD Dosensenker | Interdiamant","isPartOf":{"@id":"https:\/\/interdiamant.com\/de\/#website"},"primaryImageOfPage":{"@id":"https:\/\/interdiamant.com\/de\/produkt\/interdiamant-3dp-xpd-dosensenker\/#primaryimage"},"image":{"@id":"https:\/\/interdiamant.com\/de\/produkt\/interdiamant-3dp-xpd-dosensenker\/#primaryimage"},"thumbnailUrl":"https:\/\/interdiamant.com\/wp-content\/uploads\/2026\/01\/19PC2XD-scaled.jpg","datePublished":"2026-02-02T16:04:49+00:00","breadcrumb":{"@id":"https:\/\/interdiamant.com\/de\/produkt\/interdiamant-3dp-xpd-dosensenker\/#breadcrumb"},"inLanguage":"de","potentialAction":[{"@type":"ReadAction","target":["https:\/\/interdiamant.com\/de\/produkt\/interdiamant-3dp-xpd-dosensenker\/"]}]},{"@type":"ImageObject","inLanguage":"de","@id":"https:\/\/interdiamant.com\/de\/produkt\/interdiamant-3dp-xpd-dosensenker\/#primaryimage","url":"https:\/\/interdiamant.com\/wp-content\/uploads\/2026\/01\/19PC2XD-scaled.jpg","contentUrl":"https:\/\/interdiamant.com\/wp-content\/uploads\/2026\/01\/19PC2XD-scaled.jpg","width":2880,"height":2157},{"@type":"BreadcrumbList","@id":"https:\/\/interdiamant.com\/de\/produkt\/interdiamant-3dp-xpd-dosensenker\/#breadcrumb","itemListElement":[{"@type":"ListItem","position":1,"name":"Heim","item":"https:\/\/interdiamant.com\/de\/"},{"@type":"ListItem","position":2,"name":"Shop","item":"https:\/\/interdiamant.com\/shop\/"},{"@type":"ListItem","position":3,"name":"InterDiamant 3DP-XPD Dosensenker"}]},{"@type":"WebSite","@id":"https:\/\/interdiamant.com\/de\/#website","url":"https:\/\/interdiamant.com\/de\/","name":"Interdiamant","description":"","publisher":{"@id":"https:\/\/interdiamant.com\/de\/#organization"},"potentialAction":[{"@type":"SearchAction","target":{"@type":"EntryPoint","urlTemplate":"https:\/\/interdiamant.com\/de\/?s={search_term_string}"},"query-input":{"@type":"PropertyValueSpecification","valueRequired":true,"valueName":"search_term_string"}}],"inLanguage":"de"},{"@type":"Organization","@id":"https:\/\/interdiamant.com\/de\/#organization","name":"Interdiamant","url":"https:\/\/interdiamant.com\/de\/","logo":{"@type":"ImageObject","inLanguage":"de","@id":"https:\/\/interdiamant.com\/de\/#\/schema\/logo\/image\/","url":"https:\/\/interdiamant.com\/wp-content\/uploads\/2026\/01\/Logo-Interdiamant.svg","contentUrl":"https:\/\/interdiamant.com\/wp-content\/uploads\/2026\/01\/Logo-Interdiamant.svg","width":1,"height":1,"caption":"Interdiamant"},"image":{"@id":"https:\/\/interdiamant.com\/de\/#\/schema\/logo\/image\/"}}]}},"_links":{"self":[{"href":"https:\/\/interdiamant.com\/de\/wp-json\/wp\/v2\/product\/3847","targetHints":{"allow":["GET"]}}],"collection":[{"href":"https:\/\/interdiamant.com\/de\/wp-json\/wp\/v2\/product"}],"about":[{"href":"https:\/\/interdiamant.com\/de\/wp-json\/wp\/v2\/types\/product"}],"wp:featuredmedia":[{"embeddable":true,"href":"https:\/\/interdiamant.com\/de\/wp-json\/wp\/v2\/media\/8085"}],"wp:attachment":[{"href":"https:\/\/interdiamant.com\/de\/wp-json\/wp\/v2\/media?parent=3847"}],"wp:term":[{"taxonomy":"product_brand","embeddable":true,"href":"https:\/\/interdiamant.com\/de\/wp-json\/wp\/v2\/product_brand?post=3847"},{"taxonomy":"product_cat","embeddable":true,"href":"https:\/\/interdiamant.com\/de\/wp-json\/wp\/v2\/product_cat?post=3847"},{"taxonomy":"product_tag","embeddable":true,"href":"https:\/\/interdiamant.com\/de\/wp-json\/wp\/v2\/product_tag?post=3847"}],"curies":[{"name":"wp","href":"https:\/\/api.w.org\/{rel}","templated":true}]}}