{"id":3820,"date":"2026-02-02T17:04:44","date_gmt":"2026-02-02T16:04:44","guid":{"rendered":"https:\/\/interdiamant.com\/product\/interdiamant-3dp-xpa-saegeblatt-abrasive\/"},"modified":"2026-04-08T12:23:43","modified_gmt":"2026-04-08T10:23:43","slug":"interdiamant-3dp-xpa-saegeblatt-abrasive","status":"publish","type":"product","link":"https:\/\/interdiamant.com\/de\/produkt\/interdiamant-3dp-xpa-saegeblatt-abrasive\/","title":{"rendered":"InterDiamant 3DP-XPA Trennscheibe Abrasive"},"content":{"rendered":"<p>ABRASIVE \u2013 F\u00fcr Beton mit hohem Verschlei\u00df durch Zuschl\u00e4ge<\/p>\n<p>Diese S\u00e4ge f\u00fcr abrasiven Beton mit der Klassifizierung ABRASIVE wurde speziell f\u00fcr Beton entwickelt, bei dem w\u00e4hrend des Schneidens Zuschlagstoffe wie Granit, Quarz oder Basalt freigesetzt werden.<\/p>\n<p>Diese harten Minerale haben eine hohe Mohs-H\u00e4rte und verursachen extremen Verschlei\u00df. Das angepasste Bindemittel dieser ABRASIVE-Variante ist daf\u00fcr ausgelegt, diesen Bedingungen standzuhalten, und verhindert vorzeitigen Diamantverlust. <\/p>\n<p>Geeignet f\u00fcr Stra\u00dfenbau, Infrastrukturprojekte, Hohlkammerdecken, Spannbeton, Industrieb\u00f6den und hochbelastete Betonkonstruktionen. Gew\u00e4hrleistet eine l\u00e4ngere Werkzeugstandzeit und kontrollierten Verschlei\u00df, auch unter extremen Bedingungen. <\/p>\n<p>Hinweis:<br \/>\nUnverzichtbar, wenn sichtbar abrasiver Beton vorliegt oder Standardwerkzeuge schnell verschlei\u00dfen.<\/p>\n<p>Unsere vorgefertigten\/vorgespannten Schaufeln sind f\u00fcr Maschinen der folgenden Marken geeignet:<br \/>\n \u2013 ECHO Fertigteilbau<br \/>\n \u2013 Weiler \/ Max Truder<br \/>\n \u2013 Elematic<br \/>\n \u2013 Spiroll<br \/>\n \u2013 Excodo<br \/>\n \u2013 NordImpianti<br \/>\n \u2013 TDM-Extruder<br \/>\n \u2013 Concore<\/p>\n<p>Ihre Marke ist nicht in der Liste? Bitte kontaktieren Sie uns.   <\/p>\n","protected":false},"excerpt":{"rendered":"<p>ABRASIVE \u2013 F\u00fcr Beton mit hohem Verschlei\u00df durch Zuschl\u00e4ge Diese S\u00e4ge f\u00fcr abrasiven Beton mit der Klassifizierung ABRASIVE wurde speziell f\u00fcr Beton entwickelt, bei dem w\u00e4hrend des Schneidens Zuschlagstoffe wie Granit, Quarz oder Basalt freigesetzt werden. Diese harten Minerale haben eine hohe Mohs-H\u00e4rte und verursachen extremen Verschlei\u00df. Das angepasste Bindemittel dieser ABRASIVE-Variante ist daf\u00fcr ausgelegt, [&hellip;]<\/p>\n","protected":false},"featured_media":7117,"template":"","meta":{"_et_pb_use_builder":"","_et_pb_old_content":"","_et_gb_content_width":""},"product_brand":[],"product_cat":[308,624],"product_tag":[],"class_list":{"0":"post-3820","1":"product","2":"type-product","3":"status-publish","4":"has-post-thumbnail","6":"product_cat-sageblatt","7":"product_cat-sageblatt-abrasive","9":"first","10":"instock","11":"taxable","12":"shipping-taxable","13":"purchasable","14":"product-type-variable"},"bundled_by":[],"bundle_stock_status":"instock","bundle_stock_quantity":null,"bundle_virtual":false,"bundle_layout":"","bundle_add_to_cart_form_location":"","bundle_editable_in_cart":false,"bundle_sold_individually_context":"","bundle_item_grouping":"","bundle_min_size":"","bundle_max_size":"","bundle_price":[],"bundled_items":[],"bundle_sell_ids":[],"yoast_head":"<!-- This site is optimized with the Yoast SEO plugin v27.4 - https:\/\/yoast.com\/product\/yoast-seo-wordpress\/ -->\n<title>InterDiamant 3DP-XPA Trennscheibe Abrasive | Interdiamant<\/title>\n<meta name=\"robots\" content=\"index, follow, max-snippet:-1, max-image-preview:large, max-video-preview:-1\" \/>\n<link rel=\"canonical\" href=\"https:\/\/interdiamant.com\/de\/produkt\/interdiamant-3dp-xpa-saegeblatt-abrasive\/\" \/>\n<meta property=\"og:locale\" content=\"de_DE\" \/>\n<meta property=\"og:type\" content=\"article\" \/>\n<meta property=\"og:title\" content=\"InterDiamant 3DP-XPA Trennscheibe Abrasive | Interdiamant\" \/>\n<meta property=\"og:description\" content=\"ABRASIVE \u2013 F\u00fcr Beton mit hohem Verschlei\u00df durch Zuschl\u00e4ge Diese S\u00e4ge f\u00fcr abrasiven Beton mit der Klassifizierung ABRASIVE wurde speziell f\u00fcr Beton entwickelt, bei dem w\u00e4hrend des Schneidens Zuschlagstoffe wie Granit, Quarz oder Basalt freigesetzt werden. Diese harten Minerale haben eine hohe Mohs-H\u00e4rte und verursachen extremen Verschlei\u00df. Das angepasste Bindemittel dieser ABRASIVE-Variante ist daf\u00fcr ausgelegt, [&hellip;]\" \/>\n<meta property=\"og:url\" content=\"https:\/\/interdiamant.com\/de\/produkt\/interdiamant-3dp-xpa-saegeblatt-abrasive\/\" \/>\n<meta property=\"og:site_name\" content=\"Interdiamant\" \/>\n<meta property=\"article:modified_time\" content=\"2026-04-08T10:23:43+00:00\" \/>\n<meta property=\"og:image\" content=\"https:\/\/interdiamant.com\/wp-content\/uploads\/2026\/01\/23PFAX.jpg\" \/>\n\t<meta property=\"og:image:width\" content=\"2362\" \/>\n\t<meta property=\"og:image:height\" content=\"2362\" \/>\n\t<meta property=\"og:image:type\" content=\"image\/jpeg\" \/>\n<meta name=\"twitter:card\" content=\"summary_large_image\" \/>\n<meta name=\"twitter:label1\" content=\"Gesch\u00e4tzte Lesezeit\" \/>\n\t<meta name=\"twitter:data1\" content=\"1\u00a0Minute\" \/>\n<script type=\"application\/ld+json\" class=\"yoast-schema-graph\">{\"@context\":\"https:\\\/\\\/schema.org\",\"@graph\":[{\"@type\":\"WebPage\",\"@id\":\"https:\\\/\\\/interdiamant.com\\\/de\\\/produkt\\\/interdiamant-3dp-xpa-saegeblatt-abrasive\\\/\",\"url\":\"https:\\\/\\\/interdiamant.com\\\/de\\\/produkt\\\/interdiamant-3dp-xpa-saegeblatt-abrasive\\\/\",\"name\":\"InterDiamant 3DP-XPA Trennscheibe Abrasive | Interdiamant\",\"isPartOf\":{\"@id\":\"https:\\\/\\\/interdiamant.com\\\/de\\\/#website\"},\"primaryImageOfPage\":{\"@id\":\"https:\\\/\\\/interdiamant.com\\\/de\\\/produkt\\\/interdiamant-3dp-xpa-saegeblatt-abrasive\\\/#primaryimage\"},\"image\":{\"@id\":\"https:\\\/\\\/interdiamant.com\\\/de\\\/produkt\\\/interdiamant-3dp-xpa-saegeblatt-abrasive\\\/#primaryimage\"},\"thumbnailUrl\":\"https:\\\/\\\/interdiamant.com\\\/wp-content\\\/uploads\\\/2026\\\/01\\\/23PFAX.jpg\",\"datePublished\":\"2026-02-02T16:04:44+00:00\",\"dateModified\":\"2026-04-08T10:23:43+00:00\",\"breadcrumb\":{\"@id\":\"https:\\\/\\\/interdiamant.com\\\/de\\\/produkt\\\/interdiamant-3dp-xpa-saegeblatt-abrasive\\\/#breadcrumb\"},\"inLanguage\":\"de\",\"potentialAction\":[{\"@type\":\"ReadAction\",\"target\":[\"https:\\\/\\\/interdiamant.com\\\/de\\\/produkt\\\/interdiamant-3dp-xpa-saegeblatt-abrasive\\\/\"]}]},{\"@type\":\"ImageObject\",\"inLanguage\":\"de\",\"@id\":\"https:\\\/\\\/interdiamant.com\\\/de\\\/produkt\\\/interdiamant-3dp-xpa-saegeblatt-abrasive\\\/#primaryimage\",\"url\":\"https:\\\/\\\/interdiamant.com\\\/wp-content\\\/uploads\\\/2026\\\/01\\\/23PFAX.jpg\",\"contentUrl\":\"https:\\\/\\\/interdiamant.com\\\/wp-content\\\/uploads\\\/2026\\\/01\\\/23PFAX.jpg\",\"width\":2362,\"height\":2362},{\"@type\":\"BreadcrumbList\",\"@id\":\"https:\\\/\\\/interdiamant.com\\\/de\\\/produkt\\\/interdiamant-3dp-xpa-saegeblatt-abrasive\\\/#breadcrumb\",\"itemListElement\":[{\"@type\":\"ListItem\",\"position\":1,\"name\":\"Heim\",\"item\":\"https:\\\/\\\/interdiamant.com\\\/de\\\/\"},{\"@type\":\"ListItem\",\"position\":2,\"name\":\"Shop\",\"item\":\"https:\\\/\\\/interdiamant.com\\\/shop\\\/\"},{\"@type\":\"ListItem\",\"position\":3,\"name\":\"InterDiamant 3DP-XPA Trennscheibe Abrasive\"}]},{\"@type\":\"WebSite\",\"@id\":\"https:\\\/\\\/interdiamant.com\\\/de\\\/#website\",\"url\":\"https:\\\/\\\/interdiamant.com\\\/de\\\/\",\"name\":\"Interdiamant\",\"description\":\"\",\"publisher\":{\"@id\":\"https:\\\/\\\/interdiamant.com\\\/de\\\/#organization\"},\"potentialAction\":[{\"@type\":\"SearchAction\",\"target\":{\"@type\":\"EntryPoint\",\"urlTemplate\":\"https:\\\/\\\/interdiamant.com\\\/de\\\/?s={search_term_string}\"},\"query-input\":{\"@type\":\"PropertyValueSpecification\",\"valueRequired\":true,\"valueName\":\"search_term_string\"}}],\"inLanguage\":\"de\"},{\"@type\":\"Organization\",\"@id\":\"https:\\\/\\\/interdiamant.com\\\/de\\\/#organization\",\"name\":\"Interdiamant\",\"url\":\"https:\\\/\\\/interdiamant.com\\\/de\\\/\",\"logo\":{\"@type\":\"ImageObject\",\"inLanguage\":\"de\",\"@id\":\"https:\\\/\\\/interdiamant.com\\\/de\\\/#\\\/schema\\\/logo\\\/image\\\/\",\"url\":\"https:\\\/\\\/interdiamant.com\\\/wp-content\\\/uploads\\\/2026\\\/01\\\/Logo-Interdiamant.svg\",\"contentUrl\":\"https:\\\/\\\/interdiamant.com\\\/wp-content\\\/uploads\\\/2026\\\/01\\\/Logo-Interdiamant.svg\",\"width\":1,\"height\":1,\"caption\":\"Interdiamant\"},\"image\":{\"@id\":\"https:\\\/\\\/interdiamant.com\\\/de\\\/#\\\/schema\\\/logo\\\/image\\\/\"}}]}<\/script>\n<!-- \/ Yoast SEO plugin. -->","yoast_head_json":{"title":"InterDiamant 3DP-XPA Trennscheibe Abrasive | Interdiamant","robots":{"index":"index","follow":"follow","max-snippet":"max-snippet:-1","max-image-preview":"max-image-preview:large","max-video-preview":"max-video-preview:-1"},"canonical":"https:\/\/interdiamant.com\/de\/produkt\/interdiamant-3dp-xpa-saegeblatt-abrasive\/","og_locale":"de_DE","og_type":"article","og_title":"InterDiamant 3DP-XPA Trennscheibe Abrasive | Interdiamant","og_description":"ABRASIVE \u2013 F\u00fcr Beton mit hohem Verschlei\u00df durch Zuschl\u00e4ge Diese S\u00e4ge f\u00fcr abrasiven Beton mit der Klassifizierung ABRASIVE wurde speziell f\u00fcr Beton entwickelt, bei dem w\u00e4hrend des Schneidens Zuschlagstoffe wie Granit, Quarz oder Basalt freigesetzt werden. Diese harten Minerale haben eine hohe Mohs-H\u00e4rte und verursachen extremen Verschlei\u00df. Das angepasste Bindemittel dieser ABRASIVE-Variante ist daf\u00fcr ausgelegt, [&hellip;]","og_url":"https:\/\/interdiamant.com\/de\/produkt\/interdiamant-3dp-xpa-saegeblatt-abrasive\/","og_site_name":"Interdiamant","article_modified_time":"2026-04-08T10:23:43+00:00","og_image":[{"width":2362,"height":2362,"url":"https:\/\/interdiamant.com\/wp-content\/uploads\/2026\/01\/23PFAX.jpg","type":"image\/jpeg"}],"twitter_card":"summary_large_image","twitter_misc":{"Gesch\u00e4tzte Lesezeit":"1\u00a0Minute"},"schema":{"@context":"https:\/\/schema.org","@graph":[{"@type":"WebPage","@id":"https:\/\/interdiamant.com\/de\/produkt\/interdiamant-3dp-xpa-saegeblatt-abrasive\/","url":"https:\/\/interdiamant.com\/de\/produkt\/interdiamant-3dp-xpa-saegeblatt-abrasive\/","name":"InterDiamant 3DP-XPA Trennscheibe Abrasive | Interdiamant","isPartOf":{"@id":"https:\/\/interdiamant.com\/de\/#website"},"primaryImageOfPage":{"@id":"https:\/\/interdiamant.com\/de\/produkt\/interdiamant-3dp-xpa-saegeblatt-abrasive\/#primaryimage"},"image":{"@id":"https:\/\/interdiamant.com\/de\/produkt\/interdiamant-3dp-xpa-saegeblatt-abrasive\/#primaryimage"},"thumbnailUrl":"https:\/\/interdiamant.com\/wp-content\/uploads\/2026\/01\/23PFAX.jpg","datePublished":"2026-02-02T16:04:44+00:00","dateModified":"2026-04-08T10:23:43+00:00","breadcrumb":{"@id":"https:\/\/interdiamant.com\/de\/produkt\/interdiamant-3dp-xpa-saegeblatt-abrasive\/#breadcrumb"},"inLanguage":"de","potentialAction":[{"@type":"ReadAction","target":["https:\/\/interdiamant.com\/de\/produkt\/interdiamant-3dp-xpa-saegeblatt-abrasive\/"]}]},{"@type":"ImageObject","inLanguage":"de","@id":"https:\/\/interdiamant.com\/de\/produkt\/interdiamant-3dp-xpa-saegeblatt-abrasive\/#primaryimage","url":"https:\/\/interdiamant.com\/wp-content\/uploads\/2026\/01\/23PFAX.jpg","contentUrl":"https:\/\/interdiamant.com\/wp-content\/uploads\/2026\/01\/23PFAX.jpg","width":2362,"height":2362},{"@type":"BreadcrumbList","@id":"https:\/\/interdiamant.com\/de\/produkt\/interdiamant-3dp-xpa-saegeblatt-abrasive\/#breadcrumb","itemListElement":[{"@type":"ListItem","position":1,"name":"Heim","item":"https:\/\/interdiamant.com\/de\/"},{"@type":"ListItem","position":2,"name":"Shop","item":"https:\/\/interdiamant.com\/shop\/"},{"@type":"ListItem","position":3,"name":"InterDiamant 3DP-XPA Trennscheibe Abrasive"}]},{"@type":"WebSite","@id":"https:\/\/interdiamant.com\/de\/#website","url":"https:\/\/interdiamant.com\/de\/","name":"Interdiamant","description":"","publisher":{"@id":"https:\/\/interdiamant.com\/de\/#organization"},"potentialAction":[{"@type":"SearchAction","target":{"@type":"EntryPoint","urlTemplate":"https:\/\/interdiamant.com\/de\/?s={search_term_string}"},"query-input":{"@type":"PropertyValueSpecification","valueRequired":true,"valueName":"search_term_string"}}],"inLanguage":"de"},{"@type":"Organization","@id":"https:\/\/interdiamant.com\/de\/#organization","name":"Interdiamant","url":"https:\/\/interdiamant.com\/de\/","logo":{"@type":"ImageObject","inLanguage":"de","@id":"https:\/\/interdiamant.com\/de\/#\/schema\/logo\/image\/","url":"https:\/\/interdiamant.com\/wp-content\/uploads\/2026\/01\/Logo-Interdiamant.svg","contentUrl":"https:\/\/interdiamant.com\/wp-content\/uploads\/2026\/01\/Logo-Interdiamant.svg","width":1,"height":1,"caption":"Interdiamant"},"image":{"@id":"https:\/\/interdiamant.com\/de\/#\/schema\/logo\/image\/"}}]}},"_links":{"self":[{"href":"https:\/\/interdiamant.com\/de\/wp-json\/wp\/v2\/product\/3820","targetHints":{"allow":["GET"]}}],"collection":[{"href":"https:\/\/interdiamant.com\/de\/wp-json\/wp\/v2\/product"}],"about":[{"href":"https:\/\/interdiamant.com\/de\/wp-json\/wp\/v2\/types\/product"}],"wp:featuredmedia":[{"embeddable":true,"href":"https:\/\/interdiamant.com\/de\/wp-json\/wp\/v2\/media\/7117"}],"wp:attachment":[{"href":"https:\/\/interdiamant.com\/de\/wp-json\/wp\/v2\/media?parent=3820"}],"wp:term":[{"taxonomy":"product_brand","embeddable":true,"href":"https:\/\/interdiamant.com\/de\/wp-json\/wp\/v2\/product_brand?post=3820"},{"taxonomy":"product_cat","embeddable":true,"href":"https:\/\/interdiamant.com\/de\/wp-json\/wp\/v2\/product_cat?post=3820"},{"taxonomy":"product_tag","embeddable":true,"href":"https:\/\/interdiamant.com\/de\/wp-json\/wp\/v2\/product_tag?post=3820"}],"curies":[{"name":"wp","href":"https:\/\/api.w.org\/{rel}","templated":true}]}}