{"id":3799,"date":"2026-02-02T17:04:49","date_gmt":"2026-02-02T16:04:49","guid":{"rendered":"https:\/\/interdiamant.com\/product\/interdiamant-laser-geschweisster-gc-schleiftopf\/"},"modified":"2026-02-02T17:04:49","modified_gmt":"2026-02-02T16:04:49","slug":"interdiamant-laser-geschweisster-gc-schleiftopf","status":"publish","type":"product","link":"https:\/\/interdiamant.com\/de\/produkt\/interdiamant-laser-geschweisster-gc-schleiftopf\/","title":{"rendered":"InterDiamant Laser-geschwei\u00dfter GC-Schleiftopf"},"content":{"rendered":"<div class=\"ewa-rteLine\">SOFT \u2013 F\u00fcr weiche Beton- und Mauerwerksmaterialien<\/div>\n<div class=\"ewa-rteLine\"><\/div>\n<div class=\"ewa-rteLine\">Dieses Fliesenschneidblatt f\u00fcr weichen Beton mit SOFT-Klassifizierung wurde speziell f\u00fcr Materialien mit geringer H\u00e4rte und begrenzter Verschlei\u00dffestigkeit entwickelt. Dank der h\u00e4rteren Bindung wird der Diamant schnell freigesetzt, was zu hoher Schnitt- und Bohrgeschwindigkeit sowie sofortiger Leistung f\u00fchrt. <\/div>\n<div class=\"ewa-rteLine\"><\/div>\n<div class=\"ewa-rteLine\">Geeignet f\u00fcr Anwendungen wie Kalksandstein, Porenbetonsteine, Zellularbeton und Leichtbeton (C20\/25). Ideal f\u00fcr nichttragende W\u00e4nde, Randsteinelemente, Z\u00e4une und leichte Fundamente. <\/div>\n<div class=\"ewa-rteLine\"><\/div>\n<div class=\"ewa-rteLine\">Das optimale Verh\u00e4ltnis zwischen Bindung und Diamant verhindert Zusetzen und unn\u00f6tigen W\u00e4rmestau. Das sorgt f\u00fcr effizientes Arbeiten und konstanten Materialabtrag. <\/div>\n<div class=\"ewa-rteLine\"><\/div>\n<div class=\"ewa-rteLine\">Hinweis: Verwenden Sie diese Klassifizierung ausschlie\u00dflich f\u00fcr weiche Materialien. In h\u00e4rterem Beton steigt der Verschlei\u00df zu schnell. <\/div>\n","protected":false},"excerpt":{"rendered":"<p>SOFT \u2013 F\u00fcr weiche Beton- und Mauerwerksmaterialien Dieses Fliesenschneidblatt f\u00fcr weichen Beton mit SOFT-Klassifizierung wurde speziell f\u00fcr Materialien mit geringer H\u00e4rte und begrenzter Verschlei\u00dffestigkeit entwickelt. Dank der h\u00e4rteren Bindung wird der Diamant schnell freigesetzt, was zu hoher Schnitt- und Bohrgeschwindigkeit sowie sofortiger Leistung f\u00fchrt. Geeignet f\u00fcr Anwendungen wie Kalksandstein, Porenbetonsteine, Zellularbeton und Leichtbeton (C20\/25). Ideal [&hellip;]<\/p>\n","protected":false},"featured_media":3800,"template":"","meta":{"_et_pb_use_builder":"","_et_pb_old_content":"","_et_gb_content_width":""},"product_brand":[],"product_cat":[600],"product_tag":[],"class_list":{"0":"post-3799","1":"product","2":"type-product","3":"status-publish","4":"has-post-thumbnail","6":"product_cat-sonderausfuhrungen","8":"first","9":"instock","10":"taxable","11":"shipping-taxable","12":"purchasable","13":"product-type-variable"},"bundled_by":[],"bundle_stock_status":"instock","bundle_stock_quantity":null,"bundle_virtual":false,"bundle_layout":"","bundle_add_to_cart_form_location":"","bundle_editable_in_cart":false,"bundle_sold_individually_context":"","bundle_item_grouping":"","bundle_min_size":"","bundle_max_size":"","bundle_price":[],"bundled_items":[],"bundle_sell_ids":[],"yoast_head":"<!-- This site is optimized with the Yoast SEO plugin v27.4 - https:\/\/yoast.com\/product\/yoast-seo-wordpress\/ -->\n<title>InterDiamant Laser-geschwei\u00dfter GC-Schleiftopf | Interdiamant<\/title>\n<meta name=\"robots\" content=\"index, follow, max-snippet:-1, max-image-preview:large, max-video-preview:-1\" \/>\n<link rel=\"canonical\" href=\"https:\/\/interdiamant.com\/de\/produkt\/interdiamant-laser-geschweisster-gc-schleiftopf\/\" \/>\n<meta property=\"og:locale\" content=\"de_DE\" \/>\n<meta property=\"og:type\" content=\"article\" \/>\n<meta property=\"og:title\" content=\"InterDiamant Laser-geschwei\u00dfter GC-Schleiftopf | Interdiamant\" \/>\n<meta property=\"og:description\" content=\"SOFT \u2013 F\u00fcr weiche Beton- und Mauerwerksmaterialien Dieses Fliesenschneidblatt f\u00fcr weichen Beton mit SOFT-Klassifizierung wurde speziell f\u00fcr Materialien mit geringer H\u00e4rte und begrenzter Verschlei\u00dffestigkeit entwickelt. Dank der h\u00e4rteren Bindung wird der Diamant schnell freigesetzt, was zu hoher Schnitt- und Bohrgeschwindigkeit sowie sofortiger Leistung f\u00fchrt. Geeignet f\u00fcr Anwendungen wie Kalksandstein, Porenbetonsteine, Zellularbeton und Leichtbeton (C20\/25). Ideal [&hellip;]\" \/>\n<meta property=\"og:url\" content=\"https:\/\/interdiamant.com\/de\/produkt\/interdiamant-laser-geschweisster-gc-schleiftopf\/\" \/>\n<meta property=\"og:site_name\" content=\"Interdiamant\" \/>\n<meta property=\"og:image\" content=\"https:\/\/interdiamant.com\/wp-content\/uploads\/2026\/02\/Grinder-1008x1024.png\" \/>\n\t<meta property=\"og:image:width\" content=\"1008\" \/>\n\t<meta property=\"og:image:height\" content=\"1024\" \/>\n\t<meta property=\"og:image:type\" content=\"image\/png\" \/>\n<meta name=\"twitter:card\" content=\"summary_large_image\" \/>\n<meta name=\"twitter:label1\" content=\"Gesch\u00e4tzte Lesezeit\" \/>\n\t<meta name=\"twitter:data1\" content=\"1\u00a0Minute\" \/>\n<script type=\"application\/ld+json\" class=\"yoast-schema-graph\">{\"@context\":\"https:\\\/\\\/schema.org\",\"@graph\":[{\"@type\":\"WebPage\",\"@id\":\"https:\\\/\\\/interdiamant.com\\\/de\\\/produkt\\\/interdiamant-laser-geschweisster-gc-schleiftopf\\\/\",\"url\":\"https:\\\/\\\/interdiamant.com\\\/de\\\/produkt\\\/interdiamant-laser-geschweisster-gc-schleiftopf\\\/\",\"name\":\"InterDiamant Laser-geschwei\u00dfter GC-Schleiftopf | Interdiamant\",\"isPartOf\":{\"@id\":\"https:\\\/\\\/interdiamant.com\\\/de\\\/#website\"},\"primaryImageOfPage\":{\"@id\":\"https:\\\/\\\/interdiamant.com\\\/de\\\/produkt\\\/interdiamant-laser-geschweisster-gc-schleiftopf\\\/#primaryimage\"},\"image\":{\"@id\":\"https:\\\/\\\/interdiamant.com\\\/de\\\/produkt\\\/interdiamant-laser-geschweisster-gc-schleiftopf\\\/#primaryimage\"},\"thumbnailUrl\":\"https:\\\/\\\/interdiamant.com\\\/wp-content\\\/uploads\\\/2026\\\/02\\\/Grinder.png\",\"datePublished\":\"2026-02-02T16:04:49+00:00\",\"breadcrumb\":{\"@id\":\"https:\\\/\\\/interdiamant.com\\\/de\\\/produkt\\\/interdiamant-laser-geschweisster-gc-schleiftopf\\\/#breadcrumb\"},\"inLanguage\":\"de\",\"potentialAction\":[{\"@type\":\"ReadAction\",\"target\":[\"https:\\\/\\\/interdiamant.com\\\/de\\\/produkt\\\/interdiamant-laser-geschweisster-gc-schleiftopf\\\/\"]}]},{\"@type\":\"ImageObject\",\"inLanguage\":\"de\",\"@id\":\"https:\\\/\\\/interdiamant.com\\\/de\\\/produkt\\\/interdiamant-laser-geschweisster-gc-schleiftopf\\\/#primaryimage\",\"url\":\"https:\\\/\\\/interdiamant.com\\\/wp-content\\\/uploads\\\/2026\\\/02\\\/Grinder.png\",\"contentUrl\":\"https:\\\/\\\/interdiamant.com\\\/wp-content\\\/uploads\\\/2026\\\/02\\\/Grinder.png\",\"width\":2056,\"height\":2088},{\"@type\":\"BreadcrumbList\",\"@id\":\"https:\\\/\\\/interdiamant.com\\\/de\\\/produkt\\\/interdiamant-laser-geschweisster-gc-schleiftopf\\\/#breadcrumb\",\"itemListElement\":[{\"@type\":\"ListItem\",\"position\":1,\"name\":\"Heim\",\"item\":\"https:\\\/\\\/interdiamant.com\\\/de\\\/\"},{\"@type\":\"ListItem\",\"position\":2,\"name\":\"Shop\",\"item\":\"https:\\\/\\\/interdiamant.com\\\/shop\\\/\"},{\"@type\":\"ListItem\",\"position\":3,\"name\":\"InterDiamant Laser-geschwei\u00dfter GC-Schleiftopf\"}]},{\"@type\":\"WebSite\",\"@id\":\"https:\\\/\\\/interdiamant.com\\\/de\\\/#website\",\"url\":\"https:\\\/\\\/interdiamant.com\\\/de\\\/\",\"name\":\"Interdiamant\",\"description\":\"\",\"publisher\":{\"@id\":\"https:\\\/\\\/interdiamant.com\\\/de\\\/#organization\"},\"potentialAction\":[{\"@type\":\"SearchAction\",\"target\":{\"@type\":\"EntryPoint\",\"urlTemplate\":\"https:\\\/\\\/interdiamant.com\\\/de\\\/?s={search_term_string}\"},\"query-input\":{\"@type\":\"PropertyValueSpecification\",\"valueRequired\":true,\"valueName\":\"search_term_string\"}}],\"inLanguage\":\"de\"},{\"@type\":\"Organization\",\"@id\":\"https:\\\/\\\/interdiamant.com\\\/de\\\/#organization\",\"name\":\"Interdiamant\",\"url\":\"https:\\\/\\\/interdiamant.com\\\/de\\\/\",\"logo\":{\"@type\":\"ImageObject\",\"inLanguage\":\"de\",\"@id\":\"https:\\\/\\\/interdiamant.com\\\/de\\\/#\\\/schema\\\/logo\\\/image\\\/\",\"url\":\"https:\\\/\\\/interdiamant.com\\\/wp-content\\\/uploads\\\/2026\\\/01\\\/Logo-Interdiamant.svg\",\"contentUrl\":\"https:\\\/\\\/interdiamant.com\\\/wp-content\\\/uploads\\\/2026\\\/01\\\/Logo-Interdiamant.svg\",\"width\":1,\"height\":1,\"caption\":\"Interdiamant\"},\"image\":{\"@id\":\"https:\\\/\\\/interdiamant.com\\\/de\\\/#\\\/schema\\\/logo\\\/image\\\/\"}}]}<\/script>\n<!-- \/ Yoast SEO plugin. -->","yoast_head_json":{"title":"InterDiamant Laser-geschwei\u00dfter GC-Schleiftopf | Interdiamant","robots":{"index":"index","follow":"follow","max-snippet":"max-snippet:-1","max-image-preview":"max-image-preview:large","max-video-preview":"max-video-preview:-1"},"canonical":"https:\/\/interdiamant.com\/de\/produkt\/interdiamant-laser-geschweisster-gc-schleiftopf\/","og_locale":"de_DE","og_type":"article","og_title":"InterDiamant Laser-geschwei\u00dfter GC-Schleiftopf | Interdiamant","og_description":"SOFT \u2013 F\u00fcr weiche Beton- und Mauerwerksmaterialien Dieses Fliesenschneidblatt f\u00fcr weichen Beton mit SOFT-Klassifizierung wurde speziell f\u00fcr Materialien mit geringer H\u00e4rte und begrenzter Verschlei\u00dffestigkeit entwickelt. Dank der h\u00e4rteren Bindung wird der Diamant schnell freigesetzt, was zu hoher Schnitt- und Bohrgeschwindigkeit sowie sofortiger Leistung f\u00fchrt. Geeignet f\u00fcr Anwendungen wie Kalksandstein, Porenbetonsteine, Zellularbeton und Leichtbeton (C20\/25). Ideal [&hellip;]","og_url":"https:\/\/interdiamant.com\/de\/produkt\/interdiamant-laser-geschweisster-gc-schleiftopf\/","og_site_name":"Interdiamant","og_image":[{"width":1008,"height":1024,"url":"https:\/\/interdiamant.com\/wp-content\/uploads\/2026\/02\/Grinder-1008x1024.png","type":"image\/png"}],"twitter_card":"summary_large_image","twitter_misc":{"Gesch\u00e4tzte Lesezeit":"1\u00a0Minute"},"schema":{"@context":"https:\/\/schema.org","@graph":[{"@type":"WebPage","@id":"https:\/\/interdiamant.com\/de\/produkt\/interdiamant-laser-geschweisster-gc-schleiftopf\/","url":"https:\/\/interdiamant.com\/de\/produkt\/interdiamant-laser-geschweisster-gc-schleiftopf\/","name":"InterDiamant Laser-geschwei\u00dfter GC-Schleiftopf | Interdiamant","isPartOf":{"@id":"https:\/\/interdiamant.com\/de\/#website"},"primaryImageOfPage":{"@id":"https:\/\/interdiamant.com\/de\/produkt\/interdiamant-laser-geschweisster-gc-schleiftopf\/#primaryimage"},"image":{"@id":"https:\/\/interdiamant.com\/de\/produkt\/interdiamant-laser-geschweisster-gc-schleiftopf\/#primaryimage"},"thumbnailUrl":"https:\/\/interdiamant.com\/wp-content\/uploads\/2026\/02\/Grinder.png","datePublished":"2026-02-02T16:04:49+00:00","breadcrumb":{"@id":"https:\/\/interdiamant.com\/de\/produkt\/interdiamant-laser-geschweisster-gc-schleiftopf\/#breadcrumb"},"inLanguage":"de","potentialAction":[{"@type":"ReadAction","target":["https:\/\/interdiamant.com\/de\/produkt\/interdiamant-laser-geschweisster-gc-schleiftopf\/"]}]},{"@type":"ImageObject","inLanguage":"de","@id":"https:\/\/interdiamant.com\/de\/produkt\/interdiamant-laser-geschweisster-gc-schleiftopf\/#primaryimage","url":"https:\/\/interdiamant.com\/wp-content\/uploads\/2026\/02\/Grinder.png","contentUrl":"https:\/\/interdiamant.com\/wp-content\/uploads\/2026\/02\/Grinder.png","width":2056,"height":2088},{"@type":"BreadcrumbList","@id":"https:\/\/interdiamant.com\/de\/produkt\/interdiamant-laser-geschweisster-gc-schleiftopf\/#breadcrumb","itemListElement":[{"@type":"ListItem","position":1,"name":"Heim","item":"https:\/\/interdiamant.com\/de\/"},{"@type":"ListItem","position":2,"name":"Shop","item":"https:\/\/interdiamant.com\/shop\/"},{"@type":"ListItem","position":3,"name":"InterDiamant Laser-geschwei\u00dfter GC-Schleiftopf"}]},{"@type":"WebSite","@id":"https:\/\/interdiamant.com\/de\/#website","url":"https:\/\/interdiamant.com\/de\/","name":"Interdiamant","description":"","publisher":{"@id":"https:\/\/interdiamant.com\/de\/#organization"},"potentialAction":[{"@type":"SearchAction","target":{"@type":"EntryPoint","urlTemplate":"https:\/\/interdiamant.com\/de\/?s={search_term_string}"},"query-input":{"@type":"PropertyValueSpecification","valueRequired":true,"valueName":"search_term_string"}}],"inLanguage":"de"},{"@type":"Organization","@id":"https:\/\/interdiamant.com\/de\/#organization","name":"Interdiamant","url":"https:\/\/interdiamant.com\/de\/","logo":{"@type":"ImageObject","inLanguage":"de","@id":"https:\/\/interdiamant.com\/de\/#\/schema\/logo\/image\/","url":"https:\/\/interdiamant.com\/wp-content\/uploads\/2026\/01\/Logo-Interdiamant.svg","contentUrl":"https:\/\/interdiamant.com\/wp-content\/uploads\/2026\/01\/Logo-Interdiamant.svg","width":1,"height":1,"caption":"Interdiamant"},"image":{"@id":"https:\/\/interdiamant.com\/de\/#\/schema\/logo\/image\/"}}]}},"_links":{"self":[{"href":"https:\/\/interdiamant.com\/de\/wp-json\/wp\/v2\/product\/3799","targetHints":{"allow":["GET"]}}],"collection":[{"href":"https:\/\/interdiamant.com\/de\/wp-json\/wp\/v2\/product"}],"about":[{"href":"https:\/\/interdiamant.com\/de\/wp-json\/wp\/v2\/types\/product"}],"wp:featuredmedia":[{"embeddable":true,"href":"https:\/\/interdiamant.com\/de\/wp-json\/wp\/v2\/media\/3800"}],"wp:attachment":[{"href":"https:\/\/interdiamant.com\/de\/wp-json\/wp\/v2\/media?parent=3799"}],"wp:term":[{"taxonomy":"product_brand","embeddable":true,"href":"https:\/\/interdiamant.com\/de\/wp-json\/wp\/v2\/product_brand?post=3799"},{"taxonomy":"product_cat","embeddable":true,"href":"https:\/\/interdiamant.com\/de\/wp-json\/wp\/v2\/product_cat?post=3799"},{"taxonomy":"product_tag","embeddable":true,"href":"https:\/\/interdiamant.com\/de\/wp-json\/wp\/v2\/product_tag?post=3799"}],"curies":[{"name":"wp","href":"https:\/\/api.w.org\/{rel}","templated":true}]}}