{"id":2761,"date":"2026-02-02T17:01:57","date_gmt":"2026-02-02T16:01:57","guid":{"rendered":"https:\/\/interdiamant.com\/product\/interdiamant-3dp-xpr-ringsaege\/"},"modified":"2026-02-02T17:01:57","modified_gmt":"2026-02-02T16:01:57","slug":"interdiamant-3dp-xpr-ringsaege","status":"publish","type":"product","link":"https:\/\/interdiamant.com\/de\/produkt\/interdiamant-3dp-xpr-ringsaege\/","title":{"rendered":"InterDiamant 3DP-XPR Rings\u00e4ge"},"content":{"rendered":"<p>ULTRA HARD \u2013 F\u00fcr sehr harten und stark bewehrten Beton<\/p>\n<p>Diese Rings\u00e4ge f\u00fcr sehr harten Beton mit ULTRA HARD-Klassifizierung ist f\u00fcr extreme Bedingungen ausgelegt. Geeignet f\u00fcr hohe Betonfestigkeiten (C35\/45 bis C60\/65) und stark bewehrte Strukturen. <\/p>\n<p>Typische Anwendungen sind Industrieb\u00f6den, Parkh\u00e4user, Br\u00fccken, Viadukte, Hochh\u00e4user und Gewerbebau. Das weichere Bindemittel kompensiert die H\u00e4rte des Betons und sorgt f\u00fcr eine kontrollierte Diamantfreisetzung. <\/p>\n<p>So bleibt das Werkzeug auch bei l\u00e4ngerem Einsatz in harten und dichten Betonstrukturen scharf. Ideal f\u00fcr intensive, professionelle Betonschnitte, bei denen Zuverl\u00e4ssigkeit entscheidend ist. <\/p>\n<p>Hinweis:<br \/>\nVerwenden Sie ULTRA HARD bei hohen Festigkeitsklassen oder starker Bewehrung, um Leistungsverlust zu vermeiden.<\/p>\n","protected":false},"excerpt":{"rendered":"<p>ULTRA HARD \u2013 F\u00fcr sehr harten und stark bewehrten Beton Diese Rings\u00e4ge f\u00fcr sehr harten Beton mit ULTRA HARD-Klassifizierung ist f\u00fcr extreme Bedingungen ausgelegt. Geeignet f\u00fcr hohe Betonfestigkeiten (C35\/45 bis C60\/65) und stark bewehrte Strukturen. Typische Anwendungen sind Industrieb\u00f6den, Parkh\u00e4user, Br\u00fccken, Viadukte, Hochh\u00e4user und Gewerbebau. Das weichere Bindemittel kompensiert die H\u00e4rte des Betons und sorgt [&hellip;]<\/p>\n","protected":false},"featured_media":818,"template":"","meta":{"_et_pb_use_builder":"","_et_pb_old_content":"","_et_gb_content_width":""},"product_brand":[],"product_cat":[82,83],"product_tag":[],"class_list":{"0":"post-2761","1":"product","2":"type-product","3":"status-publish","4":"has-post-thumbnail","6":"product_cat-blade","7":"product_cat-blade-hand","9":"first","10":"instock","11":"taxable","12":"shipping-taxable","13":"purchasable","14":"product-type-variable"},"bundled_by":[],"bundle_stock_status":"instock","bundle_stock_quantity":null,"bundle_virtual":false,"bundle_layout":"","bundle_add_to_cart_form_location":"","bundle_editable_in_cart":false,"bundle_sold_individually_context":"","bundle_item_grouping":"","bundle_min_size":"","bundle_max_size":"","bundle_price":[],"bundled_items":[],"bundle_sell_ids":[],"yoast_head":"<!-- This site is optimized with the Yoast SEO plugin v27.4 - https:\/\/yoast.com\/product\/yoast-seo-wordpress\/ -->\n<title>InterDiamant 3DP-XPR Rings\u00e4ge | Interdiamant<\/title>\n<meta name=\"robots\" content=\"index, follow, max-snippet:-1, max-image-preview:large, max-video-preview:-1\" \/>\n<link rel=\"canonical\" href=\"https:\/\/interdiamant.com\/de\/produkt\/interdiamant-3dp-xpr-ringsaege\/\" \/>\n<meta property=\"og:locale\" content=\"de_DE\" \/>\n<meta property=\"og:type\" content=\"article\" \/>\n<meta property=\"og:title\" content=\"InterDiamant 3DP-XPR Rings\u00e4ge | Interdiamant\" \/>\n<meta property=\"og:description\" content=\"ULTRA HARD \u2013 F\u00fcr sehr harten und stark bewehrten Beton Diese Rings\u00e4ge f\u00fcr sehr harten Beton mit ULTRA HARD-Klassifizierung ist f\u00fcr extreme Bedingungen ausgelegt. Geeignet f\u00fcr hohe Betonfestigkeiten (C35\/45 bis C60\/65) und stark bewehrte Strukturen. Typische Anwendungen sind Industrieb\u00f6den, Parkh\u00e4user, Br\u00fccken, Viadukte, Hochh\u00e4user und Gewerbebau. Das weichere Bindemittel kompensiert die H\u00e4rte des Betons und sorgt [&hellip;]\" \/>\n<meta property=\"og:url\" content=\"https:\/\/interdiamant.com\/de\/produkt\/interdiamant-3dp-xpr-ringsaege\/\" \/>\n<meta property=\"og:site_name\" content=\"Interdiamant\" \/>\n<meta property=\"og:image\" content=\"https:\/\/interdiamant.com\/wp-content\/uploads\/2026\/01\/21PR2X.jpg\" \/>\n\t<meta property=\"og:image:width\" content=\"2362\" \/>\n\t<meta property=\"og:image:height\" content=\"2362\" \/>\n\t<meta property=\"og:image:type\" content=\"image\/jpeg\" \/>\n<meta name=\"twitter:card\" content=\"summary_large_image\" \/>\n<meta name=\"twitter:label1\" content=\"Gesch\u00e4tzte Lesezeit\" \/>\n\t<meta name=\"twitter:data1\" content=\"1\u00a0Minute\" \/>\n<script type=\"application\/ld+json\" class=\"yoast-schema-graph\">{\"@context\":\"https:\\\/\\\/schema.org\",\"@graph\":[{\"@type\":\"WebPage\",\"@id\":\"https:\\\/\\\/interdiamant.com\\\/de\\\/produkt\\\/interdiamant-3dp-xpr-ringsaege\\\/\",\"url\":\"https:\\\/\\\/interdiamant.com\\\/de\\\/produkt\\\/interdiamant-3dp-xpr-ringsaege\\\/\",\"name\":\"InterDiamant 3DP-XPR Rings\u00e4ge | Interdiamant\",\"isPartOf\":{\"@id\":\"https:\\\/\\\/interdiamant.com\\\/de\\\/#website\"},\"primaryImageOfPage\":{\"@id\":\"https:\\\/\\\/interdiamant.com\\\/de\\\/produkt\\\/interdiamant-3dp-xpr-ringsaege\\\/#primaryimage\"},\"image\":{\"@id\":\"https:\\\/\\\/interdiamant.com\\\/de\\\/produkt\\\/interdiamant-3dp-xpr-ringsaege\\\/#primaryimage\"},\"thumbnailUrl\":\"https:\\\/\\\/interdiamant.com\\\/wp-content\\\/uploads\\\/2026\\\/01\\\/21PR2X.jpg\",\"datePublished\":\"2026-02-02T16:01:57+00:00\",\"breadcrumb\":{\"@id\":\"https:\\\/\\\/interdiamant.com\\\/de\\\/produkt\\\/interdiamant-3dp-xpr-ringsaege\\\/#breadcrumb\"},\"inLanguage\":\"de\",\"potentialAction\":[{\"@type\":\"ReadAction\",\"target\":[\"https:\\\/\\\/interdiamant.com\\\/de\\\/produkt\\\/interdiamant-3dp-xpr-ringsaege\\\/\"]}]},{\"@type\":\"ImageObject\",\"inLanguage\":\"de\",\"@id\":\"https:\\\/\\\/interdiamant.com\\\/de\\\/produkt\\\/interdiamant-3dp-xpr-ringsaege\\\/#primaryimage\",\"url\":\"https:\\\/\\\/interdiamant.com\\\/wp-content\\\/uploads\\\/2026\\\/01\\\/21PR2X.jpg\",\"contentUrl\":\"https:\\\/\\\/interdiamant.com\\\/wp-content\\\/uploads\\\/2026\\\/01\\\/21PR2X.jpg\",\"width\":2362,\"height\":2362},{\"@type\":\"BreadcrumbList\",\"@id\":\"https:\\\/\\\/interdiamant.com\\\/de\\\/produkt\\\/interdiamant-3dp-xpr-ringsaege\\\/#breadcrumb\",\"itemListElement\":[{\"@type\":\"ListItem\",\"position\":1,\"name\":\"Heim\",\"item\":\"https:\\\/\\\/interdiamant.com\\\/de\\\/\"},{\"@type\":\"ListItem\",\"position\":2,\"name\":\"Shop\",\"item\":\"https:\\\/\\\/interdiamant.com\\\/shop\\\/\"},{\"@type\":\"ListItem\",\"position\":3,\"name\":\"InterDiamant 3DP-XPR Rings\u00e4ge\"}]},{\"@type\":\"WebSite\",\"@id\":\"https:\\\/\\\/interdiamant.com\\\/de\\\/#website\",\"url\":\"https:\\\/\\\/interdiamant.com\\\/de\\\/\",\"name\":\"Interdiamant\",\"description\":\"\",\"publisher\":{\"@id\":\"https:\\\/\\\/interdiamant.com\\\/de\\\/#organization\"},\"potentialAction\":[{\"@type\":\"SearchAction\",\"target\":{\"@type\":\"EntryPoint\",\"urlTemplate\":\"https:\\\/\\\/interdiamant.com\\\/de\\\/?s={search_term_string}\"},\"query-input\":{\"@type\":\"PropertyValueSpecification\",\"valueRequired\":true,\"valueName\":\"search_term_string\"}}],\"inLanguage\":\"de\"},{\"@type\":\"Organization\",\"@id\":\"https:\\\/\\\/interdiamant.com\\\/de\\\/#organization\",\"name\":\"Interdiamant\",\"url\":\"https:\\\/\\\/interdiamant.com\\\/de\\\/\",\"logo\":{\"@type\":\"ImageObject\",\"inLanguage\":\"de\",\"@id\":\"https:\\\/\\\/interdiamant.com\\\/de\\\/#\\\/schema\\\/logo\\\/image\\\/\",\"url\":\"https:\\\/\\\/interdiamant.com\\\/wp-content\\\/uploads\\\/2026\\\/01\\\/Logo-Interdiamant.svg\",\"contentUrl\":\"https:\\\/\\\/interdiamant.com\\\/wp-content\\\/uploads\\\/2026\\\/01\\\/Logo-Interdiamant.svg\",\"width\":1,\"height\":1,\"caption\":\"Interdiamant\"},\"image\":{\"@id\":\"https:\\\/\\\/interdiamant.com\\\/de\\\/#\\\/schema\\\/logo\\\/image\\\/\"}}]}<\/script>\n<!-- \/ Yoast SEO plugin. -->","yoast_head_json":{"title":"InterDiamant 3DP-XPR Rings\u00e4ge | Interdiamant","robots":{"index":"index","follow":"follow","max-snippet":"max-snippet:-1","max-image-preview":"max-image-preview:large","max-video-preview":"max-video-preview:-1"},"canonical":"https:\/\/interdiamant.com\/de\/produkt\/interdiamant-3dp-xpr-ringsaege\/","og_locale":"de_DE","og_type":"article","og_title":"InterDiamant 3DP-XPR Rings\u00e4ge | Interdiamant","og_description":"ULTRA HARD \u2013 F\u00fcr sehr harten und stark bewehrten Beton Diese Rings\u00e4ge f\u00fcr sehr harten Beton mit ULTRA HARD-Klassifizierung ist f\u00fcr extreme Bedingungen ausgelegt. Geeignet f\u00fcr hohe Betonfestigkeiten (C35\/45 bis C60\/65) und stark bewehrte Strukturen. Typische Anwendungen sind Industrieb\u00f6den, Parkh\u00e4user, Br\u00fccken, Viadukte, Hochh\u00e4user und Gewerbebau. Das weichere Bindemittel kompensiert die H\u00e4rte des Betons und sorgt [&hellip;]","og_url":"https:\/\/interdiamant.com\/de\/produkt\/interdiamant-3dp-xpr-ringsaege\/","og_site_name":"Interdiamant","og_image":[{"width":2362,"height":2362,"url":"https:\/\/interdiamant.com\/wp-content\/uploads\/2026\/01\/21PR2X.jpg","type":"image\/jpeg"}],"twitter_card":"summary_large_image","twitter_misc":{"Gesch\u00e4tzte Lesezeit":"1\u00a0Minute"},"schema":{"@context":"https:\/\/schema.org","@graph":[{"@type":"WebPage","@id":"https:\/\/interdiamant.com\/de\/produkt\/interdiamant-3dp-xpr-ringsaege\/","url":"https:\/\/interdiamant.com\/de\/produkt\/interdiamant-3dp-xpr-ringsaege\/","name":"InterDiamant 3DP-XPR Rings\u00e4ge | Interdiamant","isPartOf":{"@id":"https:\/\/interdiamant.com\/de\/#website"},"primaryImageOfPage":{"@id":"https:\/\/interdiamant.com\/de\/produkt\/interdiamant-3dp-xpr-ringsaege\/#primaryimage"},"image":{"@id":"https:\/\/interdiamant.com\/de\/produkt\/interdiamant-3dp-xpr-ringsaege\/#primaryimage"},"thumbnailUrl":"https:\/\/interdiamant.com\/wp-content\/uploads\/2026\/01\/21PR2X.jpg","datePublished":"2026-02-02T16:01:57+00:00","breadcrumb":{"@id":"https:\/\/interdiamant.com\/de\/produkt\/interdiamant-3dp-xpr-ringsaege\/#breadcrumb"},"inLanguage":"de","potentialAction":[{"@type":"ReadAction","target":["https:\/\/interdiamant.com\/de\/produkt\/interdiamant-3dp-xpr-ringsaege\/"]}]},{"@type":"ImageObject","inLanguage":"de","@id":"https:\/\/interdiamant.com\/de\/produkt\/interdiamant-3dp-xpr-ringsaege\/#primaryimage","url":"https:\/\/interdiamant.com\/wp-content\/uploads\/2026\/01\/21PR2X.jpg","contentUrl":"https:\/\/interdiamant.com\/wp-content\/uploads\/2026\/01\/21PR2X.jpg","width":2362,"height":2362},{"@type":"BreadcrumbList","@id":"https:\/\/interdiamant.com\/de\/produkt\/interdiamant-3dp-xpr-ringsaege\/#breadcrumb","itemListElement":[{"@type":"ListItem","position":1,"name":"Heim","item":"https:\/\/interdiamant.com\/de\/"},{"@type":"ListItem","position":2,"name":"Shop","item":"https:\/\/interdiamant.com\/shop\/"},{"@type":"ListItem","position":3,"name":"InterDiamant 3DP-XPR Rings\u00e4ge"}]},{"@type":"WebSite","@id":"https:\/\/interdiamant.com\/de\/#website","url":"https:\/\/interdiamant.com\/de\/","name":"Interdiamant","description":"","publisher":{"@id":"https:\/\/interdiamant.com\/de\/#organization"},"potentialAction":[{"@type":"SearchAction","target":{"@type":"EntryPoint","urlTemplate":"https:\/\/interdiamant.com\/de\/?s={search_term_string}"},"query-input":{"@type":"PropertyValueSpecification","valueRequired":true,"valueName":"search_term_string"}}],"inLanguage":"de"},{"@type":"Organization","@id":"https:\/\/interdiamant.com\/de\/#organization","name":"Interdiamant","url":"https:\/\/interdiamant.com\/de\/","logo":{"@type":"ImageObject","inLanguage":"de","@id":"https:\/\/interdiamant.com\/de\/#\/schema\/logo\/image\/","url":"https:\/\/interdiamant.com\/wp-content\/uploads\/2026\/01\/Logo-Interdiamant.svg","contentUrl":"https:\/\/interdiamant.com\/wp-content\/uploads\/2026\/01\/Logo-Interdiamant.svg","width":1,"height":1,"caption":"Interdiamant"},"image":{"@id":"https:\/\/interdiamant.com\/de\/#\/schema\/logo\/image\/"}}]}},"_links":{"self":[{"href":"https:\/\/interdiamant.com\/de\/wp-json\/wp\/v2\/product\/2761","targetHints":{"allow":["GET"]}}],"collection":[{"href":"https:\/\/interdiamant.com\/de\/wp-json\/wp\/v2\/product"}],"about":[{"href":"https:\/\/interdiamant.com\/de\/wp-json\/wp\/v2\/types\/product"}],"wp:featuredmedia":[{"embeddable":true,"href":"https:\/\/interdiamant.com\/de\/wp-json\/wp\/v2\/media\/818"}],"wp:attachment":[{"href":"https:\/\/interdiamant.com\/de\/wp-json\/wp\/v2\/media?parent=2761"}],"wp:term":[{"taxonomy":"product_brand","embeddable":true,"href":"https:\/\/interdiamant.com\/de\/wp-json\/wp\/v2\/product_brand?post=2761"},{"taxonomy":"product_cat","embeddable":true,"href":"https:\/\/interdiamant.com\/de\/wp-json\/wp\/v2\/product_cat?post=2761"},{"taxonomy":"product_tag","embeddable":true,"href":"https:\/\/interdiamant.com\/de\/wp-json\/wp\/v2\/product_tag?post=2761"}],"curies":[{"name":"wp","href":"https:\/\/api.w.org\/{rel}","templated":true}]}}